{"id":1395,"date":"2016-06-20T15:24:23","date_gmt":"2016-06-20T19:24:23","guid":{"rendered":"https:\/\/rjm.local\/history\/"},"modified":"2025-04-24T12:13:35","modified_gmt":"2025-04-24T16:13:35","slug":"history","status":"publish","type":"page","link":"https:\/\/rjmusa.org\/es\/historia\/","title":{"rendered":"Nuestra historia"},"content":{"rendered":"<p><strong>Nosotros, RJM en los Estados Unidos, ahora formamos una provincia, pero antes \u00e9ramos tres provincias. Somos un tapiz tejido de muchas culturas, una provincia con or\u00edgenes en Europa, el Canad\u00e1 franc\u00e9s y M\u00e9xico. Desde 1997, nuestra provincia ha crecido hasta incluir la naci\u00f3n insular de Hait\u00ed.<\/strong><\/p>\n\n\n<style>.wp-block-kadence-advancedbtn.kb-btns1395_06a152-b6{gap:var(--global-kb-gap-xs, 0.5rem );justify-content:center;align-items:center;}.kt-btns1395_06a152-b6 .kt-button{font-weight:normal;font-style:normal;}.kt-btns1395_06a152-b6 .kt-btn-wrap-0{margin-right:5px;}.wp-block-kadence-advancedbtn.kt-btns1395_06a152-b6 .kt-btn-wrap-0 .kt-button{color:#555555;border-color:#555555;}.wp-block-kadence-advancedbtn.kt-btns1395_06a152-b6 .kt-btn-wrap-0 .kt-button:hover, .wp-block-kadence-advancedbtn.kt-btns1395_06a152-b6 .kt-btn-wrap-0 .kt-button:focus{color:#ffffff;border-color:#444444;}.wp-block-kadence-advancedbtn.kt-btns1395_06a152-b6 .kt-btn-wrap-0 .kt-button::before{display:none;}.wp-block-kadence-advancedbtn.kt-btns1395_06a152-b6 .kt-btn-wrap-0 .kt-button:hover, .wp-block-kadence-advancedbtn.kt-btns1395_06a152-b6 .kt-btn-wrap-0 .kt-button:focus{background:#444444;}<\/style>\n<div class=\"wp-block-kadence-advancedbtn kb-buttons-wrap kb-btns1395_06a152-b6\"><style>ul.menu .wp-block-kadence-advancedbtn .kb-btn1395_5b6f05-b6.kb-button{width:initial;}<\/style><a class=\"kb-button kt-button button kb-btn1395_5b6f05-b6 kt-btn-size-standard kt-btn-width-type-auto kb-btn-global-fill kt-btn-has-text-true kt-btn-has-svg-false wp-block-kadence-singlebtn\" href=\"https:\/\/rjmusa.org\/es\/historia\/massachusetts\/\"><span class=\"kt-btn-inner-text\">Massachusetts<\/span><\/a>\n\n<style>ul.menu .wp-block-kadence-advancedbtn .kb-btn1395_7ebc23-5e.kb-button{width:initial;}<\/style><a class=\"kb-button kt-button button kb-btn1395_7ebc23-5e kt-btn-size-standard kt-btn-width-type-auto kb-btn-global-fill kt-btn-has-text-true kt-btn-has-svg-false wp-block-kadence-singlebtn\" href=\"https:\/\/rjmusa.org\/es\/historia\/nueva-hampshire\/\"><span class=\"kt-btn-inner-text\">Nuevo Hampshire<\/span><\/a>\n\n<style>ul.menu .wp-block-kadence-advancedbtn .kb-btn1395_b122d7-fc.kb-button{width:initial;}<\/style><a class=\"kb-button kt-button button kb-btn1395_b122d7-fc kt-btn-size-standard kt-btn-width-type-auto kb-btn-global-fill kt-btn-has-text-true kt-btn-has-svg-false wp-block-kadence-singlebtn\" href=\"https:\/\/rjmusa.org\/es\/historia\/rhode-island\/\"><span class=\"kt-btn-inner-text\">Rhode Island<\/span><\/a>\n\n<style>ul.menu .wp-block-kadence-advancedbtn .kb-btn1395_c0a670-aa.kb-button{width:initial;}<\/style><a class=\"kb-button kt-button button kb-btn1395_c0a670-aa kt-btn-size-standard kt-btn-width-type-auto kb-btn-global-fill kt-btn-has-text-true kt-btn-has-svg-false wp-block-kadence-singlebtn\" href=\"https:\/\/rjmusa.org\/es\/historia\/nueva-york\/\"><span class=\"kt-btn-inner-text\">Nueva York<\/span><\/a>\n\n<style>ul.menu .wp-block-kadence-advancedbtn .kb-btn1395_7958bc-28.kb-button{width:initial;}<\/style><a class=\"kb-button kt-button button kb-btn1395_7958bc-28 kt-btn-size-standard kt-btn-width-type-auto kb-btn-global-fill kt-btn-has-text-true kt-btn-has-svg-false wp-block-kadence-singlebtn\" href=\"https:\/\/rjmusa.org\/es\/educacion\/\"><span class=\"kt-btn-inner-text\">MARYLAND Y DC<\/span><\/a>\n\n<style>ul.menu .wp-block-kadence-advancedbtn .kb-btn1395_2cba50-ed.kb-button{width:initial;}<\/style><a class=\"kb-button kt-button button kb-btn1395_2cba50-ed kt-btn-size-standard kt-btn-width-type-auto kb-btn-global-fill kt-btn-has-text-true kt-btn-has-svg-false wp-block-kadence-singlebtn\" href=\"https:\/\/rjmusa.org\/es\/ministerio-fronterizo\/\"><span class=\"kt-btn-inner-text\">CALIFORNIA Y SUDOESTE<\/span><\/a>\n\n<style>ul.menu .wp-block-kadence-advancedbtn .kb-btn1395_96c57c-49.kb-button{width:initial;}<\/style><a class=\"kb-button kt-button button kb-btn1395_96c57c-49 kt-btn-size-standard kt-btn-width-type-auto kb-btn-global-fill kt-btn-has-text-true kt-btn-has-svg-false wp-block-kadence-singlebtn\" href=\"https:\/\/rjmusa.org\/es\/haiti\/\"><span class=\"kt-btn-inner-text\">HAIT\u00cd<\/span><\/a>\n\n<style>ul.menu .wp-block-kadence-advancedbtn .kb-btn1395_1d3d9b-08.kb-button{width:initial;}<\/style><a class=\"kb-button kt-button button kb-btn1395_1d3d9b-08 kt-btn-size-standard kt-btn-width-type-auto kb-btn-global-fill kt-btn-has-text-true kt-btn-has-svg-false wp-block-kadence-singlebtn\" href=\"https:\/\/rjmusa.org\/es\/section\/news\/\"><span class=\"kt-btn-inner-text\">NUESTRA PROVINCIA HOY<\/span><\/a><\/div>\n\n\n\n<h2 class=\"wp-block-heading\">Principios<\/h2>\n\n\n\n<p>Claudine Th\u00e9venet naci\u00f3 en Lyon, Francia, el 30 de marzo de 1774. Durante la Revoluci\u00f3n Francesa, presenci\u00f3 la ejecuci\u00f3n de sus dos hermanos y se sinti\u00f3 conmovida a redescubrir la existencia de un Dios bueno.<\/p>\n\n\n\n<p>Claudina, junto con otras j\u00f3venes, inici\u00f3 un apostolado clandestino destinado a aliviar los sufrimientos de los perseguidos e introducir a Dios en sus vidas.<\/p>\n\n\n\n<p>La noche del 5 al 6 de octubre de 1818, Claudina sali\u00f3 de su casa acompa\u00f1ada de un hu\u00e9rfano, un obrero y un telar de seda. No era consciente de que este humilde comienzo se convertir\u00eda en la Congregaci\u00f3n de las Religiosas de Jes\u00fas y Mar\u00eda.<\/p>\n\n\n\n<p>El principal objetivo de Claudina era la educaci\u00f3n, con una clara preferencia por los j\u00f3venes y los desafortunados. Sus m\u00e9todos se basaban en el amor, la bondad y la atenci\u00f3n a cada persona. Este esp\u00edritu impregnar\u00eda las obras de las hijas de Claudina y se llevar\u00eda a diversas partes del mundo.<\/p>\n\n\n\n<p>Despu\u00e9s de la muerte de Claudina, las Religiosas de Jes\u00fas y Mar\u00eda se embarcaron en esfuerzos apost\u00f3licos para hacer conocer y amar a Jes\u00fas y Mar\u00eda.<\/p>\n\n\n\n<h2 class=\"wp-block-heading\">El nuevo Mundo<\/h2>\n\n\n\n<p>En 1855, el administrador de la di\u00f3cesis de Quebec recibi\u00f3 una petici\u00f3n de varios p\u00e1rrocos y padres de familia rog\u00e1ndole que trajera monjas francesas para educar a las ni\u00f1as canadienses. Su emisario en Francia viaj\u00f3 a Lyon para presentar esta petici\u00f3n. Como resultado, ocho Religiosas de Jes\u00fas y Mar\u00eda zarparon hacia Canad\u00e1.<\/p>\n\n\n\n<p>A mediados del siglo XIX se inici\u00f3 una corriente de emigraci\u00f3n desde Canad\u00e1 hacia Estados Unidos. Algunos a\u00f1os de malas cosechas hicieron temer a los agricultores canadienses que el cultivo de la tierra ya no les sustentar\u00eda. Atra\u00eddos por la esperanza de ganancias m\u00e1s abundantes que ofrec\u00edan las ciudades industriales de Am\u00e9rica, se establecieron en la nueva tierra. Este movimiento fue inquietante para los obispos cat\u00f3licos porque las nuevas di\u00f3cesis no ten\u00edan suficientes misioneros para hacer frente a las necesidades religiosas de los inmigrantes. La experiencia hab\u00eda demostrado que, a menos que el pueblo conservara su lengua materna, f\u00e1cilmente se alejaban de la fe de sus antepasados. Algunos sacerdotes canadienses fueron al nuevo campo misionero para fundar las primeras parroquias francocanadienses en los Estados Unidos. Estos pastores buscaron la ayuda de hermanas religiosas para educar a los hijos de los inmigrantes que hab\u00edan venido a trabajar en las f\u00e1bricas.<\/p>\n\n\n\n<p class=\"has-text-align-center\"><a href=\"https:\/\/rjmusa.org\/es\/bicentenario\/\">Haga clic aqu\u00ed para conocer m\u00e1s sobre el 200 aniversario de la fundaci\u00f3n de nuestra congregaci\u00f3n.<\/a><\/p>\n\n\n<style>.wp-block-kadence-advancedgallery .kb-gallery-type-masonry.kb-gallery-id-1395_805b06-56{margin:-5px;}.kb-gallery-type-masonry.kb-gallery-id-1395_805b06-56 .kadence-blocks-gallery-item{padding:5px;}.kb-gallery-id-1395_805b06-56 .kadence-blocks-gallery-item .kb-gal-image-radius{border-radius:0px 0px 0px 0px;}.kb-gallery-id-1395_805b06-56 .kadence-blocks-gallery-item .kadence-blocks-gallery-item-inner .kadence-blocks-gallery-item__caption{background:linear-gradient( 0deg, rgba(0, 0, 0, 0.5) 0, rgba(0, 0, 0, 0) 100% );}.kb-gallery-caption-style-cover-hover.kb-gallery-id-1395_805b06-56 .kadence-blocks-gallery-item .kadence-blocks-gallery-item-inner .kadence-blocks-gallery-item__caption, .kb-gallery-caption-style-below.kb-gallery-id-1395_805b06-56 .kadence-blocks-gallery-item .kadence-blocks-gallery-item-inner .kadence-blocks-gallery-item__caption{background:rgba(0, 0, 0, 0.5);}<\/style><div class=\"kb-gallery-wrap-id-1395_805b06-56 alignnone wp-block-kadence-advancedgallery\"><ul class=\"kb-gallery-ul kb-gallery-non-static kb-gallery-type-masonry kb-masonry-init kb-gallery-id-1395_805b06-56 kb-gallery-caption-style-bottom kb-gallery-filter-none kb-gallery-magnific-init\" data-image-filter=\"none\" data-item-selector=\".kadence-blocks-gallery-item\" data-lightbox-caption=\"false\" data-columns-xxl=\"3\" data-columns-xl=\"3\" data-columns-md=\"3\" data-columns-sm=\"2\" data-columns-xs=\"1\" data-columns-ss=\"1\"><li class=\"kadence-blocks-gallery-item\"><div class=\"kadence-blocks-gallery-item-inner\"><figure class=\"kb-gallery-figure kb-gallery-item-has-link kadence-blocks-gallery-item-has-caption\" \"><a href=\"https:\/\/rjmusa.org\/wp-content\/uploads\/2016\/06\/history_rurualmission.jpg\" data-alt=\"Rural Mission\" class=\"kb-gallery-item-link\"  ><div class=\"kb-gal-image-radius\" style=\"max-width:300px;\"><div class=\"kb-gallery-image-contain kadence-blocks-gallery-intrinsic\" style=\"padding-bottom:61%;\"><img loading=\"lazy\" decoding=\"async\" src=\"https:\/\/rjmusa.org\/wp-content\/uploads\/2016\/06\/history_rurualmission.jpg\" width=\"300\" height=\"185\" alt=\"Misi\u00f3n Rural\" data-full-image=\"https:\/\/rjmusa.org\/wp-content\/uploads\/2016\/06\/history_rurualmission.jpg\" data-light-image=\"https:\/\/rjmusa.org\/wp-content\/uploads\/2016\/06\/history_rurualmission.jpg\" data-id=\"1394\" class=\"wp-image-1394\"\/><\/div><div class=\"kadence-blocks-gallery-item__caption\">Misi\u00f3n Rural<\/div><\/div><\/a><\/figure><\/div><\/li><li class=\"kadence-blocks-gallery-item\"><div class=\"kadence-blocks-gallery-item-inner\"><figure class=\"kb-gallery-figure kb-gallery-item-has-link kadence-blocks-gallery-item-has-caption\" \"><a href=\"https:\/\/rjmusa.org\/wp-content\/uploads\/2016\/06\/history_hyattsvilleMD.jpg\" data-alt=\"Hyattsville, MD \" class=\"kb-gallery-item-link\"  ><div class=\"kb-gal-image-radius\" style=\"max-width:340px;\"><div class=\"kb-gallery-image-contain kadence-blocks-gallery-intrinsic\" style=\"padding-bottom:57%;\"><img loading=\"lazy\" decoding=\"async\" src=\"https:\/\/rjmusa.org\/wp-content\/uploads\/2016\/06\/history_hyattsvilleMD.jpg\" width=\"340\" height=\"195\" alt=\"Hyattsville, Maryland, EE.UU. \" data-full-image=\"https:\/\/rjmusa.org\/wp-content\/uploads\/2016\/06\/history_hyattsvilleMD.jpg\" data-light-image=\"https:\/\/rjmusa.org\/wp-content\/uploads\/2016\/06\/history_hyattsvilleMD.jpg\" data-id=\"1396\" class=\"wp-image-1396\" srcset=\"https:\/\/rjmusa.org\/wp-content\/uploads\/2016\/06\/history_hyattsvilleMD.jpg 340w, https:\/\/rjmusa.org\/wp-content\/uploads\/2016\/06\/history_hyattsvilleMD-300x172.jpg 300w\" sizes=\"auto, (max-width: 340px) 100vw, 340px\" \/><\/div><div class=\"kadence-blocks-gallery-item__caption\">Hyattsville, Maryland, EE.UU.<\/div><\/div><\/a><\/figure><\/div><\/li><li class=\"kadence-blocks-gallery-item\"><div class=\"kadence-blocks-gallery-item-inner\"><figure class=\"kb-gallery-figure kb-gallery-item-has-link kadence-blocks-gallery-item-has-caption\" \"><a href=\"https:\/\/rjmusa.org\/wp-content\/uploads\/2016\/06\/history_nursePAP.jpg\" data-alt=\"RJM nurses in Port-au-Prince after the 2010 earthquake\" class=\"kb-gallery-item-link\"  ><div class=\"kb-gal-image-radius\" style=\"max-width:200px;\"><div class=\"kb-gallery-image-contain kadence-blocks-gallery-intrinsic\" style=\"padding-bottom:111%;\"><img loading=\"lazy\" decoding=\"async\" src=\"https:\/\/rjmusa.org\/wp-content\/uploads\/2016\/06\/history_nursePAP.jpg\" width=\"200\" height=\"222\" alt=\"Enfermeras de RJM en Puerto Pr\u00edncipe despu\u00e9s del terremoto de 2010\" data-full-image=\"https:\/\/rjmusa.org\/wp-content\/uploads\/2016\/06\/history_nursePAP.jpg\" data-light-image=\"https:\/\/rjmusa.org\/wp-content\/uploads\/2016\/06\/history_nursePAP.jpg\" data-id=\"1397\" class=\"wp-image-1397\"\/><\/div><div class=\"kadence-blocks-gallery-item__caption\">Enfermeras de RJM en Puerto Pr\u00edncipe despu\u00e9s del terremoto de 2010<\/div><\/div><\/a><\/figure><\/div><\/li><\/ul><\/div>","protected":false},"excerpt":{"rendered":"<p><strong>Nosotros, RJM en los Estados Unidos, ahora formamos una provincia, pero antes \u00e9ramos tres provincias.<\/strong> Somos un tapiz tejido de muchas culturas, una provincia con or\u00edgenes en Europa, Canad\u00e1 franc\u00e9s y M\u00e9xico. La experiencia estadounidense de las Religiosas de Jes\u00fas y Mar\u00eda refleja la evoluci\u00f3n de esta naci\u00f3n dentro de una poblaci\u00f3n multicultural y heterog\u00e9nea.&nbsp;<\/p>","protected":false},"author":2,"featured_media":1394,"parent":0,"menu_order":0,"comment_status":"closed","ping_status":"closed","template":"","meta":{"_kad_blocks_custom_css":"","_kad_blocks_head_custom_js":"","_kad_blocks_body_custom_js":"","_kad_blocks_footer_custom_js":"","_kad_post_transparent":"","_kad_post_title":"","_kad_post_layout":"","_kad_post_sidebar_id":"","_kad_post_content_style":"","_kad_post_vertical_padding":"","_kad_post_feature":"","_kad_post_feature_position":"","_kad_post_header":false,"_kad_post_footer":false,"footnotes":""},"section":[190],"class_list":["post-1395","page","type-page","status-publish","has-post-thumbnail","hentry","section-our-story"],"acf":[],"taxonomy_info":{"section":[{"value":190,"label":"Our Story"}]},"featured_image_src_large":["https:\/\/rjmusa.org\/wp-content\/uploads\/2016\/06\/history_rurualmission.jpg",300,185,false],"author_info":{"display_name":"root","author_link":"https:\/\/rjmusa.org\/es\/author\/root\/"},"comment_info":0,"_links":{"self":[{"href":"https:\/\/rjmusa.org\/es\/wp-json\/wp\/v2\/pages\/1395","targetHints":{"allow":["GET"]}}],"collection":[{"href":"https:\/\/rjmusa.org\/es\/wp-json\/wp\/v2\/pages"}],"about":[{"href":"https:\/\/rjmusa.org\/es\/wp-json\/wp\/v2\/types\/page"}],"author":[{"embeddable":true,"href":"https:\/\/rjmusa.org\/es\/wp-json\/wp\/v2\/users\/2"}],"replies":[{"embeddable":true,"href":"https:\/\/rjmusa.org\/es\/wp-json\/wp\/v2\/comments?post=1395"}],"version-history":[{"count":0,"href":"https:\/\/rjmusa.org\/es\/wp-json\/wp\/v2\/pages\/1395\/revisions"}],"wp:featuredmedia":[{"embeddable":true,"href":"https:\/\/rjmusa.org\/es\/wp-json\/wp\/v2\/media\/1394"}],"wp:attachment":[{"href":"https:\/\/rjmusa.org\/es\/wp-json\/wp\/v2\/media?parent=1395"}],"wp:term":[{"taxonomy":"section","embeddable":true,"href":"https:\/\/rjmusa.org\/es\/wp-json\/wp\/v2\/section?post=1395"}],"curies":[{"name":"wp","href":"https:\/\/api.w.org\/{rel}","templated":true}]}}