{"id":1399,"date":"2016-09-13T14:43:42","date_gmt":"2016-09-13T18:43:42","guid":{"rendered":"https:\/\/rjm.local\/foundress\/"},"modified":"2023-12-08T13:58:44","modified_gmt":"2023-12-08T18:58:44","slug":"foundress","status":"publish","type":"page","link":"https:\/\/rjmusa.org\/es\/fundadora\/","title":{"rendered":"Nuestra Fundadora"},"content":{"rendered":"<h2 class=\"wp-block-heading\">SANTA CLAUDINA TH\u00c9VENET, 1774-1837<\/h2>\n\n\n\n<h3 class=\"wp-block-heading\">Una mujer de &#039;gran coraje&#039;<\/h3>\n\n\n<div class=\"wp-block-image\">\n<figure class=\"alignright size-full\"><img loading=\"lazy\" decoding=\"async\" width=\"165\" height=\"338\" src=\"https:\/\/rjmusa.org\/wp-content\/uploads\/2016\/06\/StatueFourviere.jpg\" alt=\"Santa Claudina Th\u00e9venet, 1774-1837 Fundadora de las Religiosas de Jes\u00fas y Mar\u00eda \" class=\"wp-image-1398\" srcset=\"https:\/\/rjmusa.org\/wp-content\/uploads\/2016\/06\/StatueFourviere.jpg 165w, https:\/\/rjmusa.org\/wp-content\/uploads\/2016\/06\/StatueFourviere-146x300.jpg 146w\" sizes=\"auto, (max-width: 165px) 100vw, 165px\" \/><figcaption class=\"wp-element-caption\">Santa Claudina Th\u00e9venet, 1774-1837 Fundadora de las Religiosas de Jes\u00fas y Mar\u00eda <\/figcaption><\/figure>\n<\/div>\n\n\n<p>Esta valiente mujer naci\u00f3 en Lyon, Francia, la segunda de siete hijos de un comerciante de sedas, cuyo apodo familiar era &quot;Glady&quot;. En 1789, la Revoluci\u00f3n Francesa trajo el caos a su vida y a su mundo.&nbsp;<\/p>\n\n\n\n<p>Lyon fue sitiada y muchos de sus ciudadanos, incluidos dos de los hermanos de Claudine, se unieron al movimiento de resistencia antirrevolucionario. Fueron capturados, encarcelados y sentenciados a muerte por un pelot\u00f3n de fusilamiento en enero de 1794. Claudina los visit\u00f3 valientemente en prisi\u00f3n y decidi\u00f3 caminar con ellos hasta los campos de exterminio, donde fue testigo de su brutal ejecuci\u00f3n. En el camino a su muerte, los hermanos le entregaron una carta para la familia y dijeron sus \u00faltimas palabras: \u201c<strong>Perdona, Glady, como nosotros perdonamos.<\/strong>Una parte de ella muri\u00f3 con ellos ese d\u00eda, pero su mensaje la invitaba a una nueva vida y a una peregrinaci\u00f3n de valent\u00eda, compasi\u00f3n y perd\u00f3n.&nbsp;&nbsp;<\/p>\n\n\n\n<p>A partir de ese momento, Claudine dedic\u00f3 su vida y sus recursos a aliviar los estragos morales y f\u00edsicos dejados por la estela ca\u00f3tica de ese per\u00edodo. Lleg\u00f3 a tener una sola convicci\u00f3n: que <strong>La mayor desgracia es vivir y morir sin conocer a Dios.<\/strong>. En 1818, bajo la gu\u00eda de su consejero espiritual, reuni\u00f3 a su alrededor amigos para ofrecer refugio y educaci\u00f3n b\u00e1sica a las ni\u00f1as pobres en situaci\u00f3n de riesgo, a las que consideraba las \u201cm\u00e1s d\u00e9biles, las m\u00e1s vergonzosas, las m\u00e1s despose\u00eddas\u201d de las v\u00edctimas del Terror que hab\u00eda devastado Francia. El comienzo de su congregaci\u00f3n religiosa \u201cse bas\u00f3 en la nada\u201d, como escribi\u00f3 m\u00e1s tarde su sobrino: comenz\u00f3 en un apartamento peque\u00f1o, con un ni\u00f1o, un trabajador y pocos muebles.<\/p>\n\n\n\n<p>Originalmente una piadosa asociaci\u00f3n de mujeres laicas con base parroquial, con Claudina como presidenta, las hermanas de la nueva congregaci\u00f3n religiosa comenzaron a ayudar a los hu\u00e9rfanos y a las hijas de tejedores de seda empobrecidos de la regi\u00f3n de Lyon en escuelas de trabajo conocidas como &quot;providencias&quot;. Posteriormente, dirigieron internados para ni\u00f1as de familias m\u00e1s acomodadas. Sin embargo, siempre estuvo claro para todos que las preferencias de Claudine eran por los pobres y aquellos en mayor riesgo. Su confianza en la bondad de Dios le dio el valor para emprender obras que parec\u00edan temerarias.<\/p>\n\n\n\n<p>Sus \u00faltimas palabras siguen siendo un legado para sus hermanas: \u201c<strong>que bueno es dios<\/strong>&#8220;!<\/p>\n\n\n\n<p>A la muerte de Claudina en 1837, su instituto parec\u00eda estar en decadencia: de los cinco establecimientos que hab\u00eda fundado, s\u00f3lo quedaban tres, todos en un radio de treinta millas de Lyon. Sin embargo, su fe y confianza dieron frutos. En 1842, un peque\u00f1o grupo de hermanas parti\u00f3 hacia Agra, India. Hoy en d\u00eda, hay m\u00e1s de 1.000 Religiosas de Jes\u00fas y Mar\u00eda ministrando en 29 pa\u00edses, compartiendo la bondad y el amor perdonador que Claudina tanto deseaba ofrecer a los ni\u00f1os de su tiempo.\u00a0<\/p>\n\n\n\n<p><strong>Uno de los primeros documentos de la congregaci\u00f3n elogia su &quot;gran coraje&quot;. Ese coraje contin\u00faa inspirando a sus hermanas y asociadas hoy, en un mundo desgarrado por la violencia y la pobreza. <\/strong><\/p>\n\n\n\n<p>Leer <a href=\"https:\/\/rjmusa.org\/es\/historia\/\">m\u00e1s sobre la historia<\/a> de la Congregaci\u00f3n de Religiosas de Jes\u00fas y Mar\u00eda y sobre la Provincia USA-Hait\u00ed.<\/p>","protected":false},"excerpt":{"rendered":"<p>Esta valiente mujer naci\u00f3 en Lyon, Francia, la segunda de siete hijos de un comerciante de sedas, cuyo apodo familiar era &quot;Glady&quot;.&nbsp;<strong> En 1789, la Revoluci\u00f3n Francesa trajo el caos a su vida y a su mundo.<\/strong> Lyon fue sitiada y muchos de sus ciudadanos, incluidos dos de los hermanos de Claudine, se unieron al movimiento de resistencia antirrevolucionario. Fueron capturados, encarcelados y sentenciados a muerte por un pelot\u00f3n de fusilamiento en enero de 1794.&nbsp;&nbsp;&nbsp;<\/p>","protected":false},"author":2,"featured_media":1398,"parent":0,"menu_order":0,"comment_status":"closed","ping_status":"closed","template":"","meta":{"_kad_blocks_custom_css":"","_kad_blocks_head_custom_js":"","_kad_blocks_body_custom_js":"","_kad_blocks_footer_custom_js":"","_kad_post_transparent":"","_kad_post_title":"","_kad_post_layout":"","_kad_post_sidebar_id":"","_kad_post_content_style":"","_kad_post_vertical_padding":"","_kad_post_feature":"","_kad_post_feature_position":"","_kad_post_header":false,"_kad_post_footer":false,"footnotes":""},"section":[190],"class_list":["post-1399","page","type-page","status-publish","has-post-thumbnail","hentry","section-our-story"],"acf":[],"taxonomy_info":{"section":[{"value":190,"label":"Our Story"}]},"featured_image_src_large":["https:\/\/rjmusa.org\/wp-content\/uploads\/2016\/06\/StatueFourviere.jpg",165,338,false],"author_info":{"display_name":"root","author_link":"https:\/\/rjmusa.org\/es\/author\/root\/"},"comment_info":0,"_links":{"self":[{"href":"https:\/\/rjmusa.org\/es\/wp-json\/wp\/v2\/pages\/1399","targetHints":{"allow":["GET"]}}],"collection":[{"href":"https:\/\/rjmusa.org\/es\/wp-json\/wp\/v2\/pages"}],"about":[{"href":"https:\/\/rjmusa.org\/es\/wp-json\/wp\/v2\/types\/page"}],"author":[{"embeddable":true,"href":"https:\/\/rjmusa.org\/es\/wp-json\/wp\/v2\/users\/2"}],"replies":[{"embeddable":true,"href":"https:\/\/rjmusa.org\/es\/wp-json\/wp\/v2\/comments?post=1399"}],"version-history":[{"count":0,"href":"https:\/\/rjmusa.org\/es\/wp-json\/wp\/v2\/pages\/1399\/revisions"}],"wp:featuredmedia":[{"embeddable":true,"href":"https:\/\/rjmusa.org\/es\/wp-json\/wp\/v2\/media\/1398"}],"wp:attachment":[{"href":"https:\/\/rjmusa.org\/es\/wp-json\/wp\/v2\/media?parent=1399"}],"wp:term":[{"taxonomy":"section","embeddable":true,"href":"https:\/\/rjmusa.org\/es\/wp-json\/wp\/v2\/section?post=1399"}],"curies":[{"name":"wp","href":"https:\/\/api.w.org\/{rel}","templated":true}]}}