{"id":1402,"date":"2016-06-24T21:32:38","date_gmt":"2016-06-25T01:32:38","guid":{"rendered":"https:\/\/rjm.local\/quest\/"},"modified":"2024-02-13T11:51:30","modified_gmt":"2024-02-13T16:51:30","slug":"quest","status":"publish","type":"page","link":"https:\/\/rjmusa.org\/es\/unirse\/busqueda\/","title":{"rendered":"Programa de voluntariado QUEST"},"content":{"rendered":"<div class=\"wp-block-image is-style-default\">\n<figure class=\"aligncenter size-full is-resized\"><img loading=\"lazy\" decoding=\"async\" width=\"640\" height=\"480\" src=\"https:\/\/rjmusa.org\/wp-content\/uploads\/2024\/02\/blogger-image-2014080167.jpg\" alt=\"\" class=\"wp-image-2351\" style=\"width:360px;height:auto\" srcset=\"https:\/\/rjmusa.org\/wp-content\/uploads\/2024\/02\/blogger-image-2014080167.jpg 640w, https:\/\/rjmusa.org\/wp-content\/uploads\/2024\/02\/blogger-image-2014080167-300x225.jpg 300w, https:\/\/rjmusa.org\/wp-content\/uploads\/2024\/02\/blogger-image-2014080167-16x12.jpg 16w\" sizes=\"auto, (max-width: 640px) 100vw, 640px\" \/><\/figure>\n<\/div>\n\n\n<p><em><strong>El programa QUEST fue iniciado en 1971 por la Provincia de EE.UU.-Hait\u00ed como un medio para invitar a voluntarios laicos, especialmente a los m\u00e1s j\u00f3venes, a acompa\u00f1ar al RJM a trav\u00e9s de una comunidad intencional y un servicio en el ministerio. <\/strong><\/em><\/p>\n\n\n\n<p class=\"has-theme-palette-5-color has-text-color has-link-color wp-elements-980f0ceae3b35584ce062728524ca175\">Hist\u00f3ricamente, el programa QUEST ha operado en varios sitios diferentes en los Estados Unidos. <em>Debido a la pandemia de COVID-19 y a la luz de los recientes desaf\u00edos pol\u00edticos en Hait\u00ed, no hay comunidades activas del programa QUEST. El RJM invita a aquellos interesados en participar en QUEST tan pronto como se reinicie el programa a comunicarse con nuestro Director de Avance de Misi\u00f3n, <a href=\"mailto:tharkleroad@rjmusa.org?subject=QUEST Program\" target=\"_blank\" rel=\"noreferrer noopener\">Toby Harkleroad<\/a>. Se est\u00e1 planificando reactivar el programa QUEST en los sitios de nuestro ministerio en Hait\u00ed y potencialmente ofrecer oportunidades de QUEST en los sitios del ministerio en los EE. UU. <\/em>Aquellos interesados en oportunidades de voluntariado internacional con el RJM, tambi\u00e9n podr\u00edan estar interesados en aprender m\u00e1s sobre el <a href=\"https:\/\/rjmusa.org\/es\/unirse\/programa-de-voluntariado-internacional-jm\/\">Programa de Voluntariado Internacional JM<\/a>.<\/p>\n\n\n\n<p>El programa de voluntariado QUEST ha sido una parte esencial de la misi\u00f3n de RJM en Hait\u00ed. El programa QUEST en Hait\u00ed brinda a los laicos la oportunidad de servir al pueblo de Dios en el pa\u00eds m\u00e1s pobre del hemisferio occidental, ya sea durante una experiencia ministerial de un a\u00f1o o nuestra experiencia de verano &quot;Kamp Klodin&quot;.<\/p>\n\n\n\n<blockquote class=\"wp-block-quote is-layout-flow wp-block-quote-is-layout-flow\">\n<p>Si bien continuaremos fomentando el compromiso de todos los ex voluntarios de QUEST con la misi\u00f3n en Hait\u00ed, no estamos reclutando voluntarios activamente en este momento. Sin embargo, las hermanas que sirven en Hait\u00ed pueden seguir aceptando voluntarios para proyectos espec\u00edficos. Estos voluntarios ser\u00e1n personas conocidas por la hermana de RJM involucrada. Por lo general, tendr\u00e1n m\u00e1s de 30 a\u00f1os, tendr\u00e1n conocimiento del riesgo involucrado y contar\u00e1n con una experiencia profesional particular.\u00a0\u00a0 <\/p>\n<cite><em>A partir de febrero de 2024, debido a la desafiante situaci\u00f3n pol\u00edtica y de seguridad en Hait\u00ed<\/em><\/cite><\/blockquote>\n\n\n\n<p>Los voluntarios est\u00e1n comprometidos a desarrollar su espiritualidad, vivir con sencillez, crecer en comunidad y trabajar por la justicia social que desaf\u00ede las estructuras injustas. Viven con las Religiosas de Jes\u00fas y Mar\u00eda (RJM) y comparten su misi\u00f3n.<\/p>\n\n\n\n<p>Voluntarios laicos han servido en el pueblo monta\u00f1oso de Gros Morne, que est\u00e1 a unas cinco horas al norte de Puerto Pr\u00edncipe y en Jean Rabel, una aldea a unas tres horas al noroeste de Gros Morne.<\/p>\n\n\n\n<p>Los voluntarios han trabajado en una variedad de esfuerzos de organizaci\u00f3n comunitaria en Hait\u00ed: grupos de artesanos, jardiner\u00eda, atenci\u00f3n m\u00e9dica, reforestaci\u00f3n, grupos de j\u00f3venes. El tipo de trabajo que los voluntarios pueden realizar depende de su inter\u00e9s, iniciativa, habilidades y talentos.<\/p>\n\n\n\n<p>Las oportunidades de voluntariado son el mes de julio y los compromisos de un a\u00f1o. Para m\u00e1s informaci\u00f3n:<\/p>\n\n\n\n<ul class=\"wp-block-list\">\n<li>Visita (y dale me gusta\/comparte) el <a href=\"https:\/\/www.facebook.com\/JesusMaryHaiti\/\">RJM \u2013 P\u00e1gina de Hait\u00ed en Facebook<\/a>.<\/li>\n\n\n\n<li>Comun\u00edquese con Toby Harkleroad, 821 Varnum St., NE, Washington, DC 20017 Correo electr\u00f3nico: <a href=\"mailto:tharkleroad@rjmusa.org\" target=\"_blank\" rel=\"noreferrer noopener\">tharkleroad@rjmusa.org<\/a><\/li>\n<\/ul>\n\n\n<style>.wp-block-kadence-advancedbtn.kb-btns1402_722529-51{gap:var(--global-kb-gap-xs, 0.5rem );justify-content:center;align-items:center;}.kt-btns1402_722529-51 .kt-button{font-weight:normal;font-style:normal;}.kt-btns1402_722529-51 .kt-btn-wrap-0{margin-right:5px;}.wp-block-kadence-advancedbtn.kt-btns1402_722529-51 .kt-btn-wrap-0 .kt-button{color:#555555;border-color:#555555;}.wp-block-kadence-advancedbtn.kt-btns1402_722529-51 .kt-btn-wrap-0 .kt-button:hover, .wp-block-kadence-advancedbtn.kt-btns1402_722529-51 .kt-btn-wrap-0 .kt-button:focus{color:#ffffff;border-color:#444444;}.wp-block-kadence-advancedbtn.kt-btns1402_722529-51 .kt-btn-wrap-0 .kt-button::before{display:none;}.wp-block-kadence-advancedbtn.kt-btns1402_722529-51 .kt-btn-wrap-0 .kt-button:hover, .wp-block-kadence-advancedbtn.kt-btns1402_722529-51 .kt-btn-wrap-0 .kt-button:focus{background:#444444;}<\/style>\n<div class=\"wp-block-kadence-advancedbtn kb-buttons-wrap kb-btns1402_722529-51\"><style>ul.menu .wp-block-kadence-advancedbtn .kb-btn1402_8802b9-cc.kb-button{width:initial;}<\/style><a class=\"kb-button kt-button button kb-btn1402_8802b9-cc kt-btn-size-standard kt-btn-width-type-auto kb-btn-global-fill kt-btn-has-text-true kt-btn-has-svg-false wp-block-kadence-singlebtn\" href=\"https:\/\/rjmusa.org\/wp-content\/uploads\/2016\/06\/Quest-Brochure-2016-2017-FINAL-110816.pdf\"><span class=\"kt-btn-inner-text\">Descargar un folleto<\/span><\/a><\/div>\n\n\n<style>.wp-block-kadence-advancedgallery .kb-gallery-type-grid.kb-gallery-id-1402_b54aa6-32{margin:-5px;}.kb-gallery-type-grid.kb-gallery-id-1402_b54aa6-32 .kadence-blocks-gallery-item{padding:5px;}.kb-gallery-id-1402_b54aa6-32 .kadence-blocks-gallery-item .kb-gal-image-radius{border-radius:0px 0px 0px 0px;}<\/style><div class=\"kb-gallery-wrap-id-1402_b54aa6-32 alignnone wp-block-kadence-advancedgallery\"><ul class=\"kb-gallery-ul kb-gallery-non-static kb-gallery-type-grid kb-gallery-id-1402_b54aa6-32 kb-gallery-caption-style-bottom-hover kb-gallery-filter-none\" data-image-filter=\"none\" data-item-selector=\".kadence-blocks-gallery-item\" data-lightbox-caption=\"true\" data-columns-xxl=\"3\" data-columns-xl=\"3\" data-columns-md=\"3\" data-columns-sm=\"2\" data-columns-xs=\"1\" data-columns-ss=\"1\"><li class=\"kadence-blocks-gallery-item\"><div class=\"kadence-blocks-gallery-item-inner\"><figure class=\"kb-gallery-figure kadence-blocks-gallery-item-hide-caption\" \"><div class=\"kb-gal-image-radius\"><div class=\"kb-gallery-image-contain kadence-blocks-gallery-intrinsic kb-gallery-image-ratio-land32 kb-has-image-ratio-land32\" ><img loading=\"lazy\" decoding=\"async\" src=\"https:\/\/rjmusa.org\/wp-content\/uploads\/2016\/09\/IMG_93106355114524-1.jpeg\" width=\"960\" height=\"640\" alt=\"IMG_93106355114524 (1)\" data-full-image=\"https:\/\/rjmusa.org\/wp-content\/uploads\/2016\/09\/IMG_93106355114524-1.jpeg\" data-light-image=\"https:\/\/rjmusa.org\/wp-content\/uploads\/2016\/09\/IMG_93106355114524-1.jpeg\" data-id=\"1400\" class=\"wp-image-1400\" srcset=\"https:\/\/rjmusa.org\/wp-content\/uploads\/2016\/09\/IMG_93106355114524-1.jpeg 960w, https:\/\/rjmusa.org\/wp-content\/uploads\/2016\/09\/IMG_93106355114524-1-300x200.jpeg 300w, https:\/\/rjmusa.org\/wp-content\/uploads\/2016\/09\/IMG_93106355114524-1-768x512.jpeg 768w\" sizes=\"auto, (max-width: 960px) 100vw, 960px\" \/><\/div><\/div><\/figure><\/div><\/li><li class=\"kadence-blocks-gallery-item\"><div class=\"kadence-blocks-gallery-item-inner\"><figure class=\"kb-gallery-figure kadence-blocks-gallery-item-hide-caption\" \"><div class=\"kb-gal-image-radius\"><div class=\"kb-gallery-image-contain kadence-blocks-gallery-intrinsic kb-gallery-image-ratio-land32 kb-has-image-ratio-land32\" ><img loading=\"lazy\" decoding=\"async\" src=\"https:\/\/rjmusa.org\/wp-content\/uploads\/2016\/09\/2016-Camp-Claudine-1024x608.jpg\" width=\"1024\" height=\"608\" alt=\"2016 --- Campamento-Claudine\" data-full-image=\"https:\/\/rjmusa.org\/wp-content\/uploads\/2016\/09\/2016-Camp-Claudine.jpg\" data-light-image=\"https:\/\/rjmusa.org\/wp-content\/uploads\/2016\/09\/2016-Camp-Claudine.jpg\" data-id=\"1405\" class=\"wp-image-1405\" srcset=\"https:\/\/rjmusa.org\/wp-content\/uploads\/2016\/09\/2016-Camp-Claudine-1024x608.jpg 1024w, https:\/\/rjmusa.org\/wp-content\/uploads\/2016\/09\/2016-Camp-Claudine-300x178.jpg 300w, https:\/\/rjmusa.org\/wp-content\/uploads\/2016\/09\/2016-Camp-Claudine-768x456.jpg 768w, https:\/\/rjmusa.org\/wp-content\/uploads\/2016\/09\/2016-Camp-Claudine-1200x713.jpg 1200w, https:\/\/rjmusa.org\/wp-content\/uploads\/2016\/09\/2016-Camp-Claudine.jpg 1293w\" sizes=\"auto, (max-width: 1024px) 100vw, 1024px\" \/><\/div><\/div><\/figure><\/div><\/li><li class=\"kadence-blocks-gallery-item\"><div class=\"kadence-blocks-gallery-item-inner\"><figure class=\"kb-gallery-figure kadence-blocks-gallery-item-hide-caption\" \"><div class=\"kb-gal-image-radius\"><div class=\"kb-gallery-image-contain kadence-blocks-gallery-intrinsic kb-gallery-image-ratio-land32 kb-has-image-ratio-land32\" ><img loading=\"lazy\" decoding=\"async\" src=\"https:\/\/rjmusa.org\/wp-content\/uploads\/2016\/06\/questgroup.jpg\" width=\"420\" height=\"259\" alt=\"grupo de misiones\" data-full-image=\"https:\/\/rjmusa.org\/wp-content\/uploads\/2016\/06\/questgroup.jpg\" data-light-image=\"https:\/\/rjmusa.org\/wp-content\/uploads\/2016\/06\/questgroup.jpg\" data-id=\"1406\" class=\"wp-image-1406\" srcset=\"https:\/\/rjmusa.org\/wp-content\/uploads\/2016\/06\/questgroup.jpg 420w, https:\/\/rjmusa.org\/wp-content\/uploads\/2016\/06\/questgroup-300x185.jpg 300w\" sizes=\"auto, (max-width: 420px) 100vw, 420px\" \/><\/div><\/div><\/figure><\/div><\/li><\/ul><\/div>","protected":false},"excerpt":{"rendered":"<p>Voluntarios para HAIT\u00cd ofrece a los laicos la oportunidad de servir al pueblo de Dios en el pa\u00eds m\u00e1s pobre del hemisferio occidental.<\/p>\n<p>Los voluntarios se comprometen a desarrollar su espiritualidad, vivir con sencillez, crecer en comunidad y trabajar por la justicia social desafiando las estructuras injustas. Viven con las Religiosas de Jes\u00fas y Mar\u00eda (RJM) y comparten su misi\u00f3n.<\/p>","protected":false},"author":2,"featured_media":1400,"parent":1431,"menu_order":0,"comment_status":"closed","ping_status":"closed","template":"","meta":{"_kad_blocks_custom_css":"","_kad_blocks_head_custom_js":"","_kad_blocks_body_custom_js":"","_kad_blocks_footer_custom_js":"","_kad_post_transparent":"","_kad_post_title":"","_kad_post_layout":"","_kad_post_sidebar_id":"","_kad_post_content_style":"","_kad_post_vertical_padding":"","_kad_post_feature":"","_kad_post_feature_position":"","_kad_post_header":false,"_kad_post_footer":false,"footnotes":""},"section":[192],"class_list":["post-1402","page","type-page","status-publish","has-post-thumbnail","hentry","section-join-our-mission"],"acf":[],"taxonomy_info":{"section":[{"value":192,"label":"Join Our Mission"}]},"featured_image_src_large":["https:\/\/rjmusa.org\/wp-content\/uploads\/2016\/09\/IMG_93106355114524-1.jpeg",960,640,false],"author_info":{"display_name":"root","author_link":"https:\/\/rjmusa.org\/es\/author\/root\/"},"comment_info":0,"_links":{"self":[{"href":"https:\/\/rjmusa.org\/es\/wp-json\/wp\/v2\/pages\/1402","targetHints":{"allow":["GET"]}}],"collection":[{"href":"https:\/\/rjmusa.org\/es\/wp-json\/wp\/v2\/pages"}],"about":[{"href":"https:\/\/rjmusa.org\/es\/wp-json\/wp\/v2\/types\/page"}],"author":[{"embeddable":true,"href":"https:\/\/rjmusa.org\/es\/wp-json\/wp\/v2\/users\/2"}],"replies":[{"embeddable":true,"href":"https:\/\/rjmusa.org\/es\/wp-json\/wp\/v2\/comments?post=1402"}],"version-history":[{"count":0,"href":"https:\/\/rjmusa.org\/es\/wp-json\/wp\/v2\/pages\/1402\/revisions"}],"up":[{"embeddable":true,"href":"https:\/\/rjmusa.org\/es\/wp-json\/wp\/v2\/pages\/1431"}],"wp:featuredmedia":[{"embeddable":true,"href":"https:\/\/rjmusa.org\/es\/wp-json\/wp\/v2\/media\/1400"}],"wp:attachment":[{"href":"https:\/\/rjmusa.org\/es\/wp-json\/wp\/v2\/media?parent=1402"}],"wp:term":[{"taxonomy":"section","embeddable":true,"href":"https:\/\/rjmusa.org\/es\/wp-json\/wp\/v2\/section?post=1402"}],"curies":[{"name":"wp","href":"https:\/\/api.w.org\/{rel}","templated":true}]}}