{"id":1413,"date":"2016-09-07T11:29:11","date_gmt":"2016-09-07T15:29:11","guid":{"rendered":"https:\/\/rjm.local\/new-york\/"},"modified":"2023-05-17T13:50:51","modified_gmt":"2023-05-17T17:50:51","slug":"new-york","status":"publish","type":"page","link":"https:\/\/rjmusa.org\/es\/historia\/nueva-york\/","title":{"rendered":"Nueva York"},"content":{"rendered":"<h2>Nuestra Se\u00f1ora de la Paz<\/h2>\n<p>Durante muchos a\u00f1os, la Madre San Cirilo, Provincial de Canad\u00e1, so\u00f1aba con abrir una casa en Nueva York donde las hermanas que viajaban hacia y desde Europa pudieran interrumpir su viaje. En 1890 recibi\u00f3 autorizaci\u00f3n de Su Gracia el Arzobispo Corrigan para abrir un convento.<\/p>\n<p>Un a\u00f1o despu\u00e9s, debido a una ley antirreligiosa en Francia, muchas comunidades buscaron asilo en Nueva York. A la madre Cirilo, que hab\u00eda sido elegida general, se le inform\u00f3 que deb\u00eda actuar r\u00e1pidamente si deseaba establecer una fundaci\u00f3n en la ciudad. Confi\u00f3 esta empresa a la Madre Eufemia, una religiosa canadiense. Superada por esta responsabilidad, la Madre Eufemia se dirigi\u00f3 a la oraci\u00f3n y so\u00f1\u00f3 con Nuestra Se\u00f1ora de la Paz, quien le daba valor.<\/p>\n<p>En 1902, las Religiosas de Jes\u00fas y Mar\u00eda llegaron a Nueva York para establecer una escuela gratuita para inmigrantes espa\u00f1oles. Se mantuvieron dando clases privadas de franc\u00e9s, m\u00fasica y arte. Tambi\u00e9n acogieron a hu\u00e9spedes en una casa alquilada en West 14th Street.<\/p>\n<p>En 1904, a petici\u00f3n de los jesuitas, las hermanas se hicieron cargo del Colegio Italiano de Loreto. Para aceptar este trabajo, las monjas tuvieron que abandonar la escuela de espa\u00f1ol en West 14th St. Por lo tanto, hab\u00eda m\u00e1s espacio disponible para recibir a los internos en la propiedad de 14th St. Despu\u00e9s de 15 a\u00f1os, la Escuela de Loreto fue confiada a las Religiosas de Santa Francisco Cabrini.<\/p>\n<p>La tarea de proporcionar un hogar c\u00f3modo para las ni\u00f1as en la ciudad de Nueva York era muy necesaria, y Dios acudi\u00f3 en ayuda de la Madre Santa Eufemia. Recibi\u00f3 regalos inesperados que le permitieron adquirir una propiedad vecina, a la que puso el nombre de \u201cNuestra Se\u00f1ora de la Paz\u201d.<\/p>\n<p>En 1909, la Madre Eufemia compr\u00f3 dos casas en la calle 15 frente a la primera residencia. Estos fueron demolidos y se construy\u00f3 un gran edificio con una hermosa capilla y 150 habitaciones.<\/p>\n<h2>&nbsp;<\/h2>\n<h2>Kingsbridge de San Juan<\/h2>\n<p>En agosto de 1903, las Religiosas de Jes\u00fas y Mar\u00eda aprovecharon la oportunidad para abrir una escuela en el Bronx. La Madre Eufemia y la Madre San Fernando compraron una propiedad a las hermanas Murray. Renovaron, repararon, limpiaron y decoraron las aulas.<\/p>\n<p>En la misa del domingo 13 de septiembre, el p\u00e1rroco de la parroquia, el padre O&#039;Dwyer, present\u00f3 a los feligreses a las Religiosas de Jes\u00fas y Mar\u00eda y anunci\u00f3 la apertura de las escuelas para el d\u00eda siguiente. El d\u00eda 14, 60 estudiantes asistieron a la misa de apertura del a\u00f1o escolar.<\/p>\n<p>La escuela se llen\u00f3 r\u00e1pidamente hasta el tope; sin embargo, adolece de falta de recursos financieros. En 1916, la Madre Santa Adelaida, Superiora, solicit\u00f3 ayuda al cardenal Farley. Su respuesta result\u00f3 en una ampliaci\u00f3n de las instalaciones que ahora pod\u00edan albergar a m\u00e1s de 700 estudiantes.<\/p>\n<h2>Molinos de las tierras altas<\/h2>\n<p>Durante una visita a los Estados Unidos, la Reverenda Madre Santa Clara, Superiora General, plane\u00f3 comprar una propiedad en las afueras de la ciudad de Nueva York donde una casa de verano podr\u00eda brindar descanso a las hermanas, y tal vez m\u00e1s tarde, una academia para ni\u00f1as.<\/p>\n<p>En 1911, la comunidad compr\u00f3 125 acres en Highland Mills, no lejos del r\u00edo Hudson y las monta\u00f1as Catskill. Adem\u00e1s de una comunidad local, se estableci\u00f3 un noviciado. Un a\u00f1o m\u00e1s tarde, las dificultades econ\u00f3micas llevaron a las hermanas a cerrar la casa y el noviciado fue trasladado a Kingsbridge. La casa de Highland Mills permaneci\u00f3 abierta durante los meses de verano, cuando las hermanas de Nuestra Se\u00f1ora de la Paz ven\u00edan a disfrutar del aire fresco del campo.<\/p>\n<p>La Madre St. Clare nunca abandon\u00f3 su sue\u00f1o de establecer una escuela en Highland Mills. Su sue\u00f1o se hizo realidad en julio de 1914, cuando la Madre San Juan de Dios, Superiora, abri\u00f3 un internado, Thevenet Hall.<\/p>\n<p>Despu\u00e9s de dificultades preliminares, la escuela floreci\u00f3 y se incorpor\u00f3 como escuela secundaria a la Universidad de Nueva York. La casa fue ampliada en 1919 y luego ampliada nuevamente, y se construy\u00f3 un ala adicional para la hermosa capilla que fue inaugurada por Su Eminencia el Cardenal Hayes en 1927.<\/p>","protected":false},"excerpt":{"rendered":"<p>Nuestra Se\u00f1ora de la Paz Durante muchos a\u00f1os, la Madre San Cirilo, Provincial de Canad\u00e1, so\u00f1\u00f3 con abrir una casa en Nueva York donde las hermanas que viajaban hacia y desde Europa pudieran interrumpir su viaje. En 1890, recibi\u00f3 autorizaci\u00f3n de Su Gracia, el Arzobispo Corrigan, para abrir un convento. Un a\u00f1o despu\u00e9s, a causa de una ley antirreligiosa\u2026<\/p>","protected":false},"author":2,"featured_media":0,"parent":1395,"menu_order":0,"comment_status":"closed","ping_status":"closed","template":"","meta":{"_kad_blocks_custom_css":"","_kad_blocks_head_custom_js":"","_kad_blocks_body_custom_js":"","_kad_blocks_footer_custom_js":"","_kad_post_transparent":"","_kad_post_title":"","_kad_post_layout":"","_kad_post_sidebar_id":"","_kad_post_content_style":"","_kad_post_vertical_padding":"","_kad_post_feature":"","_kad_post_feature_position":"","_kad_post_header":false,"_kad_post_footer":false,"footnotes":""},"section":[],"class_list":["post-1413","page","type-page","status-publish","hentry"],"acf":[],"taxonomy_info":[],"featured_image_src_large":false,"author_info":{"display_name":"root","author_link":"https:\/\/rjmusa.org\/es\/author\/root\/"},"comment_info":0,"_links":{"self":[{"href":"https:\/\/rjmusa.org\/es\/wp-json\/wp\/v2\/pages\/1413","targetHints":{"allow":["GET"]}}],"collection":[{"href":"https:\/\/rjmusa.org\/es\/wp-json\/wp\/v2\/pages"}],"about":[{"href":"https:\/\/rjmusa.org\/es\/wp-json\/wp\/v2\/types\/page"}],"author":[{"embeddable":true,"href":"https:\/\/rjmusa.org\/es\/wp-json\/wp\/v2\/users\/2"}],"replies":[{"embeddable":true,"href":"https:\/\/rjmusa.org\/es\/wp-json\/wp\/v2\/comments?post=1413"}],"version-history":[{"count":0,"href":"https:\/\/rjmusa.org\/es\/wp-json\/wp\/v2\/pages\/1413\/revisions"}],"up":[{"embeddable":true,"href":"https:\/\/rjmusa.org\/es\/wp-json\/wp\/v2\/pages\/1395"}],"wp:attachment":[{"href":"https:\/\/rjmusa.org\/es\/wp-json\/wp\/v2\/media?parent=1413"}],"wp:term":[{"taxonomy":"section","embeddable":true,"href":"https:\/\/rjmusa.org\/es\/wp-json\/wp\/v2\/section?post=1413"}],"curies":[{"name":"wp","href":"https:\/\/api.w.org\/{rel}","templated":true}]}}