{"id":1425,"date":"2016-09-07T17:54:02","date_gmt":"2016-09-07T21:54:02","guid":{"rendered":"https:\/\/rjm.local\/prayer\/"},"modified":"2024-04-30T15:45:36","modified_gmt":"2024-04-30T19:45:36","slug":"prayer","status":"publish","type":"page","link":"https:\/\/rjmusa.org\/es\/oracion\/","title":{"rendered":"Ap\u00f3yanos en Oraci\u00f3n"},"content":{"rendered":"<div class=\"wp-block-image\">\n<figure class=\"alignright size-full\"><img loading=\"lazy\" decoding=\"async\" width=\"180\" height=\"241\" src=\"https:\/\/rjmusa.org\/wp-content\/uploads\/2016\/09\/prayerhomedrawing.jpg\" alt=\"oraci\u00f3ndibujo casero\" class=\"wp-image-1424\"\/><\/figure>\n<\/div>\n\n\n<p>\u201cNuestra Se\u00f1ora, que recibi\u00f3 la gracia \u00fanica de la intimidad con Dios, es nuestro modelo en la oraci\u00f3n. Porque vivi\u00f3 en profundo silencio interior, escuchando siempre su palabra, se entreg\u00f3 a la presencia transformadora de su Hijo. Y as\u00ed, como ella, nos entregamos a la acci\u00f3n divina para que Cristo, que queremos traer al mundo, brille cada vez m\u00e1s claramente a trav\u00e9s de nosotros\u201d. &nbsp;&nbsp;&nbsp;&nbsp;<em>Constituciones RJM #38<\/em><\/p>\n\n\n\n<h2 class=\"wp-block-heading\">Oraciones congregacionales<\/h2>\n\n\n\n<h4 class=\"wp-block-heading\">Santa Claudina Th\u00e9venet, RJM<\/h4>\n\n\n\n<blockquote class=\"wp-block-quote is-layout-flow wp-block-quote-is-layout-flow\">\n<p>Dios, Padre nuestro, T\u00fa concediste a santa Claudina Th\u00e9venet una experiencia \u00edntima de tu bondad misericordiosa y la llamaste a dedicar su vida a la educaci\u00f3n de los j\u00f3venes, d\u00e1ndole la gracia de sacar del coraz\u00f3n de tu hijo un celo ardiente para hacer Jes\u00fas y Mar\u00eda conocidos y amados.<\/p>\n\n\n\n<p>Ay\u00fadanos, como ella, a ser testigos de tu amor, entregados a la acci\u00f3n del Esp\u00edritu y abiertos a las necesidades de nuestros hermanos y hermanas, especialmente de los m\u00e1s necesitados. Conc\u00e9denos, por su intercesi\u00f3n y para alabanza de tu gloria, la gracia que ahora te pedimos. Am\u00e9n.<\/p>\n<\/blockquote>\n\n\n\n<figure class=\"wp-block-image size-full is-resized\"><a href=\"https:\/\/rjmusa.org\/es\/fundadora\/\"><img loading=\"lazy\" decoding=\"async\" width=\"736\" height=\"588\" src=\"https:\/\/rjmusa.org\/wp-content\/uploads\/2024\/04\/Saints-are-made-by-it.jpg\" alt=\"\" class=\"wp-image-2415\" style=\"width:225px;height:auto\" srcset=\"https:\/\/rjmusa.org\/wp-content\/uploads\/2024\/04\/Saints-are-made-by-it.jpg 736w, https:\/\/rjmusa.org\/wp-content\/uploads\/2024\/04\/Saints-are-made-by-it-300x240.jpg 300w, https:\/\/rjmusa.org\/wp-content\/uploads\/2024\/04\/Saints-are-made-by-it-15x12.jpg 15w\" sizes=\"auto, (max-width: 736px) 100vw, 736px\" \/><\/a><\/figure>\n\n\n\n<h4 class=\"wp-block-heading\">Beata Dina B\u00e9langer, RJM<\/h4>\n\n\n\n<blockquote class=\"wp-block-quote is-layout-flow wp-block-quote-is-layout-flow\">\n<p>Padre de bondad eterna, T\u00fa pusiste en el coraz\u00f3n de la Beata Dina Belanger el ardiente deseo de ofrecerte, en nombre de toda la humanidad, las infinitas riquezas del Coraz\u00f3n de Jes\u00fas presente en la Eucarist\u00eda, y de vivir, como Mar\u00eda, estrechamente unida a Aquel a quien ella amaba con todo el coraz\u00f3n.<\/p>\n\n\n\n<p>Que nosotros, como ella, encontremos nuestra alegr\u00eda en hacer fielmente tu Voluntad, y puesto que le revelaste tu gran deseo de derramar sobre el mundo la abundancia de tus gracias, escuchemos la oraci\u00f3n que hacemos para tu mayor gloria, y que te encomendamos a su intercesi\u00f3n. Am\u00e9n.<\/p>\n<\/blockquote>\n\n\n\n<figure class=\"wp-block-image size-full\"><a href=\"https:\/\/www.rjmgeneral.org\/en\/who-we-are\/history-and-foundation\/dina-belanger\/\" target=\"_blank\" rel=\"noreferrer noopener\"><img loading=\"lazy\" decoding=\"async\" width=\"225\" height=\"225\" src=\"https:\/\/rjmusa.org\/wp-content\/uploads\/2024\/04\/dina-quote.jpeg\" alt=\"\" class=\"wp-image-2414\" srcset=\"https:\/\/rjmusa.org\/wp-content\/uploads\/2024\/04\/dina-quote.jpeg 225w, https:\/\/rjmusa.org\/wp-content\/uploads\/2024\/04\/dina-quote-150x150.jpeg 150w, https:\/\/rjmusa.org\/wp-content\/uploads\/2024\/04\/dina-quote-12x12.jpeg 12w\" sizes=\"auto, (max-width: 225px) 100vw, 225px\" \/><\/a><\/figure>\n\n\n\n<ul class=\"wp-block-list\">\n<li><em>Aprender m\u00e1s acerca de <a href=\"http:\/\/dinabelangereng.blogspot.com\/\" target=\"_blank\" rel=\"noreferrer noopener\">sobre la Beata Dina B\u00e9langer, RJM, y su espiritualidad<\/a><\/em><\/li>\n<\/ul>","protected":false},"excerpt":{"rendered":"<p>\u201cNuestra Se\u00f1ora, que recibi\u00f3 una gracia \u00fanica de intimidad con Dios, es nuestro modelo en la oraci\u00f3n. Porque vivi\u00f3 en profundo silencio interior, siempre a la escucha de Su palabra, se abandon\u00f3 a la presencia transformadora de su Hijo. Y as\u00ed, como Ella, nos entregamos a la acci\u00f3n divina para que Cristo, a quien\u2026<\/p>","protected":false},"author":2,"featured_media":1424,"parent":0,"menu_order":0,"comment_status":"closed","ping_status":"closed","template":"","meta":{"_kad_blocks_custom_css":"","_kad_blocks_head_custom_js":"","_kad_blocks_body_custom_js":"","_kad_blocks_footer_custom_js":"","_kad_post_transparent":"","_kad_post_title":"","_kad_post_layout":"","_kad_post_sidebar_id":"","_kad_post_content_style":"","_kad_post_vertical_padding":"","_kad_post_feature":"","_kad_post_feature_position":"","_kad_post_header":false,"_kad_post_footer":false,"footnotes":""},"section":[],"class_list":["post-1425","page","type-page","status-publish","has-post-thumbnail","hentry"],"acf":[],"taxonomy_info":[],"featured_image_src_large":["https:\/\/rjmusa.org\/wp-content\/uploads\/2016\/09\/prayerhomedrawing.jpg",180,241,false],"author_info":{"display_name":"root","author_link":"https:\/\/rjmusa.org\/es\/author\/root\/"},"comment_info":0,"_links":{"self":[{"href":"https:\/\/rjmusa.org\/es\/wp-json\/wp\/v2\/pages\/1425","targetHints":{"allow":["GET"]}}],"collection":[{"href":"https:\/\/rjmusa.org\/es\/wp-json\/wp\/v2\/pages"}],"about":[{"href":"https:\/\/rjmusa.org\/es\/wp-json\/wp\/v2\/types\/page"}],"author":[{"embeddable":true,"href":"https:\/\/rjmusa.org\/es\/wp-json\/wp\/v2\/users\/2"}],"replies":[{"embeddable":true,"href":"https:\/\/rjmusa.org\/es\/wp-json\/wp\/v2\/comments?post=1425"}],"version-history":[{"count":0,"href":"https:\/\/rjmusa.org\/es\/wp-json\/wp\/v2\/pages\/1425\/revisions"}],"wp:featuredmedia":[{"embeddable":true,"href":"https:\/\/rjmusa.org\/es\/wp-json\/wp\/v2\/media\/1424"}],"wp:attachment":[{"href":"https:\/\/rjmusa.org\/es\/wp-json\/wp\/v2\/media?parent=1425"}],"wp:term":[{"taxonomy":"section","embeddable":true,"href":"https:\/\/rjmusa.org\/es\/wp-json\/wp\/v2\/section?post=1425"}],"curies":[{"name":"wp","href":"https:\/\/api.w.org\/{rel}","templated":true}]}}