{"id":1438,"date":"2016-09-07T22:34:06","date_gmt":"2016-09-08T02:34:06","guid":{"rendered":"https:\/\/rjm.local\/associates\/"},"modified":"2023-09-26T16:17:28","modified_gmt":"2023-09-26T20:17:28","slug":"associates","status":"publish","type":"page","link":"https:\/\/rjmusa.org\/es\/unirse\/asociados\/","title":{"rendered":"Asociados RJM"},"content":{"rendered":"<p>Desde 1983 contamos con socios especiales vinculados a la congregaci\u00f3n, los Asociados RJM, conocidos como <strong>la Familia de Jes\u00fas y Mar\u00eda<\/strong>. 1.615 miembros pertenecen a la FJM formando 98 grupos en todo el mundo. \u201cLos miembros... desean vivir seg\u00fan los valores del Evangelio, participando del carisma de Santa Claudina Th\u00e9venet y de su espiritualidad\u201d.<\/p>\n\n\n\n<p>De diversas maneras, los grupos FJM comparten la misi\u00f3n del RJM: hacer conocer y amar a Jes\u00fas y Mar\u00eda, la preocupaci\u00f3n por la educaci\u00f3n de los j\u00f3venes, el amor por los pobres y la fidelidad a la Iglesia.<\/p>\n\n\n\n<p>Norene, esposa, madre de dos hijos y miembro de la FJM escribe:<\/p>\n\n\n\n<blockquote class=\"wp-block-quote is-layout-flow wp-block-quote-is-layout-flow\">\n<p>\u201cA trav\u00e9s de los a\u00f1os hemos crecido en tama\u00f1o y nos hemos vuelto m\u00e1s activos en llevar a cabo la misi\u00f3n de comunidad, servicio a los dem\u00e1s y espiritualidad de Santa Claudina... Nuestro grupo siempre ha tenido un compromiso de servicio. Durante muchos a\u00f1os participamos en una extensi\u00f3n mensual. Algunos proyectos incluyeron la recolecci\u00f3n de pa\u00f1ales y juguetes para un refugio familiar local, donaciones para diversos esfuerzos de ayuda en casos de desastre y redacci\u00f3n de cartas a funcionarios electos para detener la trata de personas. Durante los \u00faltimos a\u00f1os tambi\u00e9n hemos \u201cadoptado\u201d familias en Navidad y hemos proporcionado regalos a los ni\u00f1os y a los padres. Aunque todas estas son causas que valen la pena, las m\u00e1s cercanas a nuestros corazones son las misiones de RJM en Hait\u00ed\u2026\u201d<\/p>\n<\/blockquote>\n\n\n\n<p>Y as\u00ed, durante los \u00faltimos a\u00f1os, este grupo ha mantenido una mesa en un mercadillo parroquial mensual para vender art\u00edculos y ropa usados; El dinero recaudado es para la misi\u00f3n de RJM en Hait\u00ed.<\/p>\n\n\n\n<p>En Estados Unidos, el RJM tiene grupos FJM en California\/Ju\u00e1rez, Rhode Island y Nueva York.<\/p>\n\n\n\n<p><strong>Conozca m\u00e1s sobre la Familia de Jes\u00fas y Mar\u00eda en <a rel=\"noreferrer noopener\" href=\"https:\/\/afjminternacional.com\/\" target=\"_blank\">su sitio web internacional<\/a>.<\/strong><\/p>\n\n\n\n<p><em>\u201cHoy, cada vez m\u00e1s, existe la conciencia de que el carisma de los Fundadores y Fundadoras, surgido para el bien de todos, debe volver a colocarse en el centro de la Iglesia, abierta a la comuni\u00f3n y a la participaci\u00f3n de todos los miembros. del Pueblo de Dios\u201d. [CICL \u2013 2001]<\/em><\/p>\n\n\n<style>.wp-block-kadence-advancedgallery .kb-gallery-type-masonry.kb-gallery-id-_da68c2-3d{margin:-5px;}.kb-gallery-type-masonry.kb-gallery-id-_da68c2-3d .kadence-blocks-gallery-item{padding:5px;}.kb-gallery-id-_da68c2-3d .kadence-blocks-gallery-item .kb-gal-image-radius{border-radius:0px 0px 0px 0px;}<\/style><div class=\"kb-gallery-wrap-id-_da68c2-3d alignnone wp-block-kadence-advancedgallery\"><ul class=\"kb-gallery-ul kb-gallery-non-static kb-gallery-type-masonry kb-masonry-init kb-gallery-id-_da68c2-3d kb-gallery-caption-style-bottom-hover kb-gallery-filter-none\" data-image-filter=\"none\" data-item-selector=\".kadence-blocks-gallery-item\" data-lightbox-caption=\"true\" data-columns-xxl=\"3\" data-columns-xl=\"3\" data-columns-md=\"3\" data-columns-sm=\"2\" data-columns-xs=\"1\" data-columns-ss=\"1\"><li class=\"kadence-blocks-gallery-item\"><div class=\"kadence-blocks-gallery-item-inner\"><figure class=\"kb-gallery-figure kadence-blocks-gallery-item-hide-caption\" \"><div class=\"kb-gal-image-radius\" style=\"max-width:700px;\"><div class=\"kb-gallery-image-contain kadence-blocks-gallery-intrinsic\" style=\"padding-bottom:75%;\"><img loading=\"lazy\" decoding=\"async\" src=\"https:\/\/rjmusa.org\/wp-content\/uploads\/2016\/09\/img00179-20110403-1425kathassociates_000.jpg\" width=\"700\" height=\"525\" alt=\"img00179-20110403-1425kathassociates_000\" data-full-image=\"https:\/\/rjmusa.org\/wp-content\/uploads\/2016\/09\/img00179-20110403-1425kathassociates_000.jpg\" data-light-image=\"https:\/\/rjmusa.org\/wp-content\/uploads\/2016\/09\/img00179-20110403-1425kathassociates_000.jpg\" data-id=\"1437\" class=\"wp-image-1437\" srcset=\"https:\/\/rjmusa.org\/wp-content\/uploads\/2016\/09\/img00179-20110403-1425kathassociates_000.jpg 700w, https:\/\/rjmusa.org\/wp-content\/uploads\/2016\/09\/img00179-20110403-1425kathassociates_000-300x225.jpg 300w\" sizes=\"auto, (max-width: 700px) 100vw, 700px\" \/><\/div><\/div><\/figure><\/div><\/li><li class=\"kadence-blocks-gallery-item\"><div class=\"kadence-blocks-gallery-item-inner\"><figure class=\"kb-gallery-figure kadence-blocks-gallery-item-hide-caption\" \"><div class=\"kb-gal-image-radius\" style=\"max-width:236px;\"><div class=\"kb-gallery-image-contain kadence-blocks-gallery-intrinsic\" style=\"padding-bottom:76%;\"><img loading=\"lazy\" decoding=\"async\" src=\"https:\/\/rjmusa.org\/wp-content\/uploads\/2016\/09\/FJMfamily.jpg\" width=\"236\" height=\"180\" alt=\"familia FJM\" data-full-image=\"https:\/\/rjmusa.org\/wp-content\/uploads\/2016\/09\/FJMfamily.jpg\" data-light-image=\"https:\/\/rjmusa.org\/wp-content\/uploads\/2016\/09\/FJMfamily.jpg\" data-id=\"1439\" class=\"wp-image-1439\"\/><\/div><\/div><\/figure><\/div><\/li><\/ul><\/div>","protected":false},"excerpt":{"rendered":"<p>Desde 1983 contamos con socios especiales vinculados a la congregaci\u00f3n, los Asociados RJM, conocidos como la Familia de Jes\u00fas y Mar\u00eda. 1615 miembros pertenecen a la FJM formando 98 grupos alrededor del mundo.<\/p>","protected":false},"author":2,"featured_media":1437,"parent":1431,"menu_order":0,"comment_status":"closed","ping_status":"closed","template":"","meta":{"_kad_blocks_custom_css":"","_kad_blocks_head_custom_js":"","_kad_blocks_body_custom_js":"","_kad_blocks_footer_custom_js":"","_kad_post_transparent":"","_kad_post_title":"","_kad_post_layout":"","_kad_post_sidebar_id":"","_kad_post_content_style":"","_kad_post_vertical_padding":"","_kad_post_feature":"","_kad_post_feature_position":"","_kad_post_header":false,"_kad_post_footer":false,"footnotes":""},"section":[192],"class_list":["post-1438","page","type-page","status-publish","has-post-thumbnail","hentry","section-join-our-mission"],"acf":[],"taxonomy_info":{"section":[{"value":192,"label":"Join Our Mission"}]},"featured_image_src_large":["https:\/\/rjmusa.org\/wp-content\/uploads\/2016\/09\/img00179-20110403-1425kathassociates_000.jpg",700,525,false],"author_info":{"display_name":"root","author_link":"https:\/\/rjmusa.org\/es\/author\/root\/"},"comment_info":0,"_links":{"self":[{"href":"https:\/\/rjmusa.org\/es\/wp-json\/wp\/v2\/pages\/1438","targetHints":{"allow":["GET"]}}],"collection":[{"href":"https:\/\/rjmusa.org\/es\/wp-json\/wp\/v2\/pages"}],"about":[{"href":"https:\/\/rjmusa.org\/es\/wp-json\/wp\/v2\/types\/page"}],"author":[{"embeddable":true,"href":"https:\/\/rjmusa.org\/es\/wp-json\/wp\/v2\/users\/2"}],"replies":[{"embeddable":true,"href":"https:\/\/rjmusa.org\/es\/wp-json\/wp\/v2\/comments?post=1438"}],"version-history":[{"count":0,"href":"https:\/\/rjmusa.org\/es\/wp-json\/wp\/v2\/pages\/1438\/revisions"}],"up":[{"embeddable":true,"href":"https:\/\/rjmusa.org\/es\/wp-json\/wp\/v2\/pages\/1431"}],"wp:featuredmedia":[{"embeddable":true,"href":"https:\/\/rjmusa.org\/es\/wp-json\/wp\/v2\/media\/1437"}],"wp:attachment":[{"href":"https:\/\/rjmusa.org\/es\/wp-json\/wp\/v2\/media?parent=1438"}],"wp:term":[{"taxonomy":"section","embeddable":true,"href":"https:\/\/rjmusa.org\/es\/wp-json\/wp\/v2\/section?post=1438"}],"curies":[{"name":"wp","href":"https:\/\/api.w.org\/{rel}","templated":true}]}}