{"id":1854,"date":"2023-05-30T16:32:02","date_gmt":"2023-05-30T20:32:02","guid":{"rendered":"https:\/\/rjmusa.wpengine.com\/?page_id=1854"},"modified":"2023-10-03T15:36:55","modified_gmt":"2023-10-03T19:36:55","slug":"our-story","status":"publish","type":"page","link":"https:\/\/rjmusa.org\/es\/nuestra-historia\/","title":{"rendered":"Nuestra historia"},"content":{"rendered":"<p>Las Religiosas de Jes\u00fas y Mar\u00eda es una congregaci\u00f3n internacional de hermanas cat\u00f3licas que han compartido la misi\u00f3n de la Iglesia en los Estados Unidos desde 1877.<\/p>\n\n\n\n<p>Comprometidos con el llamado y estilo apost\u00f3lico de Santa Claudina Th\u00e9venet, quien fund\u00f3 la Congregaci\u00f3n en 1818, servimos en diversos ministerios educativos, pastorales, sociales y espirituales, a trav\u00e9s de los cuales damos a conocer la bondad y el amor perdonador de Dios, tal como se revela en los corazones de Jes\u00fas y Mar\u00eda.<\/p>\n\n\n\n<h2 class=\"wp-block-heading\"><a href=\"https:\/\/rjmusa.org\/es\/our-story\/foundress\/\">Nuestra Fundadora<\/a><\/h2>\n\n\n\n<p>Esta valiente mujer naci\u00f3 en Lyon, Francia, la segunda de siete hijos de un comerciante de sedas, cuyo apodo familiar era &quot;Glady&quot;.&nbsp;<strong> En 1789, la Revoluci\u00f3n Francesa trajo el caos a su vida y a su mundo.<\/strong> Lyon fue sitiada y muchos de sus ciudadanos, incluidos dos de los hermanos de Claudine, se unieron al movimiento de resistencia antirrevolucionario. Fueron capturados, encarcelados y sentenciados a muerte por un pelot\u00f3n de fusilamiento en enero de 1794.&nbsp;&nbsp;&nbsp;<\/p>\n\n\n\n<h2 class=\"wp-block-heading\"><a href=\"https:\/\/rjmusa.org\/es\/our-story\/history\/\">Nuestra historia<\/a><\/h2>\n\n\n\n<p><strong>Nosotros, RJM en los Estados Unidos, ahora formamos una provincia, pero antes \u00e9ramos tres provincias.<\/strong> Somos un tapiz tejido de muchas culturas, una provincia con or\u00edgenes en Europa, Canad\u00e1 franc\u00e9s y M\u00e9xico. La experiencia estadounidense de las Religiosas de Jes\u00fas y Mar\u00eda refleja la evoluci\u00f3n de esta naci\u00f3n dentro de una poblaci\u00f3n multicultural y heterog\u00e9nea.&nbsp;<\/p>\n\n\n\n<h2 class=\"wp-block-heading\"><a href=\"https:\/\/rjmusa.org\/es\/nuestras-hermanas\/\">Nuestras hermanas<\/a><\/h2>\n\n\n\n<p>Desde 1877, el RJM en los Estados Unidos \u2013 y desde 1997 en Hait\u00ed \u2013 ha participado en una amplia variedad de ministerios en muchos lugares buscando dar a conocer a Jes\u00fas y Mar\u00eda sirviendo al pueblo de Dios, especialmente a los j\u00f3venes, los pobres y vulnerables.<strong> Hoy, nuestras hermanas y compa\u00f1eras de misi\u00f3n contin\u00faan el legado iniciado por Santa Claudina Th\u00e9venet, impulsadas por la experiencia de la bondad misericordiosa de Dios a buscar el perd\u00f3n y la reconciliaci\u00f3n mientras trabajan por la justicia, la paz y la integridad de la creaci\u00f3n.<\/strong> Las Religiosas de Jes\u00fas y Mar\u00eda creamos espacios para experimentar a Jes\u00fas y Mar\u00eda, construir relaciones sanas y justas, arriesgarnos a ir a las periferias e ir m\u00e1s all\u00e1 de nuestras propias fronteras. <\/p>\n\n\n\n<h2 class=\"wp-block-heading\"><a href=\"https:\/\/rjmusa.org\/es\/nuestra-mision\/\">Nuestra misi\u00f3n<\/a><\/h2>\n\n\n\n<p><strong>La Experiencia de la Bondad Misericordiosa de Dios nos impulsa a vivir el perd\u00f3n y la reconciliaci\u00f3n y a trabajar con pasi\u00f3n por la justicia, la paz y la integridad de la creaci\u00f3n. <\/strong>Las Religiosas de Jes\u00fas y Mar\u00eda hemos expresado esta misi\u00f3n comunitariamente como congregaci\u00f3n y provincia y buscamos dar a conocer a Jes\u00fas y Mar\u00eda dondequiera que nosotros y nuestros compa\u00f1eros en misi\u00f3n vivamos y servimos a trav\u00e9s de este compromiso.<\/p>","protected":false},"excerpt":{"rendered":"<p>Las Religiosas de Jes\u00fas y Mar\u00eda es una congregaci\u00f3n internacional de hermanas cat\u00f3licas que han compartido la misi\u00f3n de la Iglesia en los Estados Unidos desde 1877. Comprometidas con el llamado apost\u00f3lico y el estilo de Santa Claudina Th\u00e9venet, quien fund\u00f3 la Congregaci\u00f3n en 1818, servimos en varios ministerios educativos, pastorales, sociales y espirituales, a trav\u00e9s de los cuales\u2026<\/p>","protected":false},"author":6,"featured_media":0,"parent":0,"menu_order":0,"comment_status":"closed","ping_status":"closed","template":"","meta":{"_kad_blocks_custom_css":"","_kad_blocks_head_custom_js":"","_kad_blocks_body_custom_js":"","_kad_blocks_footer_custom_js":"","_kad_post_transparent":"","_kad_post_title":"","_kad_post_layout":"","_kad_post_sidebar_id":"","_kad_post_content_style":"","_kad_post_vertical_padding":"","_kad_post_feature":"","_kad_post_feature_position":"","_kad_post_header":false,"_kad_post_footer":false,"footnotes":""},"section":[],"class_list":["post-1854","page","type-page","status-publish","hentry"],"acf":[],"taxonomy_info":[],"featured_image_src_large":false,"author_info":{"display_name":"Ben Zumdahl","author_link":"https:\/\/rjmusa.org\/es\/author\/benfiatinsight-com\/"},"comment_info":0,"_links":{"self":[{"href":"https:\/\/rjmusa.org\/es\/wp-json\/wp\/v2\/pages\/1854","targetHints":{"allow":["GET"]}}],"collection":[{"href":"https:\/\/rjmusa.org\/es\/wp-json\/wp\/v2\/pages"}],"about":[{"href":"https:\/\/rjmusa.org\/es\/wp-json\/wp\/v2\/types\/page"}],"author":[{"embeddable":true,"href":"https:\/\/rjmusa.org\/es\/wp-json\/wp\/v2\/users\/6"}],"replies":[{"embeddable":true,"href":"https:\/\/rjmusa.org\/es\/wp-json\/wp\/v2\/comments?post=1854"}],"version-history":[{"count":0,"href":"https:\/\/rjmusa.org\/es\/wp-json\/wp\/v2\/pages\/1854\/revisions"}],"wp:attachment":[{"href":"https:\/\/rjmusa.org\/es\/wp-json\/wp\/v2\/media?parent=1854"}],"wp:term":[{"taxonomy":"section","embeddable":true,"href":"https:\/\/rjmusa.org\/es\/wp-json\/wp\/v2\/section?post=1854"}],"curies":[{"name":"wp","href":"https:\/\/api.w.org\/{rel}","templated":true}]}}