{"id":2075,"date":"2023-09-25T20:14:55","date_gmt":"2023-09-26T00:14:55","guid":{"rendered":"https:\/\/rjmusa.org\/?page_id=2075"},"modified":"2024-04-30T15:36:15","modified_gmt":"2024-04-30T19:36:15","slug":"our-sisters","status":"publish","type":"page","link":"https:\/\/rjmusa.org\/es\/nuestras-hermanas\/","title":{"rendered":"Nuestras hermanas"},"content":{"rendered":"<figure class=\"wp-block-image size-large\"><img loading=\"lazy\" decoding=\"async\" width=\"1024\" height=\"869\" src=\"https:\/\/rjmusa.org\/wp-content\/uploads\/2023\/09\/Haiti-Sisters-1024x869.jpg\" alt=\"\" class=\"wp-image-2076\" srcset=\"https:\/\/rjmusa.org\/wp-content\/uploads\/2023\/09\/Haiti-Sisters-1024x869.jpg 1024w, https:\/\/rjmusa.org\/wp-content\/uploads\/2023\/09\/Haiti-Sisters-300x254.jpg 300w, https:\/\/rjmusa.org\/wp-content\/uploads\/2023\/09\/Haiti-Sisters-768x652.jpg 768w, https:\/\/rjmusa.org\/wp-content\/uploads\/2023\/09\/Haiti-Sisters.jpg 1246w\" sizes=\"auto, (max-width: 1024px) 100vw, 1024px\" \/><figcaption class=\"wp-element-caption\"><em>Los RJM estadounidenses, haitianos, espa\u00f1oles e irlandeses ministran juntos en Hait\u00ed.<\/em><\/figcaption><\/figure>\n\n\n\n<p>En 1877, las primeras Religiosas de Jes\u00fas y Mar\u00eda <a href=\"https:\/\/rjmusa.org\/es\/historia\/massachusetts\/\">vino de Canad\u00e1 para ministrar entre inmigrantes en Fall River, Massachusetts<\/a>. Desde entonces, cientos de RJM han ministrado en muchos lugares de los Estados Unidos, Hait\u00ed y otras partes del mundo como parte de la Provincia EE.UU.-Hait\u00ed o en asociaci\u00f3n con <a href=\"https:\/\/www.rjmgeneral.org\/en\/where-we-are\/\" target=\"_blank\" rel=\"noreferrer noopener\">otras provincias y delegaciones de RJM<\/a><\/p>\n\n\n\n<p>Mientras <a rel=\"noreferrer noopener\" href=\"https:\/\/www.educationglobalcompact.org\/en\/\" target=\"_blank\">La educaci\u00f3n es un ministerio central de los RJM.<\/a>, siempre hemos llevado a cabo la misi\u00f3n de <a href=\"https:\/\/rjmusa.org\/es\/fundadora\/\">nuestra fundadora, Santa Claudina Th\u00e9venet<\/a>, dando a conocer a Jes\u00fas y Mar\u00eda en una amplia gama de ministerios. Hoy, <a href=\"https:\/\/rjmusa.org\/es\/nuestras-prioridades\/\">nuestro trabajo est\u00e1 guiado por las Preferencias de RJM<\/a> que han sido <a rel=\"noreferrer noopener\" href=\"https:\/\/www.rjmgeneral.org\/en\/preferences\/\" target=\"_blank\">desarrollado internacionalmente<\/a> por toda nuestra congregaci\u00f3n.<\/p>\n\n\n\n<h2 class=\"wp-block-heading\">\u00bfD\u00f3nde han servido los RJM?<\/h2>\n\n\n\n<p>Las Religiosas de Jes\u00fas y Mar\u00eda tienen una rica historia de servicio en m\u00faltiples \u00e1reas en los Estados Unidos y, desde 1997, en Hait\u00ed. Las \u00e1reas de ministerio han incluido Massachusetts, New Hampshire, Rhode Island, Nueva York, Maryland, el Distrito de Columbia, California, Texas y otras partes del suroeste de los Estados Unidos. Nuestra Provincia EE.UU.-Hait\u00ed ha tenido estrechos v\u00ednculos hist\u00f3ricos con los RJM en las provincias de Canad\u00e1 y M\u00e9xico. Con el tiempo, el lugar donde nuestras hermanas viven y sirven ha cambiado, ya que siempre nos hemos esforzado por seguir el llamado del Esp\u00edritu Santo para llevar la presencia de Jes\u00fas y Mar\u00eda donde sea necesaria.<\/p>\n\n\n\n<p><a href=\"https:\/\/rjmusa.org\/es\/historia\/\">Haga clic aqu\u00ed para obtener m\u00e1s informaci\u00f3n sobre la historia de los ministerios RJM en los Estados Unidos.<\/a><\/p>\n\n\n\n<h2 class=\"wp-block-heading\">Ministerios pasados<\/h2>\n\n\n\n<p>La hermana Janice Farnham, RJM, escribi\u00f3 una historia muy detallada de las ubicaciones de los ministerios de los RJM en los Estados Unidos, que se public\u00f3 en 2020. <em><a href=\"https:\/\/books.google.com\/books?id=olITEAAAQBAJ&amp;lpg=PP1&amp;pg=PP1#v=onepage&amp;q&amp;f=false\" target=\"_blank\" rel=\"noreferrer noopener\"><strong>Tejiendo esperanza: las religiosas de Jes\u00fas y Mar\u00eda en los Estados Unidos, 1877-2017<\/strong><\/a><\/em> est\u00e1 disponible en <a href=\"https:\/\/www.amazon.com\/Weaving-Hope-Religious-United-1877-2017\/dp\/1725276526\/ref=tmm_pap_swatch_0?_encoding=UTF8&amp;qid=1695679232&amp;sr=8-1\" target=\"_blank\" rel=\"noreferrer noopener\">imprimir<\/a> y <a href=\"https:\/\/a.co\/d\/3LKMSWW\" target=\"_blank\" rel=\"noreferrer noopener\">Encender<\/a> ediciones.<\/p>\n\n\n<div class=\"wp-block-image\">\n<figure class=\"aligncenter size-full is-resized\"><a href=\"https:\/\/books.google.com\/books?id=olITEAAAQBAJ&amp;lpg=PP1&amp;pg=PP1#v=onepage&amp;q&amp;f=false\" target=\"_blank\" rel=\"noreferrer noopener\"><img loading=\"lazy\" decoding=\"async\" width=\"267\" height=\"400\" src=\"https:\/\/rjmusa.org\/wp-content\/uploads\/2023\/09\/weaving-hope-cover.jpg\" alt=\"\" class=\"wp-image-2077\" style=\"width:195px;height:292px\" srcset=\"https:\/\/rjmusa.org\/wp-content\/uploads\/2023\/09\/weaving-hope-cover.jpg 267w, https:\/\/rjmusa.org\/wp-content\/uploads\/2023\/09\/weaving-hope-cover-200x300.jpg 200w\" sizes=\"auto, (max-width: 267px) 100vw, 267px\" \/><\/a><\/figure>\n<\/div>\n\n\n<p><strong>Muchas mujeres y hombres recuerdan a los RJM como sus maestros y directores de varias escuelas diferentes que han cerrado a lo largo de los a\u00f1os. Escuelas como Regina High School, Th\u00e9venet Hall, St. John&#039;s Kingsbridge, Villa Augustina, St. Clare y otras ayudaron a muchos j\u00f3venes a crecer y aprender y convertirse en personas maravillosas que contribuyen al mundo de muchas maneras hermosas.<\/strong> Las Religiosas de Jes\u00fas y Mar\u00eda estamos inmensamente orgullosas de los alumnos de nuestras escuelas actuales y pasadas, \u00a1son prueba de que el largo compromiso de nuestra congregaci\u00f3n de servir al pueblo de Dios a trav\u00e9s de la educaci\u00f3n ha valido la pena!<\/p>\n\n\n\n<p><strong>Entre aquellos que han sido atendidos por los ministerios RJM en los Estados Unidos se encuentra <a href=\"https:\/\/dinabelanger.com\/\" target=\"_blank\" rel=\"noreferrer noopener\">Beata Dina B\u00e9langer<\/a>.<\/strong> Cuando era joven en Quebec, los profesores vieron un gran talento musical en Dina y convencieron a sus padres para que la enviaran a la ciudad de Nueva York para estudiar en el instituto de m\u00fasica que se convirti\u00f3 en la Escuela Julliard. Mientras estudiaba en Nueva York, Dina vivi\u00f3 en un ministerio \u00fanico de RJM llamado Nuestra Se\u00f1ora de la Paz con otras mujeres j\u00f3venes que trabajaban y asist\u00edan a la escuela. Nuestra Se\u00f1ora de la Paz era una especie de pensi\u00f3n y comunidad en Manhattan donde mujeres cat\u00f3licas de todo Estados Unidos y el mundo pod\u00edan vivir, comer y orar bajo la gu\u00eda del RJM mientras participaban en las crecientes oportunidades de trabajo y educaci\u00f3n que se ofrec\u00edan. ofrecido a las mujeres. <em>El RJM operaba un ministerio similar llamado Residencia Santa Juana de Arco que serv\u00eda a mujeres j\u00f3venes en San Diego y una comunidad en El Paso llamada Residencia Reina de los \u00c1ngeles que se centraba en empoderar a mujeres j\u00f3venes de EE. UU. y M\u00e9xico para que participaran en la Acci\u00f3n Cat\u00f3lica. movimiento. M\u00e1s tarde, la RJM en los Estados Unidos utilizar\u00eda el modelo de Comunidades Cristianas y el Programa de Voluntariado QUEST para brindar oportunidades a mujeres y hombres laicos para vivir y ministrar junto a las hermanas.<\/em><\/p>\n\n\n<div class=\"wp-block-image\">\n<figure class=\"aligncenter size-full\"><img loading=\"lazy\" decoding=\"async\" width=\"279\" height=\"181\" src=\"https:\/\/rjmusa.org\/wp-content\/uploads\/2024\/04\/Bl-Dina-hospital.jpg\" alt=\"\" class=\"wp-image-2412\" srcset=\"https:\/\/rjmusa.org\/wp-content\/uploads\/2024\/04\/Bl-Dina-hospital.jpg 279w, https:\/\/rjmusa.org\/wp-content\/uploads\/2024\/04\/Bl-Dina-hospital-18x12.jpg 18w\" sizes=\"auto, (max-width: 279px) 100vw, 279px\" \/><\/figure>\n<\/div>\n\n\n<p>Dina regres\u00f3 a Canad\u00e1 despu\u00e9s de graduarse y se convirti\u00f3 en m\u00fasico de gira durante algunos a\u00f1os antes de elegir unirse al RJM y convertirse en profesora de m\u00fasica. Desafortunadamente, apenas unos a\u00f1os despu\u00e9s de comenzar su ministerio docente, Dina (conocida como Madre Mar\u00eda de Santa C\u00e9cile de Roma) contrajo escarlatina mientras cuidaba a un estudiante enfermo y finalmente contrajo tuberculosis. A causa de estas enfermedades, la Beata Dina se vio obligada a permanecer aislada y a dejar de atender a los dem\u00e1s. Mientras estaba sola, comenz\u00f3 una ferviente vida de oraci\u00f3n interior y decidi\u00f3 escribir sobre las formas en que encontr\u00f3 a Jes\u00fas, incluso cuando no pod\u00eda servir en la forma en que pensaba que Jes\u00fas la hab\u00eda llamado a hacerlo. Sus escritos fueron publicados y demostraron ser de gran ayuda para muchos en sus propios viajes espirituales. Dina B\u00e9langer fue beatificada por el Papa San Juan Pablo II en 1993.<\/p>\n\n\n\n<p class=\"has-text-align-center\"><a href=\"https:\/\/rjmusa.org\/es\/educacion\/\">Nosotros invitamos <strong>exalumnos de las escuelas RJM<\/strong> hacer clic aqu\u00ed para conectarse con las hermanas.<\/a><\/p>\n\n\n\n<p>Muchas de nuestras hermanas que han servido incansablemente como maestras, misioneras y en muchos ministerios han fallecido; Puedes conocer algunas de nuestras hermanas recientemente fallecidas visitando <a href=\"https:\/\/rjmusa.org\/es\/section\/in-remembrance\/\">nuestro <em>En recuerdo<\/em> p\u00e1gina<\/a> y tambi\u00e9n puedes aprender sobre <a href=\"https:\/\/rjmusa.org\/es\/como-recordamos-a-los-muertos\/\">c\u00f3mo nuestro Archivo Provincial conserva y recuerda<\/a> los legados de nuestras hermanas fallecidas. Recordamos especialmente a nuestra hermana, <a rel=\"noreferrer noopener\" href=\"https:\/\/www.rjmgeneral.org\/en\/sr-isa-sola-eng\/\" target=\"_blank\">Isa Sol\u00e1<\/a>, quien muri\u00f3 violentamente en 2016 mientras serv\u00eda al pueblo de Dios en Hait\u00ed.<\/p>\n\n\n\n<p>Si est\u00e1s buscando una hermana RJM espec\u00edfica, <a href=\"https:\/\/rjmusa.org\/es\/contacto\/\">por favor env\u00edenos un correo electr\u00f3nico<\/a> para que podamos conectarte con ella. <em>En el pasado, las RJM usaban nombres religiosos como \u201cMadre San Ignacio\u201d antes de pasar a usar principalmente sus nombres de pila, por lo que es posible que recuerdes a las hermanas por varios nombres.<\/em><\/p>\n\n\n\n<h2 class=\"wp-block-heading\">Ministerios actuales<\/h2>\n\n\n\n<p>Se fundaron los RJM <a rel=\"noreferrer noopener\" href=\"https:\/\/www.thevenetmontessorischool.org\/\" target=\"_blank\">Escuela Th\u00e9venet Montessori<\/a> en Highland Mills, Nueva York, en 1971 y cofund\u00f3 <a rel=\"noreferrer noopener\" href=\"https:\/\/washingtonschoolforgirls.org\/\" target=\"_blank\">Escuela de Washington para ni\u00f1as<\/a> en Washington, DC, en 1997. Como parte de nuestra misi\u00f3n en Hait\u00ed, los RJM hemos fundado y apoyado varias escuelas y ministerios educativos junto con nuestros compa\u00f1eros en misi\u00f3n, la Hna. Pat Brito actualmente se desempe\u00f1a como directora de <a rel=\"noreferrer noopener\" href=\"https:\/\/sfdchantalschool.org\/\" target=\"_blank\">Escuela Santa Frances de Chantal<\/a> en El Bronx. Escuelas como <a rel=\"noreferrer noopener\" href=\"http:\/\/saintfrancisinternational.org\/\" target=\"_blank\">Escuela Internacional San Francisco<\/a> y otros contin\u00faan el legado de las escuelas fundadas por RJM como St. Mark en Hyattsville, Maryland.<\/p>\n\n\n\n<p><a href=\"https:\/\/rjmusa.org\/es\/haiti\/\">Nuestra misi\u00f3n en Hait\u00ed<\/a> es una parte vital de nuestro trabajo para dar a conocer a Jes\u00fas y Mar\u00eda en el mundo de hoy. Desde 1997, hermanas de nuestra provincia han vivido entre el pueblo de Hait\u00ed en varios pueblos y ciudades. Nos hemos esforzado por establecer y mantener varios ministerios diferentes junto con nuestros compa\u00f1eros haitianos en misi\u00f3n, as\u00ed como <a href=\"https:\/\/rjmusa.org\/es\/unirse\/programa-de-voluntariado-internacional-jm\/\">voluntarios de varios pa\u00edses<\/a> y organizaciones asociadas como <a rel=\"noreferrer noopener\" href=\"https:\/\/mercyfocusonhaiti.org\/\" target=\"_blank\">Enfoque de la Misericordia en Hait\u00ed<\/a>. Puede obtener m\u00e1s informaci\u00f3n sobre el incre\u00edble trabajo que se est\u00e1 realizando con y para el pueblo de Hait\u00ed en nuestro <a href=\"https:\/\/rjmusa.org\/es\/section\/haiti-mission-newsletter\/\">Boletines de la Misi\u00f3n de Hait\u00ed<\/a>.<\/p>\n\n\n\n<p>Los RJM tambi\u00e9n apoyan a los migrantes en San Diego, CA y Maryland. Algunas de nuestras hermanas trabajan en ministerios parroquiales, escolares y diocesanos. Actualmente, nuestro <a href=\"https:\/\/rjmusa.org\/es\/section\/care-for-creation-at-bethany\/\">Cuidado de la Creaci\u00f3n<\/a> El comit\u00e9 est\u00e1 implementando un plan integral en respuesta a <a href=\"https:\/\/laudatosiactionplatform.org\/\" target=\"_blank\" rel=\"noreferrer noopener\">La carta del Papa Francisco <em>Laudato Si&#039;<\/em><\/a> en <a href=\"https:\/\/www.facebook.com\/profile.php?id=100083072214018\" target=\"_blank\" rel=\"noreferrer noopener\">nuestro querido y sagrado campus Betania<\/a> en Highland Mills, Nueva York.<\/p>\n\n\n\n<p>Muchas de nuestras hermanas ahora est\u00e1n jubiladas individualmente o en varias comunidades, incluidas comunidades de jubilados y centros de vida asistida. Nuestras hermanas jubiladas participan activamente en el ministerio de oraci\u00f3n, incluida la oraci\u00f3n por nuestra misi\u00f3n y ministerios, nuestras hermanas activas, nuestras compa\u00f1eras en misi\u00f3n, aquellos a quienes servimos y hemos servido, y nuestros partidarios y benefactores. Te invitamos a orar por y con nuestras hermanas ancianas y enfermas.<\/p>\n\n\n\n<p>Puede mantenerse al d\u00eda con lo que est\u00e1n haciendo los RJM leyendo <a href=\"https:\/\/rjmusa.org\/es\/section\/bridges\/\">nuestro bolet\u00edn provincial, Puentes<\/a>. Puedes seguir las noticias sobre los RJM a nivel mundial visitando el <a href=\"https:\/\/www.facebook.com\/rjmgeneral\/\" target=\"_blank\" rel=\"noreferrer noopener\">P\u00e1gina de la Congregaci\u00f3n Jes\u00fas-Mar\u00eda en Facebook<\/a>. Tambi\u00e9n puede encontrar la Provincia USA-Hait\u00ed en las redes sociales utilizando el identificador <strong>@rjmusahaiti<\/strong><\/p>\n\n\n\n<p>Le invitamos a considerar aprender m\u00e1s sobre <a href=\"https:\/\/rjmusa.org\/es\/unirse\/\">como puedes ser parte de nuestros ministerios<\/a>, como puedes <a href=\"https:\/\/rjmusa.org\/es\/donar\/\">apoyar financieramente a nuestros ministerios y hermanas<\/a>y como puedes <a href=\"https:\/\/rjmusa.org\/es\/oracion\/\">ap\u00f3yanos a trav\u00e9s de la oraci\u00f3n<\/a>.<\/p>\n\n\n\n<h2 class=\"wp-block-heading has-text-align-center\"><strong>\u00a1Alabados sean por siempre Jes\u00fas y Mar\u00eda!<\/strong><\/h2>","protected":false},"excerpt":{"rendered":"<p>En 1877, las primeras Religiosas de Jes\u00fas y Mar\u00eda llegaron desde Canad\u00e1 para ejercer su ministerio entre los inmigrantes de Fall River, Massachusetts. Desde entonces, cientos de Religiosas de Jes\u00fas y Mar\u00eda han ejercido su ministerio en muchos lugares de los Estados Unidos, Hait\u00ed y otras partes del mundo como parte de la Provincia de Estados Unidos-Hait\u00ed o en asociaci\u00f3n con otras provincias de Religiosas de Jes\u00fas y Mar\u00eda y\u2026<\/p>","protected":false},"author":7,"featured_media":0,"parent":0,"menu_order":0,"comment_status":"closed","ping_status":"closed","template":"","meta":{"_kad_blocks_custom_css":"","_kad_blocks_head_custom_js":"","_kad_blocks_body_custom_js":"","_kad_blocks_footer_custom_js":"","_kad_post_transparent":"","_kad_post_title":"","_kad_post_layout":"","_kad_post_sidebar_id":"","_kad_post_content_style":"","_kad_post_vertical_padding":"","_kad_post_feature":"","_kad_post_feature_position":"","_kad_post_header":false,"_kad_post_footer":false,"footnotes":""},"section":[190],"class_list":["post-2075","page","type-page","status-publish","hentry","section-our-story"],"acf":[],"taxonomy_info":{"section":[{"value":190,"label":"Our Story"}]},"featured_image_src_large":false,"author_info":{"display_name":"Toby Harkleroad","author_link":"https:\/\/rjmusa.org\/es\/author\/toby\/"},"comment_info":0,"_links":{"self":[{"href":"https:\/\/rjmusa.org\/es\/wp-json\/wp\/v2\/pages\/2075","targetHints":{"allow":["GET"]}}],"collection":[{"href":"https:\/\/rjmusa.org\/es\/wp-json\/wp\/v2\/pages"}],"about":[{"href":"https:\/\/rjmusa.org\/es\/wp-json\/wp\/v2\/types\/page"}],"author":[{"embeddable":true,"href":"https:\/\/rjmusa.org\/es\/wp-json\/wp\/v2\/users\/7"}],"replies":[{"embeddable":true,"href":"https:\/\/rjmusa.org\/es\/wp-json\/wp\/v2\/comments?post=2075"}],"version-history":[{"count":0,"href":"https:\/\/rjmusa.org\/es\/wp-json\/wp\/v2\/pages\/2075\/revisions"}],"wp:attachment":[{"href":"https:\/\/rjmusa.org\/es\/wp-json\/wp\/v2\/media?parent=2075"}],"wp:term":[{"taxonomy":"section","embeddable":true,"href":"https:\/\/rjmusa.org\/es\/wp-json\/wp\/v2\/section?post=2075"}],"curies":[{"name":"wp","href":"https:\/\/api.w.org\/{rel}","templated":true}]}}