{"id":2124,"date":"2023-10-03T13:22:45","date_gmt":"2023-10-03T17:22:45","guid":{"rendered":"https:\/\/rjmusa.org\/?page_id=2124"},"modified":"2023-10-03T19:46:17","modified_gmt":"2023-10-03T23:46:17","slug":"creation","status":"publish","type":"page","link":"https:\/\/rjmusa.org\/es\/creacion\/","title":{"rendered":"La Tierra \u2013 Nuestra Casa Com\u00fan"},"content":{"rendered":"<p><em>Pr\u00f3ximamente habr\u00e1 informaci\u00f3n sobre el compromiso de la Provincia RJM USA-Hait\u00ed de cuidar la creaci\u00f3n y ser administradores justos de los recursos de la tierra.<\/em> El cuidado de la Creaci\u00f3n es parte integral del <a href=\"https:\/\/rjmusa.org\/es\/nuestra-mision\/\">Preferencias de Religiosas de Jes\u00fas y Mar\u00eda<\/a> y el <a href=\"https:\/\/rjmusa.org\/es\/category\/our-priorities\/living-a-life-committed-to-justice-peace-and-the-integrity-of-creation-en\/\">prioridades de la Provincia USA-Hait\u00ed<\/a>.<\/p>\n\n\n\n<p>Mientras tanto \u2026<\/p>\n\n\n\n<p><strong>Puedes conocer algunos de los compromisos de nuestra provincia con la tierra leyendo los boletines de nuestra <a href=\"https:\/\/rjmusa.org\/es\/section\/news\/care-for-creation-at-bethany\/\">Cuidado de la Creaci\u00f3n en Betania<\/a> ministerio.<\/strong><\/p>\n\n\n\n<p>Tambi\u00e9n te invitamos a conocer <a rel=\"noreferrer noopener\" href=\"https:\/\/www.usccb.org\/beliefs-and-teachings\/what-we-believe\/catholic-social-teaching\/care-for-creation\" target=\"_blank\">Las ense\u00f1anzas de la Iglesia Cat\u00f3lica sobre el cuidado de la creaci\u00f3n.<\/a> leyendo las cartas del Papa Francisco <em><a rel=\"noreferrer noopener\" href=\"https:\/\/laudatosimovement.org\/news\/whats-the-best-2-page-summary-youve-seen-of-laudato-si\/\" data-type=\"link\" data-id=\"https:\/\/laudatosimovement.org\/news\/whats-the-best-2-page-summary-youve-seen-of-laudato-si\/\" target=\"_blank\">Laudato Si&#039;<\/a><\/em> y <em><a href=\"https:\/\/www.humandevelopment.va\/en\/news\/2023\/laudate-deum.html\" target=\"_blank\" rel=\"noreferrer noopener\">Laudate Deum<\/a><\/em>. El video <a rel=\"noreferrer noopener\" href=\"https:\/\/youtu.be\/Rps9bs85BII?si=X5kqERJlR0Vwmp0T\" target=\"_blank\">&quot;La carta&quot;<\/a> es una excelente pel\u00edcula que narra las ense\u00f1anzas de la Iglesia sobre el medio ambiente y los esfuerzos del Papa Francisco para aumentar la comprensi\u00f3n y la preocupaci\u00f3n por esas ense\u00f1anzas en todo el mundo, especialmente a la luz del cambio clim\u00e1tico y otros da\u00f1os ambientales y ecol\u00f3gicos influenciados por el hombre.<\/p>\n\n\n\n<p>Para obtener m\u00e1s informaci\u00f3n sobre c\u00f3mo usted y su comunidad pueden actuar para cuidar la creaci\u00f3n o defender la Tierra, puede obtener m\u00e1s informaci\u00f3n en el <a rel=\"noreferrer noopener\" href=\"https:\/\/catholicclimatecovenant.org\/\" target=\"_blank\">Pacto Clim\u00e1tico Cat\u00f3lico<\/a>, el ecum\u00e9nico <a rel=\"noreferrer noopener\" href=\"http:\/\/www.careofcreation.net\/\" target=\"_blank\">Cuidado de la Creaci\u00f3n<\/a> organizaci\u00f3n, y <a rel=\"noreferrer noopener\" href=\"https:\/\/www.creationjustice.org\/blog\/52-ways-to-care-for-creation\" target=\"_blank\">Ministerios de Justicia de la Creaci\u00f3n<\/a>.<\/p>\n\n\n\n<p><em>Puede encontrar m\u00e1s informaci\u00f3n sobre el compromiso de las Religiosas de Jes\u00fas y Mar\u00eda con los principios m\u00e1s amplios de justicia, paz e integridad de la creaci\u00f3n (JPIC). <a href=\"https:\/\/rjmusa.org\/es\/jpic\/\">aqu\u00ed<\/a>.<\/em><\/p>","protected":false},"excerpt":{"rendered":"<p>Pr\u00f3ximamente habr\u00e1 informaci\u00f3n sobre el compromiso de la Provincia RJM USA-Hait\u00ed de cuidar la creaci\u00f3n y ser administradores justos de los recursos de la tierra. El Cuidado de la Creaci\u00f3n es una parte integral de las Preferencias de las Religiosas de Jes\u00fas y Mar\u00eda y de las prioridades de la Provincia Estados Unidos-Hait\u00ed. Mientras tanto\u2026 Puedes aprender\u2026<\/p>","protected":false},"author":7,"featured_media":0,"parent":0,"menu_order":0,"comment_status":"closed","ping_status":"closed","template":"","meta":{"_kad_blocks_custom_css":"","_kad_blocks_head_custom_js":"","_kad_blocks_body_custom_js":"","_kad_blocks_footer_custom_js":"","_kad_post_transparent":"","_kad_post_title":"","_kad_post_layout":"","_kad_post_sidebar_id":"","_kad_post_content_style":"","_kad_post_vertical_padding":"","_kad_post_feature":"","_kad_post_feature_position":"","_kad_post_header":false,"_kad_post_footer":false,"footnotes":""},"section":[191],"class_list":["post-2124","page","type-page","status-publish","hentry","section-our-mission"],"acf":[],"taxonomy_info":{"section":[{"value":191,"label":"Our Mission"}]},"featured_image_src_large":false,"author_info":{"display_name":"Toby Harkleroad","author_link":"https:\/\/rjmusa.org\/es\/author\/toby\/"},"comment_info":0,"_links":{"self":[{"href":"https:\/\/rjmusa.org\/es\/wp-json\/wp\/v2\/pages\/2124","targetHints":{"allow":["GET"]}}],"collection":[{"href":"https:\/\/rjmusa.org\/es\/wp-json\/wp\/v2\/pages"}],"about":[{"href":"https:\/\/rjmusa.org\/es\/wp-json\/wp\/v2\/types\/page"}],"author":[{"embeddable":true,"href":"https:\/\/rjmusa.org\/es\/wp-json\/wp\/v2\/users\/7"}],"replies":[{"embeddable":true,"href":"https:\/\/rjmusa.org\/es\/wp-json\/wp\/v2\/comments?post=2124"}],"version-history":[{"count":0,"href":"https:\/\/rjmusa.org\/es\/wp-json\/wp\/v2\/pages\/2124\/revisions"}],"wp:attachment":[{"href":"https:\/\/rjmusa.org\/es\/wp-json\/wp\/v2\/media?parent=2124"}],"wp:term":[{"taxonomy":"section","embeddable":true,"href":"https:\/\/rjmusa.org\/es\/wp-json\/wp\/v2\/section?post=2124"}],"curies":[{"name":"wp","href":"https:\/\/api.w.org\/{rel}","templated":true}]}}