{"id":2126,"date":"2023-10-03T14:03:16","date_gmt":"2023-10-03T18:03:16","guid":{"rendered":"https:\/\/rjmusa.org\/?page_id=2126"},"modified":"2024-01-18T14:05:04","modified_gmt":"2024-01-18T19:05:04","slug":"jpic","status":"publish","type":"page","link":"https:\/\/rjmusa.org\/es\/jpic\/","title":{"rendered":"Trabajando por la justicia, la paz y la integridad de la creaci\u00f3n"},"content":{"rendered":"<p>\u201cJusticia, paz e integridad de la creaci\u00f3n\u201d (a menudo abreviado como \u201c<a href=\"https:\/\/franciscanvoice.org\/what-is-jpic\/\" target=\"_blank\" rel=\"noreferrer noopener\">JPIC<\/a>\u201c) es una frase abreviada utilizada por muchas organizaciones cat\u00f3licas y otras para referirse al compromiso con la <a rel=\"noreferrer noopener\" href=\"https:\/\/www.usccb.org\/beliefs-and-teachings\/what-we-believe\/catholic-social-teaching\/seven-themes-of-catholic-social-teaching\" target=\"_blank\">Ense\u00f1anzas Sociales de la Iglesia Cat\u00f3lica<\/a>, especialmente a la luz de la <a rel=\"noreferrer noopener\" href=\"https:\/\/www.vatican.va\/roman_curia\/pontifical_councils\/justpeace\/documents\/rc_pc_justpeace_doc_20060526_compendio-dott-soc_en.html\" target=\"_blank\">documentos del Concilio Vaticano II<\/a>, y el papel que desempe\u00f1an los individuos y las comunidades en la co-creaci\u00f3n de un mundo que se ajuste al plan de salvaci\u00f3n de Dios y al Evangelio proclamado por Jesucristo.<\/p>\n\n\n\n<p><a href=\"https:\/\/jpicroma.org\/about-us\/\" target=\"_blank\" rel=\"noreferrer noopener\">Muchas congregaciones religiosas<\/a> y <a href=\"https:\/\/www.humandevelopment.va\/en.html\" target=\"_blank\" rel=\"noreferrer noopener\">otras instituciones y comunidades dentro de la Iglesia Cat\u00f3lica<\/a> han elegido centrarse en JPIC y trabajar activamente para promover la justicia, la paz y la integridad de la creaci\u00f3n como parte de sus vidas y ministerios.<\/p>\n\n\n\n<p><strong>Las Religiosas de Jes\u00fas y Mar\u00eda incluyen un compromiso con JPIC como parte de <a rel=\"noreferrer noopener\" href=\"https:\/\/www.rjmgeneral.org\/en\/preferences\/\" target=\"_blank\">las preferencias de JM<\/a> que han sido adoptados por las hermanas a nivel mundial y la Provincia EE.UU.-Hait\u00ed expresa nuestro compromiso con JPIC en <a href=\"https:\/\/rjmusa.org\/es\/category\/our-priorities\/living-a-life-committed-to-justice-peace-and-the-integrity-of-creation-en\/\">nuestras prioridades<\/a>.<\/strong><\/p>\n\n\n\n<p>Las Religiosas de Jes\u00fas y Mar\u00eda se asocian activamente con otras organizaciones en los EE. UU. y en todo el mundo para profundizar y llevar a cabo nuestro compromiso de JPIC. Socios como el <a href=\"https:\/\/www.lcwr.org\/social-justice\" target=\"_blank\" rel=\"noreferrer noopener\">Conferencia de Liderazgo de Mujeres Religiosas<\/a>, <a href=\"https:\/\/unanima-international.org\/\" target=\"_blank\" rel=\"noreferrer noopener\">UNANIMA Internacional<\/a>, y <a href=\"https:\/\/stuartcenter.org\/services\/jpic\" target=\"_blank\" rel=\"noreferrer noopener\">muchos otros<\/a> Disponemos de excelentes recursos relacionados con la justicia, la paz y la integridad de la creaci\u00f3n.<\/p>\n\n\n\n<p><em>Esta p\u00e1gina est\u00e1 destinada a servir como un centro de informaci\u00f3n sobre los compromisos, valores, acciones y oportunidades de JPIC en toda la Provincia de EE.UU.-Hait\u00ed. Vuelva a consultar aqu\u00ed especialmente para obtener informaci\u00f3n del Comit\u00e9 JPIC provincial. Puede encontrar informaci\u00f3n sobre nuestros ministerios y hermanas que est\u00e1n viviendo nuestro compromiso con los principios de JPIC en nuestro <a href=\"https:\/\/rjmusa.org\/es\/section\/news\/bridges\/\">Boletines de puentes<\/a>.<\/em><\/p>\n\n\n\n<p><em>M\u00e1s informaci\u00f3n espec\u00edfica sobre nuestro compromiso con el cuidado de la creaci\u00f3n est\u00e1 disponible <a href=\"https:\/\/rjmusa.org\/es\/creacion\/\">aqu\u00ed<\/a>.<\/em><\/p>","protected":false},"excerpt":{"rendered":"<p>\u201cJusticia, paz e integridad de la creaci\u00f3n\u201d (a menudo abreviada como \u201cJPIC\u201d) es una frase abreviada utilizada por muchas organizaciones cat\u00f3licas y otras para referirse al compromiso con las Ense\u00f1anzas Sociales de la Iglesia Cat\u00f3lica, especialmente a la luz de los documentos de el Concilio Vaticano II, y el papel que desempe\u00f1an los individuos y las comunidades en la co-creaci\u00f3n\u2026<\/p>","protected":false},"author":7,"featured_media":0,"parent":0,"menu_order":0,"comment_status":"closed","ping_status":"closed","template":"","meta":{"_kad_blocks_custom_css":"","_kad_blocks_head_custom_js":"","_kad_blocks_body_custom_js":"","_kad_blocks_footer_custom_js":"","_kad_post_transparent":"","_kad_post_title":"","_kad_post_layout":"","_kad_post_sidebar_id":"","_kad_post_content_style":"","_kad_post_vertical_padding":"","_kad_post_feature":"","_kad_post_feature_position":"","_kad_post_header":false,"_kad_post_footer":false,"footnotes":""},"section":[191],"class_list":["post-2126","page","type-page","status-publish","hentry","section-our-mission"],"acf":[],"taxonomy_info":{"section":[{"value":191,"label":"Our Mission"}]},"featured_image_src_large":false,"author_info":{"display_name":"Toby Harkleroad","author_link":"https:\/\/rjmusa.org\/es\/author\/toby\/"},"comment_info":0,"_links":{"self":[{"href":"https:\/\/rjmusa.org\/es\/wp-json\/wp\/v2\/pages\/2126","targetHints":{"allow":["GET"]}}],"collection":[{"href":"https:\/\/rjmusa.org\/es\/wp-json\/wp\/v2\/pages"}],"about":[{"href":"https:\/\/rjmusa.org\/es\/wp-json\/wp\/v2\/types\/page"}],"author":[{"embeddable":true,"href":"https:\/\/rjmusa.org\/es\/wp-json\/wp\/v2\/users\/7"}],"replies":[{"embeddable":true,"href":"https:\/\/rjmusa.org\/es\/wp-json\/wp\/v2\/comments?post=2126"}],"version-history":[{"count":0,"href":"https:\/\/rjmusa.org\/es\/wp-json\/wp\/v2\/pages\/2126\/revisions"}],"wp:attachment":[{"href":"https:\/\/rjmusa.org\/es\/wp-json\/wp\/v2\/media?parent=2126"}],"wp:term":[{"taxonomy":"section","embeddable":true,"href":"https:\/\/rjmusa.org\/es\/wp-json\/wp\/v2\/section?post=2126"}],"curies":[{"name":"wp","href":"https:\/\/api.w.org\/{rel}","templated":true}]}}