{"id":2154,"date":"2023-11-03T17:14:59","date_gmt":"2023-11-03T21:14:59","guid":{"rendered":"https:\/\/rjmusa.org\/?page_id=2154"},"modified":"2023-11-07T17:18:46","modified_gmt":"2023-11-07T22:18:46","slug":"our-faithful-departed","status":"publish","type":"page","link":"https:\/\/rjmusa.org\/es\/nuestros-fieles-difuntos\/","title":{"rendered":"Conmemorando a Nuestros Fieles Difuntos"},"content":{"rendered":"<h6 class=\"wp-block-heading\">Mientras nos llenamos de los muchos sentimientos de Hallow-tide, las Religiosas de Jes\u00fas y Mar\u00eda hacen una pausa para tomarse un tiempo este noviembre para recordar a aquellos que nos precedieron marcados con el signo de la fe. recordaremos <em><a href=\"https:\/\/rjmusa.org\/es\/fundadora\/\">Santa Claudina Th\u00e9venet<\/a><\/em> y <em><a rel=\"noreferrer noopener\" href=\"https:\/\/dinabelangereng.blogspot.com\/\" target=\"_blank\">Beata Dina B\u00e9langer<\/a><\/em>, que se cuentan entre los santos de la Iglesia, pero tambi\u00e9n recordaremos a hermanas santas y excepcionales como <em><a href=\"https:\/\/rjmusa.org\/es\/isa-sola-rjm\/\">Isa Sol\u00e1<\/a><\/em> y <em><a rel=\"noreferrer noopener\" href=\"http:\/\/newsaints.faithweb.com\/new_martyrs\/Equatorial_Guinea.htm\" target=\"_blank\">Carmen Samaranch<\/a><\/em> as\u00ed como la multitud de RJM que han vivido tranquila y humildemente vidas de santidad y servicio.<\/h6>\n\n\n<div class=\"wp-block-image is-style-default\">\n<figure class=\"aligncenter size-full is-resized\"><a href=\"https:\/\/rjmusa.org\/es\/fundadora\/\"><img loading=\"lazy\" decoding=\"async\" src=\"https:\/\/rjmusa.org\/wp-content\/uploads\/2023\/11\/Saints-are-made-by-it.jpg\" alt=\"&quot;La oraci\u00f3n produce cambios maravillosos en los corazones; gracias a ella se hacen santos&quot;. ~ Santa Claudina Th\u00e9venet\" class=\"wp-image-2155\" style=\"width:268px;height:214px\" width=\"268\" height=\"214\" srcset=\"https:\/\/rjmusa.org\/wp-content\/uploads\/2023\/11\/Saints-are-made-by-it.jpg 736w, https:\/\/rjmusa.org\/wp-content\/uploads\/2023\/11\/Saints-are-made-by-it-300x240.jpg 300w\" sizes=\"auto, (max-width: 268px) 100vw, 268px\" \/><\/a><\/figure>\n<\/div>\n\n\n<p>El mes de noviembre, especialmente los primeros d\u00edas, ocupa un lugar especial en el ciclo lit\u00fargico de la Iglesia Cat\u00f3lica.<\/p>\n\n\n\n<p>A medida que la temporada de cosecha del hemisferio norte comienza a concluir y el equinoccio de oto\u00f1o ha pasado y los d\u00edas se hacen m\u00e1s cortos y fr\u00edos a medida que nuestro planeta gira alrededor del sol rumbo al d\u00eda m\u00e1s corto del a\u00f1o en diciembre, la Iglesia sabiamente hace una pausa para meditar sobre la muerte.<\/p>\n\n\n\n<p><strong>01 de noviembre<sup>calle<\/sup> marca una solemnidad y un d\u00eda santo de obligaci\u00f3n conocido como Todos los Santos<\/strong>. Esta hermosa conmemoraci\u00f3n nos permite reflexionar sobre el concepto de santidad y santidad e ir m\u00e1s all\u00e1 de los santos famosos que a menudo recordamos detalladamente en sus fiestas personales. En Todos los Santos, tenemos la oportunidad de recordar a las muchas mujeres y hombres que la Iglesia ha canonizado y beatificado a lo largo de los siglos, pero que a menudo s\u00f3lo son conocidos por un peque\u00f1o n\u00famero de cristianos. Todos los Santos tambi\u00e9n nos permite recordar que la santidad es algo m\u00e1s que aquellos en el Calendario de los Santos de la Iglesia o registrados en el Martirologio Romano, los santos son en realidad todos esos hombres y mujeres santos de la historia que ahora est\u00e1n con Dios en el para\u00edso celestial. La Carta a los Hebreos describe a estos santos como \u201cuna nube de testigos\u201d que nos rodea mientras buscamos la santidad. El Libro del Apocalipsis los describe como una gran multitud de todas las naciones de la tierra, un n\u00famero demasiado grande, vestidos de blanco, reunidos alrededor del Cordero de Dios y cantando alabanzas.<\/p>\n\n\n\n<p>\u00a1Qu\u00e9 fiesta tan alegre a la que la Iglesia llama a todos los fieles a celebrar cada a\u00f1o!<\/p>\n\n\n<div class=\"wp-block-image\">\n<figure class=\"aligncenter size-full is-resized\"><a href=\"https:\/\/rjmusa.org\/es\/oracion\/\"><img loading=\"lazy\" decoding=\"async\" src=\"https:\/\/rjmusa.org\/wp-content\/uploads\/2023\/11\/dina-quote.jpeg\" alt=\"&quot;Muy bien, ser\u00e9 un santo. Proporcionar\u00e9 un patr\u00f3n para aquellos que lleven mi nombre&quot;. ~ beato. Dina Belanger, RJM\" class=\"wp-image-2157\" style=\"width:277px;height:277px\" width=\"277\" height=\"277\" srcset=\"https:\/\/rjmusa.org\/wp-content\/uploads\/2023\/11\/dina-quote.jpeg 225w, https:\/\/rjmusa.org\/wp-content\/uploads\/2023\/11\/dina-quote-150x150.jpeg 150w\" sizes=\"auto, (max-width: 277px) 100vw, 277px\" \/><\/a><\/figure>\n<\/div>\n\n\n<p>Pero la solemnidad de Todos los Santos no est\u00e1 sola. Con el tiempo, la Iglesia y las sociedades cristianas nos han dado una <strong>\u201cMarea Sagrada\u201d\u2026 \u00a1una temporada de santidad!<\/strong><\/p>\n\n\n\n<p>Sabemos que por varias razones culturales la celebraci\u00f3n de <strong>Halloween, o Noche de Todos los Santos, se desarrollar\u00e1 el 31 de octubre<sup>calle<\/sup> <\/strong>como un d\u00eda para re\u00edrse del mal y de la muerte y celebrar. Especialmente en Am\u00e9rica del Norte, esto ha llevado a la costumbre de disfraces de Halloween y de pedir dulces. Como creyentes, este es un importante preludio de la fiesta de Todos los Santos, porque nuestra fe nos promete que Cristo ha vencido el mal y vencido la muerte. El D\u00eda de Todos los Santos nos permite celebrar a aquellos que han vivido vidas de santidad, como cada uno de nosotros est\u00e1 llamado a hacerlo, y sentirnos reconfortados de que multitudes de nuestros predecesores y ancestros nos cuiden en paz bendita y alegr\u00eda absoluta como parte de la Comuni\u00f3n de Santos.<\/p>\n\n\n<div class=\"wp-block-image\">\n<figure class=\"aligncenter size-full\"><a href=\"https:\/\/www.rjmgeneral.org\/en\/sr-isa-sola-eng\/\" target=\"_blank\" rel=\"noreferrer noopener\"><img loading=\"lazy\" decoding=\"async\" width=\"600\" height=\"503\" src=\"https:\/\/rjmusa.org\/wp-content\/uploads\/2023\/11\/Isa-and-Carmen.jpg\" alt=\"La congregaci\u00f3n RJM recuerda a las Hnas. Isa Sola y Carmen Samaranch quienes fueron asesinadas mientras cumpl\u00edan misiones.\" class=\"wp-image-2158\" srcset=\"https:\/\/rjmusa.org\/wp-content\/uploads\/2023\/11\/Isa-and-Carmen.jpg 600w, https:\/\/rjmusa.org\/wp-content\/uploads\/2023\/11\/Isa-and-Carmen-300x252.jpg 300w\" sizes=\"auto, (max-width: 600px) 100vw, 600px\" \/><\/a><\/figure>\n<\/div>\n\n\n<p>La Marea Sagrada no termina simplemente en recordar a aquellos muertos de quienes tenemos gran certeza de su santidad. <strong>2 de noviembre<sup>Dakota del Norte<\/sup> Se conoce como el D\u00eda de los Difuntos o la Conmemoraci\u00f3n de todos los Fieles Difuntos.<\/strong> All Souls nos permite recordar la muerte con un sentido de esperanza al reconocer que los humanos no somos perfectos y que a menudo caemos en nuestro camino hacia la santidad.<\/p>\n\n\n\n<p>En el D\u00eda de los Difuntos, la Iglesia nos llama a recordar a todos los que han muerto, independientemente de c\u00f3mo hayan vivido sus vidas, y a centrarnos en la amorosa misericordia y el perd\u00f3n de Dios. Quiz\u00e1s la par\u00e1bola del hijo pr\u00f3digo con el padre que abraza a su hijo con perd\u00f3n y celebra su regreso a casa con un banquete sea una manera ideal de captar lo que recordamos en Todos los Santos.<\/p>\n\n\n\n<p>Como cristianos, vivimos con la humilde esperanza de que nuestro Padre tendr\u00e1 misericordia de nosotros cuando enfrentemos nuestra propia muerte mortal y estemos ante Dios en juicio. Por eso, en el D\u00eda de Todos los Difuntos, hacemos un esfuerzo especial para orar por todos los que han muerto, independientemente de los fallos y errores de sus vidas, y oramos fervientemente para que la misericordia de Dios los lleve tambi\u00e9n al para\u00edso.<\/p>\n\n\n\n<p><em>Hallow-tide es un momento para recordar, no s\u00f3lo la muerte, sino a aquellos que han muerto, especialmente aquellos que han muerto recientemente o que son parte de nuestras familias y comunidades inmediatas.<\/em><\/p>\n\n\n<div class=\"wp-block-image\">\n<figure class=\"aligncenter size-large is-resized\"><a href=\"https:\/\/rjmusa.org\/es\/section\/news\/care-for-creation-at-bethany\/\"><img loading=\"lazy\" decoding=\"async\" src=\"https:\/\/rjmusa.org\/wp-content\/uploads\/2023\/11\/Bethany-Cemetary-Sr-Mary-Scanlon-1024x681.jpg\" alt=\"L\u00e1pida de Hna. Mary Scanlon, RJM\" class=\"wp-image-2159\" style=\"width:510px;height:339px\" width=\"510\" height=\"339\" srcset=\"https:\/\/rjmusa.org\/wp-content\/uploads\/2023\/11\/Bethany-Cemetary-Sr-Mary-Scanlon-1024x681.jpg 1024w, https:\/\/rjmusa.org\/wp-content\/uploads\/2023\/11\/Bethany-Cemetary-Sr-Mary-Scanlon-300x199.jpg 300w, https:\/\/rjmusa.org\/wp-content\/uploads\/2023\/11\/Bethany-Cemetary-Sr-Mary-Scanlon-768x511.jpg 768w, https:\/\/rjmusa.org\/wp-content\/uploads\/2023\/11\/Bethany-Cemetary-Sr-Mary-Scanlon-1536x1021.jpg 1536w, https:\/\/rjmusa.org\/wp-content\/uploads\/2023\/11\/Bethany-Cemetary-Sr-Mary-Scanlon-2048x1362.jpg 2048w\" sizes=\"auto, (max-width: 510px) 100vw, 510px\" \/><\/a><figcaption class=\"wp-element-caption\">un lugar de descanso en el cementerio RJM en Bethany en Highland Mills, NY<\/figcaption><\/figure>\n<\/div>\n\n\n<p>En M\u00e9xico las costumbres de <strong>el D\u00eda de los Muertos (el D\u00eda de los Muertos)<\/strong> se han desarrollado el 2 de noviembre<sup>Dakota del Norte<\/sup>. Estas costumbres populares implican visitar cementerios, dejar ofrendas de comida en honor de sus seres queridos fallecidos y crear altares conmemorativos en hogares llamados <em>ofrendas<\/em> donde se colocan fotograf\u00edas y otros recuerdos de seres queridos fallecidos entre flores y obsequios para celebrar y estar cerca de quienes nos precedieron.<\/p>\n\n\n\n<p>Estas hermosas tradiciones llegan justo antes de que Estados Unidos celebre el d\u00eda festivo del D\u00eda de los Veteranos el 11 de noviembre.<sup>th<\/sup>, cuando la naci\u00f3n hace una pausa para recordar a todos los hombres y mujeres que han prestado servicio en las guerras en las que nuestra naci\u00f3n ha participado. De alguna manera, esta festividad c\u00edvica refleja el d\u00eda santo de nuestra Iglesia, ya que honra el servicio, recuerda especialmente los sacrificios de entre los muertos y renueva nuestro compromiso nacional con la esperanza de la paz.<\/p>\n\n\n<div class=\"wp-block-image\">\n<figure class=\"aligncenter size-full is-resized\"><a href=\"https:\/\/rjmusa.org\/es\/section\/in-remembrance\/\"><img loading=\"lazy\" decoding=\"async\" src=\"https:\/\/rjmusa.org\/wp-content\/uploads\/2023\/10\/SrsLauraandRoseline.png\" alt=\"Recordamos a las Religiosas de Jes\u00fas y Mar\u00eda por haber fallecido recientemente.\" class=\"wp-image-2139\" style=\"width:440px;height:354px\" width=\"440\" height=\"354\" srcset=\"https:\/\/rjmusa.org\/wp-content\/uploads\/2023\/10\/SrsLauraandRoseline.png 818w, https:\/\/rjmusa.org\/wp-content\/uploads\/2023\/10\/SrsLauraandRoseline-300x241.png 300w, https:\/\/rjmusa.org\/wp-content\/uploads\/2023\/10\/SrsLauraandRoseline-768x618.png 768w\" sizes=\"auto, (max-width: 440px) 100vw, 440px\" \/><\/a><\/figure>\n<\/div>\n\n\n<p><strong><em>Estas oportunidades para recordar a quienes nos precedieron, h\u00e9roes y pecadores por igual, son un momento especial en las \u00f3rdenes religiosas y congregaciones de la Iglesia.<\/em><\/strong>. Muchas \u00f3rdenes importantes, como los franciscanos y los jesuitas, tienen d\u00edas festivos separados en noviembre para honrar espec\u00edficamente a los miembros santos de sus comunidades. Otras congregaciones se toman el tiempo para honrar y recordar las historias de las hermanas y hermanos fieles que fallecieron recientemente.<\/p>\n\n\n\n<p><strong>En los pr\u00f3ximos d\u00edas, agregaremos contenido adicional a nuestro sitio web (<a href=\"https:\/\/rjmusa.org\/es\/\">www.rjmusa.org<\/a>) para resaltar mejor a nuestras hermanas que son santas y h\u00e9roes y para reflexionar y recordar a las hermanas que fueron humildes y silenciosas en sus santos ministerios.<\/strong><\/p>\n\n\n\n<div class=\"wp-block-buttons is-content-justification-center is-layout-flex wp-container-core-buttons-is-layout-16018d1d wp-block-buttons-is-layout-flex\">\n<div class=\"wp-block-button\"><a class=\"wp-block-button__link wp-element-button\" href=\"https:\/\/rjmusa.org\/es\/section\/in-remembrance\/\">Recuerden a los RJM que han fallecido recientemente<\/a><\/div>\n\n\n\n<div class=\"wp-block-button\"><a class=\"wp-block-button__link wp-element-button\" href=\"https:\/\/rjmusa.org\/es\/como-recordamos-a-los-muertos\/\">CONOCE NUESTRAS NECROLOG\u00cdAS<\/a><\/div>\n<\/div>\n\n\n\n<p><strong>Todas estas Religiosas de Jes\u00fas y Mar\u00eda han sido mujeres comprometidas con dar a conocer la bondad misericordiosa de Dios en un mundo quebrantado. <\/strong><em>Esperamos que se sienta inspirado por ellos, que ore por ellos y con ellos, y que se sienta llamado a ser parte de la comunidad en misi\u00f3n que lleva adelante el legado de RJM en el mundo de hoy.<\/em><\/p>\n\n\n<div class=\"wp-block-image\">\n<figure class=\"aligncenter size-full\"><img loading=\"lazy\" decoding=\"async\" width=\"147\" height=\"147\" src=\"https:\/\/rjmusa.org\/wp-content\/uploads\/2023\/11\/rjm-intl-light-purple.jpg\" alt=\"\" class=\"wp-image-2160\"\/><\/figure>\n<\/div>\n\n\n<h3 class=\"wp-block-heading has-text-align-center\">\u00a1Conc\u00e9deles, Se\u00f1or, el descanso eterno y brille para ellos la luz perpetua!<\/h3>","protected":false},"excerpt":{"rendered":"<p>Con los muchos sentimientos de la Noche de Brujas, las Religiosas de Jes\u00fas y Mar\u00eda nos detenemos este noviembre para recordar a quienes nos precedieron, marcados por el signo de la fe. Recordaremos a santa Claudina Th\u00e9venet y a la beata Dina B\u00e9langer, quienes se cuentan entre las santas de\u2026<\/p>","protected":false},"author":7,"featured_media":2159,"parent":0,"menu_order":0,"comment_status":"closed","ping_status":"closed","template":"","meta":{"_kad_blocks_custom_css":"","_kad_blocks_head_custom_js":"","_kad_blocks_body_custom_js":"","_kad_blocks_footer_custom_js":"","_kad_post_transparent":"","_kad_post_title":"","_kad_post_layout":"","_kad_post_sidebar_id":"","_kad_post_content_style":"","_kad_post_vertical_padding":"","_kad_post_feature":"","_kad_post_feature_position":"","_kad_post_header":false,"_kad_post_footer":false,"footnotes":""},"section":[194,216],"class_list":["post-2154","page","type-page","status-publish","has-post-thumbnail","hentry","section-in-remembrance","section-necrologies"],"acf":[],"taxonomy_info":{"section":[{"value":194,"label":"In Remembrance"},{"value":216,"label":"Of Blessed Memory"}]},"featured_image_src_large":["https:\/\/rjmusa.org\/wp-content\/uploads\/2023\/11\/Bethany-Cemetary-Sr-Mary-Scanlon-1024x681.jpg",1024,681,true],"author_info":{"display_name":"Toby Harkleroad","author_link":"https:\/\/rjmusa.org\/es\/author\/toby\/"},"comment_info":0,"_links":{"self":[{"href":"https:\/\/rjmusa.org\/es\/wp-json\/wp\/v2\/pages\/2154","targetHints":{"allow":["GET"]}}],"collection":[{"href":"https:\/\/rjmusa.org\/es\/wp-json\/wp\/v2\/pages"}],"about":[{"href":"https:\/\/rjmusa.org\/es\/wp-json\/wp\/v2\/types\/page"}],"author":[{"embeddable":true,"href":"https:\/\/rjmusa.org\/es\/wp-json\/wp\/v2\/users\/7"}],"replies":[{"embeddable":true,"href":"https:\/\/rjmusa.org\/es\/wp-json\/wp\/v2\/comments?post=2154"}],"version-history":[{"count":0,"href":"https:\/\/rjmusa.org\/es\/wp-json\/wp\/v2\/pages\/2154\/revisions"}],"wp:featuredmedia":[{"embeddable":true,"href":"https:\/\/rjmusa.org\/es\/wp-json\/wp\/v2\/media\/2159"}],"wp:attachment":[{"href":"https:\/\/rjmusa.org\/es\/wp-json\/wp\/v2\/media?parent=2154"}],"wp:term":[{"taxonomy":"section","embeddable":true,"href":"https:\/\/rjmusa.org\/es\/wp-json\/wp\/v2\/section?post=2154"}],"curies":[{"name":"wp","href":"https:\/\/api.w.org\/{rel}","templated":true}]}}