{"id":2314,"date":"2024-02-01T12:36:12","date_gmt":"2024-02-01T17:36:12","guid":{"rendered":"https:\/\/rjmusa.org\/?page_id=2314"},"modified":"2025-01-23T17:10:28","modified_gmt":"2025-01-23T22:10:28","slug":"education-news","status":"publish","type":"page","link":"https:\/\/rjmusa.org\/es\/noticias-de-educacion\/","title":{"rendered":"Noticias sobre Educaci\u00f3n RJM"},"content":{"rendered":"<div class=\"wp-block-image\">\n<figure class=\"aligncenter size-large is-resized\"><img loading=\"lazy\" decoding=\"async\" width=\"1024\" height=\"352\" src=\"https:\/\/rjmusa.org\/wp-content\/uploads\/2024\/02\/Catholic-Schools-Week-Banner-1024x352.jpg\" alt=\"\" class=\"wp-image-2315\" style=\"width:715px;height:auto\" srcset=\"https:\/\/rjmusa.org\/wp-content\/uploads\/2024\/02\/Catholic-Schools-Week-Banner-1024x352.jpg 1024w, https:\/\/rjmusa.org\/wp-content\/uploads\/2024\/02\/Catholic-Schools-Week-Banner-300x103.jpg 300w, https:\/\/rjmusa.org\/wp-content\/uploads\/2024\/02\/Catholic-Schools-Week-Banner-768x264.jpg 768w, https:\/\/rjmusa.org\/wp-content\/uploads\/2024\/02\/Catholic-Schools-Week-Banner-1536x528.jpg 1536w, https:\/\/rjmusa.org\/wp-content\/uploads\/2024\/02\/Catholic-Schools-Week-Banner-2048x704.jpg 2048w\" sizes=\"auto, (max-width: 1024px) 100vw, 1024px\" \/><\/figure>\n<\/div>\n\n\n<h2 class=\"wp-block-heading has-text-align-center\">Escuela Thevenet Montessori (Highland Mills, Nueva York)<\/h2>\n\n\n\n<p class=\"has-text-align-center\"><a href=\"https:\/\/www.thephoto-news.com\/news\/local-news\/thevenet-montessori-school-expands-NCPN20160420160429997\" target=\"_blank\" rel=\"noreferrer noopener\"><strong>La escuela Montessori Thevenet se expande<\/strong><\/a><br>Noticias de fotograf\u00eda \u2013 20 de abril de 2016<\/p>\n\n\n\n<p class=\"has-text-align-center\"><strong><a href=\"https:\/\/www.thephoto-news.com\/news\/a-sentimental-centennial-LWPN20110422304229928\" target=\"_blank\" rel=\"noreferrer noopener\">Un centenario sentimental<\/a><\/strong><br>Noticias de fotograf\u00eda \u2013 22 de febrero de 2012<\/p>\n\n\n\n<div class=\"wp-block-buttons is-content-justification-center is-layout-flex wp-container-core-buttons-is-layout-16018d1d wp-block-buttons-is-layout-flex\">\n<div class=\"wp-block-button is-style-outline is-style-outline--1\"><a class=\"wp-block-button__link wp-element-button\" href=\"https:\/\/www.thevenetmontessorischool.org\/\" target=\"_blank\" rel=\"noreferrer noopener\">M\u00e1s informaci\u00f3n en su sitio web<\/a><\/div>\n<\/div>\n\n\n\n<h2 class=\"wp-block-heading has-text-align-center\">La Escuela Washington para Ni\u00f1as (DC)<\/h2>\n\n\n\n<p class=\"has-text-align-center\"><a href=\"https:\/\/www.globalsistersreport.org\/social-justice\/sisters-collaborate-equitable-education-washington-school-girls\" target=\"_blank\" rel=\"noreferrer noopener\"><strong>Hermanas colaboran por una educaci\u00f3n equitativa en la Escuela para Ni\u00f1as de Washington<\/strong><\/a><br>Informe de Global Sisters \u2013 12 de septiembre de 2024<\/p>\n\n\n\n<p class=\"has-text-align-center\"><strong><a href=\"https:\/\/www.blackcatholicmessenger.org\/wsg-breaks-ground-on-25m-expansion\/\" target=\"_blank\" rel=\"noreferrer noopener\">La Escuela para Ni\u00f1as de Washington inicia la construcci\u00f3n de la ampliaci\u00f3n $25M<\/a><\/strong><br>Mensajero cat\u00f3lico negro \u2013 2 de mayo de 2024<\/p>\n\n\n\n<p class=\"has-text-align-center\"><strong><a href=\"https:\/\/www.cathstan.org\/local\/as-washington-school-for-girls-marks-25th-anniversary-three-graduating-eighth-graders-reflect-on-its-impact\">Mientras la Escuela para Ni\u00f1as Washington celebra su 25\u00b0 aniversario, tres alumnas de octavo grado reflexionan sobre su impacto<\/a><\/strong><br>Catholic Standard \u2013 3 de junio de 2022<\/p>\n\n\n\n<p class=\"has-text-align-center\"><strong><a href=\"https:\/\/www.cathstan.org\/local\/at-the-washington-school-for-girls-the-world-is-wide-open-to-students\">En la Escuela para Ni\u00f1as de Washington, \u201cel mundo est\u00e1 abierto de par en par\u201d para las estudiantes<\/a><\/strong><br>Catholic Standard \u2013 11 de marzo de 2019<\/p>\n\n\n\n<div class=\"wp-block-buttons is-content-justification-center is-layout-flex wp-container-core-buttons-is-layout-16018d1d wp-block-buttons-is-layout-flex\">\n<div class=\"wp-block-button is-style-outline is-style-outline--2\"><a class=\"wp-block-button__link wp-element-button\" href=\"https:\/\/washingtonschoolforgirls.org\/\" target=\"_blank\" rel=\"noreferrer noopener\">M\u00e1s informaci\u00f3n en su sitio web<\/a><\/div>\n<\/div>\n\n\n\n<h2 class=\"wp-block-heading has-text-align-center\">Escuela St. Frances de Chantal (Bronx, Nueva York)<\/h2>\n\n\n\n<p class=\"has-text-align-center\"><strong><a href=\"https:\/\/www.cny.org\/stories\/cardinals-blessing,24509\" target=\"_blank\" rel=\"noreferrer noopener\">Bendici\u00f3n del cardenal<\/a><\/strong><br>Nueva York cat\u00f3lica \u2013 19 de octubre de 2022<\/p>\n\n\n\n<p class=\"has-text-align-center\"><strong><a href=\"https:\/\/youtu.be\/S_dQ00vG7Mc?si=ZIqitHR2ZFUob7bT\">El cardenal Dolan visita la escuela Santa Frances de Chantal en el Bronx<\/a><\/strong><br>Escuelas cat\u00f3licas de Nueva York \u2013 15 de octubre de 2022<\/p>\n\n\n\n<div class=\"wp-block-buttons is-content-justification-center is-layout-flex wp-container-core-buttons-is-layout-16018d1d wp-block-buttons-is-layout-flex\">\n<div class=\"wp-block-button is-style-outline is-style-outline--3\"><a class=\"wp-block-button__link wp-element-button\" href=\"https:\/\/sfdchantalschool.org\/\" target=\"_blank\" rel=\"noreferrer noopener\">M\u00e1s informaci\u00f3n en su sitio web<\/a><\/div>\n<\/div>\n\n\n\n<h2 class=\"wp-block-heading has-text-align-center\">Escuela Internacional San Francisco (Maryland)<\/h2>\n\n\n\n<p class=\"has-text-align-center\"><em>Formada a partir de la fusi\u00f3n de St. Mark School (Hyattsville) y St. Camillus (Silver Spring)<\/em><\/p>\n\n\n\n<p class=\"has-text-align-center\"><strong><a href=\"https:\/\/www.cathstan.org\/faith\/saints-go-marching-in-as-students-at-st-francis-international-school-mark-all-saints-day-with-parade\">&#039;Los santos marchan&#039;: los estudiantes de la Escuela Internacional St. Francis celebran el D\u00eda de Todos los Santos con un desfile<\/a><\/strong><br>Catholic Standard \u2013 2 de noviembre de 2022<\/p>\n\n\n\n<p class=\"has-text-align-center\"><strong><a href=\"https:\/\/www.cathstan.org\/local\/religious-of-jesus-and-mary-return-to-site-of-regina-high-school-to-support-covid-19-food-relief-effort\" target=\"_blank\" rel=\"noreferrer noopener\">Religiosos de Jes\u00fas y Mar\u00eda regresan a la escuela secundaria Regina para apoyar el esfuerzo de ayuda alimentaria por COVID-19<\/a><\/strong><br>Catholic Standard \u2013 10 de septiembre de 2020<\/p>\n\n\n\n<p class=\"has-text-align-center\"><strong><a href=\"https:\/\/www.cathstan.org\/local\/st-francis-international-school-celebrates-10th-catholic-schools-week\" target=\"_blank\" rel=\"noreferrer noopener\">La Escuela Internacional San Francisco celebra su d\u00e9cima Semana de las Escuelas Cat\u00f3licas<\/a><\/strong><br>Catholic Standard \u2013 30 de enero de 2020<\/p>\n\n\n\n<p class=\"has-text-align-center\"><strong><a href=\"https:\/\/www.ncronline.org\/news\/parish\/maryland-catholic-school-finds-its-footing-amid-demographic-shifts\" target=\"_blank\" rel=\"noreferrer noopener\">Una escuela cat\u00f3lica de Maryland encuentra su equilibrio en medio de los cambios demogr\u00e1ficos<\/a><\/strong><br>National Catholic Reporter \u2013 9 de septiembre de 2014<\/p>\n\n\n\n<div class=\"wp-block-buttons is-content-justification-center is-layout-flex wp-container-core-buttons-is-layout-16018d1d wp-block-buttons-is-layout-flex\">\n<div class=\"wp-block-button is-style-outline is-style-outline--4\"><a class=\"wp-block-button__link wp-element-button\" href=\"https:\/\/saintfrancisinternational.org\/\" target=\"_blank\" rel=\"noreferrer noopener\">M\u00e1s informaci\u00f3n en su sitio web<\/a><\/div>\n<\/div>\n\n\n\n<h2 class=\"wp-block-heading has-text-align-center\">Antiguos alumnos de las escuelas RJM en EE. UU.<\/h2>\n\n\n\n<div class=\"wp-block-buttons is-content-justification-center is-layout-flex wp-container-core-buttons-is-layout-16018d1d wp-block-buttons-is-layout-flex\">\n<div class=\"wp-block-button\"><a class=\"wp-block-button__link wp-element-button\" href=\"https:\/\/rjmusa.org\/es\/educacion\/#alumni\">Los exalumnos de las escuelas RJM pueden conectarse con las hermanas<\/a><\/div>\n<\/div>\n\n\n\n<h2 class=\"wp-block-heading has-text-align-center\">Ministerios Educativos RJM en Hait\u00ed<\/h2>\n\n\n\n<div class=\"wp-block-buttons is-content-justification-center is-layout-flex wp-container-core-buttons-is-layout-16018d1d wp-block-buttons-is-layout-flex\">\n<div class=\"wp-block-button\"><a class=\"wp-block-button__link wp-element-button\" href=\"https:\/\/rjmusa.org\/es\/haiti\/\">Conozca m\u00e1s sobre los Ministerios RJM en Hait\u00ed<\/a><\/div>\n<\/div>\n\n\n\n<h2 class=\"wp-block-heading has-text-align-center\">Ministerios Educativos RJM alrededor del mundo<\/h2>\n\n\n\n<div class=\"wp-block-buttons is-content-justification-center is-layout-flex wp-container-core-buttons-is-layout-16018d1d wp-block-buttons-is-layout-flex\">\n<div class=\"wp-block-button\"><a class=\"wp-block-button__link wp-element-button\" href=\"https:\/\/rjmusa.org\/es\/educacion\/\">CONOCE M\u00c1S SOBRE EL COMPROMISO GLOBAL DE RJM CON LA EDUCACI\u00d3N<\/a><\/div>\n<\/div>","protected":false},"excerpt":{"rendered":"<p>Escuela Montessori Thevenet (Highland Mills, NY) La Escuela Montessori Thevenet se expandeThe Photo News \u2013 20 de abril de 2016 Un centenario sentimentalThe Photo News \u2013 22 de febrero de 2012 Las hermanas de Washington School for Girls (DC) colaboran para una educaci\u00f3n equitativa en Washington School for GirlsGlobal Sisters Report \u2013 12 de septiembre de 2024 La Escuela Montessori Washington School for Girls inaugura $25M\u2026<\/p>","protected":false},"author":7,"featured_media":0,"parent":0,"menu_order":0,"comment_status":"closed","ping_status":"closed","template":"","meta":{"_kad_blocks_custom_css":"","_kad_blocks_head_custom_js":"","_kad_blocks_body_custom_js":"","_kad_blocks_footer_custom_js":"","_kad_post_transparent":"","_kad_post_title":"","_kad_post_layout":"","_kad_post_sidebar_id":"","_kad_post_content_style":"","_kad_post_vertical_padding":"","_kad_post_feature":"","_kad_post_feature_position":"","_kad_post_header":false,"_kad_post_footer":false,"footnotes":""},"section":[215],"class_list":["post-2314","page","type-page","status-publish","hentry","section-news"],"acf":[],"taxonomy_info":{"section":[{"value":215,"label":"RJM News"}]},"featured_image_src_large":false,"author_info":{"display_name":"Toby Harkleroad","author_link":"https:\/\/rjmusa.org\/es\/author\/toby\/"},"comment_info":0,"_links":{"self":[{"href":"https:\/\/rjmusa.org\/es\/wp-json\/wp\/v2\/pages\/2314","targetHints":{"allow":["GET"]}}],"collection":[{"href":"https:\/\/rjmusa.org\/es\/wp-json\/wp\/v2\/pages"}],"about":[{"href":"https:\/\/rjmusa.org\/es\/wp-json\/wp\/v2\/types\/page"}],"author":[{"embeddable":true,"href":"https:\/\/rjmusa.org\/es\/wp-json\/wp\/v2\/users\/7"}],"replies":[{"embeddable":true,"href":"https:\/\/rjmusa.org\/es\/wp-json\/wp\/v2\/comments?post=2314"}],"version-history":[{"count":0,"href":"https:\/\/rjmusa.org\/es\/wp-json\/wp\/v2\/pages\/2314\/revisions"}],"wp:attachment":[{"href":"https:\/\/rjmusa.org\/es\/wp-json\/wp\/v2\/media?parent=2314"}],"wp:term":[{"taxonomy":"section","embeddable":true,"href":"https:\/\/rjmusa.org\/es\/wp-json\/wp\/v2\/section?post=2314"}],"curies":[{"name":"wp","href":"https:\/\/api.w.org\/{rel}","templated":true}]}}