{"id":2424,"date":"2024-05-10T21:41:43","date_gmt":"2024-05-11T01:41:43","guid":{"rendered":"https:\/\/rjmusa.org\/?page_id=2424"},"modified":"2025-04-24T11:49:04","modified_gmt":"2025-04-24T15:49:04","slug":"border-ministry","status":"publish","type":"page","link":"https:\/\/rjmusa.org\/es\/ministerio-fronterizo\/","title":{"rendered":"Ministerio de Fronteras para Migrantes"},"content":{"rendered":"<div class=\"wp-block-columns is-layout-flex wp-container-core-columns-is-layout-9d6595d7 wp-block-columns-is-layout-flex\">\n<div class=\"wp-block-column is-layout-flow wp-block-column-is-layout-flow\" style=\"flex-basis:66.66%\">\n<p>Las Religiosas de Jes\u00fas y Mar\u00eda han ministrado a lo largo de la frontera entre Estados Unidos y M\u00e9xico durante muchos a\u00f1os. Los ministerios han incluido escuelas, residencias y otros proyectos en Texas y California.<\/p>\n\n\n\n<p>Hoy, los RJM en San Diego son parte de una comunidad intercongregacional y participan en la <strong>Hermanas Colaborativas para Ministerios Fronterizos<\/strong> con religiosas de otras 11 congregaciones. <\/p>\n<\/div>\n\n\n\n<div class=\"wp-block-column is-layout-flow wp-block-column-is-layout-flow\" style=\"flex-basis:33.33%\"><div class=\"wp-block-image\">\n<figure class=\"aligncenter size-full is-resized\"><img loading=\"lazy\" decoding=\"async\" width=\"418\" height=\"224\" src=\"https:\/\/rjmusa.org\/wp-content\/uploads\/2024\/05\/hands-across-border-fence.jpg\" alt=\"\" class=\"wp-image-2425\" style=\"width:341px;height:auto\" srcset=\"https:\/\/rjmusa.org\/wp-content\/uploads\/2024\/05\/hands-across-border-fence.jpg 418w, https:\/\/rjmusa.org\/wp-content\/uploads\/2024\/05\/hands-across-border-fence-300x161.jpg 300w, https:\/\/rjmusa.org\/wp-content\/uploads\/2024\/05\/hands-across-border-fence-18x10.jpg 18w\" sizes=\"auto, (max-width: 418px) 100vw, 418px\" \/><\/figure>\n<\/div><\/div>\n<\/div>\n\n\n\n<p>El Ministerio Fronterizo para Migrantes de RJM ha trabajado con Caridades Cat\u00f3licas y Servicios para Familias Jud\u00edas en el lado estadounidense de la frontera y el refugio Madre Asunta y <a href=\"https:\/\/casadelospobresusa.com\/\" target=\"_blank\" rel=\"noreferrer noopener\">Casa de los Pobres<\/a> del lado de Tijuana.<\/p>\n\n\n<div class=\"wp-block-image\">\n<figure class=\"aligncenter size-full\"><img loading=\"lazy\" decoding=\"async\" width=\"198\" height=\"265\" src=\"https:\/\/rjmusa.org\/wp-content\/uploads\/2025\/04\/Transborder-Coalition-1.png\" alt=\"\" class=\"wp-image-2581\" srcset=\"https:\/\/rjmusa.org\/wp-content\/uploads\/2025\/04\/Transborder-Coalition-1.png 198w, https:\/\/rjmusa.org\/wp-content\/uploads\/2025\/04\/Transborder-Coalition-1-9x12.png 9w\" sizes=\"auto, (max-width: 198px) 100vw, 198px\" \/><\/figure>\n<\/div>\n\n\n<p>Esta iniciativa cuenta con el apoyo de la UISG (Uni\u00f3n Internacional de Superioras Generales), la Fundaci\u00f3n Conrad N. Hilton y muchos individuos y grupos a trav\u00e9s de donaciones a las congregaciones de hermanas involucradas en la colaboraci\u00f3n. Puedes apoyar al Ministerio Fronterizo para Migrantes de RJM a trav\u00e9s de la oraci\u00f3n y con asistencia financiera.<\/p>\n\n\n<div class=\"wp-block-image\">\n<figure class=\"aligncenter size-large is-resized\"><img loading=\"lazy\" decoding=\"async\" width=\"1024\" height=\"768\" src=\"https:\/\/rjmusa.org\/wp-content\/uploads\/2024\/05\/20240325_192145-1024x768.jpg\" alt=\"\" class=\"wp-image-2426\" style=\"width:447px;height:auto\" srcset=\"https:\/\/rjmusa.org\/wp-content\/uploads\/2024\/05\/20240325_192145-1024x768.jpg 1024w, https:\/\/rjmusa.org\/wp-content\/uploads\/2024\/05\/20240325_192145-300x225.jpg 300w, https:\/\/rjmusa.org\/wp-content\/uploads\/2024\/05\/20240325_192145-768x576.jpg 768w, https:\/\/rjmusa.org\/wp-content\/uploads\/2024\/05\/20240325_192145-1536x1152.jpg 1536w, https:\/\/rjmusa.org\/wp-content\/uploads\/2024\/05\/20240325_192145-2048x1536.jpg 2048w, https:\/\/rjmusa.org\/wp-content\/uploads\/2024\/05\/20240325_192145-16x12.jpg 16w\" sizes=\"auto, (max-width: 1024px) 100vw, 1024px\" \/><\/figure>\n<\/div>\n\n\n<div class=\"wp-block-group is-content-justification-center is-nowrap is-layout-flex wp-container-core-group-is-layout-94bc23d7 wp-block-group-is-layout-flex\">\n<div class=\"wp-block-columns are-vertically-aligned-center is-layout-flex wp-container-core-columns-is-layout-9d6595d7 wp-block-columns-is-layout-flex\">\n<div class=\"wp-block-column is-vertically-aligned-center is-layout-flow wp-block-column-is-layout-flow\" style=\"flex-basis:40%\">\n<givebutter-widget id=\"prQe5g\"><\/givebutter-widget>\n<\/div>\n<\/div>\n<\/div>\n\n\n<div class=\"wp-block-image\">\n<figure class=\"aligncenter size-large is-resized\"><img loading=\"lazy\" decoding=\"async\" width=\"1024\" height=\"861\" src=\"https:\/\/rjmusa.org\/wp-content\/uploads\/2024\/05\/IMG_7628-1024x861.jpg\" alt=\"\" class=\"wp-image-2427\" style=\"width:436px;height:auto\" srcset=\"https:\/\/rjmusa.org\/wp-content\/uploads\/2024\/05\/IMG_7628-1024x861.jpg 1024w, https:\/\/rjmusa.org\/wp-content\/uploads\/2024\/05\/IMG_7628-300x252.jpg 300w, https:\/\/rjmusa.org\/wp-content\/uploads\/2024\/05\/IMG_7628-768x645.jpg 768w, https:\/\/rjmusa.org\/wp-content\/uploads\/2024\/05\/IMG_7628-1536x1291.jpg 1536w, https:\/\/rjmusa.org\/wp-content\/uploads\/2024\/05\/IMG_7628-2048x1721.jpg 2048w, https:\/\/rjmusa.org\/wp-content\/uploads\/2024\/05\/IMG_7628-14x12.jpg 14w\" sizes=\"auto, (max-width: 1024px) 100vw, 1024px\" \/><\/figure>\n<\/div>\n\n\n<p class=\"has-text-align-center\"><em><strong>Conozca m\u00e1s sobre la palabra de la RJM y otras hermanas involucradas en la Transfronteriza<br>Coalici\u00f3n de Ministerios Fronterizos<\/strong><\/em><\/p>\n\n\n\n<p class=\"has-text-align-center\"><a href=\"https:\/\/www.ncronline.org\/migration\/california-sisters-form-coalition-help-migrants-border\"><strong>Hermanas de California forman coalici\u00f3n para ayudar a migrantes en la frontera<\/strong><\/a><br>Informe de las Hermanas Globales \u2013 17 de abril de 2025<\/p>\n\n\n\n<p class=\"has-text-align-center\"><a href=\"https:\/\/www.globalsistersreport.org\/sisters-support-migrants-need-through-nonprofit-border-compassion\"><strong>Las hermanas apoyan a los migrantes necesitados a trav\u00e9s de la organizaci\u00f3n sin fines de lucro Border Compassion<\/strong><\/a><br>Informe de las Hermanas Globales \u2013 7 de abril de 2025<\/p>\n\n\n\n<p class=\"has-text-align-center\"><a href=\"https:\/\/ccdsd.org\/sisters-in-action\/\"><strong>Hermanas en acci\u00f3n<\/strong><\/a><br>Caridades Cat\u00f3licas de la Di\u00f3cesis de San Diego<\/p>\n\n\n\n<p class=\"has-text-align-center\"><a href=\"https:\/\/youtu.be\/dnt4OK3IE6I?si=R1vVI9e1Gm6kdg0H\"><strong>Redes hermanas construyen esperanza en la frontera entre Estados Unidos y M\u00e9xico<\/strong><\/a> (video)<br>Centro de Religi\u00f3n y Cultura C\u00edvica de la USC \u2013 11 de octubre de 2023<\/p>\n\n\n\n<div class=\"wp-block-columns is-layout-flex wp-container-core-columns-is-layout-9d6595d7 wp-block-columns-is-layout-flex\">\n<div class=\"wp-block-column is-vertically-aligned-top is-layout-flow wp-block-column-is-layout-flow\" style=\"flex-basis:33.33%\"><div class=\"wp-block-image is-style-default\">\n<figure class=\"alignright size-large is-resized\"><a href=\"https:\/\/www.shcj.org\/american\/wp-content\/uploads\/sites\/2\/2025\/03\/44750-SHCJ_Actions_January-2025_FINAL.pdf\"><img loading=\"lazy\" decoding=\"async\" width=\"791\" height=\"1024\" src=\"https:\/\/rjmusa.org\/wp-content\/uploads\/2025\/04\/SHCJ-Actions-791x1024.png\" alt=\"\" class=\"wp-image-2579\" style=\"width:206px;height:auto\" srcset=\"https:\/\/rjmusa.org\/wp-content\/uploads\/2025\/04\/SHCJ-Actions-791x1024.png 791w, https:\/\/rjmusa.org\/wp-content\/uploads\/2025\/04\/SHCJ-Actions-232x300.png 232w, https:\/\/rjmusa.org\/wp-content\/uploads\/2025\/04\/SHCJ-Actions-768x994.png 768w, https:\/\/rjmusa.org\/wp-content\/uploads\/2025\/04\/SHCJ-Actions-1187x1536.png 1187w, https:\/\/rjmusa.org\/wp-content\/uploads\/2025\/04\/SHCJ-Actions-9x12.png 9w, https:\/\/rjmusa.org\/wp-content\/uploads\/2025\/04\/SHCJ-Actions.png 1334w\" sizes=\"auto, (max-width: 791px) 100vw, 791px\" \/><\/a><\/figure>\n<\/div><\/div>\n\n\n\n<div class=\"wp-block-column is-layout-flow wp-block-column-is-layout-flow\" style=\"flex-basis:66.66%\">\n<p><br>Las hermanas RJM, Rosie Nicholson y Sandra Salazar, aparecen en la portada de invierno de 2025 de la revista <a href=\"https:\/\/www.shcj.org\/american\/\">Sociedad del Santo Ni\u00f1o Jes\u00fas<\/a>&#8216; <em>Comportamiento <\/em>hoja informativa. <\/p>\n\n\n\n<p>Las Hermanas del Santo Ni\u00f1o se asocian con las Religiosas de Jes\u00fas y Mar\u00eda en San Diego en la Coalici\u00f3n Transfronteriza para Ministerios Fronterizos y se asociaron con el RJM, junto con el Consejo Nacional de Mujeres Negras, para fundar la <a href=\"https:\/\/washingtonschoolforgirls.org\/\">Escuela de Washington para ni\u00f1as<\/a> en DC.<\/p>\n\n\n\n<p><a href=\"https:\/\/www.shcj.org\/american\/wp-content\/uploads\/sites\/2\/2025\/03\/44750-SHCJ_Actions_January-2025_FINAL.pdf\">Lea m\u00e1s sobre la coalici\u00f3n<\/a> en las p\u00e1ginas 2-3 del bolet\u00edn de SHCJ<\/p>\n<\/div>\n<\/div>\n\n\n\n<p><\/p>","protected":false},"excerpt":{"rendered":"<p>Las Religiosas de Jes\u00fas y Mar\u00eda han trabajado en la frontera entre Estados Unidos y M\u00e9xico durante muchos a\u00f1os. Entre sus ministerios se encuentran escuelas, residencias y otros proyectos en Texas y California. Hoy, las Religiosas de Jes\u00fas y Mar\u00eda de San Diego forman parte de una comunidad intercongregacional y participan en la Colaboraci\u00f3n de Hermanas para los Ministerios Fronterizos junto con religiosas de otros 11 pa\u00edses\u2026<\/p>","protected":false},"author":7,"featured_media":2425,"parent":0,"menu_order":0,"comment_status":"closed","ping_status":"closed","template":"","meta":{"_kad_blocks_custom_css":"","_kad_blocks_head_custom_js":"","_kad_blocks_body_custom_js":"","_kad_blocks_footer_custom_js":"","_kad_post_transparent":"default","_kad_post_title":"","_kad_post_layout":"","_kad_post_sidebar_id":"","_kad_post_content_style":"","_kad_post_vertical_padding":"","_kad_post_feature":"hide","_kad_post_feature_position":"default","_kad_post_header":false,"_kad_post_footer":false,"footnotes":""},"section":[191],"class_list":["post-2424","page","type-page","status-publish","has-post-thumbnail","hentry","section-our-mission"],"acf":[],"taxonomy_info":{"section":[{"value":191,"label":"Our Mission"}]},"featured_image_src_large":["https:\/\/rjmusa.org\/wp-content\/uploads\/2024\/05\/hands-across-border-fence.jpg",418,224,false],"author_info":{"display_name":"Toby Harkleroad","author_link":"https:\/\/rjmusa.org\/es\/author\/toby\/"},"comment_info":0,"_links":{"self":[{"href":"https:\/\/rjmusa.org\/es\/wp-json\/wp\/v2\/pages\/2424","targetHints":{"allow":["GET"]}}],"collection":[{"href":"https:\/\/rjmusa.org\/es\/wp-json\/wp\/v2\/pages"}],"about":[{"href":"https:\/\/rjmusa.org\/es\/wp-json\/wp\/v2\/types\/page"}],"author":[{"embeddable":true,"href":"https:\/\/rjmusa.org\/es\/wp-json\/wp\/v2\/users\/7"}],"replies":[{"embeddable":true,"href":"https:\/\/rjmusa.org\/es\/wp-json\/wp\/v2\/comments?post=2424"}],"version-history":[{"count":0,"href":"https:\/\/rjmusa.org\/es\/wp-json\/wp\/v2\/pages\/2424\/revisions"}],"wp:featuredmedia":[{"embeddable":true,"href":"https:\/\/rjmusa.org\/es\/wp-json\/wp\/v2\/media\/2425"}],"wp:attachment":[{"href":"https:\/\/rjmusa.org\/es\/wp-json\/wp\/v2\/media?parent=2424"}],"wp:term":[{"taxonomy":"section","embeddable":true,"href":"https:\/\/rjmusa.org\/es\/wp-json\/wp\/v2\/section?post=2424"}],"curies":[{"name":"wp","href":"https:\/\/api.w.org\/{rel}","templated":true}]}}