{"id":1399,"date":"2016-09-13T14:43:42","date_gmt":"2016-09-13T18:43:42","guid":{"rendered":"https:\/\/rjm.local\/foundress\/"},"modified":"2023-12-08T13:58:44","modified_gmt":"2023-12-08T18:58:44","slug":"foundress","status":"publish","type":"page","link":"https:\/\/rjmusa.org\/fr\/fondatrice\/","title":{"rendered":"Notre Fondatrice"},"content":{"rendered":"<h2 class=\"wp-block-heading\">SAINTE CLAUDINE TH\u00c9VENET, 1774-1837<\/h2>\n\n\n\n<h3 class=\"wp-block-heading\">Une femme de \u00ab grand courage \u00bb<\/h3>\n\n\n<div class=\"wp-block-image\">\n<figure class=\"alignright size-full\"><img loading=\"lazy\" decoding=\"async\" width=\"165\" height=\"338\" src=\"https:\/\/rjmusa.org\/wp-content\/uploads\/2016\/06\/StatueFourviere.jpg\" alt=\"Sainte Claudine Th\u00e9venet, 1774-1837 Fondatrice des Religieuses de J\u00e9sus et Marie \" class=\"wp-image-1398\" srcset=\"https:\/\/rjmusa.org\/wp-content\/uploads\/2016\/06\/StatueFourviere.jpg 165w, https:\/\/rjmusa.org\/wp-content\/uploads\/2016\/06\/StatueFourviere-146x300.jpg 146w\" sizes=\"auto, (max-width: 165px) 100vw, 165px\" \/><figcaption class=\"wp-element-caption\">Sainte Claudine Th\u00e9venet, 1774-1837 Fondatrice des Religieuses de J\u00e9sus et Marie <\/figcaption><\/figure>\n<\/div>\n\n\n<p>Cette femme courageuse est n\u00e9e \u00e0 Lyon, en France, la deuxi\u00e8me des sept enfants d&#039;un marchand de soie, dont le surnom familial \u00e9tait \u00ab Glady \u00bb. En 1789, la R\u00e9volution fran\u00e7aise s\u00e8me le chaos dans sa vie et dans son monde.&nbsp;<\/p>\n\n\n\n<p>Lyon fut assi\u00e9g\u00e9e et nombre de ses citoyens, dont deux des fr\u00e8res de Claudine, rejoignirent le mouvement de r\u00e9sistance anti-r\u00e9volutionnaire. Ils furent captur\u00e9s et emprisonn\u00e9s, puis condamn\u00e9s \u00e0 mort par un peloton d&#039;ex\u00e9cution en janvier 1794. Claudine leur rendit courageusement visite en prison et d\u00e9cida de les accompagner jusqu&#039;aux champs de bataille, o\u00f9 elle fut t\u00e9moin de leur ex\u00e9cution brutale. Sur le chemin de leur mort, les fr\u00e8res lui remirent une lettre pour la famille et prononc\u00e8rent leurs derni\u00e8res paroles : \u00ab<strong>Pardonne, Glady, comme nous pardonnons.<\/strong>\u00bb Une partie d&#039;elle est morte avec eux ce jour-l\u00e0, mais leur message l&#039;a invit\u00e9e \u00e0 une nouvelle vie et \u00e0 un p\u00e8lerinage de courage, de compassion et de pardon.&nbsp;&nbsp;<\/p>\n\n\n\n<p>\u00c0 partir de ce moment, Claudine consacre sa vie et ses ressources \u00e0 att\u00e9nuer les ravages moraux et physiques laiss\u00e9s par le chaos de cette p\u00e9riode. Elle en est venue \u00e0 n&#039;avoir qu&#039;une seule conviction : que <strong>le plus grand malheur est de vivre et de mourir sans conna\u00eetre Dieu<\/strong>. En 1818, sous la direction de son conseiller spirituel, elle rassemble autour d&#039;elle des amis pour offrir un abri et une \u00e9ducation de base aux jeunes filles pauvres en danger, qu&#039;elle consid\u00e8re comme \u00ab les plus faibles, les plus honteuses, les plus d\u00e9munies \u00bb des victimes de la Terreur qui avait ravag\u00e9 la France. Les d\u00e9buts de sa congr\u00e9gation religieuse ont \u00e9t\u00e9 \u00ab fond\u00e9s sur rien \u00bb, comme l\u2019\u00e9crira plus tard son neveu : tout a commenc\u00e9 dans un petit appartement, avec un enfant, un ouvrier et un mobilier clairsem\u00e9.<\/p>\n\n\n\n<p>A l\u2019origine pieuse association paroissiale de la\u00efques, pr\u00e9sid\u00e9e par Claudine, les s\u0153urs de la nouvelle congr\u00e9gation religieuse commencent \u00e0 venir en aide aux orphelins et aux filles des tisserands pauvres de la r\u00e9gion lyonnaise dans des \u00e9coles de travail appel\u00e9es \u00ab providences \u00bb. Plus tard, ils dirig\u00e8rent des internats pour les filles de familles plus ais\u00e9es. Cependant, il a toujours \u00e9t\u00e9 clair pour tout le monde que les pr\u00e9f\u00e9rences de Claudine allaient vers les pauvres et les personnes les plus \u00e0 risque. Sa confiance en la bont\u00e9 de Dieu lui a donn\u00e9 le courage d&#039;entreprendre des \u0153uvres qui semblaient t\u00e9m\u00e9raires.<\/p>\n\n\n\n<p>Ses derniers mots restent un h\u00e9ritage pour ses s\u0153urs : \u00ab<strong>Comme Dieu est bon<\/strong>&#8220;!<\/p>\n\n\n\n<p>A la mort de Claudine en 1837, son institut semble en d\u00e9clin : des cinq \u00e9tablissements qu&#039;elle a fond\u00e9s, il n&#039;en reste que trois, tous situ\u00e9s dans un rayon de cinquante kilom\u00e8tres autour de Lyon. Pourtant, sa foi et sa confiance ont port\u00e9 leurs fruits. En 1842, un petit groupe de s\u0153urs partit pour Agra, en Inde. Aujourd&#039;hui, il y a plus de 1 000 Religieux de J\u00e9sus et Marie qui exercent leur minist\u00e8re dans 29 pays, partageant la bont\u00e9 et l&#039;amour qui pardonne Claudine voulait tant offrir aux enfants de son temps.\u00a0<\/p>\n\n\n\n<p><strong>L&#039;un des premiers documents de la congr\u00e9gation fait l&#039;\u00e9loge de son \u00ab grand courage \u00bb. Ce courage continue d\u2019inspirer ses s\u0153urs et associ\u00e9es aujourd\u2019hui, dans un monde d\u00e9chir\u00e9 par la violence et la pauvret\u00e9. <\/strong><\/p>\n\n\n\n<p>Lire <a href=\"https:\/\/rjmusa.org\/fr\/histoire\/\">plus sur l&#039;histoire<\/a> de la Congr\u00e9gation des Religieux de J\u00e9sus et Marie et sur la Province USA-Ha\u00efti.<\/p>","protected":false},"excerpt":{"rendered":"<p>Cette femme courageuse est n\u00e9e \u00e0 Lyon, en France, la deuxi\u00e8me des sept enfants d&#039;un marchand de soie, dont le surnom familial \u00e9tait \u00ab Glady \u00bb.&nbsp;<strong> En 1789, la R\u00e9volution fran\u00e7aise s\u00e8me le chaos dans sa vie et dans son monde.<\/strong> Lyon fut assi\u00e9g\u00e9e et nombre de ses citoyens, dont deux des fr\u00e8res de Claudine, rejoignirent le mouvement de r\u00e9sistance anti-r\u00e9volutionnaire. Ils furent captur\u00e9s et emprisonn\u00e9s et condamn\u00e9s \u00e0 mort par un peloton d&#039;ex\u00e9cution en janvier 1794.&nbsp;&nbsp;&nbsp;<\/p>","protected":false},"author":2,"featured_media":1398,"parent":0,"menu_order":0,"comment_status":"closed","ping_status":"closed","template":"","meta":{"_kad_blocks_custom_css":"","_kad_blocks_head_custom_js":"","_kad_blocks_body_custom_js":"","_kad_blocks_footer_custom_js":"","_kad_post_transparent":"","_kad_post_title":"","_kad_post_layout":"","_kad_post_sidebar_id":"","_kad_post_content_style":"","_kad_post_vertical_padding":"","_kad_post_feature":"","_kad_post_feature_position":"","_kad_post_header":false,"_kad_post_footer":false,"footnotes":""},"section":[190],"class_list":["post-1399","page","type-page","status-publish","has-post-thumbnail","hentry","section-our-story"],"acf":[],"taxonomy_info":{"section":[{"value":190,"label":"Our Story"}]},"featured_image_src_large":["https:\/\/rjmusa.org\/wp-content\/uploads\/2016\/06\/StatueFourviere.jpg",165,338,false],"author_info":{"display_name":"root","author_link":"https:\/\/rjmusa.org\/fr\/author\/root\/"},"comment_info":0,"_links":{"self":[{"href":"https:\/\/rjmusa.org\/fr\/wp-json\/wp\/v2\/pages\/1399","targetHints":{"allow":["GET"]}}],"collection":[{"href":"https:\/\/rjmusa.org\/fr\/wp-json\/wp\/v2\/pages"}],"about":[{"href":"https:\/\/rjmusa.org\/fr\/wp-json\/wp\/v2\/types\/page"}],"author":[{"embeddable":true,"href":"https:\/\/rjmusa.org\/fr\/wp-json\/wp\/v2\/users\/2"}],"replies":[{"embeddable":true,"href":"https:\/\/rjmusa.org\/fr\/wp-json\/wp\/v2\/comments?post=1399"}],"version-history":[{"count":0,"href":"https:\/\/rjmusa.org\/fr\/wp-json\/wp\/v2\/pages\/1399\/revisions"}],"wp:featuredmedia":[{"embeddable":true,"href":"https:\/\/rjmusa.org\/fr\/wp-json\/wp\/v2\/media\/1398"}],"wp:attachment":[{"href":"https:\/\/rjmusa.org\/fr\/wp-json\/wp\/v2\/media?parent=1399"}],"wp:term":[{"taxonomy":"section","embeddable":true,"href":"https:\/\/rjmusa.org\/fr\/wp-json\/wp\/v2\/section?post=1399"}],"curies":[{"name":"wp","href":"https:\/\/api.w.org\/{rel}","templated":true}]}}