{"id":1409,"date":"2016-09-07T11:25:52","date_gmt":"2016-09-07T15:25:52","guid":{"rendered":"https:\/\/rjm.local\/new-hampshire\/"},"modified":"2023-05-17T13:50:51","modified_gmt":"2023-05-17T17:50:51","slug":"new-hampshire","status":"publish","type":"page","link":"https:\/\/rjmusa.org\/fr\/histoire\/new-hampshire\/","title":{"rendered":"New Hampshire"},"content":{"rendered":"<p>La Mission Saint-Augustin \u00e0 Manchester a \u00e9t\u00e9 fond\u00e9e en 1881 \u00e0 Fall River. Monseigneur Healy, \u00e9v\u00eaque du dioc\u00e8se et P\u00e8re Augustin Chevalier, cur\u00e9 de la paroisse ont demand\u00e9 aux Religieux de J\u00e9sus et Marie de fonder une \u00e9cole. En r\u00e9ponse \u00e0 cette demande, quatre s\u0153urs commenc\u00e8rent l&#039;apostolat dans le New Hampshire. Comme il n\u2019y avait pas de b\u00e2timent pour une \u00e9cole, ils ont commenc\u00e9 la t\u00e2che ardue d\u2019\u00e9duquer 400 \u00e9l\u00e8ves dans l\u2019\u00e9glise.<\/p>\n<p>En 1889, les Fr\u00e8res du Sacr\u00e9-C\u0153ur prennent en charge les gar\u00e7ons et en 1903, l&#039;\u00e9cole des filles est transf\u00e9r\u00e9e dans un autre b\u00e2timent avec une belle chapelle attenante.<\/p>\n<p>En 1907, les Religieux de J\u00e9sus et Marie acqui\u00e8rent une ferme, un site pittoresque pr\u00e8s de Goffstown. En 15 ans, la ferme devient un magnifique domaine o\u00f9, en 1918, fut ouvert un grand internat, nomm\u00e9 Villa Augustina. Plus tard, le couvent de Manchester fut ferm\u00e9 et la communaut\u00e9 fut transf\u00e9r\u00e9e \u00e0 Goffstown.<\/p>\n<p>Lorsque les Religieuses de J\u00e9sus et Marie ne pouvaient plus soutenir l&#039;apostolat, l&#039;\u00e9cole fut transf\u00e9r\u00e9e \u00e0 un conseil la\u00efc qui continua \u00e0 \u00e9duquer les \u00e9l\u00e8ves dans le charisme de Claudine.<\/p>","protected":false},"excerpt":{"rendered":"<p>La Mission Saint-Augustin de Manchester fut fond\u00e9e en 1881 \u00e0 Fall River. Monseigneur Healy, \u00e9v\u00eaque du dioc\u00e8se, et le p\u00e8re Augustin Chevalier, cur\u00e9 de la paroisse, demand\u00e8rent aux Religieuses de J\u00e9sus-Marie de fonder une \u00e9cole. En r\u00e9ponse \u00e0 cette demande, quatre s\u0153urs commenc\u00e8rent leur apostolat dans le New Hampshire. Faute de\u2026<\/p>","protected":false},"author":2,"featured_media":0,"parent":1395,"menu_order":0,"comment_status":"closed","ping_status":"closed","template":"","meta":{"_kad_blocks_custom_css":"","_kad_blocks_head_custom_js":"","_kad_blocks_body_custom_js":"","_kad_blocks_footer_custom_js":"","_kad_post_transparent":"","_kad_post_title":"","_kad_post_layout":"","_kad_post_sidebar_id":"","_kad_post_content_style":"","_kad_post_vertical_padding":"","_kad_post_feature":"","_kad_post_feature_position":"","_kad_post_header":false,"_kad_post_footer":false,"footnotes":""},"section":[],"class_list":["post-1409","page","type-page","status-publish","hentry"],"acf":[],"taxonomy_info":[],"featured_image_src_large":false,"author_info":{"display_name":"root","author_link":"https:\/\/rjmusa.org\/fr\/author\/root\/"},"comment_info":0,"_links":{"self":[{"href":"https:\/\/rjmusa.org\/fr\/wp-json\/wp\/v2\/pages\/1409","targetHints":{"allow":["GET"]}}],"collection":[{"href":"https:\/\/rjmusa.org\/fr\/wp-json\/wp\/v2\/pages"}],"about":[{"href":"https:\/\/rjmusa.org\/fr\/wp-json\/wp\/v2\/types\/page"}],"author":[{"embeddable":true,"href":"https:\/\/rjmusa.org\/fr\/wp-json\/wp\/v2\/users\/2"}],"replies":[{"embeddable":true,"href":"https:\/\/rjmusa.org\/fr\/wp-json\/wp\/v2\/comments?post=1409"}],"version-history":[{"count":0,"href":"https:\/\/rjmusa.org\/fr\/wp-json\/wp\/v2\/pages\/1409\/revisions"}],"up":[{"embeddable":true,"href":"https:\/\/rjmusa.org\/fr\/wp-json\/wp\/v2\/pages\/1395"}],"wp:attachment":[{"href":"https:\/\/rjmusa.org\/fr\/wp-json\/wp\/v2\/media?parent=1409"}],"wp:term":[{"taxonomy":"section","embeddable":true,"href":"https:\/\/rjmusa.org\/fr\/wp-json\/wp\/v2\/section?post=1409"}],"curies":[{"name":"wp","href":"https:\/\/api.w.org\/{rel}","templated":true}]}}