{"id":1411,"date":"2016-09-07T11:27:06","date_gmt":"2016-09-07T15:27:06","guid":{"rendered":"https:\/\/rjm.local\/rhode-island\/"},"modified":"2023-06-19T15:18:28","modified_gmt":"2023-06-19T19:18:28","slug":"rhode-island","status":"publish","type":"page","link":"https:\/\/rjmusa.org\/fr\/histoire\/rhode-island\/","title":{"rendered":"Rhode Island"},"content":{"rendered":"<style>.wp-block-kadence-advancedgallery .kb-gallery-type-masonry.kb-gallery-id-_8be711-02{margin:-5px;}.kb-gallery-type-masonry.kb-gallery-id-_8be711-02 .kadence-blocks-gallery-item{padding:5px;}.kb-gallery-id-_8be711-02 .kadence-blocks-gallery-item .kb-gal-image-radius{border-radius:0px 0px 0px 0px;}.kb-gallery-id-_8be711-02 .kadence-blocks-gallery-item .kadence-blocks-gallery-item-inner .kadence-blocks-gallery-item__caption{background:linear-gradient( 0deg, rgba(0, 0, 0, 0.5) 0, rgba(0, 0, 0, 0) 100% );}.kb-gallery-caption-style-cover-hover.kb-gallery-id-_8be711-02 .kadence-blocks-gallery-item .kadence-blocks-gallery-item-inner .kadence-blocks-gallery-item__caption, .kb-gallery-caption-style-below.kb-gallery-id-_8be711-02 .kadence-blocks-gallery-item .kadence-blocks-gallery-item-inner .kadence-blocks-gallery-item__caption{background:rgba(0, 0, 0, 0.5);}<\/style><div class=\"kb-gallery-wrap-id-_8be711-02 alignnone wp-block-kadence-advancedgallery\"><ul class=\"kb-gallery-ul kb-gallery-non-static kb-gallery-type-masonry kb-masonry-init kb-gallery-id-_8be711-02 kb-gallery-caption-style-bottom kb-gallery-filter-none\" data-image-filter=\"none\" data-item-selector=\".kadence-blocks-gallery-item\" data-lightbox-caption=\"true\" data-columns-xxl=\"3\" data-columns-xl=\"3\" data-columns-md=\"3\" data-columns-sm=\"2\" data-columns-xs=\"1\" data-columns-ss=\"1\"><li class=\"kadence-blocks-gallery-item\"><div class=\"kadence-blocks-gallery-item-inner\"><figure class=\"kb-gallery-figure kadence-blocks-gallery-item-has-caption\" \"><div class=\"kb-gal-image-radius\" style=\"max-width:1024px;\"><div class=\"kb-gallery-image-contain kadence-blocks-gallery-intrinsic\" style=\"padding-bottom:66%;\"><img loading=\"lazy\" decoding=\"async\" src=\"https:\/\/rjmusa.org\/wp-content\/uploads\/2016\/08\/IMG_9279-1024x683.jpg\" width=\"1024\" height=\"683\" alt=\"Couvent de la Sainte Famille\" data-full-image=\"https:\/\/rjmusa.org\/wp-content\/uploads\/2016\/08\/IMG_9279-scaled.jpg\" data-light-image=\"https:\/\/rjmusa.org\/wp-content\/uploads\/2016\/08\/IMG_9279-scaled.jpg\" data-id=\"1410\" class=\"wp-image-1410\" srcset=\"https:\/\/rjmusa.org\/wp-content\/uploads\/2016\/08\/IMG_9279-1024x683.jpg 1024w, https:\/\/rjmusa.org\/wp-content\/uploads\/2016\/08\/IMG_9279-300x200.jpg 300w, https:\/\/rjmusa.org\/wp-content\/uploads\/2016\/08\/IMG_9279-768x512.jpg 768w, https:\/\/rjmusa.org\/wp-content\/uploads\/2016\/08\/IMG_9279-1536x1024.jpg 1536w, https:\/\/rjmusa.org\/wp-content\/uploads\/2016\/08\/IMG_9279-2048x1365.jpg 2048w, https:\/\/rjmusa.org\/wp-content\/uploads\/2016\/08\/IMG_9279-1200x800.jpg 1200w, https:\/\/rjmusa.org\/wp-content\/uploads\/2016\/08\/IMG_9279-1400x933.jpg 1400w\" sizes=\"auto, (max-width: 1024px) 100vw, 1024px\" \/><\/div><div class=\"kadence-blocks-gallery-item__caption\">Couvent de la Sainte Famille<\/div><\/div><\/figure><\/div><\/li><li class=\"kadence-blocks-gallery-item\"><div class=\"kadence-blocks-gallery-item-inner\"><figure class=\"kb-gallery-figure kadence-blocks-gallery-item-has-caption\" \"><div class=\"kb-gal-image-radius\" style=\"max-width:1024px;\"><div class=\"kb-gallery-image-contain kadence-blocks-gallery-intrinsic\" style=\"padding-bottom:66%;\"><img loading=\"lazy\" decoding=\"async\" src=\"https:\/\/rjmusa.org\/wp-content\/uploads\/2016\/08\/IMG_9274-1024x683.jpg\" width=\"1024\" height=\"683\" alt=\"\u00c9cole secondaire Sainte-Clare\" data-full-image=\"https:\/\/rjmusa.org\/wp-content\/uploads\/2016\/08\/IMG_9274-scaled.jpg\" data-light-image=\"https:\/\/rjmusa.org\/wp-content\/uploads\/2016\/08\/IMG_9274-scaled.jpg\" data-id=\"1412\" class=\"wp-image-1412\" srcset=\"https:\/\/rjmusa.org\/wp-content\/uploads\/2016\/08\/IMG_9274-1024x683.jpg 1024w, https:\/\/rjmusa.org\/wp-content\/uploads\/2016\/08\/IMG_9274-300x200.jpg 300w, https:\/\/rjmusa.org\/wp-content\/uploads\/2016\/08\/IMG_9274-768x512.jpg 768w, https:\/\/rjmusa.org\/wp-content\/uploads\/2016\/08\/IMG_9274-1536x1024.jpg 1536w, https:\/\/rjmusa.org\/wp-content\/uploads\/2016\/08\/IMG_9274-2048x1365.jpg 2048w, https:\/\/rjmusa.org\/wp-content\/uploads\/2016\/08\/IMG_9274-1200x800.jpg 1200w, https:\/\/rjmusa.org\/wp-content\/uploads\/2016\/08\/IMG_9274-1400x933.jpg 1400w\" sizes=\"auto, (max-width: 1024px) 100vw, 1024px\" \/><\/div><div class=\"kadence-blocks-gallery-item__caption\">\u00c9cole secondaire Sainte-Clare<\/div><\/div><\/figure><\/div><\/li><\/ul><\/div>\n\n\n<p>En 1884, le P. Charles Dauray, cur\u00e9 du Pr\u00e9cieux Sang se rend \u00e0 Sillery pour solliciter des \u00e9ducateurs pour sa paroisse. En septembre, six Religieux de J\u00e9sus et Marie sont arriv\u00e9s dans le centre industriel de Woonsocket.<\/p>\n\n\n\n<p>Les religieuses r\u00e9sidaient chez les S\u0153urs de la Mis\u00e9ricorde, prenaient leurs repas au presbyt\u00e8re et faisaient leurs cours au sous-sol de l&#039;\u00e9glise. Au bout d&#039;un an, un couvent et une \u00e9cole adapt\u00e9e furent construits.<\/p>\n\n\n\n<p>Apr\u00e8s quelques ann\u00e9es, la propri\u00e9t\u00e9 ne pouvait plus r\u00e9pondre aux besoins des enseignants et des \u00e9tudiants. Les s\u0153urs ont achet\u00e9 une parcelle de terrain en face de l\u2019\u00e9glise Precious Blood.<\/p>\n\n\n\n<p>L&#039;ouverture de ce nouveau site ouvre une \u00e9poque glorieuse : des classes plus spacieuses, un internat et une aile pour les externes.<\/p>\n\n\n\n<p>La St. Clare Academy et la St. Clare High School sont devenues \u00e0 cette \u00e9poque les \u00e9tablissements les plus modernes pour l&#039;\u00e9ducation des jeunes filles.<\/p>\n\n\n\n<p>En 1908, les Religieux de J\u00e9sus et de Marie furent appel\u00e9s \u00e0 contribuer \u00e0 la fondation d&#039;une nouvelle paroisse, d\u00e9di\u00e9e \u00e0 la Sainte Famille, dans une autre partie de Woonsocket. Au d\u00e9but, les s\u0153urs s&#039;y rendaient chaque jour en train depuis Pr\u00e9cieux Sang.<\/p>\n\n\n\n<p>Une fois l&#039;\u00e9glise achev\u00e9e, une grande \u00e9cole et un couvent furent construits et finalement une communaut\u00e9 permanente fut \u00e9tablie au sein de la Sainte Famille. En 1941, l&#039;\u00e9cole accueillait plus de 800 gar\u00e7ons et filles de la maternelle \u00e0 la huiti\u00e8me ann\u00e9e.<\/p>\n\n\n\n<p>Providence, un grand centre manufacturier de l&#039;\u00c9tat du Rhode Island, a attir\u00e9 des milliers d&#039;\u00e9migrants, parmi lesquels de nombreux Canadiens. Une paroisse d\u00e9di\u00e9e \u00e0 Saint-Charles y fut fond\u00e9e par l&#039;abb\u00e9 Gaboury. Une \u00e9glise et une \u00e9cole furent ouvertes en 1887. Trois religieuses de J\u00e9sus et de Marie arriv\u00e8rent de Woonsocket pour prendre en charge l&#039;\u00e9cole. Le premier jour de cours, 200 \u00e9tudiants ont \u00e9t\u00e9 admis.<\/p>\n\n\n\n<p>Le plus grand d\u00e9fi auquel les religieux \u00e9taient confront\u00e9s \u00e9tait l&#039;extr\u00eame pauvret\u00e9 de la paroisse. Pendant dix ans, les s\u0153urs furent oblig\u00e9es d&#039;entreprendre des activit\u00e9s de collecte de fonds. En 1887, il \u00e9tait demand\u00e9 aux \u00e9tudiants de contribuer un montant minimum \u00e0 leur \u00e9ducation. L&#039;ann\u00e9e suivante, les Religieux de J\u00e9sus et Marie ach\u00e8tent une maison sur la rue Harrison, pr\u00e8s de l&#039;\u00e9cole.<\/p>\n\n\n\n<p>En 1904, une nouvelle paroisse canadienne-fran\u00e7aise, Notre-Dame de Lourdes, est \u00e9tablie \u00e0 Providence. En 1912, \u00e0 la demande des s\u0153urs cur\u00e9es de la communaut\u00e9 Saint-Charles, elles partent travailler dans cette paroisse. L\u00e0 encore, l&#039;enseignement commen\u00e7ait dans les sous-sols de l&#039;\u00e9glise. Les religieux habitaient \u00e0 Saint-Charles. Chaque matin et soir, les chevaux \u00e9taient attel\u00e9s pour assurer le transport.<\/p>\n\n\n\n<p>Lorsque le cur\u00e9 fit construire un nouveau presbyt\u00e8re, les s\u0153urs commenc\u00e8rent \u00e0 vivre dans l&#039;ancien presbyt\u00e8re et dix ans plus tard, une grande \u00e9cole fut construite pour accueillir plus de 800 \u00e9l\u00e8ves.<\/p>","protected":false},"excerpt":{"rendered":"<p>En 1884, le p\u00e8re Charles Dauray, cur\u00e9 du Pr\u00e9cieux Sang, se rend \u00e0 Sillery pour demander des \u00e9ducateurs pour sa paroisse. En septembre, six religieuses de J\u00e9sus-Marie arrivent dans le centre industriel de Woonsocket. Les religieuses r\u00e9sident chez les S\u0153urs de la Mis\u00e9ricorde, prennent leurs repas au presbyt\u00e8re et donnent leurs cours au sous-sol de l\u2019\u00e9glise\u2026.<\/p>","protected":false},"author":2,"featured_media":1410,"parent":1395,"menu_order":0,"comment_status":"closed","ping_status":"closed","template":"","meta":{"_kad_blocks_custom_css":"","_kad_blocks_head_custom_js":"","_kad_blocks_body_custom_js":"","_kad_blocks_footer_custom_js":"","_kad_post_transparent":"","_kad_post_title":"","_kad_post_layout":"","_kad_post_sidebar_id":"","_kad_post_content_style":"","_kad_post_vertical_padding":"","_kad_post_feature":"","_kad_post_feature_position":"","_kad_post_header":false,"_kad_post_footer":false,"footnotes":""},"section":[],"class_list":["post-1411","page","type-page","status-publish","has-post-thumbnail","hentry"],"acf":[],"taxonomy_info":[],"featured_image_src_large":["https:\/\/rjmusa.org\/wp-content\/uploads\/2016\/08\/IMG_9279-1024x683.jpg",1024,683,true],"author_info":{"display_name":"root","author_link":"https:\/\/rjmusa.org\/fr\/author\/root\/"},"comment_info":0,"_links":{"self":[{"href":"https:\/\/rjmusa.org\/fr\/wp-json\/wp\/v2\/pages\/1411","targetHints":{"allow":["GET"]}}],"collection":[{"href":"https:\/\/rjmusa.org\/fr\/wp-json\/wp\/v2\/pages"}],"about":[{"href":"https:\/\/rjmusa.org\/fr\/wp-json\/wp\/v2\/types\/page"}],"author":[{"embeddable":true,"href":"https:\/\/rjmusa.org\/fr\/wp-json\/wp\/v2\/users\/2"}],"replies":[{"embeddable":true,"href":"https:\/\/rjmusa.org\/fr\/wp-json\/wp\/v2\/comments?post=1411"}],"version-history":[{"count":0,"href":"https:\/\/rjmusa.org\/fr\/wp-json\/wp\/v2\/pages\/1411\/revisions"}],"up":[{"embeddable":true,"href":"https:\/\/rjmusa.org\/fr\/wp-json\/wp\/v2\/pages\/1395"}],"wp:featuredmedia":[{"embeddable":true,"href":"https:\/\/rjmusa.org\/fr\/wp-json\/wp\/v2\/media\/1410"}],"wp:attachment":[{"href":"https:\/\/rjmusa.org\/fr\/wp-json\/wp\/v2\/media?parent=1411"}],"wp:term":[{"taxonomy":"section","embeddable":true,"href":"https:\/\/rjmusa.org\/fr\/wp-json\/wp\/v2\/section?post=1411"}],"curies":[{"name":"wp","href":"https:\/\/api.w.org\/{rel}","templated":true}]}}