{"id":1413,"date":"2016-09-07T11:29:11","date_gmt":"2016-09-07T15:29:11","guid":{"rendered":"https:\/\/rjm.local\/new-york\/"},"modified":"2023-05-17T13:50:51","modified_gmt":"2023-05-17T17:50:51","slug":"new-york","status":"publish","type":"page","link":"https:\/\/rjmusa.org\/fr\/histoire\/new-york\/","title":{"rendered":"New York"},"content":{"rendered":"<h2>Notre Dame de la Paix<\/h2>\n<p>Pendant de nombreuses ann\u00e9es, M\u00e8re Saint Cyrille, Provinciale du Canada, r\u00eavait d&#039;ouvrir une maison \u00e0 New York o\u00f9 les s\u0153urs voyageant vers et depuis l&#039;Europe pourraient interrompre leur voyage. En 1890, elle re\u00e7ut l&#039;autorisation de Sa Gr\u00e2ce l&#039;archev\u00eaque Corrigan d&#039;ouvrir un couvent.<\/p>\n<p>Un an plus tard, en raison d&#039;une loi antireligieuse en France, de nombreuses communaut\u00e9s ont demand\u00e9 l&#039;asile \u00e0 New York. M\u00e8re Cyrille, \u00e9lue g\u00e9n\u00e9rale, est inform\u00e9e qu&#039;elle doit agir vite si elle souhaite cr\u00e9er une fondation dans la ville. Elle confie cette entreprise \u00e0 M\u00e8re Euph\u00e9mie, une religieuse canadienne. Accabl\u00e9e par cette responsabilit\u00e9, M\u00e8re Euph\u00e9mie se tourne vers la pri\u00e8re et r\u00eave de Notre-Dame de la Paix qui lui donne du courage.<\/p>\n<p>En 1902, les Religieux de J\u00e9sus et Marie arriv\u00e8rent \u00e0 New York pour fonder une \u00e9cole gratuite pour les immigrants espagnols. Ils subvenaient \u00e0 leurs besoins en donnant des cours particuliers de fran\u00e7ais, de musique et d&#039;art. Ils ont \u00e9galement accueilli des pensionnaires dans une maison lou\u00e9e sur West 14th Street.<\/p>\n<p>En 1904, \u00e0 la demande des J\u00e9suites, les s\u0153urs prennent en charge l&#039;\u00c9cole italienne de Lorette. Afin d&#039;accepter ce travail, les religieuses ont d\u00fb abandonner l&#039;\u00e9cole espagnole de la 14e rue Ouest. Ainsi, plus d&#039;espace \u00e9tait disponible pour recevoir des pensionnaires dans la propri\u00e9t\u00e9 de la 14e rue. Apr\u00e8s 15 ans, l&#039;\u00c9cole de Loretto fut confi\u00e9e aux Religieuses de Sainte France Cabrini.<\/p>\n<p>Le travail visant \u00e0 fournir un foyer confortable aux filles de la ville de New York \u00e9tait tr\u00e8s n\u00e9cessaire, et Dieu est venu en aide \u00e0 M\u00e8re Sainte-Euph\u00e9mie. Elle re\u00e7ut des dons inattendus qui lui permirent d&#039;acqu\u00e9rir une propri\u00e9t\u00e9 voisine, \u00e0 laquelle elle donna le nom de \u00ab Notre-Dame de la Paix \u00bb.<\/p>\n<p>En 1909, M\u00e8re Euph\u00e9mie ach\u00e8te deux maisons sur la 15e rue en face de la premi\u00e8re r\u00e9sidence. Celles-ci furent d\u00e9molies et un grand b\u00e2timent avec une belle chapelle et 150 pi\u00e8ces fut construit.<\/p>\n<h2>&nbsp;<\/h2>\n<h2>Kingsbridge de Saint-Jean<\/h2>\n<p>En ao\u00fbt 1903, les Religieux de J\u00e9sus et Marie profitent de l&#039;occasion pour ouvrir une \u00e9cole dans le Bronx. M\u00e8re Euph\u00e9mie et M\u00e8re Saint-Ferdinand ont achet\u00e9 une propri\u00e9t\u00e9 des s\u0153urs Murray. Ils ont r\u00e9nov\u00e9, r\u00e9par\u00e9, nettoy\u00e9 et d\u00e9cor\u00e9 les salles de classe.<\/p>\n<p>Lors de la messe dominicale du 13 septembre, le cur\u00e9 de la paroisse, l&#039;abb\u00e9 O&#039;Dwyer, a pr\u00e9sent\u00e9 les Religieux de J\u00e9sus et de Marie aux paroissiens et a annonc\u00e9 l&#039;ouverture de l&#039;\u00e9cole pour le lendemain. Le 14, 60 \u00e9l\u00e8ves ont assist\u00e9 \u00e0 la messe d&#039;ouverture de l&#039;ann\u00e9e scolaire.<\/p>\n<p>L&#039;\u00e9cole fut rapidement remplie \u00e0 pleine capacit\u00e9 ; cependant, elle souffre d&#039;un manque de ressources financi\u00e8res. En 1916, M\u00e8re Sainte-Ad\u00e9la\u00efde, sup\u00e9rieure, demanda de l&#039;aide au cardinal Farley. Sa r\u00e9ponse a abouti \u00e0 un agrandissement de l&#039;\u00e9tablissement qui pouvait d\u00e9sormais accueillir plus de 700 \u00e9tudiants.<\/p>\n<h2>Moulins des Highlands<\/h2>\n<p>Lors d&#039;une visite aux \u00c9tats-Unis, la R\u00e9v\u00e9rende M\u00e8re St. Clare, Sup\u00e9rieure g\u00e9n\u00e9rale, envisageait d&#039;acheter une propri\u00e9t\u00e9 en dehors de la ville de New York o\u00f9 une maison d&#039;\u00e9t\u00e9 pourrait offrir du repos aux s\u0153urs, et peut-\u00eatre plus tard, une acad\u00e9mie pour jeunes filles.<\/p>\n<p>En 1911, la communaut\u00e9 a achet\u00e9 125 acres \u00e0 Highland Mills, non loin de la rivi\u00e8re Hudson et des montagnes Catskill. En plus d&#039;une communaut\u00e9 locale, un noviciat a \u00e9t\u00e9 cr\u00e9\u00e9. Un an plus tard, des difficult\u00e9s financi\u00e8res poussent les s\u0153urs \u00e0 fermer la maison et le noviciat est transf\u00e9r\u00e9 \u00e0 Kingsbridge. La maison de Highland Mills restait ouverte pendant les mois d&#039;\u00e9t\u00e9 lorsque les s\u0153urs de Notre-Dame de la Paix venaient profiter de l&#039;air frais de la campagne.<\/p>\n<p>M\u00e8re Sainte Claire n&#039;a jamais abandonn\u00e9 son r\u00eave de fonder une \u00e9cole \u00e0 Highland Mills. Son r\u00eave se r\u00e9alise en juillet 1914, lorsque M\u00e8re Saint-Jean de Dieu, sup\u00e9rieure, ouvre un internat, Thevenet Hall.<\/p>\n<p>Apr\u00e8s des difficult\u00e9s pr\u00e9liminaires, l&#039;\u00e9cole a prosp\u00e9r\u00e9 et a \u00e9t\u00e9 constitu\u00e9e en \u00e9cole secondaire aupr\u00e8s de l&#039;Universit\u00e9 de New York. La maison a \u00e9t\u00e9 agrandie en 1919, puis agrandie \u00e0 nouveau, et une aile suppl\u00e9mentaire a \u00e9t\u00e9 construite pour la belle chapelle qui a \u00e9t\u00e9 inaugur\u00e9e par Son \u00c9minence le Cardinal Hayes en 1927.<\/p>","protected":false},"excerpt":{"rendered":"<p>Notre-Dame de la Paix Depuis plusieurs ann\u00e9es, M\u00e8re Saint-Cyrille, Provinciale du Canada, r\u00eavait d\u2019ouvrir une maison \u00e0 New York o\u00f9 les s\u0153urs en voyage vers et depuis l\u2019Europe pourraient interrompre leur voyage. En 1890, elle re\u00e7oit l\u2019autorisation de Mgr Corrigan d\u2019ouvrir un couvent. Un an plus tard, \u00e0 cause d\u2019une loi antireligieuse\u2026<\/p>","protected":false},"author":2,"featured_media":0,"parent":1395,"menu_order":0,"comment_status":"closed","ping_status":"closed","template":"","meta":{"_kad_blocks_custom_css":"","_kad_blocks_head_custom_js":"","_kad_blocks_body_custom_js":"","_kad_blocks_footer_custom_js":"","_kad_post_transparent":"","_kad_post_title":"","_kad_post_layout":"","_kad_post_sidebar_id":"","_kad_post_content_style":"","_kad_post_vertical_padding":"","_kad_post_feature":"","_kad_post_feature_position":"","_kad_post_header":false,"_kad_post_footer":false,"footnotes":""},"section":[],"class_list":["post-1413","page","type-page","status-publish","hentry"],"acf":[],"taxonomy_info":[],"featured_image_src_large":false,"author_info":{"display_name":"root","author_link":"https:\/\/rjmusa.org\/fr\/author\/root\/"},"comment_info":0,"_links":{"self":[{"href":"https:\/\/rjmusa.org\/fr\/wp-json\/wp\/v2\/pages\/1413","targetHints":{"allow":["GET"]}}],"collection":[{"href":"https:\/\/rjmusa.org\/fr\/wp-json\/wp\/v2\/pages"}],"about":[{"href":"https:\/\/rjmusa.org\/fr\/wp-json\/wp\/v2\/types\/page"}],"author":[{"embeddable":true,"href":"https:\/\/rjmusa.org\/fr\/wp-json\/wp\/v2\/users\/2"}],"replies":[{"embeddable":true,"href":"https:\/\/rjmusa.org\/fr\/wp-json\/wp\/v2\/comments?post=1413"}],"version-history":[{"count":0,"href":"https:\/\/rjmusa.org\/fr\/wp-json\/wp\/v2\/pages\/1413\/revisions"}],"up":[{"embeddable":true,"href":"https:\/\/rjmusa.org\/fr\/wp-json\/wp\/v2\/pages\/1395"}],"wp:attachment":[{"href":"https:\/\/rjmusa.org\/fr\/wp-json\/wp\/v2\/media?parent=1413"}],"wp:term":[{"taxonomy":"section","embeddable":true,"href":"https:\/\/rjmusa.org\/fr\/wp-json\/wp\/v2\/section?post=1413"}],"curies":[{"name":"wp","href":"https:\/\/api.w.org\/{rel}","templated":true}]}}