{"id":1433,"date":"2016-09-07T19:00:14","date_gmt":"2016-09-07T23:00:14","guid":{"rendered":"https:\/\/rjm.local\/jm-intl-volunteer-program\/"},"modified":"2024-02-13T12:04:52","modified_gmt":"2024-02-13T17:04:52","slug":"jm-intl-volunteer-program","status":"publish","type":"page","link":"https:\/\/rjmusa.org\/fr\/rejoindre\/programme-de-benevolat-international-jm\/","title":{"rendered":"Programme de volontariat international JM"},"content":{"rendered":"<p>Le Programme de Volontariat est une opportunit\u00e9 d&#039;ouvrir une voie possible dans la soci\u00e9t\u00e9 des murs, des s\u00e9parations et des exclusions, afin que les personnes des deux c\u00f4t\u00e9s puissent entrer en relation les unes avec les autres et exprimer de mani\u00e8re tangible que ces voies sont possibles.<\/p>\n\n\n\n<h2 class=\"wp-block-heading\">Pourquoi \u00eatre b\u00e9n\u00e9vole ?<\/h2>\n\n\n\n<ul class=\"wp-block-list\">\n<li>Parce que je ressens l\u2019envie de sortir de moi-m\u00eame et d\u2019aller \u00ab au-del\u00e0 \u00bb.<\/li>\n\n\n\n<li>Parce que je veux donner \u00ab gratuitement \u00bb ce que j\u2019ai re\u00e7u gratuitement.<\/li>\n\n\n\n<li>Parce que je crois que c&#039;est la justice.<\/li>\n\n\n\n<li>Parce que je ressens un appel \u00e0 sortir vers la r\u00e9alit\u00e9.<\/li>\n\n\n\n<li>Parce que je veux m&#039;engager avec ce monde et avec \u00ab mes fr\u00e8res et s\u0153urs \u00bb.<\/li>\n\n\n\n<li>Parce que ma vie aura plus de sens.<\/li>\n\n\n\n<li>Parce que je veux aller l\u00e0 o\u00f9 le c\u0153ur me m\u00e8ne\u2026<\/li>\n<\/ul>\n\n\n\n<p><em>Source : Page Web Provinces d&#039;Espagne<\/em><\/p>\n\n\n\n<h2 class=\"wp-block-heading\">Le Programme de Volontariat International JM nous aide \u00e0\u00a0:<\/h2>\n\n\n\n<ul class=\"wp-block-list\">\n<li>Mondialiser la solidarit\u00e9, \u00e9tablir des \u00e9changes entre pays et r\u00e9gions.<\/li>\n\n\n\n<li>Accompagner les personnes, notamment les jeunes, dans leur recherche du sens de la vie et de leur vocation, et dans leur recherche de Dieu.<\/li>\n\n\n\n<li>D\u00e9couvrez la foi vivante des personnes qui souffrent.<\/li>\n\n\n\n<li>Aidez les autres \u00e0 devenir des agents de changement\/transformation sociale.<\/li>\n\n\n\n<li>Approfondir la connaissance du charisme.<\/li>\n\n\n\n<li>Cr\u00e9er des possibilit\u00e9s de collaboration avec les provinces ou les communaut\u00e9s qui ont le plus besoin d&#039;assistants pastoraux.<\/li>\n<\/ul>\n\n\n\n<h2 class=\"wp-block-heading\">Le programme international JM\u00a0:<\/h2>\n\n\n\n<ul class=\"wp-block-list\">\n<li>Favorise la collaboration entre les provinces qui envoient et re\u00e7oivent des volontaires.<\/li>\n\n\n\n<li>Aide \u00e0 avoir une vision plus large et des crit\u00e8res communs.<\/li>\n\n\n\n<li>C&#039;est une ouverture sur la dimension internationale<\/li>\n\n\n\n<li>Renforce l&#039;esprit JM.<\/li>\n\n\n\n<li>Aide les provinces \u00e0 former des volontaires et offre des conseils aux communaut\u00e9s.<\/li>\n<\/ul>\n\n\n\n<p>Pour entrer en contact avec nos coordinateurs de programmes internationaux, veuillez envoyer un e-mail au directeur de l&#039;avancement de la mission, <a href=\"mailto:tharkleroad@rjmusa.org\">Toby Harkleroad<\/a><\/p>\n\n\n<style>.wp-block-kadence-advancedbtn.kb-btns1433_bdd2bd-a7{gap:var(--global-kb-gap-xs, 0.5rem );justify-content:center;align-items:center;}.kt-btns1433_bdd2bd-a7 .kt-button{font-weight:normal;font-style:normal;}.kt-btns1433_bdd2bd-a7 .kt-btn-wrap-0{margin-right:5px;}.wp-block-kadence-advancedbtn.kt-btns1433_bdd2bd-a7 .kt-btn-wrap-0 .kt-button{color:#555555;border-color:#555555;}.wp-block-kadence-advancedbtn.kt-btns1433_bdd2bd-a7 .kt-btn-wrap-0 .kt-button:hover, .wp-block-kadence-advancedbtn.kt-btns1433_bdd2bd-a7 .kt-btn-wrap-0 .kt-button:focus{color:#ffffff;border-color:#444444;}.wp-block-kadence-advancedbtn.kt-btns1433_bdd2bd-a7 .kt-btn-wrap-0 .kt-button::before{display:none;}.wp-block-kadence-advancedbtn.kt-btns1433_bdd2bd-a7 .kt-btn-wrap-0 .kt-button:hover, .wp-block-kadence-advancedbtn.kt-btns1433_bdd2bd-a7 .kt-btn-wrap-0 .kt-button:focus{background:#444444;}<\/style>\n<div class=\"wp-block-kadence-advancedbtn kb-buttons-wrap kb-btns1433_bdd2bd-a7\"><style>ul.menu .wp-block-kadence-advancedbtn .kb-btn1433_e9530c-26.kb-button{width:initial;}<\/style><a class=\"kb-button kt-button button kb-btn1433_e9530c-26 kt-btn-size-standard kt-btn-width-type-auto kb-btn-global-fill kt-btn-has-text-true kt-btn-has-svg-false wp-block-kadence-singlebtn\" href=\"https:\/\/rjmusa.org\/wp-content\/uploads\/2016\/09\/folleto_voluntariadoDEFINITIVO.pdf\"><span class=\"kt-btn-inner-text\">Brochure pour plus d&#039;informations<\/span><\/a><\/div>\n\n\n<style>.wp-block-kadence-advancedgallery .kb-gallery-type-grid.kb-gallery-id-1433_9cbe53-f1{margin:-5px;}.kb-gallery-type-grid.kb-gallery-id-1433_9cbe53-f1 .kadence-blocks-gallery-item{padding:5px;}.kb-gallery-id-1433_9cbe53-f1 .kadence-blocks-gallery-item .kb-gal-image-radius{border-radius:0px 0px 0px 0px;}<\/style><div class=\"kb-gallery-wrap-id-1433_9cbe53-f1 alignnone wp-block-kadence-advancedgallery\"><ul class=\"kb-gallery-ul kb-gallery-non-static kb-gallery-type-grid kb-gallery-id-1433_9cbe53-f1 kb-gallery-caption-style-bottom-hover kb-gallery-filter-none\" data-image-filter=\"none\" data-item-selector=\".kadence-blocks-gallery-item\" data-lightbox-caption=\"true\" data-columns-xxl=\"3\" data-columns-xl=\"3\" data-columns-md=\"3\" data-columns-sm=\"2\" data-columns-xs=\"1\" data-columns-ss=\"1\"><li class=\"kadence-blocks-gallery-item\"><div class=\"kadence-blocks-gallery-item-inner\"><figure class=\"kb-gallery-figure kadence-blocks-gallery-item-hide-caption\" \"><div class=\"kb-gal-image-radius\"><div class=\"kb-gallery-image-contain kadence-blocks-gallery-intrinsic kb-gallery-image-ratio-land32 kb-has-image-ratio-land32\" ><img loading=\"lazy\" decoding=\"async\" src=\"https:\/\/rjmusa.org\/wp-content\/uploads\/2016\/09\/jm-volunteer-program.jpg\" width=\"578\" height=\"576\" alt=\"programme-de-volontariat-jm\" data-full-image=\"https:\/\/rjmusa.org\/wp-content\/uploads\/2016\/09\/jm-volunteer-program.jpg\" data-light-image=\"https:\/\/rjmusa.org\/wp-content\/uploads\/2016\/09\/jm-volunteer-program.jpg\" data-id=\"1432\" class=\"wp-image-1432\" srcset=\"https:\/\/rjmusa.org\/wp-content\/uploads\/2016\/09\/jm-volunteer-program.jpg 578w, https:\/\/rjmusa.org\/wp-content\/uploads\/2016\/09\/jm-volunteer-program-300x299.jpg 300w, https:\/\/rjmusa.org\/wp-content\/uploads\/2016\/09\/jm-volunteer-program-150x150.jpg 150w\" sizes=\"auto, (max-width: 578px) 100vw, 578px\" \/><\/div><\/div><\/figure><\/div><\/li><li class=\"kadence-blocks-gallery-item\"><div class=\"kadence-blocks-gallery-item-inner\"><figure class=\"kb-gallery-figure kadence-blocks-gallery-item-hide-caption\" \"><div class=\"kb-gal-image-radius\"><div class=\"kb-gallery-image-contain kadence-blocks-gallery-intrinsic kb-gallery-image-ratio-land32 kb-has-image-ratio-land32\" ><img loading=\"lazy\" decoding=\"async\" src=\"https:\/\/rjmusa.org\/wp-content\/uploads\/2016\/09\/JMIvolunteerpg2.jpg\" width=\"242\" height=\"188\" alt=\"JMIvolontairepg2\" data-full-image=\"https:\/\/rjmusa.org\/wp-content\/uploads\/2016\/09\/JMIvolunteerpg2.jpg\" data-light-image=\"https:\/\/rjmusa.org\/wp-content\/uploads\/2016\/09\/JMIvolunteerpg2.jpg\" data-id=\"1435\" class=\"wp-image-1435\"\/><\/div><\/div><\/figure><\/div><\/li><li class=\"kadence-blocks-gallery-item\"><div class=\"kadence-blocks-gallery-item-inner\"><figure class=\"kb-gallery-figure kadence-blocks-gallery-item-hide-caption\" \"><div class=\"kb-gal-image-radius\"><div class=\"kb-gallery-image-contain kadence-blocks-gallery-intrinsic kb-gallery-image-ratio-land32 kb-has-image-ratio-land32\" ><img loading=\"lazy\" decoding=\"async\" src=\"https:\/\/rjmusa.org\/wp-content\/uploads\/2016\/09\/JMIvolunteerpg2-kids.jpg\" width=\"189\" height=\"167\" alt=\"JMIvolontairepg2-kids\" data-full-image=\"https:\/\/rjmusa.org\/wp-content\/uploads\/2016\/09\/JMIvolunteerpg2-kids.jpg\" data-light-image=\"https:\/\/rjmusa.org\/wp-content\/uploads\/2016\/09\/JMIvolunteerpg2-kids.jpg\" data-id=\"1436\" class=\"wp-image-1436\"\/><\/div><\/div><\/figure><\/div><\/li><\/ul><\/div>","protected":false},"excerpt":{"rendered":"<p>Le Programme de Volontariat est une opportunit\u00e9 d&#039;ouvrir une voie possible dans la soci\u00e9t\u00e9 des murs, des s\u00e9parations et des exclusions, afin que les personnes des deux c\u00f4t\u00e9s puissent entrer en relation les unes avec les autres et exprimer de mani\u00e8re tangible que ces voies sont possibles.<\/p>","protected":false},"author":2,"featured_media":1432,"parent":1431,"menu_order":0,"comment_status":"closed","ping_status":"closed","template":"","meta":{"_kad_blocks_custom_css":"","_kad_blocks_head_custom_js":"","_kad_blocks_body_custom_js":"","_kad_blocks_footer_custom_js":"","_kad_post_transparent":"","_kad_post_title":"","_kad_post_layout":"","_kad_post_sidebar_id":"","_kad_post_content_style":"","_kad_post_vertical_padding":"","_kad_post_feature":"","_kad_post_feature_position":"","_kad_post_header":false,"_kad_post_footer":false,"footnotes":""},"section":[192],"class_list":["post-1433","page","type-page","status-publish","has-post-thumbnail","hentry","section-join-our-mission"],"acf":[],"taxonomy_info":{"section":[{"value":192,"label":"Join Our Mission"}]},"featured_image_src_large":["https:\/\/rjmusa.org\/wp-content\/uploads\/2016\/09\/jm-volunteer-program.jpg",578,576,false],"author_info":{"display_name":"root","author_link":"https:\/\/rjmusa.org\/fr\/author\/root\/"},"comment_info":0,"_links":{"self":[{"href":"https:\/\/rjmusa.org\/fr\/wp-json\/wp\/v2\/pages\/1433","targetHints":{"allow":["GET"]}}],"collection":[{"href":"https:\/\/rjmusa.org\/fr\/wp-json\/wp\/v2\/pages"}],"about":[{"href":"https:\/\/rjmusa.org\/fr\/wp-json\/wp\/v2\/types\/page"}],"author":[{"embeddable":true,"href":"https:\/\/rjmusa.org\/fr\/wp-json\/wp\/v2\/users\/2"}],"replies":[{"embeddable":true,"href":"https:\/\/rjmusa.org\/fr\/wp-json\/wp\/v2\/comments?post=1433"}],"version-history":[{"count":0,"href":"https:\/\/rjmusa.org\/fr\/wp-json\/wp\/v2\/pages\/1433\/revisions"}],"up":[{"embeddable":true,"href":"https:\/\/rjmusa.org\/fr\/wp-json\/wp\/v2\/pages\/1431"}],"wp:featuredmedia":[{"embeddable":true,"href":"https:\/\/rjmusa.org\/fr\/wp-json\/wp\/v2\/media\/1432"}],"wp:attachment":[{"href":"https:\/\/rjmusa.org\/fr\/wp-json\/wp\/v2\/media?parent=1433"}],"wp:term":[{"taxonomy":"section","embeddable":true,"href":"https:\/\/rjmusa.org\/fr\/wp-json\/wp\/v2\/section?post=1433"}],"curies":[{"name":"wp","href":"https:\/\/api.w.org\/{rel}","templated":true}]}}