{"id":1441,"date":"2016-09-07T22:39:24","date_gmt":"2016-09-08T02:39:24","guid":{"rendered":"https:\/\/rjm.local\/staff-colleagues-family-friends\/"},"modified":"2023-06-19T15:52:12","modified_gmt":"2023-06-19T19:52:12","slug":"staff-colleagues-family-friends","status":"publish","type":"page","link":"https:\/\/rjmusa.org\/fr\/rejoindre\/collegues-du-personnel-famille-amis\/","title":{"rendered":"Personnel, coll\u00e8gues, famille, amis"},"content":{"rendered":"<div class=\"wp-block-image\">\n<figure class=\"alignright size-full\"><img loading=\"lazy\" decoding=\"async\" width=\"308\" height=\"208\" src=\"https:\/\/rjmusa.org\/wp-content\/uploads\/2016\/09\/staff11.jpg\" alt=\"personnel11\" class=\"wp-image-1440\" srcset=\"https:\/\/rjmusa.org\/wp-content\/uploads\/2016\/09\/staff11.jpg 308w, https:\/\/rjmusa.org\/wp-content\/uploads\/2016\/09\/staff11-300x203.jpg 300w\" sizes=\"auto, (max-width: 308px) 100vw, 308px\" \/><\/figure>\n<\/div>\n\n\n<p>Les Religieux de J\u00e9sus et de Marie aux \u00c9tats-Unis ont toujours appr\u00e9ci\u00e9 la collaboration dans le minist\u00e8re partout o\u00f9 ils ont \u00e9t\u00e9 envoy\u00e9s. Nous avons collabor\u00e9 avec des cur\u00e9s de paroisse, des employ\u00e9s, des coll\u00e8gues, d&#039;autres congr\u00e9gations religieuses, des organisations, des familles et des amis pour tenter de <em>\u00ab \u2026incarner la gr\u00e2ce du pardon et de la r\u00e9conciliation, et partager avec les pauvres et les marginalis\u00e9s le \u00ab vin nouveau de la f\u00eate du royaume \u00bb. \u00bb<\/em><\/p>\n\n\n\n<p>Ce partenariat est \u00e9vident dans le <strong>Mission RJM Ha\u00efti<\/strong>. Depuis 1997, les RJM exercent leur minist\u00e8re en Ha\u00efti et sont capables de le faire gr\u00e2ce \u00e0 l&#039;incroyable g\u00e9n\u00e9rosit\u00e9 des donateurs et des bienfaiteurs. Les nombreuses contributions financi\u00e8res de la famille, des amis, des anciens RJM, des coll\u00e8gues, des b\u00e9n\u00e9voles, des \u00e9coles, des paroisses, des organismes, etc., nous aident \u00e0 servir les pauvres dans trois r\u00e9gions d&#039;Ha\u00efti : Port-au-Prince, Gros Morne et Jean Rabel. Notre engagement envers le pays le plus pauvre de l&#039;h\u00e9misph\u00e8re occidental reste fort, malgr\u00e9 les nombreux obstacles que rencontre Ha\u00efti, et il est possible gr\u00e2ce \u00e0 nos g\u00e9n\u00e9reux bienfaiteurs et partenaires de mission, notamment la pr\u00e9sence de volontaires des \u00c9tats-Unis et des provinces RJM.<\/p>\n\n\n\n<p>Le <a href=\"http:\/\/www.washingtonschoolforgirls.org\/\"><strong>\u00c9cole de filles de Washington<\/strong><\/a> est un exemple de partenariat n\u00e9 d&#039;une profonde pr\u00e9occupation pour les jeunes filles d&#039;une zone urbaine mal desservie et qui risquaient de quitter l&#039;\u00e9cole pr\u00e9matur\u00e9ment. Trois organisations : le Conseil national des femmes noires, la Soci\u00e9t\u00e9 du Saint-Enfant de J\u00e9sus et les Religieuses de J\u00e9sus et de Marie ont cr\u00e9\u00e9 le WMSG en 1998. Aujourd&#039;hui, la mission de l&#039;\u00e9cole est profond\u00e9ment enracin\u00e9e dans l&#039;h\u00e9ritage de trois femmes et \u00e9ducatrices courageuses : Mary McLeod. Bethune, Cornelia Connelly et Claudine Th\u00e9venet.&nbsp;<\/p>\n\n\n\n<p>&nbsp;<\/p>\n\n\n\n<p><em>Les RJM continuent de s&#039;inspirer d&#039;une citation d&#039;un de nos documents fondateurs, la R\u00e8gle de la Pieuse Association dont Claudine Th\u00e9venet \u00e9tait pr\u00e9sidente : \u00ab Quand nous partons seuls pour un voyage long et difficile, nous nous lassons vite et n&#039;avons plus que des choses ordinaires et des moyens banals pour nos encouragements ; mais quand, au contraire, plusieurs sont ensemble, ils s\u2019y joignent avec assurance, courage et appui nouveau. [Pr\u00e9ambule, R\u00e8gle \u2013 1816]<\/em><\/p>","protected":false},"excerpt":{"rendered":"<p>Les Religieux de J\u00e9sus et de Marie aux \u00c9tats-Unis ont toujours appr\u00e9ci\u00e9 la collaboration dans le minist\u00e8re partout o\u00f9 ils ont \u00e9t\u00e9 envoy\u00e9s. Nous avons collabor\u00e9 avec des cur\u00e9s de paroisse, des employ\u00e9s, des coll\u00e8gues, d&#039;autres congr\u00e9gations religieuses, des organisations, des familles et des amis pour tenter de <em>\u00ab \u2026incarner la gr\u00e2ce du pardon et de la r\u00e9conciliation, et partager avec les pauvres et les marginalis\u00e9s le \u00ab vin nouveau de la f\u00eate du royaume \u00bb. \u00bb<\/em><\/p>","protected":false},"author":2,"featured_media":1440,"parent":1431,"menu_order":0,"comment_status":"closed","ping_status":"closed","template":"","meta":{"_kad_blocks_custom_css":"","_kad_blocks_head_custom_js":"","_kad_blocks_body_custom_js":"","_kad_blocks_footer_custom_js":"","_kad_post_transparent":"","_kad_post_title":"","_kad_post_layout":"","_kad_post_sidebar_id":"","_kad_post_content_style":"","_kad_post_vertical_padding":"","_kad_post_feature":"","_kad_post_feature_position":"","_kad_post_header":false,"_kad_post_footer":false,"footnotes":""},"section":[192],"class_list":["post-1441","page","type-page","status-publish","has-post-thumbnail","hentry","section-join-our-mission"],"acf":[],"taxonomy_info":{"section":[{"value":192,"label":"Join Our Mission"}]},"featured_image_src_large":["https:\/\/rjmusa.org\/wp-content\/uploads\/2016\/09\/staff11.jpg",308,208,false],"author_info":{"display_name":"root","author_link":"https:\/\/rjmusa.org\/fr\/author\/root\/"},"comment_info":0,"_links":{"self":[{"href":"https:\/\/rjmusa.org\/fr\/wp-json\/wp\/v2\/pages\/1441","targetHints":{"allow":["GET"]}}],"collection":[{"href":"https:\/\/rjmusa.org\/fr\/wp-json\/wp\/v2\/pages"}],"about":[{"href":"https:\/\/rjmusa.org\/fr\/wp-json\/wp\/v2\/types\/page"}],"author":[{"embeddable":true,"href":"https:\/\/rjmusa.org\/fr\/wp-json\/wp\/v2\/users\/2"}],"replies":[{"embeddable":true,"href":"https:\/\/rjmusa.org\/fr\/wp-json\/wp\/v2\/comments?post=1441"}],"version-history":[{"count":0,"href":"https:\/\/rjmusa.org\/fr\/wp-json\/wp\/v2\/pages\/1441\/revisions"}],"up":[{"embeddable":true,"href":"https:\/\/rjmusa.org\/fr\/wp-json\/wp\/v2\/pages\/1431"}],"wp:featuredmedia":[{"embeddable":true,"href":"https:\/\/rjmusa.org\/fr\/wp-json\/wp\/v2\/media\/1440"}],"wp:attachment":[{"href":"https:\/\/rjmusa.org\/fr\/wp-json\/wp\/v2\/media?parent=1441"}],"wp:term":[{"taxonomy":"section","embeddable":true,"href":"https:\/\/rjmusa.org\/fr\/wp-json\/wp\/v2\/section?post=1441"}],"curies":[{"name":"wp","href":"https:\/\/api.w.org\/{rel}","templated":true}]}}