{"id":1443,"date":"2016-09-14T11:02:54","date_gmt":"2016-09-14T15:02:54","guid":{"rendered":"https:\/\/rjm.local\/religious-life\/"},"modified":"2023-09-26T16:53:18","modified_gmt":"2023-09-26T20:53:18","slug":"religious-life","status":"publish","type":"page","link":"https:\/\/rjmusa.org\/fr\/rejoindre\/vie-religieuse\/","title":{"rendered":"En savoir plus sur la vie religieuse"},"content":{"rendered":"<p><em>Rien n&#039;est plus pratique que de trouver Dieu,<br>que de tomber amoureux d&#039;une mani\u00e8re tout \u00e0 fait absolue et d\u00e9finitive.<br>Ce dont vous \u00eates amoureux, ce qui saisit votre imagination,<br>affectera tout.<\/em><\/p>\n\n\n\n<p><em>Il d\u00e9cidera de ce qui vous fera sortir du lit le matin,<br>ce que vous faites de vos soir\u00e9es, comment vous passez vos week-ends,<br>ce que tu lis, qui tu connais, ce qui te brise le c\u0153ur,<br>et ce qui vous \u00e9tonne de joie et de gratitude.<\/em><\/p>\n\n\n\n<p><em>Tombez amoureux, restez amoureux, et cela d\u00e9cidera de tout.<\/em><\/p>\n\n\n\n<p><em>\u2013Pedro Arrupe SJ<\/em><\/p>\n\n\n\n<figure class=\"wp-block-image size-large\"><img loading=\"lazy\" decoding=\"async\" width=\"1024\" height=\"504\" src=\"https:\/\/rjmusa.org\/wp-content\/uploads\/2023\/09\/Profesion-Brit01-1024x504.png\" alt=\"\" class=\"wp-image-2122\" srcset=\"https:\/\/rjmusa.org\/wp-content\/uploads\/2023\/09\/Profesion-Brit01-1024x504.png 1024w, https:\/\/rjmusa.org\/wp-content\/uploads\/2023\/09\/Profesion-Brit01-300x148.png 300w, https:\/\/rjmusa.org\/wp-content\/uploads\/2023\/09\/Profesion-Brit01-768x378.png 768w, https:\/\/rjmusa.org\/wp-content\/uploads\/2023\/09\/Profesion-Brit01.png 1176w\" sizes=\"auto, (max-width: 1024px) 100vw, 1024px\" \/><figcaption class=\"wp-element-caption\">Brittany Galvin fait sa premi\u00e8re profession de religieuse de J\u00e9sus et de Marie.<\/figcaption><\/figure>\n\n\n\n<h2 class=\"wp-block-heading\">L&#039;initiative de Dieu\u2026 Ma r\u00e9ponse<\/h2>\n\n\n\n<p>En vertu de notre bapt\u00eame, en tant que membres de la communaut\u00e9 de foi, nous partageons tous une vocation commune \u00e0 vivre une vie qui exprime l&#039;amour de Dieu fait chair en J\u00e9sus-Christ.&nbsp;<\/p>\n\n\n\n<p>Une vocation n&#039;est pas un \u00e9v\u00e9nement unique. Il s\u2019agit d\u2019un d\u00e9roulement progressif de notre chemin de foi au cours duquel Dieu nous invite \u00e0 trouver notre style distinctif d\u2019aimer.&nbsp;<\/p>\n\n\n\n<p>Notre responsabilit\u00e9 est de discerner les mouvements de l&#039;Esprit dans notre c\u0153ur qui nous am\u00e8nent \u00e0 d\u00e9couvrir comment nous pouvons mieux servir Dieu et son peuple ; comment nous pouvons coop\u00e9rer avec l&#039;amour de Dieu et la vie de Dieu en nous de la mani\u00e8re la plus g\u00e9n\u00e9reuse et la plus authentique.<\/p>\n\n\n\n<p>Ce que Dieu veut pour nous, et de nous, c&#039;est vivre l&#039;\u00c9vangile dans notre vie quotidienne ; servir le peuple de Dieu avec g\u00e9n\u00e9rosit\u00e9 et compassion. C&#039;est quelque chose en nous que nous pouvons d\u00e9couvrir en nous comprenant nous-m\u00eames, notre exp\u00e9rience de vie et plus particuli\u00e8rement notre exp\u00e9rience de Dieu.&nbsp;<\/p>\n\n\n\n<p>En tra\u00e7ant le fil de la pr\u00e9sence de Dieu dans notre vie, nous pouvons commencer \u00e0 percevoir la direction que doit prendre notre vie si elle veut \u00eatre fid\u00e8le \u00e0 cette exp\u00e9rience personnelle de Dieu qui est unique \u00e0 chacun de nous.<\/p>\n\n\n\n<p>Les Religieux de J\u00e9sus et de Marie croient que \u00ab Dans toute vocation, l&#039;initiative vient de Dieu. Il nous appelle \u00e0 une rencontre personnelle et demande une r\u00e9ponse unique : un engagement pour toute la vie \u00e0 suivre le Christ de plus pr\u00e8s. (Constitution 51)<\/p>\n\n\n\n<p>Quelle que soit la forme que prend notre vocation, elle n\u2019a de sens que si elle \u00e9merge de notre relation personnelle et continue avec Dieu. D\u00e9couvrir notre vocation signifie trouver la mani\u00e8re la plus authentique, la plus fid\u00e8le et la plus honn\u00eate de vivre cette relation, d&#039;honorer la v\u00e9rit\u00e9 de Dieu en nous.<\/p>\n\n\n\n<h2 class=\"wp-block-heading\">De nos Constitutions\u2026<\/h2>\n\n\n\n<h3 class=\"wp-block-heading\">Communaut\u00e9<\/h3>\n\n\n\n<p>Nous formons des communaut\u00e9s vivifiantes o\u00f9 nous cherchons \u00e0 partager qui nous sommes et ce que nous avons, nos joies et nos peines, nos projets et nos d\u00e9fis. Ensemble, nous \u00e9coutons Dieu, discernons sa volont\u00e9 concernant notre mani\u00e8re de vivre la vie communautaire, les nouveaux appels de la mission et les r\u00e9ponses possibles. Chacune collabore, avec ses capacit\u00e9s et ses limites, \u00e0 faire de la communaut\u00e9 un lieu o\u00f9 se vivent et se partagent les valeurs \u00e9vang\u00e9liques, en particulier les valeurs de notre charisme. Une importance particuli\u00e8re est accord\u00e9e \u00e0 vivre le pardon en communaut\u00e9. (AC 68)<\/p>\n\n\n\n<h3 class=\"wp-block-heading\">Pri\u00e8re<\/h3>\n\n\n\n<p>La pri\u00e8re personnelle et communautaire est une dimension essentielle de notre vie consacr\u00e9e. La pri\u00e8re est un don de l&#039;Esprit qui nous permet de participer \u00e0 la mission du Fils. Cela nous aide \u00e0 trouver Dieu en toutes choses et \u00e0 manifester son amour au monde. (AC 48)<\/p>\n\n\n\n<h3 class=\"wp-block-heading\">Mission apostolique<\/h3>\n\n\n\n<p>Chaque communaut\u00e9 assume la responsabilit\u00e9 du travail de tous ses membres, soutenant chacun par son int\u00e9r\u00eat, ses encouragements et sa pri\u00e8re. Quelle que soit la t\u00e2che qui nous est confi\u00e9e individuellement, nous partageons tous une m\u00eame mission. Par notre cons\u00e9cration religieuse, nous devons refl\u00e9ter le Christ dans nos vies et \u00eatre une pr\u00e9sence \u00e9vang\u00e9liste dans le monde. (C46)<\/p>\n\n\n\n<h2 class=\"wp-block-heading\">Explorez votre vocation avec nous\u2026<\/h2>\n\n\n\n<p><a href=\"https:\/\/rjmusa.org\/fr\/contact\/\"><em>Contactez les s\u0153urs de la Province USA-Ha\u00efti pour en savoir plus sur le fait d&#039;\u00eatre s\u0153ur.<\/em><\/a><\/p>\n\n\n\n<p><a rel=\"noreferrer noopener\" href=\"https:\/\/www.rjmgeneral.org\/en\/collaborate\/join-rjm\/\" target=\"_blank\"><em>Cliquez ici pour en savoir plus sur le processus de formation et comment devenir RJM dans diverses r\u00e9gions du monde.<\/em><\/a><\/p>\n\n\n\n<h2 class=\"wp-block-heading\">Liens<\/h2>\n\n\n\n<ul class=\"wp-block-list\">\n<li><a href=\"http:\/\/thinkjesuit.org\/rummaging-for-god-praying-backward-through-your-day\/\" target=\"_blank\" rel=\"noopener\">Article sur l&#039;examen de conscience par les j\u00e9suites<\/a><\/li>\n\n\n\n<li><a href=\"http:\/\/sacredspace.ie\/\" target=\"_blank\" rel=\"noopener\">Pri\u00e8re de dix minutes avec les \u00c9critures<\/a><\/li>\n\n\n\n<li><a href=\"http:\/\/sacredspace.ie\/es\/\" target=\"_blank\" rel=\"noopener\">Diez minutes en oraci\u00f3n con textos bibliques<\/a><\/li>\n\n\n\n<li><a href=\"http:\/\/trovador.ning.com\/profile\/Ainkarem?xg_source=activity\" target=\"_blank\" rel=\"noopener\">Entrez sur cette page, attendez une seconde et vous pourrez \u00e9couter de la musique en espagnol. <\/a>(Musique en espagnol)<\/li>\n\n\n\n<li><a rel=\"noopener\" href=\"http:\/\/tjcesp.blogspot.com\/\" target=\"_blank\">Blog de la Colaborativa Jesuita <\/a><\/li>\n<\/ul>\n\n\n<style>.wp-block-kadence-advancedgallery .kb-gallery-type-grid.kb-gallery-id-_f57ced-de{margin:-5px;}.kb-gallery-type-grid.kb-gallery-id-_f57ced-de .kadence-blocks-gallery-item{padding:5px;}.kb-gallery-id-_f57ced-de .kadence-blocks-gallery-item .kb-gal-image-radius{border-radius:0px 0px 0px 0px;}<\/style><div class=\"kb-gallery-wrap-id-_f57ced-de alignnone wp-block-kadence-advancedgallery\"><ul class=\"kb-gallery-ul kb-gallery-non-static kb-gallery-type-grid kb-gallery-id-_f57ced-de kb-gallery-caption-style-bottom-hover kb-gallery-filter-none\" data-image-filter=\"none\" data-item-selector=\".kadence-blocks-gallery-item\" data-lightbox-caption=\"true\" data-columns-xxl=\"4\" data-columns-xl=\"4\" data-columns-md=\"4\" data-columns-sm=\"3\" data-columns-xs=\"2\" data-columns-ss=\"2\"><li class=\"kadence-blocks-gallery-item\"><div class=\"kadence-blocks-gallery-item-inner\"><figure class=\"kb-gallery-figure kadence-blocks-gallery-item-hide-caption\" \"><div class=\"kb-gal-image-radius\"><div class=\"kb-gallery-image-contain kadence-blocks-gallery-intrinsic kb-gallery-image-ratio-land32 kb-has-image-ratio-land32\" ><img loading=\"lazy\" decoding=\"async\" src=\"https:\/\/rjmusa.org\/wp-content\/uploads\/2016\/09\/NovicesAndPostulants.jpg\" width=\"276\" height=\"250\" alt=\"Novices dans la province du Pakistan\" data-full-image=\"https:\/\/rjmusa.org\/wp-content\/uploads\/2016\/09\/NovicesAndPostulants.jpg\" data-light-image=\"https:\/\/rjmusa.org\/wp-content\/uploads\/2016\/09\/NovicesAndPostulants.jpg\" data-id=\"1477\" class=\"wp-image-1477\"\/><\/div><\/div><\/figure><\/div><\/li><li class=\"kadence-blocks-gallery-item\"><div class=\"kadence-blocks-gallery-item-inner\"><figure class=\"kb-gallery-figure kadence-blocks-gallery-item-hide-caption\" \"><div class=\"kb-gal-image-radius\"><div class=\"kb-gallery-image-contain kadence-blocks-gallery-intrinsic kb-gallery-image-ratio-land32 kb-has-image-ratio-land32\" ><img loading=\"lazy\" decoding=\"async\" src=\"https:\/\/rjmusa.org\/wp-content\/uploads\/2016\/09\/JuniorsEuropeIreSp.jpg\" width=\"368\" height=\"250\" alt=\"S\u0153urs cadettes de la Province d&#039;Europe, Province d&#039;Irlande\" data-full-image=\"https:\/\/rjmusa.org\/wp-content\/uploads\/2016\/09\/JuniorsEuropeIreSp.jpg\" data-light-image=\"https:\/\/rjmusa.org\/wp-content\/uploads\/2016\/09\/JuniorsEuropeIreSp.jpg\" data-id=\"1478\" class=\"wp-image-1478\" srcset=\"https:\/\/rjmusa.org\/wp-content\/uploads\/2016\/09\/JuniorsEuropeIreSp.jpg 368w, https:\/\/rjmusa.org\/wp-content\/uploads\/2016\/09\/JuniorsEuropeIreSp-300x204.jpg 300w\" sizes=\"auto, (max-width: 368px) 100vw, 368px\" \/><\/div><\/div><\/figure><\/div><\/li><li class=\"kadence-blocks-gallery-item\"><div class=\"kadence-blocks-gallery-item-inner\"><figure class=\"kb-gallery-figure kadence-blocks-gallery-item-hide-caption\" \"><div class=\"kb-gal-image-radius\"><div class=\"kb-gallery-image-contain kadence-blocks-gallery-intrinsic kb-gallery-image-ratio-land32 kb-has-image-ratio-land32\" ><img loading=\"lazy\" decoding=\"async\" src=\"https:\/\/rjmusa.org\/wp-content\/uploads\/2016\/09\/AspirantsAndNovices.jpg\" width=\"376\" height=\"250\" alt=\"Aspirants dans la province du Pakistan\" data-full-image=\"https:\/\/rjmusa.org\/wp-content\/uploads\/2016\/09\/AspirantsAndNovices.jpg\" data-light-image=\"https:\/\/rjmusa.org\/wp-content\/uploads\/2016\/09\/AspirantsAndNovices.jpg\" data-id=\"1479\" class=\"wp-image-1479\" srcset=\"https:\/\/rjmusa.org\/wp-content\/uploads\/2016\/09\/AspirantsAndNovices.jpg 376w, https:\/\/rjmusa.org\/wp-content\/uploads\/2016\/09\/AspirantsAndNovices-300x199.jpg 300w\" sizes=\"auto, (max-width: 376px) 100vw, 376px\" \/><\/div><\/div><\/figure><\/div><\/li><li class=\"kadence-blocks-gallery-item\"><div class=\"kadence-blocks-gallery-item-inner\"><figure class=\"kb-gallery-figure kadence-blocks-gallery-item-hide-caption\" \"><div class=\"kb-gal-image-radius\"><div class=\"kb-gallery-image-contain kadence-blocks-gallery-intrinsic kb-gallery-image-ratio-land32 kb-has-image-ratio-land32\" ><img loading=\"lazy\" decoding=\"async\" src=\"https:\/\/rjmusa.org\/wp-content\/uploads\/2016\/09\/LatinoamericanjuniorsBolivia.jpg\" width=\"188\" height=\"250\" alt=\"Les juniors latino-am\u00e9ricains \u00e0 la r\u00e9union internationale du RJM en Bolivie\" data-full-image=\"https:\/\/rjmusa.org\/wp-content\/uploads\/2016\/09\/LatinoamericanjuniorsBolivia.jpg\" data-light-image=\"https:\/\/rjmusa.org\/wp-content\/uploads\/2016\/09\/LatinoamericanjuniorsBolivia.jpg\" data-id=\"1480\" class=\"wp-image-1480\"\/><\/div><\/div><\/figure><\/div><\/li><\/ul><\/div>","protected":false},"excerpt":{"rendered":"<p>Une vocation n&#039;est pas un \u00e9v\u00e9nement isol\u00e9. C&#039;est un cheminement progressif de notre foi, au cours duquel Dieu nous invite \u00e0 trouver notre propre style d&#039;amour. Notre responsabilit\u00e9 est de discerner les mouvements de l&#039;Esprit dans notre c\u0153ur, qui nous conduisent \u00e0 d\u00e9couvrir comment servir au mieux Dieu et son peuple\u00a0; comment coop\u00e9rer avec l&#039;amour et la vie de Dieu en nous, avec la plus grande g\u00e9n\u00e9rosit\u00e9 et la plus grande authenticit\u00e9.<\/p>","protected":false},"author":2,"featured_media":1442,"parent":1431,"menu_order":0,"comment_status":"closed","ping_status":"closed","template":"","meta":{"_kad_blocks_custom_css":"","_kad_blocks_head_custom_js":"","_kad_blocks_body_custom_js":"","_kad_blocks_footer_custom_js":"","_kad_post_transparent":"","_kad_post_title":"","_kad_post_layout":"","_kad_post_sidebar_id":"","_kad_post_content_style":"","_kad_post_vertical_padding":"","_kad_post_feature":"","_kad_post_feature_position":"","_kad_post_header":false,"_kad_post_footer":false,"footnotes":""},"section":[192],"class_list":["post-1443","page","type-page","status-publish","has-post-thumbnail","hentry","section-join-our-mission"],"acf":[],"taxonomy_info":{"section":[{"value":192,"label":"Join Our Mission"}]},"featured_image_src_large":["https:\/\/rjmusa.org\/wp-content\/uploads\/2016\/09\/bilbehandscandle.jpg",269,200,false],"author_info":{"display_name":"root","author_link":"https:\/\/rjmusa.org\/fr\/author\/root\/"},"comment_info":0,"_links":{"self":[{"href":"https:\/\/rjmusa.org\/fr\/wp-json\/wp\/v2\/pages\/1443","targetHints":{"allow":["GET"]}}],"collection":[{"href":"https:\/\/rjmusa.org\/fr\/wp-json\/wp\/v2\/pages"}],"about":[{"href":"https:\/\/rjmusa.org\/fr\/wp-json\/wp\/v2\/types\/page"}],"author":[{"embeddable":true,"href":"https:\/\/rjmusa.org\/fr\/wp-json\/wp\/v2\/users\/2"}],"replies":[{"embeddable":true,"href":"https:\/\/rjmusa.org\/fr\/wp-json\/wp\/v2\/comments?post=1443"}],"version-history":[{"count":0,"href":"https:\/\/rjmusa.org\/fr\/wp-json\/wp\/v2\/pages\/1443\/revisions"}],"up":[{"embeddable":true,"href":"https:\/\/rjmusa.org\/fr\/wp-json\/wp\/v2\/pages\/1431"}],"wp:featuredmedia":[{"embeddable":true,"href":"https:\/\/rjmusa.org\/fr\/wp-json\/wp\/v2\/media\/1442"}],"wp:attachment":[{"href":"https:\/\/rjmusa.org\/fr\/wp-json\/wp\/v2\/media?parent=1443"}],"wp:term":[{"taxonomy":"section","embeddable":true,"href":"https:\/\/rjmusa.org\/fr\/wp-json\/wp\/v2\/section?post=1443"}],"curies":[{"name":"wp","href":"https:\/\/api.w.org\/{rel}","templated":true}]}}