{"id":2124,"date":"2023-10-03T13:22:45","date_gmt":"2023-10-03T17:22:45","guid":{"rendered":"https:\/\/rjmusa.org\/?page_id=2124"},"modified":"2023-10-03T19:46:17","modified_gmt":"2023-10-03T23:46:17","slug":"creation","status":"publish","type":"page","link":"https:\/\/rjmusa.org\/fr\/creation\/","title":{"rendered":"La Terre \u2013 Notre maison commune"},"content":{"rendered":"<p><em>Des informations sur l&#039;engagement de la Province RJM USA-Ha\u00efti \u00e0 prendre soin de la cr\u00e9ation et \u00e0 \u00eatre de justes gestionnaires des ressources de la Terre seront bient\u00f4t disponibles.<\/em> Le soin de la cr\u00e9ation fait partie int\u00e9grante du <a href=\"https:\/\/rjmusa.org\/fr\/notre-mission\/\">Pr\u00e9f\u00e9rences des religieux de J\u00e9sus et Marie<\/a> et le <a href=\"https:\/\/rjmusa.org\/fr\/category\/our-priorities\/living-a-life-committed-to-justice-peace-and-the-integrity-of-creation-en\/\">priorit\u00e9s de la Province USA-Ha\u00efti<\/a>.<\/p>\n\n\n\n<p>En attendant \u2026<\/p>\n\n\n\n<p><strong>Vous pouvez en apprendre davantage sur certains des engagements de notre province envers la terre en lisant les bulletins d&#039;information de notre <a href=\"https:\/\/rjmusa.org\/fr\/section\/news\/care-for-creation-at-bethany\/\">Prendre soin de la cr\u00e9ation \u00e0 B\u00e9thanie<\/a> minist\u00e8re.<\/strong><\/p>\n\n\n\n<p>Nous vous invitons \u00e9galement \u00e0 d\u00e9couvrir <a rel=\"noreferrer noopener\" href=\"https:\/\/www.usccb.org\/beliefs-and-teachings\/what-we-believe\/catholic-social-teaching\/care-for-creation\" target=\"_blank\">les enseignements de l&#039;\u00c9glise catholique sur le soin de la cr\u00e9ation<\/a> en lisant les lettres du pape Fran\u00e7ois <em><a rel=\"noreferrer noopener\" href=\"https:\/\/laudatosimovement.org\/news\/whats-the-best-2-page-summary-youve-seen-of-laudato-si\/\" data-type=\"link\" data-id=\"https:\/\/laudatosimovement.org\/news\/whats-the-best-2-page-summary-youve-seen-of-laudato-si\/\" target=\"_blank\">Laudato Si&#039;<\/a><\/em> et <em><a href=\"https:\/\/www.humandevelopment.va\/en\/news\/2023\/laudate-deum.html\" target=\"_blank\" rel=\"noreferrer noopener\">Laudate Deum<\/a><\/em>. La vid\u00e9o <a rel=\"noreferrer noopener\" href=\"https:\/\/youtu.be\/Rps9bs85BII?si=X5kqERJlR0Vwmp0T\" target=\"_blank\">&quot;La lettre&quot;<\/a> est un excellent film qui relate les enseignements de l&#039;\u00c9glise sur l&#039;environnement et les efforts du pape Fran\u00e7ois pour accro\u00eetre la compr\u00e9hension et l&#039;inqui\u00e9tude \u00e0 l&#039;\u00e9gard de ces enseignements dans le monde entier, en particulier \u00e0 la lumi\u00e8re du changement climatique et d&#039;autres dommages environnementaux et \u00e9cologiques influenc\u00e9s par l&#039;homme.<\/p>\n\n\n\n<p>Pour plus d&#039;informations sur la fa\u00e7on dont vous et votre communaut\u00e9 pouvez agir pour prendre soin de la cr\u00e9ation ou d\u00e9fendre la terre, vous pouvez en apprendre davantage sur le <a rel=\"noreferrer noopener\" href=\"https:\/\/catholicclimatecovenant.org\/\" target=\"_blank\">Pacte catholique pour le climat<\/a>, l&#039;\u0153cum\u00e9nique <a rel=\"noreferrer noopener\" href=\"http:\/\/www.careofcreation.net\/\" target=\"_blank\">Soins de la Cr\u00e9ation<\/a> organisation, et <a rel=\"noreferrer noopener\" href=\"https:\/\/www.creationjustice.org\/blog\/52-ways-to-care-for-creation\" target=\"_blank\">Minist\u00e8res de la Justice Cr\u00e9ation<\/a>.<\/p>\n\n\n\n<p><em>Plus d\u2019informations sur l\u2019engagement des Religieux de J\u00e9sus et Marie envers les principes plus larges de justice, de paix et d\u2019int\u00e9grit\u00e9 de la cr\u00e9ation (JPIC) peuvent \u00eatre trouv\u00e9es. <a href=\"https:\/\/rjmusa.org\/fr\/jpic\/\">ici<\/a>.<\/em><\/p>","protected":false},"excerpt":{"rendered":"<p>Des informations sur l&#039;engagement de la Province RJM USA-Ha\u00efti \u00e0 prendre soin de la cr\u00e9ation et \u00e0 \u00eatre un gestionnaire juste des ressources de la Terre seront bient\u00f4t disponibles. La protection de la cr\u00e9ation fait partie int\u00e9grante des pr\u00e9f\u00e9rences des Religieuses de J\u00e9sus-Marie et des priorit\u00e9s de la Province USA-Ha\u00efti. En attendant\u2026 Vous pouvez en savoir plus\u2026<\/p>","protected":false},"author":7,"featured_media":0,"parent":0,"menu_order":0,"comment_status":"closed","ping_status":"closed","template":"","meta":{"_kad_blocks_custom_css":"","_kad_blocks_head_custom_js":"","_kad_blocks_body_custom_js":"","_kad_blocks_footer_custom_js":"","_kad_post_transparent":"","_kad_post_title":"","_kad_post_layout":"","_kad_post_sidebar_id":"","_kad_post_content_style":"","_kad_post_vertical_padding":"","_kad_post_feature":"","_kad_post_feature_position":"","_kad_post_header":false,"_kad_post_footer":false,"footnotes":""},"section":[191],"class_list":["post-2124","page","type-page","status-publish","hentry","section-our-mission"],"acf":[],"taxonomy_info":{"section":[{"value":191,"label":"Our Mission"}]},"featured_image_src_large":false,"author_info":{"display_name":"Toby Harkleroad","author_link":"https:\/\/rjmusa.org\/fr\/author\/toby\/"},"comment_info":0,"_links":{"self":[{"href":"https:\/\/rjmusa.org\/fr\/wp-json\/wp\/v2\/pages\/2124","targetHints":{"allow":["GET"]}}],"collection":[{"href":"https:\/\/rjmusa.org\/fr\/wp-json\/wp\/v2\/pages"}],"about":[{"href":"https:\/\/rjmusa.org\/fr\/wp-json\/wp\/v2\/types\/page"}],"author":[{"embeddable":true,"href":"https:\/\/rjmusa.org\/fr\/wp-json\/wp\/v2\/users\/7"}],"replies":[{"embeddable":true,"href":"https:\/\/rjmusa.org\/fr\/wp-json\/wp\/v2\/comments?post=2124"}],"version-history":[{"count":0,"href":"https:\/\/rjmusa.org\/fr\/wp-json\/wp\/v2\/pages\/2124\/revisions"}],"wp:attachment":[{"href":"https:\/\/rjmusa.org\/fr\/wp-json\/wp\/v2\/media?parent=2124"}],"wp:term":[{"taxonomy":"section","embeddable":true,"href":"https:\/\/rjmusa.org\/fr\/wp-json\/wp\/v2\/section?post=2124"}],"curies":[{"name":"wp","href":"https:\/\/api.w.org\/{rel}","templated":true}]}}