{"id":2154,"date":"2023-11-03T17:14:59","date_gmt":"2023-11-03T21:14:59","guid":{"rendered":"https:\/\/rjmusa.org\/?page_id=2154"},"modified":"2023-11-07T17:18:46","modified_gmt":"2023-11-07T22:18:46","slug":"our-faithful-departed","status":"publish","type":"page","link":"https:\/\/rjmusa.org\/fr\/nos-fideles-sont-partis\/","title":{"rendered":"Comm\u00e9moration de nos fid\u00e8les disparus"},"content":{"rendered":"<h6 class=\"wp-block-heading\">Alors que nous sommes remplis des nombreux sentiments de la Saint-Saint, les Religieux de J\u00e9sus et de Marie s&#039;arr\u00eatent en novembre pour prendre le temps de se souvenir de ceux qui nous ont pr\u00e9c\u00e9d\u00e9s marqu\u00e9s du signe de la foi. Nous rappellerons <em><a href=\"https:\/\/rjmusa.org\/fr\/fondatrice\/\">Sainte Claudine Th\u00e9venet<\/a><\/em> et <em><a rel=\"noreferrer noopener\" href=\"https:\/\/dinabelangereng.blogspot.com\/\" target=\"_blank\">Bienheureuse Dina B\u00e9langer<\/a><\/em>, qui comptent parmi les saints de l&#039;\u00c9glise, mais nous nous souviendrons \u00e9galement de saintes et exceptionnelles s\u0153urs comme <em><a href=\"https:\/\/rjmusa.org\/fr\/isa-sola-rjm\/\">Isa Sol\u00e0<\/a><\/em> et <em><a rel=\"noreferrer noopener\" href=\"http:\/\/newsaints.faithweb.com\/new_martyrs\/Equatorial_Guinea.htm\" target=\"_blank\">Carmen Samaranch<\/a><\/em> ainsi que la multitude de RJM qui ont v\u00e9cu tranquillement et humblement une vie de saintet\u00e9 et de service.<\/h6>\n\n\n<div class=\"wp-block-image is-style-default\">\n<figure class=\"aligncenter size-full is-resized\"><a href=\"https:\/\/rjmusa.org\/fr\/fondatrice\/\"><img loading=\"lazy\" decoding=\"async\" src=\"https:\/\/rjmusa.org\/wp-content\/uploads\/2023\/11\/Saints-are-made-by-it.jpg\" alt=\"&quot;La pri\u00e8re op\u00e8re de merveilleux changements dans les c\u0153urs ; elle fait des saints.&quot; ~ Sainte Claudine Th\u00e9venet\" class=\"wp-image-2155\" style=\"width:268px;height:214px\" width=\"268\" height=\"214\" srcset=\"https:\/\/rjmusa.org\/wp-content\/uploads\/2023\/11\/Saints-are-made-by-it.jpg 736w, https:\/\/rjmusa.org\/wp-content\/uploads\/2023\/11\/Saints-are-made-by-it-300x240.jpg 300w\" sizes=\"auto, (max-width: 268px) 100vw, 268px\" \/><\/a><\/figure>\n<\/div>\n\n\n<p>Le mois de novembre, surtout les premiers jours, occupe une place particuli\u00e8re dans le cycle liturgique de l&#039;\u00c9glise catholique.<\/p>\n\n\n\n<p>Alors que la saison des r\u00e9coltes dans l&#039;h\u00e9misph\u00e8re Nord commence \u00e0 se terminer, que l&#039;\u00e9quinoxe d&#039;automne est pass\u00e9 et que les jours deviennent plus courts et plus froids \u00e0 mesure que notre plan\u00e8te tourne autour du soleil en direction du jour le plus court de l&#039;ann\u00e9e en d\u00e9cembre, l&#039;\u00c9glise s&#039;arr\u00eate sagement pour m\u00e9ditez sur la mort.<\/p>\n\n\n\n<p><strong>1er novembre<sup>St<\/sup> marque une solennit\u00e9 et un jour saint d&#039;obligation connu sous le nom de Toussaint<\/strong>. Cette belle comm\u00e9moration nous permet de r\u00e9fl\u00e9chir sur le concept de saintet\u00e9 et de saintet\u00e9 et d&#039;aller au-del\u00e0 des saints c\u00e9l\u00e8bres dont nous nous souvenons souvent en d\u00e9tail lors de leurs f\u00eates personnelles. \u00c0 la Toussaint, nous avons l&#039;occasion de nous souvenir des nombreux hommes et femmes que l&#039;\u00c9glise a canonis\u00e9s et b\u00e9atifi\u00e9s au fil des si\u00e8cles, mais qui ne sont souvent connus que d&#039;un petit nombre de chr\u00e9tiens. La Toussaint nous permet \u00e9galement de rappeler que la saintet\u00e9 ne se limite pas aux personnes inscrites dans le calendrier des saints de l&#039;\u00c9glise ou enregistr\u00e9es dans le martyrologe romain : les saints sont en r\u00e9alit\u00e9 tous ces saints hommes et femmes de l&#039;histoire qui sont maintenant avec Dieu dans le paradis c\u00e9leste. La Lettre aux H\u00e9breux d\u00e9crit ces saints comme \u00ab une nu\u00e9e de t\u00e9moins \u00bb qui nous entoure dans notre recherche de la saintet\u00e9. Le Livre de l\u2019Apocalypse les d\u00e9crit comme une grande multitude de toutes les nations de la terre, un nombre trop important, v\u00eatus de blanc, rassembl\u00e9s autour de l\u2019Agneau de Dieu et chantant des louanges.<\/p>\n\n\n\n<p>Quelle joyeuse f\u00eate que l\u2019\u00c9glise appelle chaque ann\u00e9e tous les fid\u00e8les \u00e0 observer !<\/p>\n\n\n<div class=\"wp-block-image\">\n<figure class=\"aligncenter size-full is-resized\"><a href=\"https:\/\/rjmusa.org\/fr\/priere\/\"><img loading=\"lazy\" decoding=\"async\" src=\"https:\/\/rjmusa.org\/wp-content\/uploads\/2023\/11\/dina-quote.jpeg\" alt=\"&quot;Tr\u00e8s bien, je serai un saint. Je donnerai un patron \u00e0 ceux qui porteront mon nom.&quot; ~ Bl. Dina B\u00e9langer, RJM\" class=\"wp-image-2157\" style=\"width:277px;height:277px\" width=\"277\" height=\"277\" srcset=\"https:\/\/rjmusa.org\/wp-content\/uploads\/2023\/11\/dina-quote.jpeg 225w, https:\/\/rjmusa.org\/wp-content\/uploads\/2023\/11\/dina-quote-150x150.jpeg 150w\" sizes=\"auto, (max-width: 277px) 100vw, 277px\" \/><\/a><\/figure>\n<\/div>\n\n\n<p>Mais la solennit\u00e9 de la Toussaint ne suffit pas. Au fil du temps, l&#039;\u00c9glise et les soci\u00e9t\u00e9s chr\u00e9tiennes nous ont donn\u00e9 une <strong>\u00ab La mar\u00e9e sainte \u00bb\u2026 une saison de saintet\u00e9 !<\/strong><\/p>\n\n\n\n<p>Nous savons que, pour un certain nombre de raisons culturelles, la c\u00e9l\u00e9bration de <strong>Halloween, ou la veille de la Toussaint, s&#039;est d\u00e9roul\u00e9e le 31 octobre<sup>St<\/sup> <\/strong>comme un jour pour rire du mal et de la mort et pour c\u00e9l\u00e9brer. Surtout en Am\u00e9rique du Nord, cela a conduit \u00e0 l&#039;apparition de costumes d&#039;Halloween et de friandises. En tant que croyants, c&#039;est un pr\u00e9lude important \u00e0 la f\u00eate de la Toussaint, car notre foi nous promet que le Christ a vaincu le mal et vaincu la mort. La Toussaint nous permet de c\u00e9l\u00e9brer ceux qui ont v\u00e9cu une vie de saintet\u00e9, comme chacun de nous est appel\u00e9 \u00e0 le faire, et d&#039;\u00eatre r\u00e9confort\u00e9s par le fait que des multitudes de nos pr\u00e9d\u00e9cesseurs et anc\u00eatres veillent sur nous dans une paix b\u00e9nie et une joie totale dans le cadre de la communion de Saints.<\/p>\n\n\n<div class=\"wp-block-image\">\n<figure class=\"aligncenter size-full\"><a href=\"https:\/\/www.rjmgeneral.org\/en\/sr-isa-sola-eng\/\" target=\"_blank\" rel=\"noreferrer noopener\"><img loading=\"lazy\" decoding=\"async\" width=\"600\" height=\"503\" src=\"https:\/\/rjmusa.org\/wp-content\/uploads\/2023\/11\/Isa-and-Carmen.jpg\" alt=\"La congr\u00e9gation RJM se souvient des Srs. Isa Sola et Carmen Samaranch qui ont \u00e9t\u00e9 tu\u00e9es lors d&#039;une mission.\" class=\"wp-image-2158\" srcset=\"https:\/\/rjmusa.org\/wp-content\/uploads\/2023\/11\/Isa-and-Carmen.jpg 600w, https:\/\/rjmusa.org\/wp-content\/uploads\/2023\/11\/Isa-and-Carmen-300x252.jpg 300w\" sizes=\"auto, (max-width: 600px) 100vw, 600px\" \/><\/a><\/figure>\n<\/div>\n\n\n<p>La F\u00eate de la Saint-Sacrement ne se termine pas simplement par le souvenir de ces morts dont nous avons une grande certitude de leur saintet\u00e9. <strong>2 novembre<sup>sd<\/sup> est connue sous le nom de Journ\u00e9e des Morts, ou Comm\u00e9moration de tous les fid\u00e8les disparus.<\/strong> All Souls nous permet de nous souvenir de la mort avec un sentiment d&#039;espoir, car nous reconnaissons que nous, les humains, ne sommes pas parfaits et que nous tombons souvent dans notre voyage vers la saintet\u00e9.<\/p>\n\n\n\n<p>\u00c0 l&#039;occasion de la F\u00eate des Morts, l&#039;\u00c9glise nous appelle \u00e0 nous souvenir de tous ceux qui sont morts, quelle que soit la mani\u00e8re dont ils ont v\u00e9cu leur vie, et \u00e0 nous concentrer sur la mis\u00e9ricorde et le pardon de Dieu. Peut-\u00eatre que la parabole du fils prodigue avec le p\u00e8re qui embrasse son fils avec pardon et c\u00e9l\u00e8bre son retour \u00e0 la maison par un festin est une mani\u00e8re id\u00e9ale de capturer ce que nous rappelons sur All Souls.<\/p>\n\n\n\n<p>En tant que chr\u00e9tiens, nous vivons dans l\u2019humble espoir que notre P\u00e8re aura piti\u00e9 de nous lorsque nous ferons face \u00e0 notre propre mort mortelle et que nous nous pr\u00e9senterons devant Dieu en jugement. Ainsi, le jour de la Toussaint, nous faisons un effort particulier pour prier pour tous ceux qui sont morts, quels que soient les \u00e9checs et les erreurs de leur vie, et nous prions avec ferveur pour que la mis\u00e9ricorde de Dieu les am\u00e8ne \u00e9galement au paradis.<\/p>\n\n\n\n<p><em>La mar\u00e9e de No\u00ebl est un moment de comm\u00e9moration non seulement de la mort, mais aussi de ceux qui sont d\u00e9c\u00e9d\u00e9s, en particulier de ceux qui sont d\u00e9c\u00e9d\u00e9s r\u00e9cemment ou qui font partie de nos familles et communaut\u00e9s imm\u00e9diates.<\/em><\/p>\n\n\n<div class=\"wp-block-image\">\n<figure class=\"aligncenter size-large is-resized\"><a href=\"https:\/\/rjmusa.org\/fr\/section\/news\/care-for-creation-at-bethany\/\"><img loading=\"lazy\" decoding=\"async\" src=\"https:\/\/rjmusa.org\/wp-content\/uploads\/2023\/11\/Bethany-Cemetary-Sr-Mary-Scanlon-1024x681.jpg\" alt=\"Pierre tombale de S\u0153ur Mary Scanlon, RJM\" class=\"wp-image-2159\" style=\"width:510px;height:339px\" width=\"510\" height=\"339\" srcset=\"https:\/\/rjmusa.org\/wp-content\/uploads\/2023\/11\/Bethany-Cemetary-Sr-Mary-Scanlon-1024x681.jpg 1024w, https:\/\/rjmusa.org\/wp-content\/uploads\/2023\/11\/Bethany-Cemetary-Sr-Mary-Scanlon-300x199.jpg 300w, https:\/\/rjmusa.org\/wp-content\/uploads\/2023\/11\/Bethany-Cemetary-Sr-Mary-Scanlon-768x511.jpg 768w, https:\/\/rjmusa.org\/wp-content\/uploads\/2023\/11\/Bethany-Cemetary-Sr-Mary-Scanlon-1536x1021.jpg 1536w, https:\/\/rjmusa.org\/wp-content\/uploads\/2023\/11\/Bethany-Cemetary-Sr-Mary-Scanlon-2048x1362.jpg 2048w\" sizes=\"auto, (max-width: 510px) 100vw, 510px\" \/><\/a><figcaption class=\"wp-element-caption\">un lieu de repos au cimeti\u00e8re RJM de Bethany \u00e0 Highland Mills, NY<\/figcaption><\/figure>\n<\/div>\n\n\n<p>Au Mexique, les coutumes de <strong>el Dia de los Muertos (le jour des morts)<\/strong> se sont d\u00e9velopp\u00e9s le 2 novembre<sup>sd<\/sup>. Ces coutumes populaires consistent \u00e0 visiter les cimeti\u00e8res, \u00e0 d\u00e9poser des offrandes de nourriture en l&#039;honneur des proches d\u00e9c\u00e9d\u00e9s et \u00e0 cr\u00e9er des autels comm\u00e9moratifs dans les maisons appel\u00e9es <em>ofrendas<\/em> o\u00f9 des photos et autres souvenirs d&#039;\u00eatres chers d\u00e9c\u00e9d\u00e9s sont plac\u00e9s parmi des fleurs et des friandises pour c\u00e9l\u00e9brer et \u00eatre proches de ceux qui nous ont pr\u00e9c\u00e9d\u00e9s.<\/p>\n\n\n\n<p>Ces belles traditions surviennent juste avant que les \u00c9tats-Unis ne c\u00e9l\u00e8brent la f\u00eate des anciens combattants, le 11 novembre.<sup>\u00e8me<\/sup>, lorsque la nation prend une pause pour se souvenir de tous les hommes et femmes qui ont rendu service dans les guerres dans lesquelles notre nation s&#039;est engag\u00e9e. D&#039;une certaine mani\u00e8re, cette f\u00eate civique refl\u00e8te le jour saint de notre \u00c9glise car elle honore le service, se souvient en particulier des sacrifices de les morts et renouvelle notre engagement national en faveur de l&#039;espoir de la paix.<\/p>\n\n\n<div class=\"wp-block-image\">\n<figure class=\"aligncenter size-full is-resized\"><a href=\"https:\/\/rjmusa.org\/fr\/section\/in-remembrance\/\"><img loading=\"lazy\" decoding=\"async\" src=\"https:\/\/rjmusa.org\/wp-content\/uploads\/2023\/10\/SrsLauraandRoseline.png\" alt=\"Nous nous souvenons des Religieux de J\u00e9sus et de Marie d\u00e9c\u00e9d\u00e9s r\u00e9cemment.\" class=\"wp-image-2139\" style=\"width:440px;height:354px\" width=\"440\" height=\"354\" srcset=\"https:\/\/rjmusa.org\/wp-content\/uploads\/2023\/10\/SrsLauraandRoseline.png 818w, https:\/\/rjmusa.org\/wp-content\/uploads\/2023\/10\/SrsLauraandRoseline-300x241.png 300w, https:\/\/rjmusa.org\/wp-content\/uploads\/2023\/10\/SrsLauraandRoseline-768x618.png 768w\" sizes=\"auto, (max-width: 440px) 100vw, 440px\" \/><\/a><\/figure>\n<\/div>\n\n\n<p><strong><em>Ces occasions de se souvenir de ceux qui nous ont pr\u00e9c\u00e9d\u00e9s, h\u00e9ros comme p\u00e9cheurs, constituent un moment privil\u00e9gi\u00e9 dans les ordres religieux et les congr\u00e9gations de l&#039;\u00c9glise.<\/em><\/strong>. De nombreux ordres importants, comme les franciscains et les j\u00e9suites, organisent des f\u00eates distinctes en novembre pour honorer sp\u00e9cifiquement les saints membres de leurs communaut\u00e9s. D\u2019autres congr\u00e9gations prennent le temps d\u2019honorer et de rappeler les histoires des s\u0153urs et fr\u00e8res fid\u00e8les d\u00e9c\u00e9d\u00e9s r\u00e9cemment.<\/p>\n\n\n\n<p><strong>Au cours des prochains jours, nous ajouterons du contenu suppl\u00e9mentaire \u00e0 notre site Web (<a href=\"https:\/\/rjmusa.org\/fr\/\">www.rjmusa.org<\/a>) pour mieux mettre en valeur nos s\u0153urs qui sont des saintes et des h\u00e9ro\u00efnes et pour refl\u00e9ter et se souvenir des s\u0153urs qui ont \u00e9t\u00e9 humbles et silencieuses dans leurs saints minist\u00e8res.<\/strong><\/p>\n\n\n\n<div class=\"wp-block-buttons is-content-justification-center is-layout-flex wp-container-core-buttons-is-layout-16018d1d wp-block-buttons-is-layout-flex\">\n<div class=\"wp-block-button\"><a class=\"wp-block-button__link wp-element-button\" href=\"https:\/\/rjmusa.org\/fr\/section\/in-remembrance\/\">Souvenez-vous des RJM r\u00e9cemment d\u00e9c\u00e9d\u00e9s<\/a><\/div>\n\n\n\n<div class=\"wp-block-button\"><a class=\"wp-block-button__link wp-element-button\" href=\"https:\/\/rjmusa.org\/fr\/comment-nous-nous-souvenons-des-morts\/\">D\u00c9COUVREZ NOS N\u00c9CROLOGIES<\/a><\/div>\n<\/div>\n\n\n\n<p><strong>Toutes ces religieuses de J\u00e9sus et de Marie ont \u00e9t\u00e9 des femmes engag\u00e9es pour faire conna\u00eetre la bont\u00e9 mis\u00e9ricordieuse de Dieu dans un monde bris\u00e9. <\/strong><em>Nous esp\u00e9rons que vous serez inspir\u00e9s par eux, que vous prierez pour et avec eux, et que vous vous sentirez appel\u00e9s \u00e0 faire partie de la communaut\u00e9 en mission qui fait avancer l&#039;h\u00e9ritage du RJM dans le monde d&#039;aujourd&#039;hui !<\/em><\/p>\n\n\n<div class=\"wp-block-image\">\n<figure class=\"aligncenter size-full\"><img loading=\"lazy\" decoding=\"async\" width=\"147\" height=\"147\" src=\"https:\/\/rjmusa.org\/wp-content\/uploads\/2023\/11\/rjm-intl-light-purple.jpg\" alt=\"\" class=\"wp-image-2160\"\/><\/figure>\n<\/div>\n\n\n<h3 class=\"wp-block-heading has-text-align-center\">Accorde-leur le repos \u00e9ternel, \u00f4 Seigneur, et que la lumi\u00e8re perp\u00e9tuelle brille sur eux !<\/h3>","protected":false},"excerpt":{"rendered":"<p>Alors que nous sommes remplis des nombreux sentiments de la p\u00e9riode de l\u2019Avent, les Religieuses de J\u00e9sus et de Marie prennent le temps, en ce mois de novembre, de se souvenir de celles et ceux qui nous ont pr\u00e9c\u00e9d\u00e9s, marqu\u00e9s du signe de la foi. Nous nous souviendrons de sainte Claudine Th\u00e9venet et de la bienheureuse Dina B\u00e9langer, qui comptent parmi les saintes et les saints de la\u2026<\/p>","protected":false},"author":7,"featured_media":2159,"parent":0,"menu_order":0,"comment_status":"closed","ping_status":"closed","template":"","meta":{"_kad_blocks_custom_css":"","_kad_blocks_head_custom_js":"","_kad_blocks_body_custom_js":"","_kad_blocks_footer_custom_js":"","_kad_post_transparent":"","_kad_post_title":"","_kad_post_layout":"","_kad_post_sidebar_id":"","_kad_post_content_style":"","_kad_post_vertical_padding":"","_kad_post_feature":"","_kad_post_feature_position":"","_kad_post_header":false,"_kad_post_footer":false,"footnotes":""},"section":[194,216],"class_list":["post-2154","page","type-page","status-publish","has-post-thumbnail","hentry","section-in-remembrance","section-necrologies"],"acf":[],"taxonomy_info":{"section":[{"value":194,"label":"In Remembrance"},{"value":216,"label":"Of Blessed Memory"}]},"featured_image_src_large":["https:\/\/rjmusa.org\/wp-content\/uploads\/2023\/11\/Bethany-Cemetary-Sr-Mary-Scanlon-1024x681.jpg",1024,681,true],"author_info":{"display_name":"Toby Harkleroad","author_link":"https:\/\/rjmusa.org\/fr\/author\/toby\/"},"comment_info":0,"_links":{"self":[{"href":"https:\/\/rjmusa.org\/fr\/wp-json\/wp\/v2\/pages\/2154","targetHints":{"allow":["GET"]}}],"collection":[{"href":"https:\/\/rjmusa.org\/fr\/wp-json\/wp\/v2\/pages"}],"about":[{"href":"https:\/\/rjmusa.org\/fr\/wp-json\/wp\/v2\/types\/page"}],"author":[{"embeddable":true,"href":"https:\/\/rjmusa.org\/fr\/wp-json\/wp\/v2\/users\/7"}],"replies":[{"embeddable":true,"href":"https:\/\/rjmusa.org\/fr\/wp-json\/wp\/v2\/comments?post=2154"}],"version-history":[{"count":0,"href":"https:\/\/rjmusa.org\/fr\/wp-json\/wp\/v2\/pages\/2154\/revisions"}],"wp:featuredmedia":[{"embeddable":true,"href":"https:\/\/rjmusa.org\/fr\/wp-json\/wp\/v2\/media\/2159"}],"wp:attachment":[{"href":"https:\/\/rjmusa.org\/fr\/wp-json\/wp\/v2\/media?parent=2154"}],"wp:term":[{"taxonomy":"section","embeddable":true,"href":"https:\/\/rjmusa.org\/fr\/wp-json\/wp\/v2\/section?post=2154"}],"curies":[{"name":"wp","href":"https:\/\/api.w.org\/{rel}","templated":true}]}}