{"id":2424,"date":"2024-05-10T21:41:43","date_gmt":"2024-05-11T01:41:43","guid":{"rendered":"https:\/\/rjmusa.org\/?page_id=2424"},"modified":"2025-04-24T11:49:04","modified_gmt":"2025-04-24T15:49:04","slug":"border-ministry","status":"publish","type":"page","link":"https:\/\/rjmusa.org\/fr\/ministere-des-frontieres\/","title":{"rendered":"Minist\u00e8re des Fronti\u00e8res aupr\u00e8s des Migrants"},"content":{"rendered":"<div class=\"wp-block-columns is-layout-flex wp-container-core-columns-is-layout-9d6595d7 wp-block-columns-is-layout-flex\">\n<div class=\"wp-block-column is-layout-flow wp-block-column-is-layout-flow\" style=\"flex-basis:66.66%\">\n<p>Les Religieux de J\u00e9sus et de Marie exercent leur minist\u00e8re le long de la fronti\u00e8re entre les \u00c9tats-Unis et le Mexique depuis de nombreuses ann\u00e9es. Les minist\u00e8res ont inclus des \u00e9coles, des r\u00e9sidences et d&#039;autres projets au Texas et en Californie.<\/p>\n\n\n\n<p>Aujourd&#039;hui, les RJM de San Diego font partie d&#039;une communaut\u00e9 inter-congr\u00e9gationnelle et participent \u00e0 la <strong>Collaboration des s\u0153urs pour les minist\u00e8res des fronti\u00e8res<\/strong> avec des religieuses de 11 autres congr\u00e9gations. <\/p>\n<\/div>\n\n\n\n<div class=\"wp-block-column is-layout-flow wp-block-column-is-layout-flow\" style=\"flex-basis:33.33%\"><div class=\"wp-block-image\">\n<figure class=\"aligncenter size-full is-resized\"><img loading=\"lazy\" decoding=\"async\" width=\"418\" height=\"224\" src=\"https:\/\/rjmusa.org\/wp-content\/uploads\/2024\/05\/hands-across-border-fence.jpg\" alt=\"\" class=\"wp-image-2425\" style=\"width:341px;height:auto\" srcset=\"https:\/\/rjmusa.org\/wp-content\/uploads\/2024\/05\/hands-across-border-fence.jpg 418w, https:\/\/rjmusa.org\/wp-content\/uploads\/2024\/05\/hands-across-border-fence-300x161.jpg 300w, https:\/\/rjmusa.org\/wp-content\/uploads\/2024\/05\/hands-across-border-fence-18x10.jpg 18w\" sizes=\"auto, (max-width: 418px) 100vw, 418px\" \/><\/figure>\n<\/div><\/div>\n<\/div>\n\n\n\n<p>Le minist\u00e8re des fronti\u00e8res du RJM aupr\u00e8s des migrants a travaill\u00e9 avec des organisations caritatives catholiques et des services familiaux juifs du c\u00f4t\u00e9 am\u00e9ricain de la fronti\u00e8re et avec le refuge Madre Asunta et <a href=\"https:\/\/casadelospobresusa.com\/\" target=\"_blank\" rel=\"noreferrer noopener\">Maison des Pobres<\/a> du c\u00f4t\u00e9 de Tijuana.<\/p>\n\n\n<div class=\"wp-block-image\">\n<figure class=\"aligncenter size-full\"><img loading=\"lazy\" decoding=\"async\" width=\"198\" height=\"265\" src=\"https:\/\/rjmusa.org\/wp-content\/uploads\/2025\/04\/Transborder-Coalition-1.png\" alt=\"\" class=\"wp-image-2581\" srcset=\"https:\/\/rjmusa.org\/wp-content\/uploads\/2025\/04\/Transborder-Coalition-1.png 198w, https:\/\/rjmusa.org\/wp-content\/uploads\/2025\/04\/Transborder-Coalition-1-9x12.png 9w\" sizes=\"auto, (max-width: 198px) 100vw, 198px\" \/><\/figure>\n<\/div>\n\n\n<p>Cette initiative est soutenue par l&#039;UISG (Union Internationale des Sup\u00e9rieures G\u00e9n\u00e9rales), la Fondation Conrad N. Hilton et de nombreux individus et groupes \u00e0 travers des dons aux congr\u00e9gations de s\u0153urs impliqu\u00e9es dans la collaboration. Vous pouvez soutenir le minist\u00e8re des fronti\u00e8res du RJM aupr\u00e8s des migrants par la pri\u00e8re et avec une aide financi\u00e8re.<\/p>\n\n\n<div class=\"wp-block-image\">\n<figure class=\"aligncenter size-large is-resized\"><img loading=\"lazy\" decoding=\"async\" width=\"1024\" height=\"768\" src=\"https:\/\/rjmusa.org\/wp-content\/uploads\/2024\/05\/20240325_192145-1024x768.jpg\" alt=\"\" class=\"wp-image-2426\" style=\"width:447px;height:auto\" srcset=\"https:\/\/rjmusa.org\/wp-content\/uploads\/2024\/05\/20240325_192145-1024x768.jpg 1024w, https:\/\/rjmusa.org\/wp-content\/uploads\/2024\/05\/20240325_192145-300x225.jpg 300w, https:\/\/rjmusa.org\/wp-content\/uploads\/2024\/05\/20240325_192145-768x576.jpg 768w, https:\/\/rjmusa.org\/wp-content\/uploads\/2024\/05\/20240325_192145-1536x1152.jpg 1536w, https:\/\/rjmusa.org\/wp-content\/uploads\/2024\/05\/20240325_192145-2048x1536.jpg 2048w, https:\/\/rjmusa.org\/wp-content\/uploads\/2024\/05\/20240325_192145-16x12.jpg 16w\" sizes=\"auto, (max-width: 1024px) 100vw, 1024px\" \/><\/figure>\n<\/div>\n\n\n<div class=\"wp-block-group is-content-justification-center is-nowrap is-layout-flex wp-container-core-group-is-layout-94bc23d7 wp-block-group-is-layout-flex\">\n<div class=\"wp-block-columns are-vertically-aligned-center is-layout-flex wp-container-core-columns-is-layout-9d6595d7 wp-block-columns-is-layout-flex\">\n<div class=\"wp-block-column is-vertically-aligned-center is-layout-flow wp-block-column-is-layout-flow\" style=\"flex-basis:40%\">\n<givebutter-widget id=\"prQe5g\"><\/givebutter-widget>\n<\/div>\n<\/div>\n<\/div>\n\n\n<div class=\"wp-block-image\">\n<figure class=\"aligncenter size-large is-resized\"><img loading=\"lazy\" decoding=\"async\" width=\"1024\" height=\"861\" src=\"https:\/\/rjmusa.org\/wp-content\/uploads\/2024\/05\/IMG_7628-1024x861.jpg\" alt=\"\" class=\"wp-image-2427\" style=\"width:436px;height:auto\" srcset=\"https:\/\/rjmusa.org\/wp-content\/uploads\/2024\/05\/IMG_7628-1024x861.jpg 1024w, https:\/\/rjmusa.org\/wp-content\/uploads\/2024\/05\/IMG_7628-300x252.jpg 300w, https:\/\/rjmusa.org\/wp-content\/uploads\/2024\/05\/IMG_7628-768x645.jpg 768w, https:\/\/rjmusa.org\/wp-content\/uploads\/2024\/05\/IMG_7628-1536x1291.jpg 1536w, https:\/\/rjmusa.org\/wp-content\/uploads\/2024\/05\/IMG_7628-2048x1721.jpg 2048w, https:\/\/rjmusa.org\/wp-content\/uploads\/2024\/05\/IMG_7628-14x12.jpg 14w\" sizes=\"auto, (max-width: 1024px) 100vw, 1024px\" \/><\/figure>\n<\/div>\n\n\n<p class=\"has-text-align-center\"><em><strong>En savoir plus sur la parole du RJM et des autres s\u0153urs impliqu\u00e9es dans le Transfrontalier<br>Coalition pour les minist\u00e8res des fronti\u00e8res<\/strong><\/em><\/p>\n\n\n\n<p class=\"has-text-align-center\"><a href=\"https:\/\/www.ncronline.org\/migration\/california-sisters-form-coalition-help-migrants-border\"><strong>Des s\u0153urs californiennes forment une coalition pour aider les migrants \u00e0 la fronti\u00e8re<\/strong><\/a><br>Rapport Global Sisters \u2013 17 avril 2025<\/p>\n\n\n\n<p class=\"has-text-align-center\"><a href=\"https:\/\/www.globalsistersreport.org\/sisters-support-migrants-need-through-nonprofit-border-compassion\"><strong>Des s\u0153urs soutiennent les migrants dans le besoin gr\u00e2ce \u00e0 l&#039;association \u00e0 but non lucratif Border Compassion<\/strong><\/a><br>Rapport Global Sisters \u2013 7 avril 2025<\/p>\n\n\n\n<p class=\"has-text-align-center\"><a href=\"https:\/\/ccdsd.org\/sisters-in-action\/\"><strong>S\u0153urs en action<\/strong><\/a><br>\u0152uvres de bienfaisance catholiques du dioc\u00e8se de San Diego<\/p>\n\n\n\n<p class=\"has-text-align-center\"><a href=\"https:\/\/youtu.be\/dnt4OK3IE6I?si=R1vVI9e1Gm6kdg0H\"><strong>Des r\u00e9seaux s\u0153urs b\u00e2tissent l&#039;espoir \u00e0 la fronti\u00e8re entre les \u00c9tats-Unis et le Mexique<\/strong><\/a> (vid\u00e9o)<br>Centre de religion et de culture civique de l&#039;USC \u2013 11 octobre 2023<\/p>\n\n\n\n<div class=\"wp-block-columns is-layout-flex wp-container-core-columns-is-layout-9d6595d7 wp-block-columns-is-layout-flex\">\n<div class=\"wp-block-column is-vertically-aligned-top is-layout-flow wp-block-column-is-layout-flow\" style=\"flex-basis:33.33%\"><div class=\"wp-block-image is-style-default\">\n<figure class=\"alignright size-large is-resized\"><a href=\"https:\/\/www.shcj.org\/american\/wp-content\/uploads\/sites\/2\/2025\/03\/44750-SHCJ_Actions_January-2025_FINAL.pdf\"><img loading=\"lazy\" decoding=\"async\" width=\"791\" height=\"1024\" src=\"https:\/\/rjmusa.org\/wp-content\/uploads\/2025\/04\/SHCJ-Actions-791x1024.png\" alt=\"\" class=\"wp-image-2579\" style=\"width:206px;height:auto\" srcset=\"https:\/\/rjmusa.org\/wp-content\/uploads\/2025\/04\/SHCJ-Actions-791x1024.png 791w, https:\/\/rjmusa.org\/wp-content\/uploads\/2025\/04\/SHCJ-Actions-232x300.png 232w, https:\/\/rjmusa.org\/wp-content\/uploads\/2025\/04\/SHCJ-Actions-768x994.png 768w, https:\/\/rjmusa.org\/wp-content\/uploads\/2025\/04\/SHCJ-Actions-1187x1536.png 1187w, https:\/\/rjmusa.org\/wp-content\/uploads\/2025\/04\/SHCJ-Actions-9x12.png 9w, https:\/\/rjmusa.org\/wp-content\/uploads\/2025\/04\/SHCJ-Actions.png 1334w\" sizes=\"auto, (max-width: 791px) 100vw, 791px\" \/><\/a><\/figure>\n<\/div><\/div>\n\n\n\n<div class=\"wp-block-column is-layout-flow wp-block-column-is-layout-flow\" style=\"flex-basis:66.66%\">\n<p><br>Les s\u0153urs RJM Rosie Nicholson et Sandra Salazar apparaissent sur la couverture de l&#039;hiver 2025 du <a href=\"https:\/\/www.shcj.org\/american\/\">Soci\u00e9t\u00e9 du Saint-Enfant-J\u00e9sus<\/a>&#8216; <em>Actes <\/em>bulletin. <\/p>\n\n\n\n<p>Les S\u0153urs de la Sainte-Enfance s&#039;associent aux Religieuses de J\u00e9sus et de Marie de San Diego dans la Coalition transfrontali\u00e8re pour les minist\u00e8res frontaliers et elles se sont associ\u00e9es au RJM, ainsi qu&#039;au Conseil national des femmes noires, pour fonder le <a href=\"https:\/\/washingtonschoolforgirls.org\/\">\u00c9cole de filles de Washington<\/a> \u00e0 Washington DC.<\/p>\n\n\n\n<p><a href=\"https:\/\/www.shcj.org\/american\/wp-content\/uploads\/sites\/2\/2025\/03\/44750-SHCJ_Actions_January-2025_FINAL.pdf\">En savoir plus sur la coalition<\/a> aux pages 2-3 du bulletin d&#039;information du SHCJ<\/p>\n<\/div>\n<\/div>\n\n\n\n<p><\/p>","protected":false},"excerpt":{"rendered":"<p>Les Religieuses de J\u00e9sus et Marie ont exerc\u00e9 leur minist\u00e8re le long de la fronti\u00e8re entre les \u00c9tats-Unis et le Mexique pendant de nombreuses ann\u00e9es. Leurs minist\u00e8res comprenaient des \u00e9coles, des r\u00e9sidences et d&#039;autres projets au Texas et en Californie. Aujourd&#039;hui, les Religieuses de J\u00e9sus et Marie de San Diego font partie d&#039;une communaut\u00e9 inter-congr\u00e9gationnelle et participent au Sisters Collaborative for Border Ministries avec des religieuses de 11 autres \u00c9tats\u2026<\/p>","protected":false},"author":7,"featured_media":2425,"parent":0,"menu_order":0,"comment_status":"closed","ping_status":"closed","template":"","meta":{"_kad_blocks_custom_css":"","_kad_blocks_head_custom_js":"","_kad_blocks_body_custom_js":"","_kad_blocks_footer_custom_js":"","_kad_post_transparent":"default","_kad_post_title":"","_kad_post_layout":"","_kad_post_sidebar_id":"","_kad_post_content_style":"","_kad_post_vertical_padding":"","_kad_post_feature":"hide","_kad_post_feature_position":"default","_kad_post_header":false,"_kad_post_footer":false,"footnotes":""},"section":[191],"class_list":["post-2424","page","type-page","status-publish","has-post-thumbnail","hentry","section-our-mission"],"acf":[],"taxonomy_info":{"section":[{"value":191,"label":"Our Mission"}]},"featured_image_src_large":["https:\/\/rjmusa.org\/wp-content\/uploads\/2024\/05\/hands-across-border-fence.jpg",418,224,false],"author_info":{"display_name":"Toby Harkleroad","author_link":"https:\/\/rjmusa.org\/fr\/author\/toby\/"},"comment_info":0,"_links":{"self":[{"href":"https:\/\/rjmusa.org\/fr\/wp-json\/wp\/v2\/pages\/2424","targetHints":{"allow":["GET"]}}],"collection":[{"href":"https:\/\/rjmusa.org\/fr\/wp-json\/wp\/v2\/pages"}],"about":[{"href":"https:\/\/rjmusa.org\/fr\/wp-json\/wp\/v2\/types\/page"}],"author":[{"embeddable":true,"href":"https:\/\/rjmusa.org\/fr\/wp-json\/wp\/v2\/users\/7"}],"replies":[{"embeddable":true,"href":"https:\/\/rjmusa.org\/fr\/wp-json\/wp\/v2\/comments?post=2424"}],"version-history":[{"count":0,"href":"https:\/\/rjmusa.org\/fr\/wp-json\/wp\/v2\/pages\/2424\/revisions"}],"wp:featuredmedia":[{"embeddable":true,"href":"https:\/\/rjmusa.org\/fr\/wp-json\/wp\/v2\/media\/2425"}],"wp:attachment":[{"href":"https:\/\/rjmusa.org\/fr\/wp-json\/wp\/v2\/media?parent=2424"}],"wp:term":[{"taxonomy":"section","embeddable":true,"href":"https:\/\/rjmusa.org\/fr\/wp-json\/wp\/v2\/section?post=2424"}],"curies":[{"name":"wp","href":"https:\/\/api.w.org\/{rel}","templated":true}]}}