{"id":1409,"date":"2016-09-07T11:25:52","date_gmt":"2016-09-07T15:25:52","guid":{"rendered":"https:\/\/rjm.local\/new-hampshire\/"},"modified":"2023-05-17T13:50:51","modified_gmt":"2023-05-17T17:50:51","slug":"new-hampshire","status":"publish","type":"page","link":"https:\/\/rjmusa.org\/ht\/istwa\/new-hampshire\/","title":{"rendered":"New Hampshire"},"content":{"rendered":"<p>Misyon Saint Augustine nan Manchester te fonde an 1881 nan Fall River. Monsey\u00e8 Healy, Ev\u00e8k dyos\u00e8z la ak P\u00e8 Augustine Chevalier, pr\u00e8t pawas la te mande relijye Jezi ak Mari yo pou yo tabli yon lek\u00f2l. An repons a demann sa a, kat s\u00e8 te k\u00f2manse apostolat la nan New Hampshire. Paske pa te gen okenn bilding pou yon lek\u00f2l, yo te k\u00f2manse travay la redoutable pou edike 400 el\u00e8v nan legliz la.<\/p>\n<p>An 1889, Fr\u00e8 Sakre K\u00e8 yo te pran responsablite pou ti gason yo epi an 1903, lek\u00f2l tifi yo te transfere nan yon l\u00f2t bilding ak yon b\u00e8l chap\u00e8l tache.<\/p>\n<p>An 1907, relijye Jezi ak Mari yo te achte yon f\u00e8m, yon sit pitor\u00e8sk toupre Goffstown. Sou yon pery\u00f2d de 15 ane, f\u00e8m nan te vin tounen yon byen b\u00e8l kote nan 1918, yon gwo pansyon, yo te rele Villa Augustina te louvri. Apre sa, kouvan nan Manchester te f\u00e8men epi kominote a te transfere nan Goffstown.<\/p>\n<p>L\u00e8 relijye Jezi ak Mari yo pa t kapab soutni apostolat la ank\u00f2, yo te transfere lek\u00f2l la nan yon kons\u00e8y layik ki te kontinye edike el\u00e8v yo nan karis Claudine.<\/p>","protected":false},"excerpt":{"rendered":"<p>Misyon Sen Ogisten nan Manchester te fonde an 1881 nan Fall River. Monsey\u00e8 Healy, Ev\u00e8k dyos\u00e8z la ak P\u00e8 Ogisten Chevalier, pr\u00e8t pawas la, te mande Relijye Jezi ak Mari yo pou etabli yon lek\u00f2l. An repons a demann sa a, kat s\u00e8 te k\u00f2manse apostola a nan New Hampshire. Paske pa t gen okenn...<\/p>","protected":false},"author":2,"featured_media":0,"parent":1395,"menu_order":0,"comment_status":"closed","ping_status":"closed","template":"","meta":{"_kad_blocks_custom_css":"","_kad_blocks_head_custom_js":"","_kad_blocks_body_custom_js":"","_kad_blocks_footer_custom_js":"","_kad_post_transparent":"","_kad_post_title":"","_kad_post_layout":"","_kad_post_sidebar_id":"","_kad_post_content_style":"","_kad_post_vertical_padding":"","_kad_post_feature":"","_kad_post_feature_position":"","_kad_post_header":false,"_kad_post_footer":false,"footnotes":""},"section":[],"class_list":["post-1409","page","type-page","status-publish","hentry"],"acf":[],"taxonomy_info":[],"featured_image_src_large":false,"author_info":{"display_name":"root","author_link":"https:\/\/rjmusa.org\/ht\/author\/root\/"},"comment_info":0,"_links":{"self":[{"href":"https:\/\/rjmusa.org\/ht\/wp-json\/wp\/v2\/pages\/1409","targetHints":{"allow":["GET"]}}],"collection":[{"href":"https:\/\/rjmusa.org\/ht\/wp-json\/wp\/v2\/pages"}],"about":[{"href":"https:\/\/rjmusa.org\/ht\/wp-json\/wp\/v2\/types\/page"}],"author":[{"embeddable":true,"href":"https:\/\/rjmusa.org\/ht\/wp-json\/wp\/v2\/users\/2"}],"replies":[{"embeddable":true,"href":"https:\/\/rjmusa.org\/ht\/wp-json\/wp\/v2\/comments?post=1409"}],"version-history":[{"count":0,"href":"https:\/\/rjmusa.org\/ht\/wp-json\/wp\/v2\/pages\/1409\/revisions"}],"up":[{"embeddable":true,"href":"https:\/\/rjmusa.org\/ht\/wp-json\/wp\/v2\/pages\/1395"}],"wp:attachment":[{"href":"https:\/\/rjmusa.org\/ht\/wp-json\/wp\/v2\/media?parent=1409"}],"wp:term":[{"taxonomy":"section","embeddable":true,"href":"https:\/\/rjmusa.org\/ht\/wp-json\/wp\/v2\/section?post=1409"}],"curies":[{"name":"wp","href":"https:\/\/api.w.org\/{rel}","templated":true}]}}