{"id":1411,"date":"2016-09-07T11:27:06","date_gmt":"2016-09-07T15:27:06","guid":{"rendered":"https:\/\/rjm.local\/rhode-island\/"},"modified":"2023-06-19T15:18:28","modified_gmt":"2023-06-19T19:18:28","slug":"rhode-island","status":"publish","type":"page","link":"https:\/\/rjmusa.org\/ht\/istwa\/rhode-island\/","title":{"rendered":"Rhode Island"},"content":{"rendered":"<style>.wp-block-kadence-advancedgallery .kb-gallery-type-masonry.kb-gallery-id-_8be711-02{margin:-5px;}.kb-gallery-type-masonry.kb-gallery-id-_8be711-02 .kadence-blocks-gallery-item{padding:5px;}.kb-gallery-id-_8be711-02 .kadence-blocks-gallery-item .kb-gal-image-radius{border-radius:0px 0px 0px 0px;}.kb-gallery-id-_8be711-02 .kadence-blocks-gallery-item .kadence-blocks-gallery-item-inner .kadence-blocks-gallery-item__caption{background:linear-gradient( 0deg, rgba(0, 0, 0, 0.5) 0, rgba(0, 0, 0, 0) 100% );}.kb-gallery-caption-style-cover-hover.kb-gallery-id-_8be711-02 .kadence-blocks-gallery-item .kadence-blocks-gallery-item-inner .kadence-blocks-gallery-item__caption, .kb-gallery-caption-style-below.kb-gallery-id-_8be711-02 .kadence-blocks-gallery-item .kadence-blocks-gallery-item-inner .kadence-blocks-gallery-item__caption{background:rgba(0, 0, 0, 0.5);}<\/style><div class=\"kb-gallery-wrap-id-_8be711-02 alignnone wp-block-kadence-advancedgallery\"><ul class=\"kb-gallery-ul kb-gallery-non-static kb-gallery-type-masonry kb-masonry-init kb-gallery-id-_8be711-02 kb-gallery-caption-style-bottom kb-gallery-filter-none\" data-image-filter=\"none\" data-item-selector=\".kadence-blocks-gallery-item\" data-lightbox-caption=\"true\" data-columns-xxl=\"3\" data-columns-xl=\"3\" data-columns-md=\"3\" data-columns-sm=\"2\" data-columns-xs=\"1\" data-columns-ss=\"1\"><li class=\"kadence-blocks-gallery-item\"><div class=\"kadence-blocks-gallery-item-inner\"><figure class=\"kb-gallery-figure kadence-blocks-gallery-item-has-caption\" \"><div class=\"kb-gal-image-radius\" style=\"max-width:1024px;\"><div class=\"kb-gallery-image-contain kadence-blocks-gallery-intrinsic\" style=\"padding-bottom:66%;\"><img loading=\"lazy\" decoding=\"async\" src=\"https:\/\/rjmusa.org\/wp-content\/uploads\/2016\/08\/IMG_9279-1024x683.jpg\" width=\"1024\" height=\"683\" alt=\"Kouvan Sentespri Fanmi\" data-full-image=\"https:\/\/rjmusa.org\/wp-content\/uploads\/2016\/08\/IMG_9279-scaled.jpg\" data-light-image=\"https:\/\/rjmusa.org\/wp-content\/uploads\/2016\/08\/IMG_9279-scaled.jpg\" data-id=\"1410\" class=\"wp-image-1410\" srcset=\"https:\/\/rjmusa.org\/wp-content\/uploads\/2016\/08\/IMG_9279-1024x683.jpg 1024w, https:\/\/rjmusa.org\/wp-content\/uploads\/2016\/08\/IMG_9279-300x200.jpg 300w, https:\/\/rjmusa.org\/wp-content\/uploads\/2016\/08\/IMG_9279-768x512.jpg 768w, https:\/\/rjmusa.org\/wp-content\/uploads\/2016\/08\/IMG_9279-1536x1024.jpg 1536w, https:\/\/rjmusa.org\/wp-content\/uploads\/2016\/08\/IMG_9279-2048x1365.jpg 2048w, https:\/\/rjmusa.org\/wp-content\/uploads\/2016\/08\/IMG_9279-1200x800.jpg 1200w, https:\/\/rjmusa.org\/wp-content\/uploads\/2016\/08\/IMG_9279-1400x933.jpg 1400w\" sizes=\"auto, (max-width: 1024px) 100vw, 1024px\" \/><\/div><div class=\"kadence-blocks-gallery-item__caption\">Kouvan Sentespri Fanmi<\/div><\/div><\/figure><\/div><\/li><li class=\"kadence-blocks-gallery-item\"><div class=\"kadence-blocks-gallery-item-inner\"><figure class=\"kb-gallery-figure kadence-blocks-gallery-item-has-caption\" \"><div class=\"kb-gal-image-radius\" style=\"max-width:1024px;\"><div class=\"kb-gallery-image-contain kadence-blocks-gallery-intrinsic\" style=\"padding-bottom:66%;\"><img loading=\"lazy\" decoding=\"async\" src=\"https:\/\/rjmusa.org\/wp-content\/uploads\/2016\/08\/IMG_9274-1024x683.jpg\" width=\"1024\" height=\"683\" alt=\"Lek\u00f2l Segond\u00e8 St Clare\" data-full-image=\"https:\/\/rjmusa.org\/wp-content\/uploads\/2016\/08\/IMG_9274-scaled.jpg\" data-light-image=\"https:\/\/rjmusa.org\/wp-content\/uploads\/2016\/08\/IMG_9274-scaled.jpg\" data-id=\"1412\" class=\"wp-image-1412\" srcset=\"https:\/\/rjmusa.org\/wp-content\/uploads\/2016\/08\/IMG_9274-1024x683.jpg 1024w, https:\/\/rjmusa.org\/wp-content\/uploads\/2016\/08\/IMG_9274-300x200.jpg 300w, https:\/\/rjmusa.org\/wp-content\/uploads\/2016\/08\/IMG_9274-768x512.jpg 768w, https:\/\/rjmusa.org\/wp-content\/uploads\/2016\/08\/IMG_9274-1536x1024.jpg 1536w, https:\/\/rjmusa.org\/wp-content\/uploads\/2016\/08\/IMG_9274-2048x1365.jpg 2048w, https:\/\/rjmusa.org\/wp-content\/uploads\/2016\/08\/IMG_9274-1200x800.jpg 1200w, https:\/\/rjmusa.org\/wp-content\/uploads\/2016\/08\/IMG_9274-1400x933.jpg 1400w\" sizes=\"auto, (max-width: 1024px) 100vw, 1024px\" \/><\/div><div class=\"kadence-blocks-gallery-item__caption\">Lek\u00f2l Segond\u00e8 St Clare<\/div><\/div><\/figure><\/div><\/li><\/ul><\/div>\n\n\n<p>An 1884, Fr. Charles Dauray, past\u00e8 Precious Blood te ale Sillery pou mande edikat\u00e8 pou pawas li. Nan mwa septanm nan, sis relijye Jezi ak Mari te rive nan sant endistriy\u00e8l Woonsocket.<\/p>\n\n\n\n<p>Relijye yo te abite ak S\u00e8 Miz\u00e8rik\u00f2d yo, yo te pran manje nan rektora a epi yo te f\u00e8 klas yo nan sous\u00f2l legliz la. Nan fen ane a, yon kouvan ak lek\u00f2l apwopriye yo te konstwi.<\/p>\n\n\n\n<p>Apre k\u00e8k ane, pwopriyete a pa t &#039;kapab satisf\u00e8 bezwen yo nan pwofes\u00e8 yo ak el\u00e8v yo. S\u00e8 yo te achte yon pas\u00e8l t\u00e8 anfas nan Precious Blood Church.<\/p>\n\n\n\n<p>Ouv\u00e8ti nouvo sit sa a te inogire yon ep\u00f2k gloriye: klas ki gen plis espas, yon lek\u00f2l pansyon ak yon z\u00e8l pou el\u00e8v lajounen.<\/p>\n\n\n\n<p>St. Clare Academy ak St. Clare High School te vin etablisman ki pi ajou pou edike j\u00e8n fi nan ep\u00f2k sa a.<\/p>\n\n\n\n<p>An 1908, yo te rele relijye Jezi ak Mari pou ede nan fondasyon yon nouvo pawas, ki dedye a Sent Fanmi an, nan yon l\u00f2t pati nan Woonsocket. Ok\u00f2mansman, s\u00e8 yo te vwayaje la chak jou nan tren soti nan Precious Blood.<\/p>\n\n\n\n<p>L\u00e8 legliz la te fini, yon gwo lek\u00f2l ak kouvan yo te bati epi evanty\u00e8lman yon kominote p\u00e8manan te etabli nan Sentespri Fanmi. An 1941, lek\u00f2l la te genyen plis pase 800 ti gason ak tifi soti nan klas mat\u00e8n\u00e8l jiska uity\u00e8m ane.<\/p>\n\n\n\n<p>Providence, yon gwo sant manifakti nan eta Rhode Island te atire d\u00e8 milye de imigran, pami yo anpil Kanadyen. Se la papa Gaboury ki te fonde yon pawas ki te dedye a Sen Charles. Yo te louvri yon legliz ak yon lek\u00f2l an 1887. Twa relijye Jezi ak Mari te vwayaje soti Woonsocket pou pran an chaj lek\u00f2l la. Nan premye jou klas yo, 200 el\u00e8v yo te adm\u00e8t.<\/p>\n\n\n\n<p>Pi gwo defi relijye yo te f\u00e8 fas a se te povrete ekstr\u00e8m pawas la. Pandan dizan, s\u00e8 yo te oblije antreprann aktivite pou ranmase lajan. An 1887, yo te mande el\u00e8v yo pou yo kontribye yon kantite minim\u00f2m nan edikasyon yo. Ane annapre a, relijye Jezi ak Mari te achte yon kay sou Harrison St. toupre lek\u00f2l la.<\/p>\n\n\n\n<p>An 1904, yon nouvo pawas franse Kanadyen, Our Lady of Lourdes, te etabli nan Providence. An 1912, sou demann past\u00e8 yo nan kominote St Charles la te ale nan travay nan pawas sa a. Isit la ank\u00f2, enstriksyon te k\u00f2manse nan sous\u00f2l legliz la. Relijye yo te rete St Charles. Chak maten ak asw\u00e8, chwal yo te attelage pou bay transp\u00f2tasyon.<\/p>\n\n\n\n<p>L\u00e8 past\u00e8 a te bati yon nouvo rektora, s\u00e8 yo te k\u00f2manse abite nan ansyen rectors la e dis ane pita, yon gwo lek\u00f2l te bati pou akomode plis pase 800 el\u00e8v.<\/p>","protected":false},"excerpt":{"rendered":"<p>An 1884, Fr. Charles Dauray, past\u00e8 Precious Blood te ale Sillery pou mande edikat\u00e8 pou pawas li. Nan mwa septanm nan, sis relijye Jezi ak Mari te rive nan sant endistriy\u00e8l Woonsocket. Relijye yo te abite ak S\u00e8 Miz\u00e8rik\u00f2d yo, yo te pran repa yo nan pretwa a epi yo te f\u00e8 klas yo nan sous\u00f2l legliz la.<\/p>","protected":false},"author":2,"featured_media":1410,"parent":1395,"menu_order":0,"comment_status":"closed","ping_status":"closed","template":"","meta":{"_kad_blocks_custom_css":"","_kad_blocks_head_custom_js":"","_kad_blocks_body_custom_js":"","_kad_blocks_footer_custom_js":"","_kad_post_transparent":"","_kad_post_title":"","_kad_post_layout":"","_kad_post_sidebar_id":"","_kad_post_content_style":"","_kad_post_vertical_padding":"","_kad_post_feature":"","_kad_post_feature_position":"","_kad_post_header":false,"_kad_post_footer":false,"footnotes":""},"section":[],"class_list":["post-1411","page","type-page","status-publish","has-post-thumbnail","hentry"],"acf":[],"taxonomy_info":[],"featured_image_src_large":["https:\/\/rjmusa.org\/wp-content\/uploads\/2016\/08\/IMG_9279-1024x683.jpg",1024,683,true],"author_info":{"display_name":"root","author_link":"https:\/\/rjmusa.org\/ht\/author\/root\/"},"comment_info":0,"_links":{"self":[{"href":"https:\/\/rjmusa.org\/ht\/wp-json\/wp\/v2\/pages\/1411","targetHints":{"allow":["GET"]}}],"collection":[{"href":"https:\/\/rjmusa.org\/ht\/wp-json\/wp\/v2\/pages"}],"about":[{"href":"https:\/\/rjmusa.org\/ht\/wp-json\/wp\/v2\/types\/page"}],"author":[{"embeddable":true,"href":"https:\/\/rjmusa.org\/ht\/wp-json\/wp\/v2\/users\/2"}],"replies":[{"embeddable":true,"href":"https:\/\/rjmusa.org\/ht\/wp-json\/wp\/v2\/comments?post=1411"}],"version-history":[{"count":0,"href":"https:\/\/rjmusa.org\/ht\/wp-json\/wp\/v2\/pages\/1411\/revisions"}],"up":[{"embeddable":true,"href":"https:\/\/rjmusa.org\/ht\/wp-json\/wp\/v2\/pages\/1395"}],"wp:featuredmedia":[{"embeddable":true,"href":"https:\/\/rjmusa.org\/ht\/wp-json\/wp\/v2\/media\/1410"}],"wp:attachment":[{"href":"https:\/\/rjmusa.org\/ht\/wp-json\/wp\/v2\/media?parent=1411"}],"wp:term":[{"taxonomy":"section","embeddable":true,"href":"https:\/\/rjmusa.org\/ht\/wp-json\/wp\/v2\/section?post=1411"}],"curies":[{"name":"wp","href":"https:\/\/api.w.org\/{rel}","templated":true}]}}