{"id":1413,"date":"2016-09-07T11:29:11","date_gmt":"2016-09-07T15:29:11","guid":{"rendered":"https:\/\/rjm.local\/new-york\/"},"modified":"2023-05-17T13:50:51","modified_gmt":"2023-05-17T17:50:51","slug":"new-york","status":"publish","type":"page","link":"https:\/\/rjmusa.org\/ht\/istwa\/new-york\/","title":{"rendered":"Nouy\u00f2k"},"content":{"rendered":"<h2>Madanm Lap\u00e8 a<\/h2>\n<p>Pandan plizy\u00e8 ane, Manman St Cyril, Pwovens Kanada, te reve pou l louvri yon kay nan New York kote s\u00e8 yo ki t ap vwayaje ale ak soti nan Ew\u00f2p te kapab ent\u00e8wonp vwayaj yo. An 1890, li te resevwa otorizasyon nan men Grace Achev\u00e8k Corrigan pou l louvri yon kouvan.<\/p>\n<p>Yon ane apre, ak\u00f2z yon lwa anti-relijyon an Frans, anpil kominote te ch\u00e8che azil nan New York. Manman Cyril, ki te eli jeneral, te enf\u00f2me ke li ta dwe aji byen vit si li vle tabli yon fondasyon nan vil la. Li te konfye travay sa a bay Manman Euphemia, yon relijye Kanadyen. Simonte pa responsablite sa a, Manman Euphemia te vire nan lapriy\u00e8 e li te f\u00e8 yon r\u00e8v nan Madanm Lap\u00e8 ki te ba li kouraj.<\/p>\n<p>An 1902, relijye Jezi ak Mari yo te rive New York pou yo tabli yon lek\u00f2l gratis pou imigran Pany\u00f2l yo. Yo te sip\u00f2te t\u00e8t yo nan bay leson prive an franse, mizik ak atizay. Yo menm tou yo te pran pension nan yon kay lwe nan West 14th Street.<\/p>\n<p>Nan 1904, sou demann Jezuit yo, s\u00e8 yo te pran chaj nan Lek\u00f2l Italyen Loretto. Pou yo te aksepte travay sa a, m\u00e8 yo te oblije abandone lek\u00f2l Pany\u00f2l nan West 14th St. Kidonk, plis espas te disponib pou resevwa pension\u00e8 nan pwopriyete 14th St. Apre 15 ane, yo te konfye Lek\u00f2l Loretto nan relijye St Frans Cabrini.<\/p>\n<p>Travay pou bay tifi yo yon kay konf\u00f2tab nan Vil Nouy\u00f2k te neses\u00e8 anpil, e Bondye te vin ede Manman St Euphemia. Li te resevwa kado inatandi ki te p\u00e8m\u00e8t li jwenn yon pwopriyete vwazen, kote li te bay non &quot;Our Lady of Peace&quot;.<\/p>\n<p>An 1909, Manman Euphemia te achte de kay sou 15th St an fas premye rezidans lan. Sa yo te demoli epi yo te konstwi yon gwo bilding ki gen yon b\u00e8l chap\u00e8l ak 150 chanm.<\/p>\n<h2>&nbsp;<\/h2>\n<h2>Kingsbridge St John<\/h2>\n<p>Nan mwa Out 1903, relijye Jezi ak Mari te pwofite op\u00f2tinite pou yo louvri yon lek\u00f2l nan Bronx. Manman Euphemia ak Manman St Ferdinand te achte yon pwopriyete nan men s\u00e8 Murray yo. Yo te renove, repare, netwaye ak dekore salklas yo.<\/p>\n<p>Nan m\u00e8s dimanch 13 septanm nan, past\u00e8 pawas la, P\u00e8 O&#039;Dwyer, te prezante relijye Jezi ak Mari bay pawasyen yo e li te anonse ouv\u00e8ti lek\u00f2l pou jou ki vin apre a. Jou ki te 14 la, 60 el\u00e8v te asiste m\u00e8s ouv\u00e8ti ane lek\u00f2l la.<\/p>\n<p>Lek\u00f2l la te byen vit ranpli nan kapasite; sepandan, li te soufri nan yon mank de resous finansye. An 1916, Manman St. Adelaide, Sipery\u00e8, te mande Kadinal Farley pou asistans. Repons li a te lak\u00f2z yon agrandisman etablisman an ki kapab kounye a akomode plis pase 700 el\u00e8v.<\/p>\n<h2>Highland Mills<\/h2>\n<p>Pandan yon vizit Ozetazini, Reveran Manman St Clare, Sipery\u00e8 Jeneral, te planifye pou achte yon pwopriyete andey\u00f2 Vil Nouy\u00f2k kote yon kay ete ta ka bay s\u00e8 yo repo, e pet\u00e8t pita, yon akademi pou j\u00e8n fi.<\/p>\n<p>An 1911, kominote a te achte 125 kawo t\u00e8 nan Highland Mills pa lwen Hudson River ak Catskill Mountains. Anplis yon kominote lokal, yo te etabli yon novisye. Yon ane apre, difikilte finansye yo te pouse s\u00e8 yo f\u00e8men kay la epi yo te transfere novisya a Kingsbridge. Kay la nan Highland Mills te rete ouv\u00e8 pandan mwa ete yo l\u00e8 s\u00e8 Our Lady of Peace te vin jwi l\u00e8 fre peyi a.<\/p>\n<p>Manman St Clare pa t janm abandone r\u00e8v li genyen pou l tabli yon lek\u00f2l nan Highland Mills. R\u00e8v li te reyalize an Jiy\u00e8 1914, l\u00e8 Manman Sen Jan Bondye, Sipery\u00e8 a, te louvri yon pansyon, Thevenet Hall.<\/p>\n<p>Apre difikilte prelimin\u00e8, lek\u00f2l la te devlope e li te enk\u00f2pore k\u00f2m yon lek\u00f2l segond\u00e8 ak University of New York. Kay la te elaji an 1919, epi pita ank\u00f2 pwolonje, epi yo te bati yon z\u00e8l adisyon\u00e8l pou b\u00e8l chap\u00e8l ki te ouvri pa Eminens Kadinal Hayes an 1927.<\/p>","protected":false},"excerpt":{"rendered":"<p>Notre Dame de la paix Pandan plizy\u00e8 ane, Manman Sen Siril, Pwovensyal Kanada, te reve pou l louvri yon kay nan Nouy\u00f2k kote s\u00e8 yo ki t ap vwayaje pou ale ak pou soti an Ew\u00f2p te ka ent\u00e8wonp vwayaj yo. An 1890, li te resevwa otorizasyon nan men Ach\u00e8v\u00e8k Corrigan pou l louvri yon kouvan. Yon ane apre, ak\u00f2z yon lwa anti-relijye...<\/p>","protected":false},"author":2,"featured_media":0,"parent":1395,"menu_order":0,"comment_status":"closed","ping_status":"closed","template":"","meta":{"_kad_blocks_custom_css":"","_kad_blocks_head_custom_js":"","_kad_blocks_body_custom_js":"","_kad_blocks_footer_custom_js":"","_kad_post_transparent":"","_kad_post_title":"","_kad_post_layout":"","_kad_post_sidebar_id":"","_kad_post_content_style":"","_kad_post_vertical_padding":"","_kad_post_feature":"","_kad_post_feature_position":"","_kad_post_header":false,"_kad_post_footer":false,"footnotes":""},"section":[],"class_list":["post-1413","page","type-page","status-publish","hentry"],"acf":[],"taxonomy_info":[],"featured_image_src_large":false,"author_info":{"display_name":"root","author_link":"https:\/\/rjmusa.org\/ht\/author\/root\/"},"comment_info":0,"_links":{"self":[{"href":"https:\/\/rjmusa.org\/ht\/wp-json\/wp\/v2\/pages\/1413","targetHints":{"allow":["GET"]}}],"collection":[{"href":"https:\/\/rjmusa.org\/ht\/wp-json\/wp\/v2\/pages"}],"about":[{"href":"https:\/\/rjmusa.org\/ht\/wp-json\/wp\/v2\/types\/page"}],"author":[{"embeddable":true,"href":"https:\/\/rjmusa.org\/ht\/wp-json\/wp\/v2\/users\/2"}],"replies":[{"embeddable":true,"href":"https:\/\/rjmusa.org\/ht\/wp-json\/wp\/v2\/comments?post=1413"}],"version-history":[{"count":0,"href":"https:\/\/rjmusa.org\/ht\/wp-json\/wp\/v2\/pages\/1413\/revisions"}],"up":[{"embeddable":true,"href":"https:\/\/rjmusa.org\/ht\/wp-json\/wp\/v2\/pages\/1395"}],"wp:attachment":[{"href":"https:\/\/rjmusa.org\/ht\/wp-json\/wp\/v2\/media?parent=1413"}],"wp:term":[{"taxonomy":"section","embeddable":true,"href":"https:\/\/rjmusa.org\/ht\/wp-json\/wp\/v2\/section?post=1413"}],"curies":[{"name":"wp","href":"https:\/\/api.w.org\/{rel}","templated":true}]}}