{"id":1425,"date":"2016-09-07T17:54:02","date_gmt":"2016-09-07T21:54:02","guid":{"rendered":"https:\/\/rjm.local\/prayer\/"},"modified":"2024-04-30T15:45:36","modified_gmt":"2024-04-30T19:45:36","slug":"prayer","status":"publish","type":"page","link":"https:\/\/rjmusa.org\/ht\/lapriye\/","title":{"rendered":"Sip\u00f2te nou nan lapriy\u00e8"},"content":{"rendered":"<div class=\"wp-block-image\">\n<figure class=\"alignright size-full\"><img loading=\"lazy\" decoding=\"async\" width=\"180\" height=\"241\" src=\"https:\/\/rjmusa.org\/wp-content\/uploads\/2016\/09\/prayerhomedrawing.jpg\" alt=\"lapriy\u00e8 lakay desen\" class=\"wp-image-1424\"\/><\/figure>\n<\/div>\n\n\n<p>\u201cMadanm nou an, ki te resevwa yon fav\u00e8 inik nan entimite ak Bondye, se mod\u00e8l nou nan lapriy\u00e8. Paske li te viv nan yon silans entery\u00e8 pwofon, li te toujou ap koute paw\u00f2l li a, li te lage t\u00e8t li nan prezans Pitit li a k ap transf\u00f2me. Se konsa, menm jan ak li, nou lage t\u00e8t nou nan aksyon Bondye a pou Kris la ke nou vle mennen nan mond lan, ka klere toujou pi kl\u00e8 nan nou. &nbsp;&nbsp;&nbsp;&nbsp;<em>RJM Konstitisyon #38<\/em><\/p>\n\n\n\n<h2 class=\"wp-block-heading\">Lapriy\u00e8 kongregasyon yo<\/h2>\n\n\n\n<h4 class=\"wp-block-heading\">St Claudine Th\u00e9venet, RJM<\/h4>\n\n\n\n<blockquote class=\"wp-block-quote is-layout-flow wp-block-quote-is-layout-flow\">\n<p>Bondye, Papa nou, ou te f\u00e8 Sen Kl\u00f2din Th\u00e9venet yon eksperyans entim nan bonte miz\u00e8rik\u00f2d ou epi ou te rele l pou l dedye lavi l nan edikasyon j\u00e8n yo, ba li fav\u00e8 pou l retire nan k\u00e8 pitit gason w yon z\u00e8l chod pou l f\u00e8. Jezi ak Mari te konnen ak renmen.<\/p>\n\n\n\n<p>Ede nou tankou li, pou nou temwen lanmou w, lage nan aksyon Lespri a epi ouv\u00e8 a bezwen fr\u00e8 ak s\u00e8 nou yo, espesyalman moun ki pi defavorize yo. F\u00e8 nou, grasa lapriy\u00e8 li a, epi pou lwanj glwa w la, fav\u00e8 nou priye kounye a. Am\u00e8n.<\/p>\n<\/blockquote>\n\n\n\n<figure class=\"wp-block-image size-full is-resized\"><a href=\"https:\/\/rjmusa.org\/ht\/fondate\/\"><img loading=\"lazy\" decoding=\"async\" width=\"736\" height=\"588\" src=\"https:\/\/rjmusa.org\/wp-content\/uploads\/2024\/04\/Saints-are-made-by-it.jpg\" alt=\"\" class=\"wp-image-2415\" style=\"width:225px;height:auto\" srcset=\"https:\/\/rjmusa.org\/wp-content\/uploads\/2024\/04\/Saints-are-made-by-it.jpg 736w, https:\/\/rjmusa.org\/wp-content\/uploads\/2024\/04\/Saints-are-made-by-it-300x240.jpg 300w, https:\/\/rjmusa.org\/wp-content\/uploads\/2024\/04\/Saints-are-made-by-it-15x12.jpg 15w\" sizes=\"auto, (max-width: 736px) 100vw, 736px\" \/><\/a><\/figure>\n\n\n\n<h4 class=\"wp-block-heading\">Benediksyon Dina B\u00e9langer, RJM<\/h4>\n\n\n\n<blockquote class=\"wp-block-quote is-layout-flow wp-block-quote-is-layout-flow\">\n<p>Papa bonte ki p&#039;ap janm fini an, Ou mete nan k\u00e8 Benediksyon Dina Belanger dezi boule pou l ofri w an non tout limanite, rich\u00e8s enfini K\u00e8 Jezi ki prezan nan Lekaristik la, epi pou w viv, tankou Mari, sere ini ak. Moun li te renmen ak yon k\u00e8 san divize.<\/p>\n\n\n\n<p>Se pou nou, menm jan ak li, jwenn lajwa nou nan f\u00e8 Volonte w la fid\u00e8lman, epi piske w te revele li gwo dezi w pou vide sou lat\u00e8 abondans fav\u00e8 w yo, tande priy\u00e8 n ap f\u00e8 pou pi gwo glwa w la, epi nou menm. konfye nan lapriy\u00e8 li. Am\u00e8n.<\/p>\n<\/blockquote>\n\n\n\n<figure class=\"wp-block-image size-full\"><a href=\"https:\/\/www.rjmgeneral.org\/en\/who-we-are\/history-and-foundation\/dina-belanger\/\" target=\"_blank\" rel=\"noreferrer noopener\"><img loading=\"lazy\" decoding=\"async\" width=\"225\" height=\"225\" src=\"https:\/\/rjmusa.org\/wp-content\/uploads\/2024\/04\/dina-quote.jpeg\" alt=\"\" class=\"wp-image-2414\" srcset=\"https:\/\/rjmusa.org\/wp-content\/uploads\/2024\/04\/dina-quote.jpeg 225w, https:\/\/rjmusa.org\/wp-content\/uploads\/2024\/04\/dina-quote-150x150.jpeg 150w, https:\/\/rjmusa.org\/wp-content\/uploads\/2024\/04\/dina-quote-12x12.jpeg 12w\" sizes=\"auto, (max-width: 225px) 100vw, 225px\" \/><\/a><\/figure>\n\n\n\n<ul class=\"wp-block-list\">\n<li><em>Aprann plis sou <a href=\"http:\/\/dinabelangereng.blogspot.com\/\" target=\"_blank\" rel=\"noreferrer noopener\">sou Benediksyon Dina B\u00e9langer, RJM, ak espirityalite li<\/a><\/em><\/li>\n<\/ul>","protected":false},"excerpt":{"rendered":"<p>\u201cMadanm nou an, ki te resevwa yon fav\u00e8 inik nan entimite ak Bondye, se mod\u00e8l nou nan lapriy\u00e8. Paske li t ap viv nan yon silans entery\u00e8 pwofon, li te toujou ap koute paw\u00f2l li, li te lage t\u00e8t li devan prezans Pitit li a k ap transf\u00f2me. Se konsa, menm jan ak li, nou lage t\u00e8t nou nan aksyon diven an pou Kris la nou...<\/p>","protected":false},"author":2,"featured_media":1424,"parent":0,"menu_order":0,"comment_status":"closed","ping_status":"closed","template":"","meta":{"_kad_blocks_custom_css":"","_kad_blocks_head_custom_js":"","_kad_blocks_body_custom_js":"","_kad_blocks_footer_custom_js":"","_kad_post_transparent":"","_kad_post_title":"","_kad_post_layout":"","_kad_post_sidebar_id":"","_kad_post_content_style":"","_kad_post_vertical_padding":"","_kad_post_feature":"","_kad_post_feature_position":"","_kad_post_header":false,"_kad_post_footer":false,"footnotes":""},"section":[],"class_list":["post-1425","page","type-page","status-publish","has-post-thumbnail","hentry"],"acf":[],"taxonomy_info":[],"featured_image_src_large":["https:\/\/rjmusa.org\/wp-content\/uploads\/2016\/09\/prayerhomedrawing.jpg",180,241,false],"author_info":{"display_name":"root","author_link":"https:\/\/rjmusa.org\/ht\/author\/root\/"},"comment_info":0,"_links":{"self":[{"href":"https:\/\/rjmusa.org\/ht\/wp-json\/wp\/v2\/pages\/1425","targetHints":{"allow":["GET"]}}],"collection":[{"href":"https:\/\/rjmusa.org\/ht\/wp-json\/wp\/v2\/pages"}],"about":[{"href":"https:\/\/rjmusa.org\/ht\/wp-json\/wp\/v2\/types\/page"}],"author":[{"embeddable":true,"href":"https:\/\/rjmusa.org\/ht\/wp-json\/wp\/v2\/users\/2"}],"replies":[{"embeddable":true,"href":"https:\/\/rjmusa.org\/ht\/wp-json\/wp\/v2\/comments?post=1425"}],"version-history":[{"count":0,"href":"https:\/\/rjmusa.org\/ht\/wp-json\/wp\/v2\/pages\/1425\/revisions"}],"wp:featuredmedia":[{"embeddable":true,"href":"https:\/\/rjmusa.org\/ht\/wp-json\/wp\/v2\/media\/1424"}],"wp:attachment":[{"href":"https:\/\/rjmusa.org\/ht\/wp-json\/wp\/v2\/media?parent=1425"}],"wp:term":[{"taxonomy":"section","embeddable":true,"href":"https:\/\/rjmusa.org\/ht\/wp-json\/wp\/v2\/section?post=1425"}],"curies":[{"name":"wp","href":"https:\/\/api.w.org\/{rel}","templated":true}]}}