{"id":1433,"date":"2016-09-07T19:00:14","date_gmt":"2016-09-07T23:00:14","guid":{"rendered":"https:\/\/rjm.local\/jm-intl-volunteer-program\/"},"modified":"2024-02-13T12:04:52","modified_gmt":"2024-02-13T17:04:52","slug":"jm-intl-volunteer-program","status":"publish","type":"page","link":"https:\/\/rjmusa.org\/ht\/rantre-nan\/pwogram-volonte-jm-intl\/","title":{"rendered":"Pwogram Volont\u00e8 Ent\u00e8nasyonal JM"},"content":{"rendered":"<p>Pwogram Volont\u00e8 a se yon op\u00f2tinite pou ouvri yon fason posib nan sosyete miray ranpa, separasyon ak eksklizyon, pou moun ki sou tou de b\u00f2 yo ka gen relasyon youn ak l\u00f2t epi eksprime yon fason tanjib ke chemen sa yo posib.<\/p>\n\n\n\n<h2 class=\"wp-block-heading\">Poukisa se yon Volont\u00e8?<\/h2>\n\n\n\n<ul class=\"wp-block-list\">\n<li>Paske mwen santi enpilsyon pou ale soti nan t\u00e8t mwen epi ale &quot;pi lwen pase&quot;.<\/li>\n\n\n\n<li>Paske mwen vle bay &quot;gratis&quot; sa mwen te resevwa gratis.<\/li>\n\n\n\n<li>Paske mwen kw\u00e8 ke sa se jistis.<\/li>\n\n\n\n<li>Paske mwen santi yon ap\u00e8l pou m soti nan reyalite a.<\/li>\n\n\n\n<li>Paske mwen vle angaje t\u00e8t mwen ak monn sa a ak &quot;fr\u00e8 ak s\u00e8 m yo&quot;.<\/li>\n\n\n\n<li>Paske lavi m ap gen plis sans.<\/li>\n\n\n\n<li>Paske mwen vle ale kote k\u00e8 a mennen m nan...<\/li>\n<\/ul>\n\n\n\n<p><em>Sous: Paj Web Pwovens Espay<\/em><\/p>\n\n\n\n<h2 class=\"wp-block-heading\">Pwogram Volont\u00e8 Ent\u00e8nasyonal JM la ede nou:<\/h2>\n\n\n\n<ul class=\"wp-block-list\">\n<li>Globalize solidarite, etabli echanj ant peyi ak rejyon yo.<\/li>\n\n\n\n<li>Akonpaye moun, espesyalman j\u00e8n yo, nan rech\u00e8ch yo sans nan lavi yo ak nan vokasyon yo, ak nan rech\u00e8ch yo pou Bondye.<\/li>\n\n\n\n<li>Dekouvri lafwa vivan moun ki soufri.<\/li>\n\n\n\n<li>Ede l\u00f2t moun vin ajan chanjman\/transf\u00f2masyon sosyal.<\/li>\n\n\n\n<li>Apwofondi konesans nan karis la.<\/li>\n\n\n\n<li>Kreye posiblite kolaborasyon ak pwovens oswa kominote ki pi bezwen asistan pastoral yo.<\/li>\n<\/ul>\n\n\n\n<h2 class=\"wp-block-heading\">Pwogram ent\u00e8nasyonal JM:<\/h2>\n\n\n\n<ul class=\"wp-block-list\">\n<li>Ankouraje kolaborasyon nan mitan pwovens yo ki voye ak resevwa volont\u00e8.<\/li>\n\n\n\n<li>Ede gen yon vizyon pi laj ak krit\u00e8 komen.<\/li>\n\n\n\n<li>Li se yon ouv\u00e8ti nan dimansyon ent\u00e8nasyonal la<\/li>\n\n\n\n<li>Ranf\u00f2se lespri JM.<\/li>\n\n\n\n<li>Ede pwovens yo ak f\u00f2masyon volont\u00e8 epi ofri kons\u00e8y pou kominote yo.<\/li>\n<\/ul>\n\n\n\n<p>Pou antre an kontak ak ko\u00f2donat\u00e8 pwogram ent\u00e8nasyonal nou yo, tanpri voye yon im\u00e8l bay Direkt\u00e8 Avansman Misyon an, <a href=\"mailto:tharkleroad@rjmusa.org\">Toby Harkleroad<\/a><\/p>\n\n\n<style>.wp-block-kadence-advancedbtn.kb-btns1433_bdd2bd-a7{gap:var(--global-kb-gap-xs, 0.5rem );justify-content:center;align-items:center;}.kt-btns1433_bdd2bd-a7 .kt-button{font-weight:normal;font-style:normal;}.kt-btns1433_bdd2bd-a7 .kt-btn-wrap-0{margin-right:5px;}.wp-block-kadence-advancedbtn.kt-btns1433_bdd2bd-a7 .kt-btn-wrap-0 .kt-button{color:#555555;border-color:#555555;}.wp-block-kadence-advancedbtn.kt-btns1433_bdd2bd-a7 .kt-btn-wrap-0 .kt-button:hover, .wp-block-kadence-advancedbtn.kt-btns1433_bdd2bd-a7 .kt-btn-wrap-0 .kt-button:focus{color:#ffffff;border-color:#444444;}.wp-block-kadence-advancedbtn.kt-btns1433_bdd2bd-a7 .kt-btn-wrap-0 .kt-button::before{display:none;}.wp-block-kadence-advancedbtn.kt-btns1433_bdd2bd-a7 .kt-btn-wrap-0 .kt-button:hover, .wp-block-kadence-advancedbtn.kt-btns1433_bdd2bd-a7 .kt-btn-wrap-0 .kt-button:focus{background:#444444;}<\/style>\n<div class=\"wp-block-kadence-advancedbtn kb-buttons-wrap kb-btns1433_bdd2bd-a7\"><style>ul.menu .wp-block-kadence-advancedbtn .kb-btn1433_e9530c-26.kb-button{width:initial;}<\/style><a class=\"kb-button kt-button button kb-btn1433_e9530c-26 kt-btn-size-standard kt-btn-width-type-auto kb-btn-global-fill kt-btn-has-text-true kt-btn-has-svg-false wp-block-kadence-singlebtn\" href=\"https:\/\/rjmusa.org\/wp-content\/uploads\/2016\/09\/folleto_voluntariadoDEFINITIVO.pdf\"><span class=\"kt-btn-inner-text\">Brochure pou plis enf\u00f2masyon<\/span><\/a><\/div>\n\n\n<style>.wp-block-kadence-advancedgallery .kb-gallery-type-grid.kb-gallery-id-1433_9cbe53-f1{margin:-5px;}.kb-gallery-type-grid.kb-gallery-id-1433_9cbe53-f1 .kadence-blocks-gallery-item{padding:5px;}.kb-gallery-id-1433_9cbe53-f1 .kadence-blocks-gallery-item .kb-gal-image-radius{border-radius:0px 0px 0px 0px;}<\/style><div class=\"kb-gallery-wrap-id-1433_9cbe53-f1 alignnone wp-block-kadence-advancedgallery\"><ul class=\"kb-gallery-ul kb-gallery-non-static kb-gallery-type-grid kb-gallery-id-1433_9cbe53-f1 kb-gallery-caption-style-bottom-hover kb-gallery-filter-none\" data-image-filter=\"none\" data-item-selector=\".kadence-blocks-gallery-item\" data-lightbox-caption=\"true\" data-columns-xxl=\"3\" data-columns-xl=\"3\" data-columns-md=\"3\" data-columns-sm=\"2\" data-columns-xs=\"1\" data-columns-ss=\"1\"><li class=\"kadence-blocks-gallery-item\"><div class=\"kadence-blocks-gallery-item-inner\"><figure class=\"kb-gallery-figure kadence-blocks-gallery-item-hide-caption\" \"><div class=\"kb-gal-image-radius\"><div class=\"kb-gallery-image-contain kadence-blocks-gallery-intrinsic kb-gallery-image-ratio-land32 kb-has-image-ratio-land32\" ><img loading=\"lazy\" decoding=\"async\" src=\"https:\/\/rjmusa.org\/wp-content\/uploads\/2016\/09\/jm-volunteer-program.jpg\" width=\"578\" height=\"576\" alt=\"jm-volont\u00e8-pwogram\" data-full-image=\"https:\/\/rjmusa.org\/wp-content\/uploads\/2016\/09\/jm-volunteer-program.jpg\" data-light-image=\"https:\/\/rjmusa.org\/wp-content\/uploads\/2016\/09\/jm-volunteer-program.jpg\" data-id=\"1432\" class=\"wp-image-1432\" srcset=\"https:\/\/rjmusa.org\/wp-content\/uploads\/2016\/09\/jm-volunteer-program.jpg 578w, https:\/\/rjmusa.org\/wp-content\/uploads\/2016\/09\/jm-volunteer-program-300x299.jpg 300w, https:\/\/rjmusa.org\/wp-content\/uploads\/2016\/09\/jm-volunteer-program-150x150.jpg 150w\" sizes=\"auto, (max-width: 578px) 100vw, 578px\" \/><\/div><\/div><\/figure><\/div><\/li><li class=\"kadence-blocks-gallery-item\"><div class=\"kadence-blocks-gallery-item-inner\"><figure class=\"kb-gallery-figure kadence-blocks-gallery-item-hide-caption\" \"><div class=\"kb-gal-image-radius\"><div class=\"kb-gallery-image-contain kadence-blocks-gallery-intrinsic kb-gallery-image-ratio-land32 kb-has-image-ratio-land32\" ><img loading=\"lazy\" decoding=\"async\" src=\"https:\/\/rjmusa.org\/wp-content\/uploads\/2016\/09\/JMIvolunteerpg2.jpg\" width=\"242\" height=\"188\" alt=\"JMIvolonteerpg2\" data-full-image=\"https:\/\/rjmusa.org\/wp-content\/uploads\/2016\/09\/JMIvolunteerpg2.jpg\" data-light-image=\"https:\/\/rjmusa.org\/wp-content\/uploads\/2016\/09\/JMIvolunteerpg2.jpg\" data-id=\"1435\" class=\"wp-image-1435\"\/><\/div><\/div><\/figure><\/div><\/li><li class=\"kadence-blocks-gallery-item\"><div class=\"kadence-blocks-gallery-item-inner\"><figure class=\"kb-gallery-figure kadence-blocks-gallery-item-hide-caption\" \"><div class=\"kb-gal-image-radius\"><div class=\"kb-gallery-image-contain kadence-blocks-gallery-intrinsic kb-gallery-image-ratio-land32 kb-has-image-ratio-land32\" ><img loading=\"lazy\" decoding=\"async\" src=\"https:\/\/rjmusa.org\/wp-content\/uploads\/2016\/09\/JMIvolunteerpg2-kids.jpg\" width=\"189\" height=\"167\" alt=\"JMIvolunteerpg2-timoun\" data-full-image=\"https:\/\/rjmusa.org\/wp-content\/uploads\/2016\/09\/JMIvolunteerpg2-kids.jpg\" data-light-image=\"https:\/\/rjmusa.org\/wp-content\/uploads\/2016\/09\/JMIvolunteerpg2-kids.jpg\" data-id=\"1436\" class=\"wp-image-1436\"\/><\/div><\/div><\/figure><\/div><\/li><\/ul><\/div>","protected":false},"excerpt":{"rendered":"<p>Pwogram Volont\u00e8 a se yon op\u00f2tinite pou ouvri yon fason posib nan sosyete miray ranpa, separasyon ak eksklizyon, pou moun ki sou tou de b\u00f2 yo ka gen relasyon youn ak l\u00f2t epi eksprime yon fason tanjib ke chemen sa yo posib.<\/p>","protected":false},"author":2,"featured_media":1432,"parent":1431,"menu_order":0,"comment_status":"closed","ping_status":"closed","template":"","meta":{"_kad_blocks_custom_css":"","_kad_blocks_head_custom_js":"","_kad_blocks_body_custom_js":"","_kad_blocks_footer_custom_js":"","_kad_post_transparent":"","_kad_post_title":"","_kad_post_layout":"","_kad_post_sidebar_id":"","_kad_post_content_style":"","_kad_post_vertical_padding":"","_kad_post_feature":"","_kad_post_feature_position":"","_kad_post_header":false,"_kad_post_footer":false,"footnotes":""},"section":[192],"class_list":["post-1433","page","type-page","status-publish","has-post-thumbnail","hentry","section-join-our-mission"],"acf":[],"taxonomy_info":{"section":[{"value":192,"label":"Join Our Mission"}]},"featured_image_src_large":["https:\/\/rjmusa.org\/wp-content\/uploads\/2016\/09\/jm-volunteer-program.jpg",578,576,false],"author_info":{"display_name":"root","author_link":"https:\/\/rjmusa.org\/ht\/author\/root\/"},"comment_info":0,"_links":{"self":[{"href":"https:\/\/rjmusa.org\/ht\/wp-json\/wp\/v2\/pages\/1433","targetHints":{"allow":["GET"]}}],"collection":[{"href":"https:\/\/rjmusa.org\/ht\/wp-json\/wp\/v2\/pages"}],"about":[{"href":"https:\/\/rjmusa.org\/ht\/wp-json\/wp\/v2\/types\/page"}],"author":[{"embeddable":true,"href":"https:\/\/rjmusa.org\/ht\/wp-json\/wp\/v2\/users\/2"}],"replies":[{"embeddable":true,"href":"https:\/\/rjmusa.org\/ht\/wp-json\/wp\/v2\/comments?post=1433"}],"version-history":[{"count":0,"href":"https:\/\/rjmusa.org\/ht\/wp-json\/wp\/v2\/pages\/1433\/revisions"}],"up":[{"embeddable":true,"href":"https:\/\/rjmusa.org\/ht\/wp-json\/wp\/v2\/pages\/1431"}],"wp:featuredmedia":[{"embeddable":true,"href":"https:\/\/rjmusa.org\/ht\/wp-json\/wp\/v2\/media\/1432"}],"wp:attachment":[{"href":"https:\/\/rjmusa.org\/ht\/wp-json\/wp\/v2\/media?parent=1433"}],"wp:term":[{"taxonomy":"section","embeddable":true,"href":"https:\/\/rjmusa.org\/ht\/wp-json\/wp\/v2\/section?post=1433"}],"curies":[{"name":"wp","href":"https:\/\/api.w.org\/{rel}","templated":true}]}}