{"id":1438,"date":"2016-09-07T22:34:06","date_gmt":"2016-09-08T02:34:06","guid":{"rendered":"https:\/\/rjm.local\/associates\/"},"modified":"2023-09-26T16:17:28","modified_gmt":"2023-09-26T20:17:28","slug":"associates","status":"publish","type":"page","link":"https:\/\/rjmusa.org\/ht\/rantre-nan\/asosye-yo\/","title":{"rendered":"Asosye RJM"},"content":{"rendered":"<p>Depi 1983, nou gen patn\u00e8 espesyal ki lye ak kongregasyon an, Asosye RJM yo, ke yo rele. <strong>Fanmi Jezi ak Mari<\/strong>. 1,615 manm f\u00e8 pati FJM ki f\u00f2me 98 gwoup atrav\u00e8 mond lan. &quot;Manm yo.... vle viv dapre val\u00e8 yo nan Levanjil la, patisipe nan karis la nan Saint Claudine Th\u00e9venet ak espirityalite li.&quot;<\/p>\n\n\n\n<p>Nan plizy\u00e8 fason, gwoup FJM yo pataje misyon RJM a: f\u00e8 konnen ak renmen Jezi ak Mari, enkyetid pou edikasyon j\u00e8n yo, renmen pou p\u00f2v yo ak fidelite a Legliz la.<\/p>\n\n\n\n<p>Norene, yon madanm, yon manman de timoun, ak yon manm FJM ekri:<\/p>\n\n\n\n<blockquote class=\"wp-block-quote is-layout-flow wp-block-quote-is-layout-flow\">\n<p>\u201cAtrav\u00e8 ane yo, nou te grandi nan gwos\u00e8 e yo te vin pi aktif nan akonpli misyon St. Claudine nan kominote a, s\u00e8vis bay l\u00f2t moun ak espirityalite... Gwoup nou an te toujou gen yon angajman nan s\u00e8vis. Pandan plizy\u00e8 ane nou te patisipe nan yon kontak chak mwa. Gen k\u00e8k pwoj\u00e8 te gen ladann kolekte kouch\u00e8t ak jw\u00e8t pou yon abri fanmi lokal, f\u00e8 don nan div\u00e8s ef\u00f2 sekou pou katastw\u00f2f, ak ekri l\u00e8t bay ofisy\u00e8l eli yo pou sispann trafik moun. Pou ane ki sot pase yo, nou te &quot;adopte&quot; fanmi yo nan Nw\u00e8l la epi nou te bay kado pou timoun yo ak paran yo. Malgre ke sa yo se tout k\u00f2z ent\u00e9r\u00e9san, sa ki pi pre k\u00e8 nou yo se misyon RJM yo ann Ayiti\u2026\u201d<\/p>\n<\/blockquote>\n\n\n\n<p>Se konsa, pou k\u00e8k ane ki sot pase yo, gwoup sa a te kenbe yon tab nan yon mache dokazyon pawas chak mwa pou vann atik itilize ak rad; kob yo ranmase se pou misyon RJM an Ayiti.<\/p>\n\n\n\n<p>Ozetazini, RJM gen gwoup FJM nan Kalif\u00f2ni\/Juarez, Rhode Island, ak New York.<\/p>\n\n\n\n<p><strong>Aprann plis sou Fanmi Jezi ak Mari nan <a rel=\"noreferrer noopener\" href=\"https:\/\/afjminternacional.com\/\" target=\"_blank\">sit ent\u00e8n\u00e8t ent\u00e8nasyonal yo<\/a>.<\/strong><\/p>\n\n\n\n<p><em>\u201cJodi a, pi plis toujou, gen konsyans ke karis Fondat\u00e8 ak Fondat\u00e8 yo, ki te leve pou byen tout moun, gen pou l mete ank\u00f2 nan sant Legliz la, ouv\u00e8 pou kominyon ak patisipasyon tout manm yo. p\u00e8p Bondye a.\u201d [CICL \u2013 2001]<\/em><\/p>\n\n\n<style>.wp-block-kadence-advancedgallery .kb-gallery-type-masonry.kb-gallery-id-_da68c2-3d{margin:-5px;}.kb-gallery-type-masonry.kb-gallery-id-_da68c2-3d .kadence-blocks-gallery-item{padding:5px;}.kb-gallery-id-_da68c2-3d .kadence-blocks-gallery-item .kb-gal-image-radius{border-radius:0px 0px 0px 0px;}<\/style><div class=\"kb-gallery-wrap-id-_da68c2-3d alignnone wp-block-kadence-advancedgallery\"><ul class=\"kb-gallery-ul kb-gallery-non-static kb-gallery-type-masonry kb-masonry-init kb-gallery-id-_da68c2-3d kb-gallery-caption-style-bottom-hover kb-gallery-filter-none\" data-image-filter=\"none\" data-item-selector=\".kadence-blocks-gallery-item\" data-lightbox-caption=\"true\" data-columns-xxl=\"3\" data-columns-xl=\"3\" data-columns-md=\"3\" data-columns-sm=\"2\" data-columns-xs=\"1\" data-columns-ss=\"1\"><li class=\"kadence-blocks-gallery-item\"><div class=\"kadence-blocks-gallery-item-inner\"><figure class=\"kb-gallery-figure kadence-blocks-gallery-item-hide-caption\" \"><div class=\"kb-gal-image-radius\" style=\"max-width:700px;\"><div class=\"kb-gallery-image-contain kadence-blocks-gallery-intrinsic\" style=\"padding-bottom:75%;\"><img loading=\"lazy\" decoding=\"async\" src=\"https:\/\/rjmusa.org\/wp-content\/uploads\/2016\/09\/img00179-20110403-1425kathassociates_000.jpg\" width=\"700\" height=\"525\" alt=\"img00179-20110403-1425kathassociates_000\" data-full-image=\"https:\/\/rjmusa.org\/wp-content\/uploads\/2016\/09\/img00179-20110403-1425kathassociates_000.jpg\" data-light-image=\"https:\/\/rjmusa.org\/wp-content\/uploads\/2016\/09\/img00179-20110403-1425kathassociates_000.jpg\" data-id=\"1437\" class=\"wp-image-1437\" srcset=\"https:\/\/rjmusa.org\/wp-content\/uploads\/2016\/09\/img00179-20110403-1425kathassociates_000.jpg 700w, https:\/\/rjmusa.org\/wp-content\/uploads\/2016\/09\/img00179-20110403-1425kathassociates_000-300x225.jpg 300w\" sizes=\"auto, (max-width: 700px) 100vw, 700px\" \/><\/div><\/div><\/figure><\/div><\/li><li class=\"kadence-blocks-gallery-item\"><div class=\"kadence-blocks-gallery-item-inner\"><figure class=\"kb-gallery-figure kadence-blocks-gallery-item-hide-caption\" \"><div class=\"kb-gal-image-radius\" style=\"max-width:236px;\"><div class=\"kb-gallery-image-contain kadence-blocks-gallery-intrinsic\" style=\"padding-bottom:76%;\"><img loading=\"lazy\" decoding=\"async\" src=\"https:\/\/rjmusa.org\/wp-content\/uploads\/2016\/09\/FJMfamily.jpg\" width=\"236\" height=\"180\" alt=\"FJMfanmi\" data-full-image=\"https:\/\/rjmusa.org\/wp-content\/uploads\/2016\/09\/FJMfamily.jpg\" data-light-image=\"https:\/\/rjmusa.org\/wp-content\/uploads\/2016\/09\/FJMfamily.jpg\" data-id=\"1439\" class=\"wp-image-1439\"\/><\/div><\/div><\/figure><\/div><\/li><\/ul><\/div>","protected":false},"excerpt":{"rendered":"<p>Depi 1983, nou gen patn\u00e8 espesyal ki asosye ak kongregasyon an, Asosye RJM yo, yo rele Fanmi Jezi ak Mari. 1615 manm f\u00e8 pati FJM ki f\u00f2me 98 gwoup atrav\u00e8 mond lan.<\/p>","protected":false},"author":2,"featured_media":1437,"parent":1431,"menu_order":0,"comment_status":"closed","ping_status":"closed","template":"","meta":{"_kad_blocks_custom_css":"","_kad_blocks_head_custom_js":"","_kad_blocks_body_custom_js":"","_kad_blocks_footer_custom_js":"","_kad_post_transparent":"","_kad_post_title":"","_kad_post_layout":"","_kad_post_sidebar_id":"","_kad_post_content_style":"","_kad_post_vertical_padding":"","_kad_post_feature":"","_kad_post_feature_position":"","_kad_post_header":false,"_kad_post_footer":false,"footnotes":""},"section":[192],"class_list":["post-1438","page","type-page","status-publish","has-post-thumbnail","hentry","section-join-our-mission"],"acf":[],"taxonomy_info":{"section":[{"value":192,"label":"Join Our Mission"}]},"featured_image_src_large":["https:\/\/rjmusa.org\/wp-content\/uploads\/2016\/09\/img00179-20110403-1425kathassociates_000.jpg",700,525,false],"author_info":{"display_name":"root","author_link":"https:\/\/rjmusa.org\/ht\/author\/root\/"},"comment_info":0,"_links":{"self":[{"href":"https:\/\/rjmusa.org\/ht\/wp-json\/wp\/v2\/pages\/1438","targetHints":{"allow":["GET"]}}],"collection":[{"href":"https:\/\/rjmusa.org\/ht\/wp-json\/wp\/v2\/pages"}],"about":[{"href":"https:\/\/rjmusa.org\/ht\/wp-json\/wp\/v2\/types\/page"}],"author":[{"embeddable":true,"href":"https:\/\/rjmusa.org\/ht\/wp-json\/wp\/v2\/users\/2"}],"replies":[{"embeddable":true,"href":"https:\/\/rjmusa.org\/ht\/wp-json\/wp\/v2\/comments?post=1438"}],"version-history":[{"count":0,"href":"https:\/\/rjmusa.org\/ht\/wp-json\/wp\/v2\/pages\/1438\/revisions"}],"up":[{"embeddable":true,"href":"https:\/\/rjmusa.org\/ht\/wp-json\/wp\/v2\/pages\/1431"}],"wp:featuredmedia":[{"embeddable":true,"href":"https:\/\/rjmusa.org\/ht\/wp-json\/wp\/v2\/media\/1437"}],"wp:attachment":[{"href":"https:\/\/rjmusa.org\/ht\/wp-json\/wp\/v2\/media?parent=1438"}],"wp:term":[{"taxonomy":"section","embeddable":true,"href":"https:\/\/rjmusa.org\/ht\/wp-json\/wp\/v2\/section?post=1438"}],"curies":[{"name":"wp","href":"https:\/\/api.w.org\/{rel}","templated":true}]}}