{"id":1441,"date":"2016-09-07T22:39:24","date_gmt":"2016-09-08T02:39:24","guid":{"rendered":"https:\/\/rjm.local\/staff-colleagues-family-friends\/"},"modified":"2023-06-19T15:52:12","modified_gmt":"2023-06-19T19:52:12","slug":"staff-colleagues-family-friends","status":"publish","type":"page","link":"https:\/\/rjmusa.org\/ht\/rantre-nan\/anplwaye-koleg-fanmi-zanmi\/","title":{"rendered":"Anplwaye, k\u00f2l\u00e8g, fanmi, zanmi"},"content":{"rendered":"<div class=\"wp-block-image\">\n<figure class=\"alignright size-full\"><img loading=\"lazy\" decoding=\"async\" width=\"308\" height=\"208\" src=\"https:\/\/rjmusa.org\/wp-content\/uploads\/2016\/09\/staff11.jpg\" alt=\"anplwaye 11\" class=\"wp-image-1440\" srcset=\"https:\/\/rjmusa.org\/wp-content\/uploads\/2016\/09\/staff11.jpg 308w, https:\/\/rjmusa.org\/wp-content\/uploads\/2016\/09\/staff11-300x203.jpg 300w\" sizes=\"auto, (max-width: 308px) 100vw, 308px\" \/><\/figure>\n<\/div>\n\n\n<p>Relijye Jezi ak Mari Ozetazini yo te toujou apresye kolaborasyon nan minist\u00e8 k\u00e8lkeswa kote yo te voye nou. Nou te patn\u00e8 ak pr\u00e8t pawas, anplwaye, k\u00f2l\u00e8g, l\u00f2t kongregasyon relijye, \u00f2ganizasyon, fanmi ak zanmi nan eseye <em>\u201c...enkarne fav\u00e8 padon ak rekonsilyasyon an, epi pataje ak p\u00f2v yo ak moun ki majinalize yo &#039;nouvo diven nan f\u00e8t way\u00f2m nan&#039;.\u201d<\/em><\/p>\n\n\n\n<p>Patenarya sa a evidan nan la <strong>RJM Ayiti Misyon<\/strong>. Depi 1997, RJM yo te f\u00e8 s\u00e8vis ann Ayiti e yo kapab f\u00e8 sa grasa jenerozite enkwayab donat\u00e8 ak byenf\u00e8. Anpil kontribisyon finansye nan men fanmi, zanmi, ansyen RJM, k\u00f2l\u00e8g, volont\u00e8, lek\u00f2l, pawas, \u00f2ganizasyon, elatriye, ede nou s\u00e8vi p\u00f2v yo nan twa z\u00f2n nan Ayiti: P\u00f2toprens, Gros Morne ak Jean Rabel. Angajman nou anv\u00e8 peyi ki pi p\u00f2v nan emisf\u00e8 lw\u00e8s la rete djanm, malgre anpil obstak Ayiti genyen, e li posib grasa benefakt\u00e8 jenere nou yo ak patn\u00e8 nou nan misyon, enkli prezans volont\u00e8 ki soti nan Etazini ak nan pwovens RJM yo.<\/p>\n\n\n\n<p>La <a href=\"http:\/\/www.washingtonschoolforgirls.org\/\"><strong>Washington School for Girls<\/strong><\/a> se yon egzanp yon patenarya ki te devlope apati yon gwo enkyetid pou j\u00e8n fi nan yon z\u00f2n iben ki pa gen s\u00e8vis epi ki te nan risk pou yo kite lek\u00f2l bon\u00e8. Twa \u00f2ganizasyon: Kons\u00e8y Nasyonal Fanm N\u00e8g yo, Sosyete Pitit Sen Jezi a, ak relijye Jezi ak Mari yo te etabli WMSG an 1998. Jodi a, misyon lek\u00f2l la anrasinen byen fon nan eritaj twa fanm ak edikat\u00e8 vanyan gason: Mary McLeod. Bethune, Cornelia Connelly, ak Claudine Thevenet.&nbsp;<\/p>\n\n\n\n<p>&nbsp;<\/p>\n\n\n\n<p><em>RJM a kontinye enspire pa yon sitasyon nan youn nan dokiman fondat\u00e8 nou yo, R\u00e8g Asosyasyon Pious la ki Claudine Thevenet te prezidan: &quot;L\u00e8 nou ale poukont nou nan yon vwayaj ki long ak difisil, byento nou fatige epi nou gen s\u00e8lman \u00f2din\u00e8 ak komen vle di pou ankourajman nou; men, l\u00e8 okontr\u00e8, plizy\u00e8 yo ansanm, yo mache ansanm ak asirans, kouraj ak nouvo sip\u00f2.\u201d [Preambul, R\u00e8g \u2013 1816]<\/em><\/p>","protected":false},"excerpt":{"rendered":"<p>Relijye Jezi ak Mari Ozetazini yo te toujou apresye kolaborasyon nan minist\u00e8 k\u00e8lkeswa kote yo te voye nou. Nou te patn\u00e8 ak pr\u00e8t pawas, anplwaye, k\u00f2l\u00e8g, l\u00f2t kongregasyon relijye, \u00f2ganizasyon, fanmi ak zanmi nan eseye <em>\u201c...enkarne fav\u00e8 padon ak rekonsilyasyon an, epi pataje ak p\u00f2v yo ak moun ki majinalize yo &#039;nouvo diven nan f\u00e8t way\u00f2m nan&#039;.\u201d<\/em><\/p>","protected":false},"author":2,"featured_media":1440,"parent":1431,"menu_order":0,"comment_status":"closed","ping_status":"closed","template":"","meta":{"_kad_blocks_custom_css":"","_kad_blocks_head_custom_js":"","_kad_blocks_body_custom_js":"","_kad_blocks_footer_custom_js":"","_kad_post_transparent":"","_kad_post_title":"","_kad_post_layout":"","_kad_post_sidebar_id":"","_kad_post_content_style":"","_kad_post_vertical_padding":"","_kad_post_feature":"","_kad_post_feature_position":"","_kad_post_header":false,"_kad_post_footer":false,"footnotes":""},"section":[192],"class_list":["post-1441","page","type-page","status-publish","has-post-thumbnail","hentry","section-join-our-mission"],"acf":[],"taxonomy_info":{"section":[{"value":192,"label":"Join Our Mission"}]},"featured_image_src_large":["https:\/\/rjmusa.org\/wp-content\/uploads\/2016\/09\/staff11.jpg",308,208,false],"author_info":{"display_name":"root","author_link":"https:\/\/rjmusa.org\/ht\/author\/root\/"},"comment_info":0,"_links":{"self":[{"href":"https:\/\/rjmusa.org\/ht\/wp-json\/wp\/v2\/pages\/1441","targetHints":{"allow":["GET"]}}],"collection":[{"href":"https:\/\/rjmusa.org\/ht\/wp-json\/wp\/v2\/pages"}],"about":[{"href":"https:\/\/rjmusa.org\/ht\/wp-json\/wp\/v2\/types\/page"}],"author":[{"embeddable":true,"href":"https:\/\/rjmusa.org\/ht\/wp-json\/wp\/v2\/users\/2"}],"replies":[{"embeddable":true,"href":"https:\/\/rjmusa.org\/ht\/wp-json\/wp\/v2\/comments?post=1441"}],"version-history":[{"count":0,"href":"https:\/\/rjmusa.org\/ht\/wp-json\/wp\/v2\/pages\/1441\/revisions"}],"up":[{"embeddable":true,"href":"https:\/\/rjmusa.org\/ht\/wp-json\/wp\/v2\/pages\/1431"}],"wp:featuredmedia":[{"embeddable":true,"href":"https:\/\/rjmusa.org\/ht\/wp-json\/wp\/v2\/media\/1440"}],"wp:attachment":[{"href":"https:\/\/rjmusa.org\/ht\/wp-json\/wp\/v2\/media?parent=1441"}],"wp:term":[{"taxonomy":"section","embeddable":true,"href":"https:\/\/rjmusa.org\/ht\/wp-json\/wp\/v2\/section?post=1441"}],"curies":[{"name":"wp","href":"https:\/\/api.w.org\/{rel}","templated":true}]}}