{"id":1443,"date":"2016-09-14T11:02:54","date_gmt":"2016-09-14T15:02:54","guid":{"rendered":"https:\/\/rjm.local\/religious-life\/"},"modified":"2023-09-26T16:53:18","modified_gmt":"2023-09-26T20:53:18","slug":"religious-life","status":"publish","type":"page","link":"https:\/\/rjmusa.org\/ht\/rantre-nan\/lavi-relijye\/","title":{"rendered":"Aprann sou lavi relijye"},"content":{"rendered":"<p><em>Pa gen anyen ki pi pratik pase jwenn Bondye,<br>pase tonbe nan renmen nan yon fason byen absoli, final.<br>Ki sa ou renmen, sa ki sezi imajinasyon ou,<br>pral afekte tout bagay.<\/em><\/p>\n\n\n\n<p><em>Li pral deside kisa ki pral f\u00e8 ou soti nan kabann nan maten an,<br>kisa ou f\u00e8 ak sware ou yo, ki jan ou pase wikenn ou yo,<br>sa ou li, ki moun ou konnen, sa ki kraze k\u00e8 ou,<br>ak sa ki sezi ou ak lajwa ak rekonesans.<\/em><\/p>\n\n\n\n<p><em>Tonbe nan renmen, rete nan renmen, epi li pral deside tout bagay.<\/em><\/p>\n\n\n\n<p><em>\u2013Pedro Arrupe SJ<\/em><\/p>\n\n\n\n<figure class=\"wp-block-image size-large\"><img loading=\"lazy\" decoding=\"async\" width=\"1024\" height=\"504\" src=\"https:\/\/rjmusa.org\/wp-content\/uploads\/2023\/09\/Profesion-Brit01-1024x504.png\" alt=\"\" class=\"wp-image-2122\" srcset=\"https:\/\/rjmusa.org\/wp-content\/uploads\/2023\/09\/Profesion-Brit01-1024x504.png 1024w, https:\/\/rjmusa.org\/wp-content\/uploads\/2023\/09\/Profesion-Brit01-300x148.png 300w, https:\/\/rjmusa.org\/wp-content\/uploads\/2023\/09\/Profesion-Brit01-768x378.png 768w, https:\/\/rjmusa.org\/wp-content\/uploads\/2023\/09\/Profesion-Brit01.png 1176w\" sizes=\"auto, (max-width: 1024px) 100vw, 1024px\" \/><figcaption class=\"wp-element-caption\">Brittany Galvin f\u00e8 premye pwofesyon li k\u00f2m relijye Jezi ak Mari.<\/figcaption><\/figure>\n\n\n\n<h2 class=\"wp-block-heading\">Inisyativ Bondye a\u2026 Repons mwen an<\/h2>\n\n\n\n<p>Grasa bat\u00e8m nou an, antanke manm kominote lafwa a, nou tout pataje yon vokasyon komen pou viv yon lavi ki eksprime lanmou Bondye f\u00e8 ch\u00e8 nan Jezikri.&nbsp;<\/p>\n\n\n\n<p>Yon vokasyon se pa yon s\u00e8l ev\u00e8nman. Se yon dewoulman grady\u00e8l nan vwayaj nou an nan lafwa pandan ke Bondye envite nou jwenn estil diferan nan renmen nou an.&nbsp;<\/p>\n\n\n\n<p>Responsablite nou se dis\u00e8ne mouvman Lespri a nan k\u00e8 nou ki mennen nou dekouvri ki jan nou ka pi byen s\u00e8vi Bondye ak p\u00e8p Bondye a; ki jan nou ka kolabore ak lanmou Bondye ak lavi Bondye anndan nou pi jenere ak otantik.<\/p>\n\n\n\n<p>Sa Bondye vle pou nou, ak nan men nou, se viv Levanjil la nan lavi nou chak jou; pou s\u00e8vi p\u00e8p Bondye a ak jenerozite ak konpasyon. Se yon bagay anndan nou ke nou ka dekouvri l\u00e8 nou konprann t\u00e8t nou, eksperyans lavi nou, epi sitou eksperyans nou nan Bondye.&nbsp;<\/p>\n\n\n\n<p>Pandan n ap trase fil prezans Bondye nan lavi nou, nou ka k\u00f2manse remake direksyon lavi nou ta dwe pran si nou vle rete fid\u00e8l ak eksperyans p\u00e8son\u00e8l Bondye sa a ki inik pou nou chak.<\/p>\n\n\n\n<p>Relijye Jezi ak Mari yo kw\u00e8 ke \u201cNan chak vokasyon inisyativ la soti nan men Bondye. Li rele nou nan yon rankont p\u00e8son\u00e8l epi li mande yon repons inik: yon angajman dire tout lavi pou swiv Kris la pi byen.\u201d (Konstitisyon 51)<\/p>\n\n\n\n<p>K\u00e8lkeswa f\u00f2m vokasyon nou an pran, li s\u00e8lman gen sans si li soti nan relasyon p\u00e8son\u00e8l nou ak Bondye ki kontinye ap kontinye. Dekouvri vokasyon nou vle di jwenn fason ki pi natif natal, fid\u00e8l ak on\u00e8t pou n viv relasyon sa a, pou onore verite Bondye nan nou.<\/p>\n\n\n\n<h2 class=\"wp-block-heading\">Soti nan Konstitisyon nou yo...<\/h2>\n\n\n\n<h3 class=\"wp-block-heading\">Kominote<\/h3>\n\n\n\n<p>Nou f\u00f2me kominote ki bay lavi kote nou ch\u00e8che pataje kiy\u00e8s nou ye ak sa nou genyen, lajwa ak lapenn nou, pwoj\u00e8 ak defi. Ansanm nou koute Bondye, dis\u00e8ne volonte l kons\u00e8nan fason nou viv lavi kominote a, nouvo ap\u00e8l misyon an ak repons posib. Chak moun kolabore ak kapasite li ak limit li, nan f\u00e8 kominote a yon kote kote val\u00e8 evanjelik yo viv ak pataje, sitou val\u00e8 karis nou an. Yo bay yon enp\u00f2tans espesyal pou lavi padon nan kominote a. (AC 68)<\/p>\n\n\n\n<h3 class=\"wp-block-heading\">Lapriy\u00e8<\/h3>\n\n\n\n<p>Lapriy\u00e8 p\u00e8son\u00e8l ak kominote a se yon dimansyon esansy\u00e8l nan lavi konsakre nou. Lapriy\u00e8 se yon kado Lespri a ki p\u00e8m\u00e8t nou patisipe nan misyon Pitit la. Li ede nou jwenn Bondye nan tout bagay epi montre lanmou Bondye bay mond lan. (AC 48)<\/p>\n\n\n\n<h3 class=\"wp-block-heading\">Misyon Apostolik<\/h3>\n\n\n\n<p>Chak kominote asime responsablite pou travay tout manm li yo, sip\u00f2te chak moun pa enter\u00e8, ankourajman ak lapriy\u00e8. K\u00e8lkeswa travay yo konfye nou endividy\u00e8lman, nou tout pataje nan yon s\u00e8l misyon. Pa konsekrasyon relijye nou, nou ta dwe reflete Kris la nan lavi nou, epi vin yon prezans evanjelis nan mond lan. (C46)<\/p>\n\n\n\n<h2 class=\"wp-block-heading\">Eksplore vokasyon ou av\u00e8k nou...<\/h2>\n\n\n\n<p><a href=\"https:\/\/rjmusa.org\/ht\/kontakte\/\"><em>Kontakte s\u00e8 yo nan pwovens USA-Ayiti pou jwenn plis enf\u00f2masyon sou k\u00f2m yon s\u00e8.<\/em><\/a><\/p>\n\n\n\n<p><a rel=\"noreferrer noopener\" href=\"https:\/\/www.rjmgeneral.org\/en\/collaborate\/join-rjm\/\" target=\"_blank\"><em>Klike la a pou w aprann sou pwosesis f\u00f2masyon an ak kijan pou w vin yon RJM nan div\u00e8s pati nan mond lan.<\/em><\/a><\/p>\n\n\n\n<h2 class=\"wp-block-heading\">Lyen<\/h2>\n\n\n\n<ul class=\"wp-block-list\">\n<li><a href=\"http:\/\/thinkjesuit.org\/rummaging-for-god-praying-backward-through-your-day\/\" target=\"_blank\" rel=\"noopener\">Atik sou Egzamen Konsyans pa Jesuit yo<\/a><\/li>\n\n\n\n<li><a href=\"http:\/\/sacredspace.ie\/\" target=\"_blank\" rel=\"noopener\">Dis minit lapriy\u00e8 ak ekri nan Liv<\/a><\/li>\n\n\n\n<li><a href=\"http:\/\/sacredspace.ie\/es\/\" target=\"_blank\" rel=\"noopener\">Diez minit nan oraci\u00f3n ak t\u00e8ks biblik<\/a><\/li>\n\n\n\n<li><a href=\"http:\/\/trovador.ning.com\/profile\/Ainkarem?xg_source=activity\" target=\"_blank\" rel=\"noopener\">Antre nan paj sa a, espere k\u00e8k segond epi ou ka tande mizik an pany\u00f2l. <\/a>(Mizik an pany\u00f2l)<\/li>\n\n\n\n<li><a rel=\"noopener\" href=\"http:\/\/tjcesp.blogspot.com\/\" target=\"_blank\">Blog de la Colaborativa Jesuita <\/a><\/li>\n<\/ul>\n\n\n<style>.wp-block-kadence-advancedgallery .kb-gallery-type-grid.kb-gallery-id-_f57ced-de{margin:-5px;}.kb-gallery-type-grid.kb-gallery-id-_f57ced-de .kadence-blocks-gallery-item{padding:5px;}.kb-gallery-id-_f57ced-de .kadence-blocks-gallery-item .kb-gal-image-radius{border-radius:0px 0px 0px 0px;}<\/style><div class=\"kb-gallery-wrap-id-_f57ced-de alignnone wp-block-kadence-advancedgallery\"><ul class=\"kb-gallery-ul kb-gallery-non-static kb-gallery-type-grid kb-gallery-id-_f57ced-de kb-gallery-caption-style-bottom-hover kb-gallery-filter-none\" data-image-filter=\"none\" data-item-selector=\".kadence-blocks-gallery-item\" data-lightbox-caption=\"true\" data-columns-xxl=\"4\" data-columns-xl=\"4\" data-columns-md=\"4\" data-columns-sm=\"3\" data-columns-xs=\"2\" data-columns-ss=\"2\"><li class=\"kadence-blocks-gallery-item\"><div class=\"kadence-blocks-gallery-item-inner\"><figure class=\"kb-gallery-figure kadence-blocks-gallery-item-hide-caption\" \"><div class=\"kb-gal-image-radius\"><div class=\"kb-gallery-image-contain kadence-blocks-gallery-intrinsic kb-gallery-image-ratio-land32 kb-has-image-ratio-land32\" ><img loading=\"lazy\" decoding=\"async\" src=\"https:\/\/rjmusa.org\/wp-content\/uploads\/2016\/09\/NovicesAndPostulants.jpg\" width=\"276\" height=\"250\" alt=\"Inisyasyon nan pwovens Pakistan\" data-full-image=\"https:\/\/rjmusa.org\/wp-content\/uploads\/2016\/09\/NovicesAndPostulants.jpg\" data-light-image=\"https:\/\/rjmusa.org\/wp-content\/uploads\/2016\/09\/NovicesAndPostulants.jpg\" data-id=\"1477\" class=\"wp-image-1477\"\/><\/div><\/div><\/figure><\/div><\/li><li class=\"kadence-blocks-gallery-item\"><div class=\"kadence-blocks-gallery-item-inner\"><figure class=\"kb-gallery-figure kadence-blocks-gallery-item-hide-caption\" \"><div class=\"kb-gal-image-radius\"><div class=\"kb-gallery-image-contain kadence-blocks-gallery-intrinsic kb-gallery-image-ratio-land32 kb-has-image-ratio-land32\" ><img loading=\"lazy\" decoding=\"async\" src=\"https:\/\/rjmusa.org\/wp-content\/uploads\/2016\/09\/JuniorsEuropeIreSp.jpg\" width=\"368\" height=\"250\" alt=\"S\u00e8 Junior nan Pwovens Ew\u00f2p, Pwovens Iland\" data-full-image=\"https:\/\/rjmusa.org\/wp-content\/uploads\/2016\/09\/JuniorsEuropeIreSp.jpg\" data-light-image=\"https:\/\/rjmusa.org\/wp-content\/uploads\/2016\/09\/JuniorsEuropeIreSp.jpg\" data-id=\"1478\" class=\"wp-image-1478\" srcset=\"https:\/\/rjmusa.org\/wp-content\/uploads\/2016\/09\/JuniorsEuropeIreSp.jpg 368w, https:\/\/rjmusa.org\/wp-content\/uploads\/2016\/09\/JuniorsEuropeIreSp-300x204.jpg 300w\" sizes=\"auto, (max-width: 368px) 100vw, 368px\" \/><\/div><\/div><\/figure><\/div><\/li><li class=\"kadence-blocks-gallery-item\"><div class=\"kadence-blocks-gallery-item-inner\"><figure class=\"kb-gallery-figure kadence-blocks-gallery-item-hide-caption\" \"><div class=\"kb-gal-image-radius\"><div class=\"kb-gallery-image-contain kadence-blocks-gallery-intrinsic kb-gallery-image-ratio-land32 kb-has-image-ratio-land32\" ><img loading=\"lazy\" decoding=\"async\" src=\"https:\/\/rjmusa.org\/wp-content\/uploads\/2016\/09\/AspirantsAndNovices.jpg\" width=\"376\" height=\"250\" alt=\"Aspiran nan pwovens Pakistan\" data-full-image=\"https:\/\/rjmusa.org\/wp-content\/uploads\/2016\/09\/AspirantsAndNovices.jpg\" data-light-image=\"https:\/\/rjmusa.org\/wp-content\/uploads\/2016\/09\/AspirantsAndNovices.jpg\" data-id=\"1479\" class=\"wp-image-1479\" srcset=\"https:\/\/rjmusa.org\/wp-content\/uploads\/2016\/09\/AspirantsAndNovices.jpg 376w, https:\/\/rjmusa.org\/wp-content\/uploads\/2016\/09\/AspirantsAndNovices-300x199.jpg 300w\" sizes=\"auto, (max-width: 376px) 100vw, 376px\" \/><\/div><\/div><\/figure><\/div><\/li><li class=\"kadence-blocks-gallery-item\"><div class=\"kadence-blocks-gallery-item-inner\"><figure class=\"kb-gallery-figure kadence-blocks-gallery-item-hide-caption\" \"><div class=\"kb-gal-image-radius\"><div class=\"kb-gallery-image-contain kadence-blocks-gallery-intrinsic kb-gallery-image-ratio-land32 kb-has-image-ratio-land32\" ><img loading=\"lazy\" decoding=\"async\" src=\"https:\/\/rjmusa.org\/wp-content\/uploads\/2016\/09\/LatinoamericanjuniorsBolivia.jpg\" width=\"188\" height=\"250\" alt=\"Junior Latino Ameriken yo nan Reyinyon Ent\u00e8nasyonal RJM nan Bolivi\" data-full-image=\"https:\/\/rjmusa.org\/wp-content\/uploads\/2016\/09\/LatinoamericanjuniorsBolivia.jpg\" data-light-image=\"https:\/\/rjmusa.org\/wp-content\/uploads\/2016\/09\/LatinoamericanjuniorsBolivia.jpg\" data-id=\"1480\" class=\"wp-image-1480\"\/><\/div><\/div><\/figure><\/div><\/li><\/ul><\/div>","protected":false},"excerpt":{"rendered":"<p>Yon vokasyon se pa yon s\u00e8l ev\u00e8nman. Se yon dewoulman grady\u00e8l nan vwayaj nou an nan lafwa pandan ke Bondye envite nou jwenn estil diferan nan renmen nou an. Responsablite nou se dis\u00e8ne mouvman Lespri a nan k\u00e8 nou ki mennen nou dekouvri ki jan nou ka pi byen s\u00e8vi Bondye ak p\u00e8p Bondye a; ki jan nou ka kolabore ak lanmou Bondye ak lavi Bondye anndan nou pi jenere ak otantik.<\/p>","protected":false},"author":2,"featured_media":1442,"parent":1431,"menu_order":0,"comment_status":"closed","ping_status":"closed","template":"","meta":{"_kad_blocks_custom_css":"","_kad_blocks_head_custom_js":"","_kad_blocks_body_custom_js":"","_kad_blocks_footer_custom_js":"","_kad_post_transparent":"","_kad_post_title":"","_kad_post_layout":"","_kad_post_sidebar_id":"","_kad_post_content_style":"","_kad_post_vertical_padding":"","_kad_post_feature":"","_kad_post_feature_position":"","_kad_post_header":false,"_kad_post_footer":false,"footnotes":""},"section":[192],"class_list":["post-1443","page","type-page","status-publish","has-post-thumbnail","hentry","section-join-our-mission"],"acf":[],"taxonomy_info":{"section":[{"value":192,"label":"Join Our Mission"}]},"featured_image_src_large":["https:\/\/rjmusa.org\/wp-content\/uploads\/2016\/09\/bilbehandscandle.jpg",269,200,false],"author_info":{"display_name":"root","author_link":"https:\/\/rjmusa.org\/ht\/author\/root\/"},"comment_info":0,"_links":{"self":[{"href":"https:\/\/rjmusa.org\/ht\/wp-json\/wp\/v2\/pages\/1443","targetHints":{"allow":["GET"]}}],"collection":[{"href":"https:\/\/rjmusa.org\/ht\/wp-json\/wp\/v2\/pages"}],"about":[{"href":"https:\/\/rjmusa.org\/ht\/wp-json\/wp\/v2\/types\/page"}],"author":[{"embeddable":true,"href":"https:\/\/rjmusa.org\/ht\/wp-json\/wp\/v2\/users\/2"}],"replies":[{"embeddable":true,"href":"https:\/\/rjmusa.org\/ht\/wp-json\/wp\/v2\/comments?post=1443"}],"version-history":[{"count":0,"href":"https:\/\/rjmusa.org\/ht\/wp-json\/wp\/v2\/pages\/1443\/revisions"}],"up":[{"embeddable":true,"href":"https:\/\/rjmusa.org\/ht\/wp-json\/wp\/v2\/pages\/1431"}],"wp:featuredmedia":[{"embeddable":true,"href":"https:\/\/rjmusa.org\/ht\/wp-json\/wp\/v2\/media\/1442"}],"wp:attachment":[{"href":"https:\/\/rjmusa.org\/ht\/wp-json\/wp\/v2\/media?parent=1443"}],"wp:term":[{"taxonomy":"section","embeddable":true,"href":"https:\/\/rjmusa.org\/ht\/wp-json\/wp\/v2\/section?post=1443"}],"curies":[{"name":"wp","href":"https:\/\/api.w.org\/{rel}","templated":true}]}}