{"id":1899,"date":"2023-06-16T11:50:41","date_gmt":"2023-06-16T15:50:41","guid":{"rendered":"https:\/\/rjmusa.wpengine.com\/?page_id=1899"},"modified":"2025-12-29T16:41:47","modified_gmt":"2025-12-29T21:41:47","slug":"donate","status":"publish","type":"page","link":"https:\/\/rjmusa.org\/ht\/bay\/","title":{"rendered":"F\u00e8 yon Don"},"content":{"rendered":"<p>Depi 1877, Pwovens Ameriken relijye Jezi ak Mari reponn a bezwen moun ki nan plizy\u00e8 kote nan peyi Etazini: New Hampshire, Massachusetts, Rhode Island, New York, Maryland, Washington, DC, Kalif\u00f2ni ak Texas, ak , apati 1997, sou zile Karayib la ann Ayiti.<\/p>\n\n\n\n<p>Atrav\u00e8 minist\u00e8 edikasyon, s\u00e8vis pastoral ak sosyal, ak swen sante, s\u00e8 RJM yo te s\u00e8vi ak timoun tout laj, adolesan ak j\u00e8n adilt, etidyan kol\u00e8j, paran, fanmi, moun ki san kay ak p\u00f2v, granmoun aje ak moun ki aje.<\/p>\n\n\n\n<blockquote class=\"wp-block-quote is-layout-flow wp-block-quote-is-layout-flow\">\n<p id=\"now\"><strong><em>Ou ka f\u00e8 yon don kounye a l\u00e8 l s\u00e8vi av\u00e8k f\u00f2m ki anba a! <\/em><\/strong><em>Sou ent\u00e8n\u00e8t <\/em><em>don yo ka f\u00e8 l\u00e8 l s\u00e8vi av\u00e8k kat kredi oswa debi ou, kont ch\u00e8k ou, oswa atrav\u00e8 kont Apple Pay oswa Google Pay ou.<\/em><\/p>\n<\/blockquote>\n\n\n<style>.kb-row-layout-id1899_fdcd8c-38 > .kt-row-column-wrap{align-content:start;}:where(.kb-row-layout-id1899_fdcd8c-38 > .kt-row-column-wrap) > .wp-block-kadence-column{justify-content:start;}.kb-row-layout-id1899_fdcd8c-38 > .kt-row-column-wrap{column-gap:var(--global-kb-gap-md, 2rem);row-gap:var(--global-kb-gap-md, 2rem);padding-top:var(--global-kb-spacing-sm, 1.5rem);padding-bottom:var(--global-kb-spacing-sm, 1.5rem);grid-template-columns:minmax(0, 2fr) minmax(0, 1fr);}.kb-row-layout-id1899_fdcd8c-38 > .kt-row-layout-overlay{opacity:0.30;}@media all and (max-width: 1024px){.kb-row-layout-id1899_fdcd8c-38 > .kt-row-column-wrap{grid-template-columns:repeat(2, minmax(0, 1fr));}}@media all and (max-width: 767px){.kb-row-layout-id1899_fdcd8c-38 > .kt-row-column-wrap{grid-template-columns:minmax(0, 1fr);}}<\/style><div class=\"kb-row-layout-wrap kb-row-layout-id1899_fdcd8c-38 alignnone wp-block-kadence-rowlayout\"><div class=\"kt-row-column-wrap kt-has-2-columns kt-row-layout-left-golden kt-tab-layout-inherit kt-mobile-layout-row kt-row-valign-top\">\n<style>.kadence-column1899_ff8974-33 > .kt-inside-inner-col,.kadence-column1899_ff8974-33 > .kt-inside-inner-col:before{border-top-left-radius:0px;border-top-right-radius:0px;border-bottom-right-radius:0px;border-bottom-left-radius:0px;}.kadence-column1899_ff8974-33 > .kt-inside-inner-col{column-gap:var(--global-kb-gap-sm, 1rem);}.kadence-column1899_ff8974-33 > .kt-inside-inner-col{flex-direction:column;}.kadence-column1899_ff8974-33 > .kt-inside-inner-col > .aligncenter{width:100%;}.kadence-column1899_ff8974-33 > .kt-inside-inner-col:before{opacity:0.3;}.kadence-column1899_ff8974-33{position:relative;}@media all and (max-width: 1024px){.kadence-column1899_ff8974-33 > .kt-inside-inner-col{flex-direction:column;}}@media all and (max-width: 767px){.kadence-column1899_ff8974-33 > .kt-inside-inner-col{flex-direction:column;}}<\/style>\n<div class=\"wp-block-kadence-column kadence-column1899_ff8974-33\"><div class=\"kt-inside-inner-col\">\n<script src=\"https:\/\/s3-us-west-2.amazonaws.com\/bloomerang-public-cdn\/religiousofjesusandmary\/.widget-js\/41984.js\" type=\"text\/javascript\"><\/script>\n<\/div><\/div>\n\n\n<style>.kadence-column1899_9de593-d1 > .kt-inside-inner-col,.kadence-column1899_9de593-d1 > .kt-inside-inner-col:before{border-top-left-radius:0px;border-top-right-radius:0px;border-bottom-right-radius:0px;border-bottom-left-radius:0px;}.kadence-column1899_9de593-d1 > .kt-inside-inner-col{column-gap:var(--global-kb-gap-sm, 1rem);}.kadence-column1899_9de593-d1 > .kt-inside-inner-col{flex-direction:column;}.kadence-column1899_9de593-d1 > .kt-inside-inner-col > .aligncenter{width:100%;}.kadence-column1899_9de593-d1 > .kt-inside-inner-col:before{opacity:0.3;}.kadence-column1899_9de593-d1{position:relative;}@media all and (max-width: 1024px){.kadence-column1899_9de593-d1 > .kt-inside-inner-col{flex-direction:column;}}@media all and (max-width: 767px){.kadence-column1899_9de593-d1 > .kt-inside-inner-col{flex-direction:column;}}<\/style>\n<div class=\"wp-block-kadence-column kadence-column1899_9de593-d1\"><div class=\"kt-inside-inner-col\">\n<blockquote class=\"wp-block-quote is-layout-flow wp-block-quote-is-layout-flow\">\n<p><strong><em>Pou mete sou pye<\/em> <strong>chak mwa, chak trim\u00e8s, oswa any\u00e8l otomatik <\/strong>peman renouvlab<em> l\u00e8 l s\u00e8vi av\u00e8k kat kredi\/debi ou oswa kont PayPal, klike anba a:<\/em><\/strong><\/p>\n<\/blockquote>\n\n\n\n<givebutter-widget id=\"pXPYNp\"><\/givebutter-widget>\n\n\n\n<style>.wp-block-kadence-spacer.kt-block-spacer-1899_1edf2f-0f .kt-block-spacer{height:60px;}.wp-block-kadence-spacer.kt-block-spacer-1899_1edf2f-0f .kt-divider{border-top-width:1px;height:1px;border-top-color:#eee;width:80%;border-top-style:solid;}<\/style>\n<div class=\"wp-block-kadence-spacer aligncenter kt-block-spacer-1899_1edf2f-0f\"><div class=\"kt-block-spacer kt-block-spacer-halign-center\"><hr class=\"kt-divider\"\/><\/div><\/div>\n\n\n\n<p><strong>Gen plizy\u00e8 lajan ki gen bezwen imedya e gen plizy\u00e8 fason pou bay:<\/strong><\/p>\n\n\n\n<ul class=\"wp-block-list\">\n<li><strong>Priyorite Misyon RJM Ayiti<\/strong>: Donasyon ede sip\u00f2te senk s\u00e8 RJM, volont\u00e8 layik, ak minist\u00e8 yo bay p\u00f2v yo ak majinalize nan Gros Morne, Jean-Rabel, ak P\u00f2toprens, Ayiti.<\/li>\n\n\n\n<li><strong>Fon pou pran retr\u00e8t RJM<\/strong>: Donasyon ede nan bay swen pou s\u00e8 retrete, frajil ak granmoun aje.<\/li>\n\n\n\n<li><strong>Priyorite Minist\u00e8 RJM yo<\/strong>: Donasyon yo ede sip\u00f2te s\u00e8 RJM ak konpayon yo nan misyon nan minist\u00e8 kote sous finansman yo limite.<\/li>\n<\/ul>\n\n\n<style>.wp-block-kadence-spacer.kt-block-spacer-1899_38986b-5f .kt-block-spacer{height:60px;}.wp-block-kadence-spacer.kt-block-spacer-1899_38986b-5f .kt-divider{border-top-width:1px;height:1px;border-top-color:#eee;width:80%;border-top-style:solid;}<\/style>\n<div class=\"wp-block-kadence-spacer aligncenter kt-block-spacer-1899_38986b-5f\"><div class=\"kt-block-spacer kt-block-spacer-halign-center\"><hr class=\"kt-divider\"\/><\/div><\/div>\n\n\n\n<p><strong>Donasyon kapab tou f\u00e8t pa ch\u00e8k <\/strong>f\u00e8 soti nan <em>Relijye Jezi ak Mari<\/em><\/p>\n\n\n\n<p><em>Tanpri ekri fon ou pi pito sou liy memo a<\/em><\/p>\n\n\n\n<p><strong>T\u00e8ks lap\u00f2s bay:<\/strong><br>Biwo Avansman Misyon RJM<br>821 Varnum St NE<br>Washington, DC 20017<\/p>\n\n\n<style>.wp-block-kadence-spacer.kt-block-spacer-1899_fc6a0a-67 .kt-block-spacer{height:60px;}.wp-block-kadence-spacer.kt-block-spacer-1899_fc6a0a-67 .kt-divider{border-top-width:1px;height:1px;border-top-color:#eee;width:80%;border-top-style:solid;}<\/style>\n<div class=\"wp-block-kadence-spacer aligncenter kt-block-spacer-1899_fc6a0a-67\"><div class=\"kt-block-spacer kt-block-spacer-halign-center\"><hr class=\"kt-divider\"\/><\/div><\/div>\n\n\n\n<p><em>Kontribisyon yo soum\u00e8t atrav\u00e8 sitw\u00e8b sa a f\u00e8t ak konpreyansyon ke \u00f2ganizasyon an gen kontw\u00f2l konpl\u00e8 ak diskresyon sou fon yo bay yo, ki gen ladan dwa pou yo s\u00e8vi ak lajan sa yo pou l\u00f2t rezon ki konsistan av\u00e8k misyon li egzante taks.<\/em><\/p>\n\n\n\n<p>Pou diskite sou l\u00f2t opsyon ak op\u00f2tinite pou bay don, tankou opsyon ki gen rap\u00f2 ak planifikasyon siksesyon, tanpri kontakte Kow\u00f2donatris Egzekitif Pwovens nou an, Kathy Schmitt nan <a href=\"mailto:kschmitt@rjmusa.org\" target=\"_blank\" rel=\"noreferrer noopener\">kschmitt@rjmusa.org<\/a><\/p>\n<\/div><\/div>\n\n<\/div><\/div>","protected":false},"excerpt":{"rendered":"<p>Depi 1877, Pwovens Ameriken relijye Jezi ak Mari reponn a bezwen moun ki nan div\u00e8s kote nan peyi Etazini: New Hampshire, Massachusetts, Rhode Island, New York, Maryland, Washington, DC, Kalif\u00f2ni ak Texas, ak , apati 1997, sou zile Karayib la ann Ayiti. Atrav\u00e8 minist\u00e8 edikasyon, pastoral...<\/p>","protected":false},"author":6,"featured_media":0,"parent":0,"menu_order":0,"comment_status":"closed","ping_status":"closed","template":"","meta":{"_kad_blocks_custom_css":"","_kad_blocks_head_custom_js":"","_kad_blocks_body_custom_js":"","_kad_blocks_footer_custom_js":"","_kad_post_transparent":"","_kad_post_title":"","_kad_post_layout":"","_kad_post_sidebar_id":"","_kad_post_content_style":"","_kad_post_vertical_padding":"","_kad_post_feature":"","_kad_post_feature_position":"","_kad_post_header":false,"_kad_post_footer":false,"footnotes":""},"section":[],"class_list":["post-1899","page","type-page","status-publish","hentry"],"acf":[],"taxonomy_info":[],"featured_image_src_large":false,"author_info":{"display_name":"Ben Zumdahl","author_link":"https:\/\/rjmusa.org\/ht\/author\/benfiatinsight-com\/"},"comment_info":0,"_links":{"self":[{"href":"https:\/\/rjmusa.org\/ht\/wp-json\/wp\/v2\/pages\/1899","targetHints":{"allow":["GET"]}}],"collection":[{"href":"https:\/\/rjmusa.org\/ht\/wp-json\/wp\/v2\/pages"}],"about":[{"href":"https:\/\/rjmusa.org\/ht\/wp-json\/wp\/v2\/types\/page"}],"author":[{"embeddable":true,"href":"https:\/\/rjmusa.org\/ht\/wp-json\/wp\/v2\/users\/6"}],"replies":[{"embeddable":true,"href":"https:\/\/rjmusa.org\/ht\/wp-json\/wp\/v2\/comments?post=1899"}],"version-history":[{"count":0,"href":"https:\/\/rjmusa.org\/ht\/wp-json\/wp\/v2\/pages\/1899\/revisions"}],"wp:attachment":[{"href":"https:\/\/rjmusa.org\/ht\/wp-json\/wp\/v2\/media?parent=1899"}],"wp:term":[{"taxonomy":"section","embeddable":true,"href":"https:\/\/rjmusa.org\/ht\/wp-json\/wp\/v2\/section?post=1899"}],"curies":[{"name":"wp","href":"https:\/\/api.w.org\/{rel}","templated":true}]}}