{"id":2075,"date":"2023-09-25T20:14:55","date_gmt":"2023-09-26T00:14:55","guid":{"rendered":"https:\/\/rjmusa.org\/?page_id=2075"},"modified":"2024-04-30T15:36:15","modified_gmt":"2024-04-30T19:36:15","slug":"our-sisters","status":"publish","type":"page","link":"https:\/\/rjmusa.org\/ht\/se-nou-yo\/","title":{"rendered":"S\u00e8 nou yo"},"content":{"rendered":"<figure class=\"wp-block-image size-large\"><img loading=\"lazy\" decoding=\"async\" width=\"1024\" height=\"869\" src=\"https:\/\/rjmusa.org\/wp-content\/uploads\/2023\/09\/Haiti-Sisters-1024x869.jpg\" alt=\"\" class=\"wp-image-2076\" srcset=\"https:\/\/rjmusa.org\/wp-content\/uploads\/2023\/09\/Haiti-Sisters-1024x869.jpg 1024w, https:\/\/rjmusa.org\/wp-content\/uploads\/2023\/09\/Haiti-Sisters-300x254.jpg 300w, https:\/\/rjmusa.org\/wp-content\/uploads\/2023\/09\/Haiti-Sisters-768x652.jpg 768w, https:\/\/rjmusa.org\/wp-content\/uploads\/2023\/09\/Haiti-Sisters.jpg 1246w\" sizes=\"auto, (max-width: 1024px) 100vw, 1024px\" \/><figcaption class=\"wp-element-caption\"><em>Ameriken, Ayisyen, Pany\u00f2l, ak Iland\u00e8 RJM yo minis ansanm an Ayiti.<\/em><\/figcaption><\/figure>\n\n\n\n<p>An 1877, premye relijye Jezi ak Mari <a href=\"https:\/\/rjmusa.org\/ht\/istwa\/masachusetts\/\">te soti Kanada pou f\u00e8 s\u00e8vis pami imigran yo nan Fall River, Massachusetts<\/a>. Depi l\u00e8 sa a, plizy\u00e8 sant\u00e8n RJM te s\u00e8vi nan plizy\u00e8 kote atrav\u00e8 Etazini, Ayiti, ak l\u00f2t kote nan mond lan k\u00f2m yon pati nan pwovens USA-Ayiti oswa an patenarya ak <a href=\"https:\/\/www.rjmgeneral.org\/en\/where-we-are\/\" target=\"_blank\" rel=\"noreferrer noopener\">l\u00f2t pwovens ak delegasyon RJM<\/a><\/p>\n\n\n\n<p>Pandan ke <a rel=\"noreferrer noopener\" href=\"https:\/\/www.educationglobalcompact.org\/en\/\" target=\"_blank\">edikasyon se yon minist\u00e8 debaz nan RJM yo<\/a>, nou te toujou pote sou misyon an nan <a href=\"https:\/\/rjmusa.org\/ht\/fondate\/\">fondat\u00e8 nou an, St Claudine Th\u00e9venet<\/a>, nan f\u00e8 Jezi ak Mari konnen nan yon pak\u00e8t minist\u00e8. Jodi a, <a href=\"https:\/\/rjmusa.org\/ht\/priyorite-nou-yo\/\">travay nou an gide pa Preferans RJM yo<\/a> ki te ye <a rel=\"noreferrer noopener\" href=\"https:\/\/www.rjmgeneral.org\/en\/preferences\/\" target=\"_blank\">devlope ent\u00e8nasyonalman<\/a> pa tout kongregasyon nou an.<\/p>\n\n\n\n<h2 class=\"wp-block-heading\">Ki kote RJM yo te s\u00e8vi?<\/h2>\n\n\n\n<p>Relijye Jezi ak Mari yo gen yon istwa rich nan s\u00e8vi nan plizy\u00e8 z\u00f2n nan tout peyi Etazini ak, depi 1997, an Ayiti. Dom\u00e8n nan minist\u00e8 yo enkli Massachusetts, New Hampshire, Rhode Island, New York, Maryland, Distri Columbia, Kalif\u00f2ni, Texas, ak l\u00f2t pati Sidw\u00e8s Etazini. Pwovens USA-Ayiti nou an te gen lyen istorik sere ak RJM yo nan pwovens Kanada ak Meksik. Apre yon tan, kote s\u00e8 nou yo ap viv ak s\u00e8vi a chanje paske nou te toujou f\u00e8 ef\u00f2 pou nou suiv ap\u00e8l Lespri Sen an pou pote prezans Jezi ak Mari kote li neses\u00e8.<\/p>\n\n\n\n<p><a href=\"https:\/\/rjmusa.org\/ht\/istwa\/\">Klike la a pou w aprann plis sou istwa minist\u00e8 RJM nan peyi Etazini.<\/a><\/p>\n\n\n\n<h2 class=\"wp-block-heading\">Minist\u00e8 sot pase yo<\/h2>\n\n\n\n<p>Sr Janice Farnham, RJM, te ekri yon istwa tr\u00e8 detaye sou kote minist\u00e8 RJM yo nan peyi Etazini, epi li te pibliye an 2020. <em><a href=\"https:\/\/books.google.com\/books?id=olITEAAAQBAJ&amp;lpg=PP1&amp;pg=PP1#v=onepage&amp;q&amp;f=false\" target=\"_blank\" rel=\"noreferrer noopener\"><strong>Weaving Hope: relijye Jezi ak Mari nan Etazini, 1877-2017<\/strong><\/a><\/em> ki disponib nan <a href=\"https:\/\/www.amazon.com\/Weaving-Hope-Religious-United-1877-2017\/dp\/1725276526\/ref=tmm_pap_swatch_0?_encoding=UTF8&amp;qid=1695679232&amp;sr=8-1\" target=\"_blank\" rel=\"noreferrer noopener\">enprime<\/a> epi <a href=\"https:\/\/a.co\/d\/3LKMSWW\" target=\"_blank\" rel=\"noreferrer noopener\">Kindle<\/a> edisyon yo.<\/p>\n\n\n<div class=\"wp-block-image\">\n<figure class=\"aligncenter size-full is-resized\"><a href=\"https:\/\/books.google.com\/books?id=olITEAAAQBAJ&amp;lpg=PP1&amp;pg=PP1#v=onepage&amp;q&amp;f=false\" target=\"_blank\" rel=\"noreferrer noopener\"><img loading=\"lazy\" decoding=\"async\" width=\"267\" height=\"400\" src=\"https:\/\/rjmusa.org\/wp-content\/uploads\/2023\/09\/weaving-hope-cover.jpg\" alt=\"\" class=\"wp-image-2077\" style=\"width:195px;height:292px\" srcset=\"https:\/\/rjmusa.org\/wp-content\/uploads\/2023\/09\/weaving-hope-cover.jpg 267w, https:\/\/rjmusa.org\/wp-content\/uploads\/2023\/09\/weaving-hope-cover-200x300.jpg 200w\" sizes=\"auto, (max-width: 267px) 100vw, 267px\" \/><\/a><\/figure>\n<\/div>\n\n\n<p><strong>Anpil fanm ak gason sonje RJM yo k\u00f2m pwofes\u00e8 yo ak direkt\u00e8 yo nan yon kantite diferan lek\u00f2l ki te f\u00e8men pandan ane yo. Lek\u00f2l tankou Regina High School, Th\u00e9venet Hall, St. John&#039;s Kingsbridge, Villa Augustina, St. Clare, ak l\u00f2t moun te ede anpil j\u00e8n grandi epi aprann epi vin moun b\u00e8l kontribisyon nan mond lan nan plizy\u00e8 fason b\u00e8l.<\/strong> Relijye Jezi ak Mari yo fy\u00e8 anpil de ansyen el\u00e8v yo nan lek\u00f2l nou yo ak nan tan lontan yo, yo se pr\u00e8v ke angajman kongregasyon nou an nan s\u00e8vi p\u00e8p Bondye a atrav\u00e8 edikasyon te vo li!<\/p>\n\n\n\n<p><strong>Pami moun ki te s\u00e8vi nan minist\u00e8 RJM nan Etazini se <a href=\"https:\/\/dinabelanger.com\/\" target=\"_blank\" rel=\"noreferrer noopener\">Benediksyon Dina B\u00e9langer<\/a>.<\/strong> Antanke yon j\u00e8n fi nan Quebec, pwofes\u00e8 yo te w\u00e8 gwo talan mizik nan Dina e yo te konvenk paran li yo voye l nan vil Nouy\u00f2k pou etidye nan enstiti mizik ki te vin lek\u00f2l Julliard. Pandan l t ap etidye nan New York, Dina t ap viv nan yon minist\u00e8 inik RJM ki rele Our Lady of Peace ak l\u00f2t j\u00e8nfi ki t ap travay e ki t ap ale lek\u00f2l. Our Lady of Peace se te yon kalite pension ak kominote nan Manhattan kote fanm katolik ki soti nan tout peyi Etazini ak nan mond lan te kapab viv, manje, epi lapriy\u00e8 anba gidans RJM a pandan y ap patisipe nan agrandi op\u00f2tinite pou travay ak edikasyon yo te. yo ofri fanm yo. <em>RJM te dirije yon minist\u00e8 menm jan an ki te rele Rezidans St. Joan of Arc ki te s\u00e8vi j\u00e8nfi nan San Diego ak yon kominote nan El Paso ki te rele Rezidans R\u00e8n Angels yo ki te konsantre sou otorize j\u00e8nfi Etazini ak Meksik pou yo patisipe nan Aksyon Katolik. mouvman. Apre sa, RJM Ozetazini t ap s\u00e8vi ak mod\u00e8l Kominote Kretyen yo ak Pwogram Volont\u00e8 QUEST pou bay medam ak gason pwof\u00e0n op\u00f2tinite pou yo viv av\u00e8k s\u00e8 yo e pou yo bay s\u00e8vis minist\u00e8 b\u00f2 kote s\u00e8 yo.<\/em><\/p>\n\n\n<div class=\"wp-block-image\">\n<figure class=\"aligncenter size-full\"><img loading=\"lazy\" decoding=\"async\" width=\"279\" height=\"181\" src=\"https:\/\/rjmusa.org\/wp-content\/uploads\/2024\/04\/Bl-Dina-hospital.jpg\" alt=\"\" class=\"wp-image-2412\" srcset=\"https:\/\/rjmusa.org\/wp-content\/uploads\/2024\/04\/Bl-Dina-hospital.jpg 279w, https:\/\/rjmusa.org\/wp-content\/uploads\/2024\/04\/Bl-Dina-hospital-18x12.jpg 18w\" sizes=\"auto, (max-width: 279px) 100vw, 279px\" \/><\/figure>\n<\/div>\n\n\n<p>Dina te retounen nan Kanada apre li fin gradye epi li te vin yon mizisyen touris pou k\u00e8k ane anvan li te chwazi rantre nan RJM a epi li vin yon pwofes\u00e8 mizik. Malerezman, jis k\u00e8k ane nan minist\u00e8 ans\u00e8yman li, Dina (ki rele Manman Marie de Sainte-C\u00e9cile de Rome) te pran lafy\u00e8v wouj pandan l ap pran swen yon etidyan ki malad epi li finalman pran tib\u00e8kiloz. Akoz maladi sa yo, Benediksyon Dina te oblije rete an izolasyon epi abandone s\u00e8vis pou l\u00f2t moun. Pandan l te poukont li, li te k\u00f2manse yon lavi priy\u00e8 entery\u00e8 fervan e li te deside ekri sou fason li te rankontre Jezi menm l\u00e8 li pa t kapab s\u00e8vi nan fason li te panse Jezi te rele l. Ekri li yo te pibliye epi yo te pwouve yo tr\u00e8 itil pou anpil moun nan pw\u00f2p vwayaj espirity\u00e8l yo. Pap Sen Jan P\u00f2l II te beatifye Dina B\u00e9langer an 1993.<\/p>\n\n\n\n<p class=\"has-text-align-center\"><a href=\"https:\/\/rjmusa.org\/ht\/edikasyon\/\">Nou envite <strong>ansyen el\u00e8v lek\u00f2l RJM yo<\/strong> klike la a pou w konekte ak s\u00e8 yo.<\/a><\/p>\n\n\n\n<p>Anpil nan s\u00e8 nou yo ki te s\u00e8vi san pran souf k\u00f2m anseyan, misyon\u00e8, ak nan anpil minist\u00e8 te pase; ou ka aprann sou k\u00e8k nan s\u00e8 nou yo ki f\u00e8k mouri l\u00e8 w vizite <a href=\"https:\/\/rjmusa.org\/ht\/section\/in-remembrance\/\">nou <em>Nan Souvni<\/em> paj<\/a> epi ou ka aprann tou sou <a href=\"https:\/\/rjmusa.org\/ht\/ki-jan-nou-sonje-mo-yo\/\">ki jan Achiv pwovensyal nou an prez\u00e8ve ak sonje<\/a> eritaj s\u00e8 nou yo ki mouri yo. Nou sonje espesyalman s\u00e8 nou an, <a rel=\"noreferrer noopener\" href=\"https:\/\/www.rjmgeneral.org\/en\/sr-isa-sola-eng\/\" target=\"_blank\">Isa Sola, RJM<\/a>, ki te mouri vyolans an 2016 pandan l t ap s\u00e8vi p\u00e8p Bondye a ann Ayiti.<\/p>\n\n\n\n<p>Si w ap ch\u00e8che yon s\u00e8 RJM espesifik, <a href=\"https:\/\/rjmusa.org\/ht\/kontakte\/\">tanpri im\u00e8l nou<\/a> pou nou ka konekte ou ak li. <em>Nan tan lontan, RJM yo te itilize non relijye tankou &quot;Manman St. Ignatius&quot; anvan yo te chanje prensipalman s\u00e8vi ak non yo bay yo, kidonk ou ta ka sonje s\u00e8 yo pa div\u00e8s non.<\/em><\/p>\n\n\n\n<h2 class=\"wp-block-heading\">Minist\u00e8 akty\u00e8l yo<\/h2>\n\n\n\n<p>RJM yo te fonde <a rel=\"noreferrer noopener\" href=\"https:\/\/www.thevenetmontessorischool.org\/\" target=\"_blank\">Lek\u00f2l Montessori Thevenet<\/a> nan Highland Mills, NY, an 1971 epi li te ko-fonde <a rel=\"noreferrer noopener\" href=\"https:\/\/washingtonschoolforgirls.org\/\" target=\"_blank\">Washington School for Girls<\/a> nan Washington, DC, an 1997. Nan kad misyon nou an Ayiti, RJM yo te fonde ak sip\u00f2te plizy\u00e8 lek\u00f2l ak minist\u00e8 edikasyon ansanm ak konpayon nou yo nan misyon, Sr. Pat Brito kounye a s\u00e8vi k\u00f2m direkt\u00e8 nan <a rel=\"noreferrer noopener\" href=\"https:\/\/sfdchantalschool.org\/\" target=\"_blank\">Lek\u00f2l St Frans de Chantal<\/a> nan Bronx. Lek\u00f2l tankou <a rel=\"noreferrer noopener\" href=\"http:\/\/saintfrancisinternational.org\/\" target=\"_blank\">St Francis Lek\u00f2l Ent\u00e8nasyonal<\/a> ak l\u00f2t moun kontinye eritaj RJM te fonde lek\u00f2l tankou St. Mark nan Hyattsville, Maryland.<\/p>\n\n\n\n<p><a href=\"https:\/\/rjmusa.org\/ht\/ayiti\/\">Misyon Ayiti nou an<\/a> se yon pati enp\u00f2tan nan travay nou f\u00e8 Jezi ak Mari konnen nan mond lan jodi a. Depi 1997, s\u00e8 nan pwovens nou an ap viv nan mitan p\u00e8p Ayiti nan plizy\u00e8 vil ak vil. Nou te f\u00e8 ef\u00f2 pou tabli ak kenbe yon kantite diferan minist\u00e8 ansanm ak konpayon ayisyen nou yo nan misyon osi byen ke <a href=\"https:\/\/rjmusa.org\/ht\/rantre-nan\/pwogram-volonte-jm-intl\/\">volont\u00e8 ki soti nan plizy\u00e8 peyi<\/a> ak \u00f2ganizasyon patn\u00e8 tankou <a rel=\"noreferrer noopener\" href=\"https:\/\/mercyfocusonhaiti.org\/\" target=\"_blank\">Mercy Konsantre sou Ayiti<\/a>. Ou ka aprann plis sou travay etonan k ap f\u00e8t ak ak pou p\u00e8p Ayiti a nan nou <a href=\"https:\/\/rjmusa.org\/ht\/section\/haiti-mission-newsletter\/\">Bilten nouv\u00e8l Misyon Ayiti<\/a>.<\/p>\n\n\n\n<p>RJM yo sip\u00f2te imigran tou nan San Diego, CA, ak nan Maryland. Gen k\u00e8k nan s\u00e8 nou yo ki travay nan pawas, lek\u00f2l, ak minist\u00e8 dyosezan. Kounye a, nou <a href=\"https:\/\/rjmusa.org\/ht\/section\/care-for-creation-at-bethany\/\">Swen pou Kreyasyon<\/a> komite ap aplike yon plan konpl\u00e8 an repons a <a href=\"https:\/\/laudatosiactionplatform.org\/\" target=\"_blank\" rel=\"noreferrer noopener\">L\u00e8t Pap Franswa <em>Laudato Si&#039;<\/em><\/a> nan <a href=\"https:\/\/www.facebook.com\/profile.php?id=100083072214018\" target=\"_blank\" rel=\"noreferrer noopener\">kanpis Betani nou renmen anpil ak sakre<\/a> nan Highland Mills, NY.<\/p>\n\n\n\n<p>Anpil nan s\u00e8 nou yo kounye a pran retr\u00e8t endividy\u00e8lman oswa nan plizy\u00e8 kominote, ki gen ladan kominote ki nan retr\u00e8t ak enstalasyon asistans. S\u00e8 retrete nou yo patisipe aktivman nan minist\u00e8 lapriy\u00e8 a, ki gen ladan priye pou misyon nou ak minist\u00e8 nou yo, s\u00e8 aktif nou yo, konpayon nou yo nan misyon, moun nou s\u00e8vi ak moun nou s\u00e8vi yo, ak sip\u00f2t\u00e8 ak byenf\u00e8 nou yo. Nou envite w priye pou ak s\u00e8 ki aje ak enfim nou yo.<\/p>\n\n\n\n<p>Ou ka kontinye ak sa RJM yo ap f\u00e8 l\u00e8 w li <a href=\"https:\/\/rjmusa.org\/ht\/section\/bridges\/\">bilten pwovens nou an, Bridges<\/a>. Ou ka swiv nouv\u00e8l sou RJM yo atrav\u00e8 lemond l\u00e8 w vizite <a href=\"https:\/\/www.facebook.com\/rjmgeneral\/\" target=\"_blank\" rel=\"noreferrer noopener\">Paj Congregaci\u00f3n Jes\u00fas-Mar\u00eda sou Facebook<\/a>. Ou ka jwenn tou Pwovens USA-Ayiti sou rezo sosyal yo l\u00e8 l s\u00e8vi av\u00e8k manch lan <strong>@rjmusahaiti<\/strong><\/p>\n\n\n\n<p>Nou envite ou konsidere aprann plis sou <a href=\"https:\/\/rjmusa.org\/ht\/rantre-nan\/\">ki jan ou ka f\u00e8 pati minist\u00e8 nou yo<\/a>, ki jan ou kapab <a href=\"https:\/\/rjmusa.org\/ht\/bay\/\">sip\u00f2te minist\u00e8 nou yo ak s\u00e8 nou yo finansy\u00e8man<\/a>, ak ki jan ou kapab <a href=\"https:\/\/rjmusa.org\/ht\/lapriye\/\">sip\u00f2te nou atrav\u00e8 lapriy\u00e8<\/a>.<\/p>\n\n\n\n<h2 class=\"wp-block-heading has-text-align-center\"><strong>Lwanj pou tout tan pou Jezi ak Mari!<\/strong><\/h2>","protected":false},"excerpt":{"rendered":"<p>An 1877, premye relijye Jezi ak Mari te soti Kanada pou f\u00e8 s\u00e8vis pami imigran yo nan Fall River, Massachusetts. Depi l\u00e8 sa a, plizy\u00e8 sant\u00e8n RJM te s\u00e8vi nan plizy\u00e8 kote atrav\u00e8 peyi Etazini, Ayiti, ak l\u00f2t kote nan mond lan k\u00f2m yon pati nan pwovens USA-Ayiti oswa an patenarya ak l\u00f2t pwovens RJM ak...<\/p>","protected":false},"author":7,"featured_media":0,"parent":0,"menu_order":0,"comment_status":"closed","ping_status":"closed","template":"","meta":{"_kad_blocks_custom_css":"","_kad_blocks_head_custom_js":"","_kad_blocks_body_custom_js":"","_kad_blocks_footer_custom_js":"","_kad_post_transparent":"","_kad_post_title":"","_kad_post_layout":"","_kad_post_sidebar_id":"","_kad_post_content_style":"","_kad_post_vertical_padding":"","_kad_post_feature":"","_kad_post_feature_position":"","_kad_post_header":false,"_kad_post_footer":false,"footnotes":""},"section":[190],"class_list":["post-2075","page","type-page","status-publish","hentry","section-our-story"],"acf":[],"taxonomy_info":{"section":[{"value":190,"label":"Our Story"}]},"featured_image_src_large":false,"author_info":{"display_name":"Toby Harkleroad","author_link":"https:\/\/rjmusa.org\/ht\/author\/toby\/"},"comment_info":0,"_links":{"self":[{"href":"https:\/\/rjmusa.org\/ht\/wp-json\/wp\/v2\/pages\/2075","targetHints":{"allow":["GET"]}}],"collection":[{"href":"https:\/\/rjmusa.org\/ht\/wp-json\/wp\/v2\/pages"}],"about":[{"href":"https:\/\/rjmusa.org\/ht\/wp-json\/wp\/v2\/types\/page"}],"author":[{"embeddable":true,"href":"https:\/\/rjmusa.org\/ht\/wp-json\/wp\/v2\/users\/7"}],"replies":[{"embeddable":true,"href":"https:\/\/rjmusa.org\/ht\/wp-json\/wp\/v2\/comments?post=2075"}],"version-history":[{"count":0,"href":"https:\/\/rjmusa.org\/ht\/wp-json\/wp\/v2\/pages\/2075\/revisions"}],"wp:attachment":[{"href":"https:\/\/rjmusa.org\/ht\/wp-json\/wp\/v2\/media?parent=2075"}],"wp:term":[{"taxonomy":"section","embeddable":true,"href":"https:\/\/rjmusa.org\/ht\/wp-json\/wp\/v2\/section?post=2075"}],"curies":[{"name":"wp","href":"https:\/\/api.w.org\/{rel}","templated":true}]}}