{"id":2124,"date":"2023-10-03T13:22:45","date_gmt":"2023-10-03T17:22:45","guid":{"rendered":"https:\/\/rjmusa.org\/?page_id=2124"},"modified":"2023-10-03T19:46:17","modified_gmt":"2023-10-03T23:46:17","slug":"creation","status":"publish","type":"page","link":"https:\/\/rjmusa.org\/ht\/kreyasyon\/","title":{"rendered":"Lat\u00e8 a - Kay komen nou an"},"content":{"rendered":"<p><em>Enf\u00f2masyon sou angajman Pwovens RJM USA-Ayiti pran pou pran swen kreyasyon e pou se jis jeran resous t\u00e8 a pral vini byento.<\/em> Swen pou Kreyasyon se yon pati entegral nan <a href=\"https:\/\/rjmusa.org\/ht\/misyon-nou\/\">Relijye Jezi ak Mari Preferans<\/a> ak la <a href=\"https:\/\/rjmusa.org\/ht\/category\/our-priorities\/living-a-life-committed-to-justice-peace-and-the-integrity-of-creation-en\/\">priyorite pwovens USA-Ayiti<\/a>.<\/p>\n\n\n\n<p>Antretan\u2026<\/p>\n\n\n\n<p><strong>Ou ka aprann sou k\u00e8k nan angajman pwovens nou an nan t\u00e8 a l\u00e8 w li bilten nouv\u00e8l nou an <a href=\"https:\/\/rjmusa.org\/ht\/section\/news\/care-for-creation-at-bethany\/\">Pran swen Kreyasyon nan Betani<\/a> minist\u00e8.<\/strong><\/p>\n\n\n\n<p>Nou envite ou tou pou aprann sou <a rel=\"noreferrer noopener\" href=\"https:\/\/www.usccb.org\/beliefs-and-teachings\/what-we-believe\/catholic-social-teaching\/care-for-creation\" target=\"_blank\">ans\u00e8yman Legliz Katolik la sou swen pou kreyasyon an<\/a> nan li l\u00e8t Pap Franswa <em><a rel=\"noreferrer noopener\" href=\"https:\/\/laudatosimovement.org\/news\/whats-the-best-2-page-summary-youve-seen-of-laudato-si\/\" data-type=\"link\" data-id=\"https:\/\/laudatosimovement.org\/news\/whats-the-best-2-page-summary-youve-seen-of-laudato-si\/\" target=\"_blank\">Laudato Si&#039;<\/a><\/em> epi <em><a href=\"https:\/\/www.humandevelopment.va\/en\/news\/2023\/laudate-deum.html\" target=\"_blank\" rel=\"noreferrer noopener\">Laudate Deum<\/a><\/em>. Videyo a <a rel=\"noreferrer noopener\" href=\"https:\/\/youtu.be\/Rps9bs85BII?si=X5kqERJlR0Vwmp0T\" target=\"_blank\">&quot;L\u00e8t la&quot;<\/a> se yon fim ekselan ki rakonte ans\u00e8yman Legliz la sou anviw\u00f2nman an ak ef\u00f2 Pap Franswa pou ogmante konpreyansyon ak enkyetid pou ans\u00e8yman sa yo atrav\u00e8 lemond, espesyalman nan limy\u00e8 chanjman nan klima ak l\u00f2t domaj anviw\u00f2nman ak ekolojik moun enfliyanse.<\/p>\n\n\n\n<p>Pou jwenn plis enf\u00f2masyon sou fason oumenm ak kominote w ka aji pou pran swen kreyasyon an oswa defann t\u00e8 a, ou ka aprann plis nan men <a rel=\"noreferrer noopener\" href=\"https:\/\/catholicclimatecovenant.org\/\" target=\"_blank\">Alyans Katolik Klima<\/a>, \u00e8kumenik la <a rel=\"noreferrer noopener\" href=\"http:\/\/www.careofcreation.net\/\" target=\"_blank\">Swen Kreyasyon<\/a> \u00f2ganizasyon, epi <a rel=\"noreferrer noopener\" href=\"https:\/\/www.creationjustice.org\/blog\/52-ways-to-care-for-creation\" target=\"_blank\">Kreyasyon Minist\u00e8 Jistis<\/a>.<\/p>\n\n\n\n<p><em>Ou ka jwenn plis enf\u00f2masyon sou angajman relijye Jezi ak Mari pou prensip ki pi laj jistis, lap\u00e8, ak entegrite kreyasyon an (JPIC). <a href=\"https:\/\/rjmusa.org\/ht\/jpic\/\">isit la<\/a>.<\/em><\/p>","protected":false},"excerpt":{"rendered":"<p>Enf\u00f2masyon sou angajman Pwovens RJM USA-Ayiti pran pou pran swen kreyasyon e pou se jis jeran resous t\u00e8 a pral vini byento. Swen Kreyasyon se yon pati entegral nan Preferans relijye Jezi ak Mari ak priyorite Pwovens USA-Ayiti. Antretan... Ou ka aprann...<\/p>","protected":false},"author":7,"featured_media":0,"parent":0,"menu_order":0,"comment_status":"closed","ping_status":"closed","template":"","meta":{"_kad_blocks_custom_css":"","_kad_blocks_head_custom_js":"","_kad_blocks_body_custom_js":"","_kad_blocks_footer_custom_js":"","_kad_post_transparent":"","_kad_post_title":"","_kad_post_layout":"","_kad_post_sidebar_id":"","_kad_post_content_style":"","_kad_post_vertical_padding":"","_kad_post_feature":"","_kad_post_feature_position":"","_kad_post_header":false,"_kad_post_footer":false,"footnotes":""},"section":[191],"class_list":["post-2124","page","type-page","status-publish","hentry","section-our-mission"],"acf":[],"taxonomy_info":{"section":[{"value":191,"label":"Our Mission"}]},"featured_image_src_large":false,"author_info":{"display_name":"Toby Harkleroad","author_link":"https:\/\/rjmusa.org\/ht\/author\/toby\/"},"comment_info":0,"_links":{"self":[{"href":"https:\/\/rjmusa.org\/ht\/wp-json\/wp\/v2\/pages\/2124","targetHints":{"allow":["GET"]}}],"collection":[{"href":"https:\/\/rjmusa.org\/ht\/wp-json\/wp\/v2\/pages"}],"about":[{"href":"https:\/\/rjmusa.org\/ht\/wp-json\/wp\/v2\/types\/page"}],"author":[{"embeddable":true,"href":"https:\/\/rjmusa.org\/ht\/wp-json\/wp\/v2\/users\/7"}],"replies":[{"embeddable":true,"href":"https:\/\/rjmusa.org\/ht\/wp-json\/wp\/v2\/comments?post=2124"}],"version-history":[{"count":0,"href":"https:\/\/rjmusa.org\/ht\/wp-json\/wp\/v2\/pages\/2124\/revisions"}],"wp:attachment":[{"href":"https:\/\/rjmusa.org\/ht\/wp-json\/wp\/v2\/media?parent=2124"}],"wp:term":[{"taxonomy":"section","embeddable":true,"href":"https:\/\/rjmusa.org\/ht\/wp-json\/wp\/v2\/section?post=2124"}],"curies":[{"name":"wp","href":"https:\/\/api.w.org\/{rel}","templated":true}]}}