{"id":2126,"date":"2023-10-03T14:03:16","date_gmt":"2023-10-03T18:03:16","guid":{"rendered":"https:\/\/rjmusa.org\/?page_id=2126"},"modified":"2024-01-18T14:05:04","modified_gmt":"2024-01-18T19:05:04","slug":"jpic","status":"publish","type":"page","link":"https:\/\/rjmusa.org\/ht\/jpic\/","title":{"rendered":"Travay pou Jistis, Lap\u00e8, ak Entegrite Kreyasyon an"},"content":{"rendered":"<p>&quot;Jistis, lap\u00e8, ak entegrite nan kreyasyon&quot; (souvan abreje k\u00f2m &quot;<a href=\"https:\/\/franciscanvoice.org\/what-is-jpic\/\" target=\"_blank\" rel=\"noreferrer noopener\">JPIC<\/a>\u201c) se yon fraz kout ki itilize pa anpil \u00f2ganizasyon Katolik ak l\u00f2t moun pou refere a yon angajman nan <a rel=\"noreferrer noopener\" href=\"https:\/\/www.usccb.org\/beliefs-and-teachings\/what-we-believe\/catholic-social-teaching\/seven-themes-of-catholic-social-teaching\" target=\"_blank\">Ans\u00e8yman Sosyal Legliz Katolik<\/a>, espesyalman nan limy\u00e8 de la <a rel=\"noreferrer noopener\" href=\"https:\/\/www.vatican.va\/roman_curia\/pontifical_councils\/justpeace\/documents\/rc_pc_justpeace_doc_20060526_compendio-dott-soc_en.html\" target=\"_blank\">dokiman Kons\u00e8y Dezy\u00e8m Vatikan an<\/a>, ak w\u00f2l moun ak kominote yo jwe nan ko-kreyasyon yon monn ki konf\u00f2me ak plan Bondye pou sali a ak Levanjil Jezikri te pwoklame.<\/p>\n\n\n\n<p><a href=\"https:\/\/jpicroma.org\/about-us\/\" target=\"_blank\" rel=\"noreferrer noopener\">Anpil kongregasyon relijye<\/a> epi <a href=\"https:\/\/www.humandevelopment.va\/en.html\" target=\"_blank\" rel=\"noreferrer noopener\">l\u00f2t enstitisyon ak kominote nan Legliz Katolik<\/a> yo te chwazi konsantre sou JPIC epi travay aktivman pou ankouraje jistis, lap\u00e8, ak entegrite kreyasyon an k\u00f2m yon pati nan lavi yo ak minist\u00e8 yo.<\/p>\n\n\n\n<p><strong>Relijye Jezi ak Mari gen ladan yo yon angajman pou JPIC k\u00f2m yon pati nan <a rel=\"noreferrer noopener\" href=\"https:\/\/www.rjmgeneral.org\/en\/preferences\/\" target=\"_blank\">Preferans JM yo<\/a> ke s\u00e8 yo te adopte globalman e pwovens USA-Ayiti eksprime angajman nou anv\u00e8 JPIC nan <a href=\"https:\/\/rjmusa.org\/ht\/category\/our-priorities\/living-a-life-committed-to-justice-peace-and-the-integrity-of-creation-en\/\">priyorite nou yo<\/a>.<\/strong><\/p>\n\n\n\n<p>Relijye Jezi ak Mari f\u00e8 yon patenarya aktivman ak l\u00f2t \u00f2ganizasyon Ozetazini ak atrav\u00e8 mond lan pou apwofondi ak akonpli angajman JPIC nou an. Patn\u00e8 tankou la <a href=\"https:\/\/www.lcwr.org\/social-justice\" target=\"_blank\" rel=\"noreferrer noopener\">Konferans lid\u00e8chip fanm relijye yo<\/a>, <a href=\"https:\/\/unanima-international.org\/\" target=\"_blank\" rel=\"noreferrer noopener\">UNANIMA Ent\u00e8nasyonal<\/a>, ak <a href=\"https:\/\/stuartcenter.org\/services\/jpic\" target=\"_blank\" rel=\"noreferrer noopener\">anpil l\u00f2t moun<\/a> gen resous ekselan ki gen rap\u00f2 ak jistis, lap\u00e8, ak entegrite nan kreyasyon an.<\/p>\n\n\n\n<p><em>Paj sa a vle di s\u00e8vi k\u00f2m yon sant pou enf\u00f2masyon sou angajman, val\u00e8, aksyon, ak op\u00f2tinite JPIC yo atrav\u00e8 pwovens USA-Ayiti. Tanpri tcheke tounen isit la espesyalman pou enf\u00f2masyon ki soti nan Komite JPIC pwovens lan. Enf\u00f2masyon sou minist\u00e8 nou yo ak s\u00e8 k ap viv angajman nou an nan prensip JPIC yo ka jwenn nan nou an <a href=\"https:\/\/rjmusa.org\/ht\/section\/news\/bridges\/\">Bilten nouv\u00e8l Bridges<\/a>.<\/em><\/p>\n\n\n\n<p><em>Gen plis enf\u00f2masyon espesyalman sou angajman nou pou pran swen kreyasyon an disponib <a href=\"https:\/\/rjmusa.org\/ht\/kreyasyon\/\">isit la<\/a>.<\/em><\/p>","protected":false},"excerpt":{"rendered":"<p>&quot;Jistis, lap\u00e8, ak entegrite nan kreyasyon&quot; (souvan abreje k\u00f2m &quot;JPIC&quot;) se yon fraz kout ki itilize pa anpil \u00f2ganizasyon Katolik ak l\u00f2t moun pou refere a yon angajman pou Ans\u00e8yman Sosyal Legliz Katolik, espesyalman nan limy\u00e8 dokiman yo nan. Dezy\u00e8m Kons\u00e8y Vatikan an, ak w\u00f2l moun yo ak kominote yo jwe nan ko-kreyasyon...<\/p>","protected":false},"author":7,"featured_media":0,"parent":0,"menu_order":0,"comment_status":"closed","ping_status":"closed","template":"","meta":{"_kad_blocks_custom_css":"","_kad_blocks_head_custom_js":"","_kad_blocks_body_custom_js":"","_kad_blocks_footer_custom_js":"","_kad_post_transparent":"","_kad_post_title":"","_kad_post_layout":"","_kad_post_sidebar_id":"","_kad_post_content_style":"","_kad_post_vertical_padding":"","_kad_post_feature":"","_kad_post_feature_position":"","_kad_post_header":false,"_kad_post_footer":false,"footnotes":""},"section":[191],"class_list":["post-2126","page","type-page","status-publish","hentry","section-our-mission"],"acf":[],"taxonomy_info":{"section":[{"value":191,"label":"Our Mission"}]},"featured_image_src_large":false,"author_info":{"display_name":"Toby Harkleroad","author_link":"https:\/\/rjmusa.org\/ht\/author\/toby\/"},"comment_info":0,"_links":{"self":[{"href":"https:\/\/rjmusa.org\/ht\/wp-json\/wp\/v2\/pages\/2126","targetHints":{"allow":["GET"]}}],"collection":[{"href":"https:\/\/rjmusa.org\/ht\/wp-json\/wp\/v2\/pages"}],"about":[{"href":"https:\/\/rjmusa.org\/ht\/wp-json\/wp\/v2\/types\/page"}],"author":[{"embeddable":true,"href":"https:\/\/rjmusa.org\/ht\/wp-json\/wp\/v2\/users\/7"}],"replies":[{"embeddable":true,"href":"https:\/\/rjmusa.org\/ht\/wp-json\/wp\/v2\/comments?post=2126"}],"version-history":[{"count":0,"href":"https:\/\/rjmusa.org\/ht\/wp-json\/wp\/v2\/pages\/2126\/revisions"}],"wp:attachment":[{"href":"https:\/\/rjmusa.org\/ht\/wp-json\/wp\/v2\/media?parent=2126"}],"wp:term":[{"taxonomy":"section","embeddable":true,"href":"https:\/\/rjmusa.org\/ht\/wp-json\/wp\/v2\/section?post=2126"}],"curies":[{"name":"wp","href":"https:\/\/api.w.org\/{rel}","templated":true}]}}