{"id":2314,"date":"2024-02-01T12:36:12","date_gmt":"2024-02-01T17:36:12","guid":{"rendered":"https:\/\/rjmusa.org\/?page_id=2314"},"modified":"2025-01-23T17:10:28","modified_gmt":"2025-01-23T22:10:28","slug":"education-news","status":"publish","type":"page","link":"https:\/\/rjmusa.org\/ht\/nouvel-edikasyon\/","title":{"rendered":"Nouv\u00e8l sou Edikasyon RJM"},"content":{"rendered":"<div class=\"wp-block-image\">\n<figure class=\"aligncenter size-large is-resized\"><img loading=\"lazy\" decoding=\"async\" width=\"1024\" height=\"352\" src=\"https:\/\/rjmusa.org\/wp-content\/uploads\/2024\/02\/Catholic-Schools-Week-Banner-1024x352.jpg\" alt=\"\" class=\"wp-image-2315\" style=\"width:715px;height:auto\" srcset=\"https:\/\/rjmusa.org\/wp-content\/uploads\/2024\/02\/Catholic-Schools-Week-Banner-1024x352.jpg 1024w, https:\/\/rjmusa.org\/wp-content\/uploads\/2024\/02\/Catholic-Schools-Week-Banner-300x103.jpg 300w, https:\/\/rjmusa.org\/wp-content\/uploads\/2024\/02\/Catholic-Schools-Week-Banner-768x264.jpg 768w, https:\/\/rjmusa.org\/wp-content\/uploads\/2024\/02\/Catholic-Schools-Week-Banner-1536x528.jpg 1536w, https:\/\/rjmusa.org\/wp-content\/uploads\/2024\/02\/Catholic-Schools-Week-Banner-2048x704.jpg 2048w\" sizes=\"auto, (max-width: 1024px) 100vw, 1024px\" \/><\/figure>\n<\/div>\n\n\n<h2 class=\"wp-block-heading has-text-align-center\">Thevenet Montessori School (Highland Mills, NY)<\/h2>\n\n\n\n<p class=\"has-text-align-center\"><a href=\"https:\/\/www.thephoto-news.com\/news\/local-news\/thevenet-montessori-school-expands-NCPN20160420160429997\" target=\"_blank\" rel=\"noreferrer noopener\"><strong>Lek\u00f2l Montessori Thevenet agrandi<\/strong><\/a><br>Nouv\u00e8l foto a \u2013 20 avril 2016<\/p>\n\n\n\n<p class=\"has-text-align-center\"><strong><a href=\"https:\/\/www.thephoto-news.com\/news\/a-sentimental-centennial-LWPN20110422304229928\" target=\"_blank\" rel=\"noreferrer noopener\">Yon Centennial santimantal<\/a><\/strong><br>Nouv\u00e8l foto a \u2013 22 fevriye 2012<\/p>\n\n\n\n<div class=\"wp-block-buttons is-content-justification-center is-layout-flex wp-container-core-buttons-is-layout-16018d1d wp-block-buttons-is-layout-flex\">\n<div class=\"wp-block-button is-style-outline is-style-outline--1\"><a class=\"wp-block-button__link wp-element-button\" href=\"https:\/\/www.thevenetmontessorischool.org\/\" target=\"_blank\" rel=\"noreferrer noopener\">Plis enf\u00f2masyon sou sit ent\u00e8n\u00e8t yo<\/a><\/div>\n<\/div>\n\n\n\n<h2 class=\"wp-block-heading has-text-align-center\">Lek\u00f2l Washington pou Ti fi (DC)<\/h2>\n\n\n\n<p class=\"has-text-align-center\"><a href=\"https:\/\/www.globalsistersreport.org\/social-justice\/sisters-collaborate-equitable-education-washington-school-girls\" target=\"_blank\" rel=\"noreferrer noopener\"><strong>S\u00e8 yo kolabore pou edikasyon ekitab nan Washington School for Girls<\/strong><\/a><br>Global Sisters Report \u2013 12 septanm 2024<\/p>\n\n\n\n<p class=\"has-text-align-center\"><strong><a href=\"https:\/\/www.blackcatholicmessenger.org\/wsg-breaks-ground-on-25m-expansion\/\" target=\"_blank\" rel=\"noreferrer noopener\">Washington School for Girls k\u00f2manse agrandisman $25M<\/a><\/strong><br>Black Catholic Messenger - 2 me 2024<\/p>\n\n\n\n<p class=\"has-text-align-center\"><strong><a href=\"https:\/\/www.cathstan.org\/local\/as-washington-school-for-girls-marks-25th-anniversary-three-graduating-eighth-graders-reflect-on-its-impact\">Pandan Washington School for Girls ap f\u00e8 25y\u00e8m aniv\u00e8s\u00e8, twa el\u00e8v ki gradye uity\u00e8m ane yo reflechi sou enpak li.<\/a><\/strong><br>Estanda Katolik \u2013 3 jen 2022<\/p>\n\n\n\n<p class=\"has-text-align-center\"><strong><a href=\"https:\/\/www.cathstan.org\/local\/at-the-washington-school-for-girls-the-world-is-wide-open-to-students\">Nan Washington School for Girls, &#039;mond lan gran louvri&#039; pou el\u00e8v yo<\/a><\/strong><br>Estanda Katolik \u2013 11 mas 2019<\/p>\n\n\n\n<div class=\"wp-block-buttons is-content-justification-center is-layout-flex wp-container-core-buttons-is-layout-16018d1d wp-block-buttons-is-layout-flex\">\n<div class=\"wp-block-button is-style-outline is-style-outline--2\"><a class=\"wp-block-button__link wp-element-button\" href=\"https:\/\/washingtonschoolforgirls.org\/\" target=\"_blank\" rel=\"noreferrer noopener\">Plis enf\u00f2masyon sou sit ent\u00e8n\u00e8t yo<\/a><\/div>\n<\/div>\n\n\n\n<h2 class=\"wp-block-heading has-text-align-center\">St. Frances de Chantal School (Bronx, NY)<\/h2>\n\n\n\n<p class=\"has-text-align-center\"><strong><a href=\"https:\/\/www.cny.org\/stories\/cardinals-blessing,24509\" target=\"_blank\" rel=\"noreferrer noopener\">Benediksyon Kadinal la<\/a><\/strong><br>Katolik New York - 19 okt\u00f2b 2022<\/p>\n\n\n\n<p class=\"has-text-align-center\"><strong><a href=\"https:\/\/youtu.be\/S_dQ00vG7Mc?si=ZIqitHR2ZFUob7bT\">Kadinal Dolan Vizite Lek\u00f2l St. Frances de Chantal nan Bronx<\/a><\/strong><br>Catholic Schools NY \u2013 15 okt\u00f2b 2022<\/p>\n\n\n\n<div class=\"wp-block-buttons is-content-justification-center is-layout-flex wp-container-core-buttons-is-layout-16018d1d wp-block-buttons-is-layout-flex\">\n<div class=\"wp-block-button is-style-outline is-style-outline--3\"><a class=\"wp-block-button__link wp-element-button\" href=\"https:\/\/sfdchantalschool.org\/\" target=\"_blank\" rel=\"noreferrer noopener\">Plis enf\u00f2masyon sou sit ent\u00e8n\u00e8t yo<\/a><\/div>\n<\/div>\n\n\n\n<h2 class=\"wp-block-heading has-text-align-center\">Lek\u00f2l Ent\u00e8nasyonal St. Francis (Maryland)<\/h2>\n\n\n\n<p class=\"has-text-align-center\"><em>te f\u00f2me apati fizyon St. Mark School (Hyattsville) ak St. Camillus (Silver Spring)<\/em><\/p>\n\n\n\n<p class=\"has-text-align-center\"><strong><a href=\"https:\/\/www.cathstan.org\/faith\/saints-go-marching-in-as-students-at-st-francis-international-school-mark-all-saints-day-with-parade\">&#039;Sen yo ale nan mache,&#039; pandan el\u00e8v nan St. Francis International School make Jounen Tout Sen ak parad<\/a><\/strong><br>Estanda Katolik \u2013 2 Novanm 2022<\/p>\n\n\n\n<p class=\"has-text-align-center\"><strong><a href=\"https:\/\/www.cathstan.org\/local\/religious-of-jesus-and-mary-return-to-site-of-regina-high-school-to-support-covid-19-food-relief-effort\" target=\"_blank\" rel=\"noreferrer noopener\">Relijye Jezi ak Mari retounen nan lek\u00f2l segond\u00e8 Regina pou sip\u00f2te ef\u00f2 sekou manje COVID-19<\/a><\/strong><br>Estanda Katolik - 10 septanm 2020<\/p>\n\n\n\n<p class=\"has-text-align-center\"><strong><a href=\"https:\/\/www.cathstan.org\/local\/st-francis-international-school-celebrates-10th-catholic-schools-week\" target=\"_blank\" rel=\"noreferrer noopener\">Lek\u00f2l Ent\u00e8nasyonal St. Francis selebre 10y\u00e8m Sem\u00e8n Lek\u00f2l Katolik<\/a><\/strong><br>Estanda Katolik \u2013 30 janvye 2020<\/p>\n\n\n\n<p class=\"has-text-align-center\"><strong><a href=\"https:\/\/www.ncronline.org\/news\/parish\/maryland-catholic-school-finds-its-footing-amid-demographic-shifts\" target=\"_blank\" rel=\"noreferrer noopener\">Lek\u00f2l Katolik Maryland jwenn pozisyon li nan mitan chanjman demografik yo<\/a><\/strong><br>National Catholic Reporter \u2013 9 septanm 2014<\/p>\n\n\n\n<div class=\"wp-block-buttons is-content-justification-center is-layout-flex wp-container-core-buttons-is-layout-16018d1d wp-block-buttons-is-layout-flex\">\n<div class=\"wp-block-button is-style-outline is-style-outline--4\"><a class=\"wp-block-button__link wp-element-button\" href=\"https:\/\/saintfrancisinternational.org\/\" target=\"_blank\" rel=\"noreferrer noopener\">Plis enf\u00f2masyon sou sit ent\u00e8n\u00e8t yo<\/a><\/div>\n<\/div>\n\n\n\n<h2 class=\"wp-block-heading has-text-align-center\">Ansyen lek\u00f2l RJM nan Etazini<\/h2>\n\n\n\n<div class=\"wp-block-buttons is-content-justification-center is-layout-flex wp-container-core-buttons-is-layout-16018d1d wp-block-buttons-is-layout-flex\">\n<div class=\"wp-block-button\"><a class=\"wp-block-button__link wp-element-button\" href=\"https:\/\/rjmusa.org\/ht\/edikasyon\/#alumni\">Ansyen lek\u00f2l RJM yo ka konekte ak s\u00e8 yo<\/a><\/div>\n<\/div>\n\n\n\n<h2 class=\"wp-block-heading has-text-align-center\">RJM Minist\u00e8 Edikasyon an Ayiti<\/h2>\n\n\n\n<div class=\"wp-block-buttons is-content-justification-center is-layout-flex wp-container-core-buttons-is-layout-16018d1d wp-block-buttons-is-layout-flex\">\n<div class=\"wp-block-button\"><a class=\"wp-block-button__link wp-element-button\" href=\"https:\/\/rjmusa.org\/ht\/ayiti\/\">Aprann plis sou Minist\u00e8 RJM yo ann Ayiti<\/a><\/div>\n<\/div>\n\n\n\n<h2 class=\"wp-block-heading has-text-align-center\">Minist\u00e8 Edikasyon RJM atrav\u00e8 mond lan<\/h2>\n\n\n\n<div class=\"wp-block-buttons is-content-justification-center is-layout-flex wp-container-core-buttons-is-layout-16018d1d wp-block-buttons-is-layout-flex\">\n<div class=\"wp-block-button\"><a class=\"wp-block-button__link wp-element-button\" href=\"https:\/\/rjmusa.org\/ht\/edikasyon\/\">APRANN PLIS SOU ANGAJMAN GLOBAL RJM POU EDIKASYON<\/a><\/div>\n<\/div>","protected":false},"excerpt":{"rendered":"<p>Lek\u00f2l Thevenet Montessori (Highland Mills, NY) Lek\u00f2l Thevenet Montessori ap agrandiThe Photo News \u2013 20 avril 2016 Yon sant\u00e8n\u00e8 santimantalThe Photo News \u2013 22 fevriye 2012 S\u00e8 Lek\u00f2l Washington pou Fi (DC) yo kolabore pou yon edikasyon ekitab nan Lek\u00f2l Washington pou Fi Rap\u00f2 S\u00e8 Mondyal yo \u2013 12 septanm 2024 Lek\u00f2l Washington pou Fi k\u00f2manse konstriksyon $25M\u2026<\/p>","protected":false},"author":7,"featured_media":0,"parent":0,"menu_order":0,"comment_status":"closed","ping_status":"closed","template":"","meta":{"_kad_blocks_custom_css":"","_kad_blocks_head_custom_js":"","_kad_blocks_body_custom_js":"","_kad_blocks_footer_custom_js":"","_kad_post_transparent":"","_kad_post_title":"","_kad_post_layout":"","_kad_post_sidebar_id":"","_kad_post_content_style":"","_kad_post_vertical_padding":"","_kad_post_feature":"","_kad_post_feature_position":"","_kad_post_header":false,"_kad_post_footer":false,"footnotes":""},"section":[215],"class_list":["post-2314","page","type-page","status-publish","hentry","section-news"],"acf":[],"taxonomy_info":{"section":[{"value":215,"label":"RJM News"}]},"featured_image_src_large":false,"author_info":{"display_name":"Toby Harkleroad","author_link":"https:\/\/rjmusa.org\/ht\/author\/toby\/"},"comment_info":0,"_links":{"self":[{"href":"https:\/\/rjmusa.org\/ht\/wp-json\/wp\/v2\/pages\/2314","targetHints":{"allow":["GET"]}}],"collection":[{"href":"https:\/\/rjmusa.org\/ht\/wp-json\/wp\/v2\/pages"}],"about":[{"href":"https:\/\/rjmusa.org\/ht\/wp-json\/wp\/v2\/types\/page"}],"author":[{"embeddable":true,"href":"https:\/\/rjmusa.org\/ht\/wp-json\/wp\/v2\/users\/7"}],"replies":[{"embeddable":true,"href":"https:\/\/rjmusa.org\/ht\/wp-json\/wp\/v2\/comments?post=2314"}],"version-history":[{"count":0,"href":"https:\/\/rjmusa.org\/ht\/wp-json\/wp\/v2\/pages\/2314\/revisions"}],"wp:attachment":[{"href":"https:\/\/rjmusa.org\/ht\/wp-json\/wp\/v2\/media?parent=2314"}],"wp:term":[{"taxonomy":"section","embeddable":true,"href":"https:\/\/rjmusa.org\/ht\/wp-json\/wp\/v2\/section?post=2314"}],"curies":[{"name":"wp","href":"https:\/\/api.w.org\/{rel}","templated":true}]}}