{"id":2424,"date":"2024-05-10T21:41:43","date_gmt":"2024-05-11T01:41:43","guid":{"rendered":"https:\/\/rjmusa.org\/?page_id=2424"},"modified":"2025-04-24T11:49:04","modified_gmt":"2025-04-24T15:49:04","slug":"border-ministry","status":"publish","type":"page","link":"https:\/\/rjmusa.org\/ht\/ministe-fwontye\/","title":{"rendered":"Minist\u00e8 Fwonty\u00e8 pou Migran yo"},"content":{"rendered":"<div class=\"wp-block-columns is-layout-flex wp-container-core-columns-is-layout-9d6595d7 wp-block-columns-is-layout-flex\">\n<div class=\"wp-block-column is-layout-flow wp-block-column-is-layout-flow\" style=\"flex-basis:66.66%\">\n<p>Relijye Jezi ak Mari yo te s\u00e8vi sou fwonty\u00e8 Etazini ak Meksik pandan plizy\u00e8 ane. Minist\u00e8 yo enkli lek\u00f2l, rezidans, ak l\u00f2t pwoj\u00e8 nan Texas, ak Kalif\u00f2ni.<\/p>\n\n\n\n<p>Jodi a, RJM nan San Diego f\u00e8 pati yon kominote ent\u00e8-kongregasyon epi yo patisipe nan <strong>Sisters Collaborative for Border Ministries<\/strong> ak fanm relijye ki soti nan 11 l\u00f2t kongregasyon. <\/p>\n<\/div>\n\n\n\n<div class=\"wp-block-column is-layout-flow wp-block-column-is-layout-flow\" style=\"flex-basis:33.33%\"><div class=\"wp-block-image\">\n<figure class=\"aligncenter size-full is-resized\"><img loading=\"lazy\" decoding=\"async\" width=\"418\" height=\"224\" src=\"https:\/\/rjmusa.org\/wp-content\/uploads\/2024\/05\/hands-across-border-fence.jpg\" alt=\"\" class=\"wp-image-2425\" style=\"width:341px;height:auto\" srcset=\"https:\/\/rjmusa.org\/wp-content\/uploads\/2024\/05\/hands-across-border-fence.jpg 418w, https:\/\/rjmusa.org\/wp-content\/uploads\/2024\/05\/hands-across-border-fence-300x161.jpg 300w, https:\/\/rjmusa.org\/wp-content\/uploads\/2024\/05\/hands-across-border-fence-18x10.jpg 18w\" sizes=\"auto, (max-width: 418px) 100vw, 418px\" \/><\/figure>\n<\/div><\/div>\n<\/div>\n\n\n\n<p>Minist\u00e8 Fwonty\u00e8 RJM pou Migran yo te travay av\u00e8k \u00f2ganizasyon charitab katolik yo ak s\u00e8vis fanmi jwif yo sou b\u00f2 fwonty\u00e8 Etazini ak abri Madre Asunta ak <a href=\"https:\/\/casadelospobresusa.com\/\" target=\"_blank\" rel=\"noreferrer noopener\">Casa de Los Pobres<\/a> sou b\u00f2 Tijuana.<\/p>\n\n\n<div class=\"wp-block-image\">\n<figure class=\"aligncenter size-full\"><img loading=\"lazy\" decoding=\"async\" width=\"198\" height=\"265\" src=\"https:\/\/rjmusa.org\/wp-content\/uploads\/2025\/04\/Transborder-Coalition-1.png\" alt=\"\" class=\"wp-image-2581\" srcset=\"https:\/\/rjmusa.org\/wp-content\/uploads\/2025\/04\/Transborder-Coalition-1.png 198w, https:\/\/rjmusa.org\/wp-content\/uploads\/2025\/04\/Transborder-Coalition-1-9x12.png 9w\" sizes=\"auto, (max-width: 198px) 100vw, 198px\" \/><\/figure>\n<\/div>\n\n\n<p>Inisyativ sa a sip\u00f2te pa UISG (Inyon Ent\u00e8nasyonal Sipery\u00e8 Jeneral), Fondasyon Conrad N. Hilton, ak anpil moun ak gwoup atrav\u00e8 don bay kongregasyon s\u00e8 ki patisipe nan kolaborasyon an. Ou ka sip\u00f2te Minist\u00e8 Fwonty\u00e8 RJM pou Migran yo atrav\u00e8 lapriy\u00e8 ak \u00e8d finansye.<\/p>\n\n\n<div class=\"wp-block-image\">\n<figure class=\"aligncenter size-large is-resized\"><img loading=\"lazy\" decoding=\"async\" width=\"1024\" height=\"768\" src=\"https:\/\/rjmusa.org\/wp-content\/uploads\/2024\/05\/20240325_192145-1024x768.jpg\" alt=\"\" class=\"wp-image-2426\" style=\"width:447px;height:auto\" srcset=\"https:\/\/rjmusa.org\/wp-content\/uploads\/2024\/05\/20240325_192145-1024x768.jpg 1024w, https:\/\/rjmusa.org\/wp-content\/uploads\/2024\/05\/20240325_192145-300x225.jpg 300w, https:\/\/rjmusa.org\/wp-content\/uploads\/2024\/05\/20240325_192145-768x576.jpg 768w, https:\/\/rjmusa.org\/wp-content\/uploads\/2024\/05\/20240325_192145-1536x1152.jpg 1536w, https:\/\/rjmusa.org\/wp-content\/uploads\/2024\/05\/20240325_192145-2048x1536.jpg 2048w, https:\/\/rjmusa.org\/wp-content\/uploads\/2024\/05\/20240325_192145-16x12.jpg 16w\" sizes=\"auto, (max-width: 1024px) 100vw, 1024px\" \/><\/figure>\n<\/div>\n\n\n<div class=\"wp-block-group is-content-justification-center is-nowrap is-layout-flex wp-container-core-group-is-layout-94bc23d7 wp-block-group-is-layout-flex\">\n<div class=\"wp-block-columns are-vertically-aligned-center is-layout-flex wp-container-core-columns-is-layout-9d6595d7 wp-block-columns-is-layout-flex\">\n<div class=\"wp-block-column is-vertically-aligned-center is-layout-flow wp-block-column-is-layout-flow\" style=\"flex-basis:40%\">\n<givebutter-widget id=\"prQe5g\"><\/givebutter-widget>\n<\/div>\n<\/div>\n<\/div>\n\n\n<div class=\"wp-block-image\">\n<figure class=\"aligncenter size-large is-resized\"><img loading=\"lazy\" decoding=\"async\" width=\"1024\" height=\"861\" src=\"https:\/\/rjmusa.org\/wp-content\/uploads\/2024\/05\/IMG_7628-1024x861.jpg\" alt=\"\" class=\"wp-image-2427\" style=\"width:436px;height:auto\" srcset=\"https:\/\/rjmusa.org\/wp-content\/uploads\/2024\/05\/IMG_7628-1024x861.jpg 1024w, https:\/\/rjmusa.org\/wp-content\/uploads\/2024\/05\/IMG_7628-300x252.jpg 300w, https:\/\/rjmusa.org\/wp-content\/uploads\/2024\/05\/IMG_7628-768x645.jpg 768w, https:\/\/rjmusa.org\/wp-content\/uploads\/2024\/05\/IMG_7628-1536x1291.jpg 1536w, https:\/\/rjmusa.org\/wp-content\/uploads\/2024\/05\/IMG_7628-2048x1721.jpg 2048w, https:\/\/rjmusa.org\/wp-content\/uploads\/2024\/05\/IMG_7628-14x12.jpg 14w\" sizes=\"auto, (max-width: 1024px) 100vw, 1024px\" \/><\/figure>\n<\/div>\n\n\n<p class=\"has-text-align-center\"><em><strong>Aprann plis sou paw\u00f2l RJM a ak l\u00f2t s\u00e8 ki patisipe nan Transborder la<br>Kowalisyon pou Minist\u00e8 Fwonty\u00e8<\/strong><\/em><\/p>\n\n\n\n<p class=\"has-text-align-center\"><a href=\"https:\/\/www.ncronline.org\/migration\/california-sisters-form-coalition-help-migrants-border\"><strong>S\u00e8 Kalif\u00f2ni f\u00f2me kowalisyon pou ede imigran sou fwonty\u00e8<\/strong><\/a><br>Global Sisters Report \u2013 17 avril 2025<\/p>\n\n\n\n<p class=\"has-text-align-center\"><a href=\"https:\/\/www.globalsistersreport.org\/sisters-support-migrants-need-through-nonprofit-border-compassion\"><strong>S\u00e8 yo sip\u00f2te imigran ki nan bezwen atrav\u00e8 konpasyon Border san bi likratif<\/strong><\/a><br>Global Sisters Report \u2013 7 avril 2025<\/p>\n\n\n\n<p class=\"has-text-align-center\"><a href=\"https:\/\/ccdsd.org\/sisters-in-action\/\"><strong>S\u00e8 nan Aksyon<\/strong><\/a><br>Katolik Charite nan dyos\u00e8z San Diego<\/p>\n\n\n\n<p class=\"has-text-align-center\"><a href=\"https:\/\/youtu.be\/dnt4OK3IE6I?si=R1vVI9e1Gm6kdg0H\"><strong>Sister Networks Building Hope nan fwonty\u00e8 Etazini ak Meksik<\/strong><\/a> (videyo)<br>Sant USC pou Relijyon ak Kilti Sivik \u2013 11 okt\u00f2b 2023<\/p>\n\n\n\n<div class=\"wp-block-columns is-layout-flex wp-container-core-columns-is-layout-9d6595d7 wp-block-columns-is-layout-flex\">\n<div class=\"wp-block-column is-vertically-aligned-top is-layout-flow wp-block-column-is-layout-flow\" style=\"flex-basis:33.33%\"><div class=\"wp-block-image is-style-default\">\n<figure class=\"alignright size-large is-resized\"><a href=\"https:\/\/www.shcj.org\/american\/wp-content\/uploads\/sites\/2\/2025\/03\/44750-SHCJ_Actions_January-2025_FINAL.pdf\"><img loading=\"lazy\" decoding=\"async\" width=\"791\" height=\"1024\" src=\"https:\/\/rjmusa.org\/wp-content\/uploads\/2025\/04\/SHCJ-Actions-791x1024.png\" alt=\"\" class=\"wp-image-2579\" style=\"width:206px;height:auto\" srcset=\"https:\/\/rjmusa.org\/wp-content\/uploads\/2025\/04\/SHCJ-Actions-791x1024.png 791w, https:\/\/rjmusa.org\/wp-content\/uploads\/2025\/04\/SHCJ-Actions-232x300.png 232w, https:\/\/rjmusa.org\/wp-content\/uploads\/2025\/04\/SHCJ-Actions-768x994.png 768w, https:\/\/rjmusa.org\/wp-content\/uploads\/2025\/04\/SHCJ-Actions-1187x1536.png 1187w, https:\/\/rjmusa.org\/wp-content\/uploads\/2025\/04\/SHCJ-Actions-9x12.png 9w, https:\/\/rjmusa.org\/wp-content\/uploads\/2025\/04\/SHCJ-Actions.png 1334w\" sizes=\"auto, (max-width: 791px) 100vw, 791px\" \/><\/a><\/figure>\n<\/div><\/div>\n\n\n\n<div class=\"wp-block-column is-layout-flow wp-block-column-is-layout-flow\" style=\"flex-basis:66.66%\">\n<p><br>RJM Srs. Rosie Nicholson ak Sandra Salazar par\u00e8t sou kouv\u00e8ti Winter 2025 la <a href=\"https:\/\/www.shcj.org\/american\/\">Sosyete Timoun Sen Jezi a<\/a>&#8216; <em>Aksyon <\/em>bilten nouv\u00e8l. <\/p>\n\n\n\n<p>Holy Child Sisters yo kreye patenarya ak relijye Jezi ak Mari nan San Diego nan Transborder Coalition for Border Ministries epi yo te f\u00e8 patenarya ak RJM, ansanm ak Kons\u00e8y Nasyonal Fanm N\u00e8g yo, nan fondasyon an. <a href=\"https:\/\/washingtonschoolforgirls.org\/\">Washington School for Girls<\/a> nan DC.<\/p>\n\n\n\n<p><a href=\"https:\/\/www.shcj.org\/american\/wp-content\/uploads\/sites\/2\/2025\/03\/44750-SHCJ_Actions_January-2025_FINAL.pdf\">Li plis sou kowalisyon an<\/a> nan paj 2-3 bilten SHCJ la<\/p>\n<\/div>\n<\/div>\n\n\n\n<p><\/p>","protected":false},"excerpt":{"rendered":"<p>Relijye Jezi ak Mari yo te s\u00e8vi sou fwonty\u00e8 Etazini ak Meksik pandan plizy\u00e8 ane. Minist\u00e8 yo te gen ladan lek\u00f2l, rezidans, ak l\u00f2t pwoj\u00e8 nan Texas ak Kalif\u00f2ni. Jodi a, RJM yo nan San Diego f\u00e8 pati yon kominote ent\u00e8-kongregasyonal epi y ap patisipe nan Kolaborasyon S\u00e8 pou Minist\u00e8 Fwonty\u00e8 yo ak relijye fi ki soti nan 11 l\u00f2t...<\/p>","protected":false},"author":7,"featured_media":2425,"parent":0,"menu_order":0,"comment_status":"closed","ping_status":"closed","template":"","meta":{"_kad_blocks_custom_css":"","_kad_blocks_head_custom_js":"","_kad_blocks_body_custom_js":"","_kad_blocks_footer_custom_js":"","_kad_post_transparent":"default","_kad_post_title":"","_kad_post_layout":"","_kad_post_sidebar_id":"","_kad_post_content_style":"","_kad_post_vertical_padding":"","_kad_post_feature":"hide","_kad_post_feature_position":"default","_kad_post_header":false,"_kad_post_footer":false,"footnotes":""},"section":[191],"class_list":["post-2424","page","type-page","status-publish","has-post-thumbnail","hentry","section-our-mission"],"acf":[],"taxonomy_info":{"section":[{"value":191,"label":"Our Mission"}]},"featured_image_src_large":["https:\/\/rjmusa.org\/wp-content\/uploads\/2024\/05\/hands-across-border-fence.jpg",418,224,false],"author_info":{"display_name":"Toby Harkleroad","author_link":"https:\/\/rjmusa.org\/ht\/author\/toby\/"},"comment_info":0,"_links":{"self":[{"href":"https:\/\/rjmusa.org\/ht\/wp-json\/wp\/v2\/pages\/2424","targetHints":{"allow":["GET"]}}],"collection":[{"href":"https:\/\/rjmusa.org\/ht\/wp-json\/wp\/v2\/pages"}],"about":[{"href":"https:\/\/rjmusa.org\/ht\/wp-json\/wp\/v2\/types\/page"}],"author":[{"embeddable":true,"href":"https:\/\/rjmusa.org\/ht\/wp-json\/wp\/v2\/users\/7"}],"replies":[{"embeddable":true,"href":"https:\/\/rjmusa.org\/ht\/wp-json\/wp\/v2\/comments?post=2424"}],"version-history":[{"count":0,"href":"https:\/\/rjmusa.org\/ht\/wp-json\/wp\/v2\/pages\/2424\/revisions"}],"wp:featuredmedia":[{"embeddable":true,"href":"https:\/\/rjmusa.org\/ht\/wp-json\/wp\/v2\/media\/2425"}],"wp:attachment":[{"href":"https:\/\/rjmusa.org\/ht\/wp-json\/wp\/v2\/media?parent=2424"}],"wp:term":[{"taxonomy":"section","embeddable":true,"href":"https:\/\/rjmusa.org\/ht\/wp-json\/wp\/v2\/section?post=2424"}],"curies":[{"name":"wp","href":"https:\/\/api.w.org\/{rel}","templated":true}]}}